{"id":67201,"date":"2023-03-01T16:49:36","date_gmt":"2023-03-01T15:49:36","guid":{"rendered":"https:\/\/greentools.dk\/?post_type=product&#038;p=67201"},"modified":"2023-03-12T17:44:37","modified_gmt":"2023-03-12T16:44:37","slug":"felco-601-fallsaag","status":"publish","type":"product","link":"https:\/\/greentools.dk\/sv\/produkt\/felco-601-fallsaag\/","title":{"rendered":"Felco 601 f\u00e4lls\u00e5g"},"content":{"rendered":"<div class=\"flex-1 overflow-hidden\">\n<div class=\"react-scroll-to-bottom--css-bgxnm-79elbk h-full dark:bg-gray-800\">\n<div class=\"react-scroll-to-bottom--css-bgxnm-1n7m0yu\">\n<div class=\"flex flex-col items-center text-sm dark:bg-gray-800\">\n<div class=\"group w-full text-gray-800 dark:text-gray-100 border-b border-black\/10 dark:border-gray-900\/50 bg-gray-50 dark:bg-[#444654]\">\n<div class=\"text-base gap-4 md:gap-6 md:max-w-2xl lg:max-w-2xl xl:max-w-3xl p-4 md:py-6 flex lg:px-0 m-auto\">\n<div class=\"relative flex w-[calc(100%-50px)] flex-col gap-1 md:gap-3 lg:w-[calc(100%-115px)]\">\n<div class=\"flex flex-grow flex-col gap-3\">\n<div class=\"min-h-[20px] flex flex-col items-start gap-4 whitespace-pre-wrap\">\n<div class=\"markdown prose w-full break-words dark:prose-invert light\">\n<h2>Felco 601 f\u00e4lls\u00e5g, H\u00f6gkvalitativ s\u00e5g f\u00f6r tr\u00e4dg\u00e5rdsarbete<\/h2>\n<p>Om du letar efter en p\u00e5litlig och effektiv f\u00e4lls\u00e5g b\u00f6r du \u00f6verv\u00e4ga Felco 601. Denna f\u00e4lls\u00e5g \u00e4r k\u00e4nd f\u00f6r sin h\u00f6ga kvalitet och h\u00e5llbarhet, och den \u00e4r idealisk f\u00f6r att besk\u00e4ra tr\u00e4d och buskar i tr\u00e4dg\u00e5rden.<\/p>\n<p>En av de stora f\u00f6rdelarna med Felco 601 f\u00e4lls\u00e5g \u00e4r dess hopf\u00e4llbara design. Det g\u00f6r det l\u00e4tt att f\u00f6rvara s\u00e5gen i en ficka eller v\u00e4ska n\u00e4r den inte anv\u00e4nds. F\u00e4lls\u00e5gens l\u00e4tta design g\u00f6r det ocks\u00e5 enkelt att transportera den runt i tr\u00e4dg\u00e5rden eller p\u00e5 spr\u00e5ng, om du beh\u00f6ver det.<\/p>\n<p>Om du vill ha en effektiv och p\u00e5litlig f\u00e4lls\u00e5g f\u00f6r besk\u00e4rning av tr\u00e4d och buskar b\u00f6r du definitivt \u00f6verv\u00e4ga Felco 601. Med dess h\u00f6ga kvalitet och hopf\u00e4llbara design \u00e4r denna s\u00e5g ett bra val f\u00f6r alla tr\u00e4dg\u00e5rdsentusiaster eller professionella tr\u00e4dg\u00e5rdsm\u00e4stare.<\/p>\n<h2>H\u00e4rdat s\u00e5gblad &#8211; praktisk och b\u00e4rbar s\u00e5g f\u00f6r tr\u00e4dg\u00e5rdsarbete<\/h2>\n<p>F\u00e4lls\u00e5gen har ett vasst och robust s\u00e5gblad som \u00e4r tillverkat av h\u00f6gkvalitativt st\u00e5l. Detta s\u00e4kerst\u00e4ller att s\u00e5gbladet klarar \u00e4ven de mest kr\u00e4vande uppgifterna utan att f\u00f6rlora sk\u00e4rpan eller b\u00f6ja sig. S\u00e5gen \u00e4r ocks\u00e5 utrustad med ett ergonomiskt handtag som ger ett bekv\u00e4mt och s\u00e4kert grepp medan du arbetar.<\/p>\n<h2>Felco 601 f\u00e4lls\u00e5g \u00e4r p\u00e5litlig och alla delar kan bytas ut<\/h2>\n<p>N\u00e4r du k\u00f6per Felco 601 f\u00e4lls\u00e5g kan du vara s\u00e4ker p\u00e5 att f\u00e5 en p\u00e5litlig och h\u00e5llbar s\u00e5g som kommer att ge dig m\u00e5nga \u00e5rs anv\u00e4ndning. Denna f\u00e4lls\u00e5g \u00e4r ocks\u00e5 k\u00e4nd f\u00f6r sin enkla underh\u00e5ll och reng\u00f6ring, s\u00e5 att du kan h\u00e5lla den i toppskick under l\u00e5ng tid. Alla delar p\u00e5 Felco 601 kan bytas ut.<\/p>\n<h2>Idealisk f\u00f6r besk\u00e4rning &#8211; l\u00e4tt och kompakt design f\u00f6r enkel anv\u00e4ndning<\/h2>\n<p>Besk\u00e4rning \u00e4r en viktig del av tr\u00e4dg\u00e5rdsarbete, och Felco 601 f\u00e4lls\u00e5g \u00e4r ett verktyg som kan hj\u00e4lpa dig att utf\u00f6ra arbetet effektivt och precist. Med dess vassa s\u00e5gblad kan den sk\u00e4ra genom grenar med en tjocklek p\u00e5 upp till 50 mm, vilket g\u00f6r den l\u00e4mplig f\u00f6r b\u00e5de stora och sm\u00e5 uppgifter.<\/p>\n<p>N\u00e4r du besk\u00e4r v\u00e4xter och tr\u00e4d \u00e4r det viktigt att anv\u00e4nda r\u00e4tt verktyg, eftersom det kan ha stor p\u00e5verkan p\u00e5 resultatet av besk\u00e4rningen. En Felco f\u00e4lls\u00e5g \u00e4r ett p\u00e5litligt och h\u00e5llbart verktyg som \u00e4r k\u00e4nt f\u00f6r att leverera en precis sk\u00e4rning och ett rent snitt, vilket kan hj\u00e4lpa till att fr\u00e4mja en h\u00e4lsosam tillv\u00e4xt av v\u00e4xterna.<\/p>\n<h2>F\u00e4lls\u00e5gen f\u00f6r professionella och tr\u00e4dg\u00e5rdsentusiaster<\/h2>\n<p>Oavsett om du \u00e4r en yrkesm\u00e4ssig tr\u00e4dg\u00e5rdsm\u00e4stare eller en ivrig tr\u00e4dg\u00e5rdsentusiast kan en f\u00e4llbar s\u00e5g hj\u00e4lpa dig att besk\u00e4ra dina v\u00e4xter p\u00e5 ett s\u00e4kert och effektivt s\u00e4tt. Med dess ergonomiska grepp och f\u00e4llbara design \u00e4r den l\u00e4tt att anv\u00e4nda och f\u00f6rvara, vilket g\u00f6r den till ett m\u00e5ste-ha verktyg i varje tr\u00e4dg\u00e5rds\u00e4gares verktygsl\u00e5da.<\/p>\n<h3>Tekniska specifikationer f\u00f6r Felco 601<\/h3>\n<p>Vikt: 140g<\/p>\n<p>S\u00e5gbladets l\u00e4ngd: 120mm<\/p>\n<p>Max. gren tjocklek: 50mm<\/p>\n<p>Se v\u00e5rt \u00f6vriga sortiment av <a href=\"https:\/\/greentools.dk\/sv\/produkt-kategori\/felco-sv\/\">Felco-produkter<\/a><\/p>\n<p>eller bes\u00f6k Felco&#8217;s officiella webbplats &gt;&gt;<a href=\"https:\/\/felco.com\/\">h\u00e4r<\/a>&lt;&lt;<\/p>\n<\/div>\n<\/div>\n<\/div>\n<\/div>\n<\/div>\n<\/div>\n<\/div>\n<\/div>\n<\/div>\n<\/div>\n","protected":false},"excerpt":{"rendered":"<h2>Felco 601 f\u00e4lls\u00e5g<\/h2>\n<ul>\n<li>Ergonomisk soft touch-bel\u00e4ggning<\/li>\n<li>S\u00e5gar grenar upp till 50mm<\/li>\n<li>Hopf\u00e4llbart blad<\/li>\n<li>S\u00e5gblad med h\u00e4rdat tandning<\/li>\n<\/ul>\n","protected":false},"featured_media":67205,"template":"","meta":{"_acf_changed":false},"product_brand":[],"product_cat":[284],"product_tag":[291,294,297],"class_list":{"0":"post-67201","1":"product","2":"type-product","3":"status-publish","4":"has-post-thumbnail","6":"product_cat-felco-grensaagar","7":"product_tag-felco-sv","8":"product_tag-foldesav-sv","9":"product_tag-sav-sv","10":"description-off","12":"first","13":"instock","14":"taxable","15":"shipping-taxable","16":"purchasable","17":"product-type-simple"},"acf":[],"yoast_head":"<!-- This site is optimized with the Yoast SEO plugin v27.4 - https:\/\/yoast.com\/product\/yoast-seo-wordpress\/ -->\n<title>Felco 601 f\u00e4lls\u00e5g - l\u00e4tt och kompakt - klarar grenar upp till 50mm.<\/title>\n<meta name=\"description\" content=\"Felco 601 f\u00e4lls\u00e5g \u00e4r praktisk att ha med sig i tr\u00e4dg\u00e5rden eftersom den kan f\u00e4llas ihop och b\u00e4ras i fickan. Best\u00e4ll online - snabb leverans.\" \/>\n<meta name=\"robots\" content=\"index, follow, max-snippet:-1, max-image-preview:large, max-video-preview:-1\" \/>\n<link rel=\"canonical\" href=\"https:\/\/greentools.dk\/sv\/produkt\/felco-601-fallsaag\/\" \/>\n<meta property=\"og:locale\" content=\"sv_SE\" \/>\n<meta property=\"og:type\" content=\"article\" \/>\n<meta property=\"og:title\" content=\"Felco 601 f\u00e4lls\u00e5g - l\u00e4tt och kompakt - klarar grenar upp till 50mm.\" \/>\n<meta property=\"og:description\" content=\"Felco 601 f\u00e4lls\u00e5g \u00e4r praktisk att ha med sig i tr\u00e4dg\u00e5rden eftersom den kan f\u00e4llas ihop och b\u00e4ras i fickan. Best\u00e4ll online - snabb leverans.\" \/>\n<meta property=\"og:url\" content=\"https:\/\/greentools.dk\/sv\/produkt\/felco-601-fallsaag\/\" \/>\n<meta property=\"og:site_name\" content=\"Greentools\" \/>\n<meta property=\"article:modified_time\" content=\"2023-03-12T16:44:37+00:00\" \/>\n<meta property=\"og:image\" content=\"https:\/\/greentools.dk\/wp-content\/uploads\/2023\/03\/Felco-601-foldesav.jpg\" \/>\n\t<meta property=\"og:image:width\" content=\"1200\" \/>\n\t<meta property=\"og:image:height\" content=\"1200\" \/>\n\t<meta property=\"og:image:type\" content=\"image\/jpeg\" \/>\n<meta name=\"twitter:card\" content=\"summary_large_image\" \/>\n<meta name=\"twitter:label1\" content=\"Ber\u00e4knad l\u00e4stid\" \/>\n\t<meta name=\"twitter:data1\" content=\"3 minuter\" \/>\n<script type=\"application\/ld+json\" class=\"yoast-schema-graph\">{\"@context\":\"https:\\\/\\\/schema.org\",\"@graph\":[{\"@type\":\"WebPage\",\"@id\":\"https:\\\/\\\/greentools.dk\\\/sv\\\/produkt\\\/felco-601-fallsaag\\\/\",\"url\":\"https:\\\/\\\/greentools.dk\\\/sv\\\/produkt\\\/felco-601-fallsaag\\\/\",\"name\":\"Felco 601 f\u00e4lls\u00e5g - l\u00e4tt och kompakt - klarar grenar upp till 50mm.\",\"isPartOf\":{\"@id\":\"https:\\\/\\\/greentools.dk\\\/sv\\\/#website\"},\"primaryImageOfPage\":{\"@id\":\"https:\\\/\\\/greentools.dk\\\/sv\\\/produkt\\\/felco-601-fallsaag\\\/#primaryimage\"},\"image\":{\"@id\":\"https:\\\/\\\/greentools.dk\\\/sv\\\/produkt\\\/felco-601-fallsaag\\\/#primaryimage\"},\"thumbnailUrl\":\"https:\\\/\\\/greentools.dk\\\/wp-content\\\/uploads\\\/2023\\\/03\\\/Felco-601-foldesav.jpg\",\"datePublished\":\"2023-03-01T15:49:36+00:00\",\"dateModified\":\"2023-03-12T16:44:37+00:00\",\"description\":\"Felco 601 f\u00e4lls\u00e5g \u00e4r praktisk att ha med sig i tr\u00e4dg\u00e5rden eftersom den kan f\u00e4llas ihop och b\u00e4ras i fickan. Best\u00e4ll online - snabb leverans.\",\"breadcrumb\":{\"@id\":\"https:\\\/\\\/greentools.dk\\\/sv\\\/produkt\\\/felco-601-fallsaag\\\/#breadcrumb\"},\"inLanguage\":\"sv-SE\",\"potentialAction\":[{\"@type\":\"ReadAction\",\"target\":[\"https:\\\/\\\/greentools.dk\\\/sv\\\/produkt\\\/felco-601-fallsaag\\\/\"]}]},{\"@type\":\"ImageObject\",\"inLanguage\":\"sv-SE\",\"@id\":\"https:\\\/\\\/greentools.dk\\\/sv\\\/produkt\\\/felco-601-fallsaag\\\/#primaryimage\",\"url\":\"https:\\\/\\\/greentools.dk\\\/wp-content\\\/uploads\\\/2023\\\/03\\\/Felco-601-foldesav.jpg\",\"contentUrl\":\"https:\\\/\\\/greentools.dk\\\/wp-content\\\/uploads\\\/2023\\\/03\\\/Felco-601-foldesav.jpg\",\"width\":1200,\"height\":1200,\"caption\":\"Felco 601 Foldesav\"},{\"@type\":\"BreadcrumbList\",\"@id\":\"https:\\\/\\\/greentools.dk\\\/sv\\\/produkt\\\/felco-601-fallsaag\\\/#breadcrumb\",\"itemListElement\":[{\"@type\":\"ListItem\",\"position\":1,\"name\":\"Hjem\",\"item\":\"https:\\\/\\\/greentools.dk\\\/sv\\\/\"},{\"@type\":\"ListItem\",\"position\":2,\"name\":\"Varusortiment\",\"item\":\"https:\\\/\\\/greentools.dk\\\/sv\\\/produkter\\\/\"},{\"@type\":\"ListItem\",\"position\":3,\"name\":\"Felco 601 f\u00e4lls\u00e5g\"}]},{\"@type\":\"WebSite\",\"@id\":\"https:\\\/\\\/greentools.dk\\\/sv\\\/#website\",\"url\":\"https:\\\/\\\/greentools.dk\\\/sv\\\/\",\"name\":\"Greentools\",\"description\":\"Dansk Kvalitets - Fuglekasser - Foderhuse - Felco Besk\u00e6rersakse\",\"potentialAction\":[{\"@type\":\"SearchAction\",\"target\":{\"@type\":\"EntryPoint\",\"urlTemplate\":\"https:\\\/\\\/greentools.dk\\\/sv\\\/?s={search_term_string}\"},\"query-input\":{\"@type\":\"PropertyValueSpecification\",\"valueRequired\":true,\"valueName\":\"search_term_string\"}}],\"inLanguage\":\"sv-SE\"}]}<\/script>\n<!-- \/ Yoast SEO plugin. -->","yoast_head_json":{"title":"Felco 601 f\u00e4lls\u00e5g - l\u00e4tt och kompakt - klarar grenar upp till 50mm.","description":"Felco 601 f\u00e4lls\u00e5g \u00e4r praktisk att ha med sig i tr\u00e4dg\u00e5rden eftersom den kan f\u00e4llas ihop och b\u00e4ras i fickan. Best\u00e4ll online - snabb leverans.","robots":{"index":"index","follow":"follow","max-snippet":"max-snippet:-1","max-image-preview":"max-image-preview:large","max-video-preview":"max-video-preview:-1"},"canonical":"https:\/\/greentools.dk\/sv\/produkt\/felco-601-fallsaag\/","og_locale":"sv_SE","og_type":"article","og_title":"Felco 601 f\u00e4lls\u00e5g - l\u00e4tt och kompakt - klarar grenar upp till 50mm.","og_description":"Felco 601 f\u00e4lls\u00e5g \u00e4r praktisk att ha med sig i tr\u00e4dg\u00e5rden eftersom den kan f\u00e4llas ihop och b\u00e4ras i fickan. Best\u00e4ll online - snabb leverans.","og_url":"https:\/\/greentools.dk\/sv\/produkt\/felco-601-fallsaag\/","og_site_name":"Greentools","article_modified_time":"2023-03-12T16:44:37+00:00","og_image":[{"width":1200,"height":1200,"url":"https:\/\/greentools.dk\/wp-content\/uploads\/2023\/03\/Felco-601-foldesav.jpg","type":"image\/jpeg"}],"twitter_card":"summary_large_image","twitter_misc":{"Ber\u00e4knad l\u00e4stid":"3 minuter"},"schema":{"@context":"https:\/\/schema.org","@graph":[{"@type":"WebPage","@id":"https:\/\/greentools.dk\/sv\/produkt\/felco-601-fallsaag\/","url":"https:\/\/greentools.dk\/sv\/produkt\/felco-601-fallsaag\/","name":"Felco 601 f\u00e4lls\u00e5g - l\u00e4tt och kompakt - klarar grenar upp till 50mm.","isPartOf":{"@id":"https:\/\/greentools.dk\/sv\/#website"},"primaryImageOfPage":{"@id":"https:\/\/greentools.dk\/sv\/produkt\/felco-601-fallsaag\/#primaryimage"},"image":{"@id":"https:\/\/greentools.dk\/sv\/produkt\/felco-601-fallsaag\/#primaryimage"},"thumbnailUrl":"https:\/\/greentools.dk\/wp-content\/uploads\/2023\/03\/Felco-601-foldesav.jpg","datePublished":"2023-03-01T15:49:36+00:00","dateModified":"2023-03-12T16:44:37+00:00","description":"Felco 601 f\u00e4lls\u00e5g \u00e4r praktisk att ha med sig i tr\u00e4dg\u00e5rden eftersom den kan f\u00e4llas ihop och b\u00e4ras i fickan. Best\u00e4ll online - snabb leverans.","breadcrumb":{"@id":"https:\/\/greentools.dk\/sv\/produkt\/felco-601-fallsaag\/#breadcrumb"},"inLanguage":"sv-SE","potentialAction":[{"@type":"ReadAction","target":["https:\/\/greentools.dk\/sv\/produkt\/felco-601-fallsaag\/"]}]},{"@type":"ImageObject","inLanguage":"sv-SE","@id":"https:\/\/greentools.dk\/sv\/produkt\/felco-601-fallsaag\/#primaryimage","url":"https:\/\/greentools.dk\/wp-content\/uploads\/2023\/03\/Felco-601-foldesav.jpg","contentUrl":"https:\/\/greentools.dk\/wp-content\/uploads\/2023\/03\/Felco-601-foldesav.jpg","width":1200,"height":1200,"caption":"Felco 601 Foldesav"},{"@type":"BreadcrumbList","@id":"https:\/\/greentools.dk\/sv\/produkt\/felco-601-fallsaag\/#breadcrumb","itemListElement":[{"@type":"ListItem","position":1,"name":"Hjem","item":"https:\/\/greentools.dk\/sv\/"},{"@type":"ListItem","position":2,"name":"Varusortiment","item":"https:\/\/greentools.dk\/sv\/produkter\/"},{"@type":"ListItem","position":3,"name":"Felco 601 f\u00e4lls\u00e5g"}]},{"@type":"WebSite","@id":"https:\/\/greentools.dk\/sv\/#website","url":"https:\/\/greentools.dk\/sv\/","name":"Greentools","description":"Dansk Kvalitets - Fuglekasser - Foderhuse - Felco Besk\u00e6rersakse","potentialAction":[{"@type":"SearchAction","target":{"@type":"EntryPoint","urlTemplate":"https:\/\/greentools.dk\/sv\/?s={search_term_string}"},"query-input":{"@type":"PropertyValueSpecification","valueRequired":true,"valueName":"search_term_string"}}],"inLanguage":"sv-SE"}]}},"_links":{"self":[{"href":"https:\/\/greentools.dk\/sv\/wp-json\/wp\/v2\/product\/67201","targetHints":{"allow":["GET"]}}],"collection":[{"href":"https:\/\/greentools.dk\/sv\/wp-json\/wp\/v2\/product"}],"about":[{"href":"https:\/\/greentools.dk\/sv\/wp-json\/wp\/v2\/types\/product"}],"wp:featuredmedia":[{"embeddable":true,"href":"https:\/\/greentools.dk\/sv\/wp-json\/wp\/v2\/media\/67205"}],"wp:attachment":[{"href":"https:\/\/greentools.dk\/sv\/wp-json\/wp\/v2\/media?parent=67201"}],"wp:term":[{"taxonomy":"product_brand","embeddable":true,"href":"https:\/\/greentools.dk\/sv\/wp-json\/wp\/v2\/product_brand?post=67201"},{"taxonomy":"product_cat","embeddable":true,"href":"https:\/\/greentools.dk\/sv\/wp-json\/wp\/v2\/product_cat?post=67201"},{"taxonomy":"product_tag","embeddable":true,"href":"https:\/\/greentools.dk\/sv\/wp-json\/wp\/v2\/product_tag?post=67201"}],"curies":[{"name":"wp","href":"https:\/\/api.w.org\/{rel}","templated":true}]}}