{"id":62174,"date":"2017-10-07T21:00:17","date_gmt":"2017-10-07T19:00:17","guid":{"rendered":"https:\/\/greentools.dk\/produkt\/fuglefoderautomat-med-udhaeng\/"},"modified":"2021-01-07T12:19:57","modified_gmt":"2021-01-07T11:19:57","slug":"fuglefoderautomat-med-udhaeng","status":"publish","type":"product","link":"https:\/\/greentools.dk\/sv\/produkt\/fuglefoderautomat-med-udhaeng\/","title":{"rendered":"Fuglefoderautomat med udh\u00e6ng"},"content":{"rendered":"<p>Fuglefoderautomat til solsikke. Fremstillet specielt til det kolde og v\u00e5de nordiske klima. Denne fuglefoderautomat er fremstillet af en plasttype der t\u00e5ler tocifrede frostgrader, og udh\u00e6nget er rigelig stort, s\u00e5 solsikkerne ikke bliver v\u00e5de af slagregn eller sne. Fuglefoderautomaten kan monteres p\u00e5 tre forskellige m\u00e5der. der medf\u00f8lger et v\u00e6g beslag der kan monteres p\u00e5 muren, eller et plankev\u00e6rk. Fuglefoderautomaten kan ogs\u00e5 oph\u00e6nges med den medf\u00f8lgende snor, eller placeres p\u00e5 en rundstok (diameter 20 mm) der er banket ned i jorden. Fuglefoderautomaten fyldes ved at toppen l\u00f8ftes og solsikker h\u00e6ldes ned i magasinet. Du kan med fordel anvende papr\u00f8ret fra en toiletrulle som tragt n\u00e5r du fylder automaten. Efterh\u00e5nden som mejserne spiser solsikkerne falder der automatisk flere solsikker ned fra magasinet. Rundt langs fuglefoderautomatens kant er der en siddepind til fuglene.<\/p>\n","protected":false},"excerpt":{"rendered":"<p>Fuglefoderautomat til solsikker udf\u00f8rt i frostsikkert kunststof.<\/p>\n","protected":false},"featured_media":39191,"template":"","meta":{"_acf_changed":false},"product_brand":[],"product_cat":[221,493],"product_tag":[],"class_list":{"0":"post-62174","1":"product","2":"type-product","3":"status-publish","4":"has-post-thumbnail","6":"product_cat-faagelbord","7":"product_cat-foderautomater-til-fugle-sv","8":"description-off","10":"first","11":"instock","12":"taxable","13":"shipping-taxable","14":"purchasable","15":"product-type-simple"},"acf":[],"yoast_head":"<!-- This site is optimized with the Yoast SEO plugin v27.5 - https:\/\/yoast.com\/product\/yoast-seo-wordpress\/ -->\n<title>Fuglefoderautomat til solsikker udf\u00f8rt i frostsikker plast<\/title>\n<meta name=\"description\" content=\"Den solide fuglefoderautomat er fremstillet af en plasttype der t\u00e5ler h\u00e5rd frost. Foderautomaten holder solsikkerne t\u00f8rre i alt slags vejr.\" \/>\n<meta name=\"robots\" content=\"index, follow, max-snippet:-1, max-image-preview:large, max-video-preview:-1\" \/>\n<link rel=\"canonical\" href=\"https:\/\/greentools.dk\/sv\/produkt\/fuglefoderautomat-med-udhaeng\/\" \/>\n<meta property=\"og:locale\" content=\"sv_SE\" \/>\n<meta property=\"og:type\" content=\"article\" \/>\n<meta property=\"og:title\" content=\"Fuglefoderautomat til solsikker udf\u00f8rt i frostsikker plast\" \/>\n<meta property=\"og:description\" content=\"Den solide fuglefoderautomat er fremstillet af en plasttype der t\u00e5ler h\u00e5rd frost. Foderautomaten holder solsikkerne t\u00f8rre i alt slags vejr.\" \/>\n<meta property=\"og:url\" content=\"https:\/\/greentools.dk\/sv\/produkt\/fuglefoderautomat-med-udhaeng\/\" \/>\n<meta property=\"og:site_name\" content=\"Greentools\" \/>\n<meta property=\"article:modified_time\" content=\"2021-01-07T11:19:57+00:00\" \/>\n<meta property=\"og:image\" content=\"https:\/\/greentools.dk\/wp-content\/uploads\/2017\/10\/Foderautomat-mejse.jpg\" \/>\n\t<meta property=\"og:image:width\" content=\"500\" \/>\n\t<meta property=\"og:image:height\" content=\"500\" \/>\n\t<meta property=\"og:image:type\" content=\"image\/jpeg\" \/>\n<meta name=\"twitter:card\" content=\"summary_large_image\" \/>\n<meta name=\"twitter:label1\" content=\"Ber\u00e4knad l\u00e4stid\" \/>\n\t<meta name=\"twitter:data1\" content=\"1 minut\" \/>\n<script type=\"application\/ld+json\" class=\"yoast-schema-graph\">{\"@context\":\"https:\\\/\\\/schema.org\",\"@graph\":[{\"@type\":\"WebPage\",\"@id\":\"https:\\\/\\\/greentools.dk\\\/sv\\\/produkt\\\/fuglefoderautomat-med-udhaeng\\\/\",\"url\":\"https:\\\/\\\/greentools.dk\\\/sv\\\/produkt\\\/fuglefoderautomat-med-udhaeng\\\/\",\"name\":\"Fuglefoderautomat til solsikker udf\u00f8rt i frostsikker plast\",\"isPartOf\":{\"@id\":\"https:\\\/\\\/greentools.dk\\\/sv\\\/#website\"},\"primaryImageOfPage\":{\"@id\":\"https:\\\/\\\/greentools.dk\\\/sv\\\/produkt\\\/fuglefoderautomat-med-udhaeng\\\/#primaryimage\"},\"image\":{\"@id\":\"https:\\\/\\\/greentools.dk\\\/sv\\\/produkt\\\/fuglefoderautomat-med-udhaeng\\\/#primaryimage\"},\"thumbnailUrl\":\"https:\\\/\\\/greentools.dk\\\/wp-content\\\/uploads\\\/2017\\\/10\\\/Foderautomat-mejse.jpg\",\"datePublished\":\"2017-10-07T19:00:17+00:00\",\"dateModified\":\"2021-01-07T11:19:57+00:00\",\"description\":\"Den solide fuglefoderautomat er fremstillet af en plasttype der t\u00e5ler h\u00e5rd frost. Foderautomaten holder solsikkerne t\u00f8rre i alt slags vejr.\",\"breadcrumb\":{\"@id\":\"https:\\\/\\\/greentools.dk\\\/sv\\\/produkt\\\/fuglefoderautomat-med-udhaeng\\\/#breadcrumb\"},\"inLanguage\":\"sv-SE\",\"potentialAction\":[{\"@type\":\"ReadAction\",\"target\":[\"https:\\\/\\\/greentools.dk\\\/sv\\\/produkt\\\/fuglefoderautomat-med-udhaeng\\\/\"]}]},{\"@type\":\"ImageObject\",\"inLanguage\":\"sv-SE\",\"@id\":\"https:\\\/\\\/greentools.dk\\\/sv\\\/produkt\\\/fuglefoderautomat-med-udhaeng\\\/#primaryimage\",\"url\":\"https:\\\/\\\/greentools.dk\\\/wp-content\\\/uploads\\\/2017\\\/10\\\/Foderautomat-mejse.jpg\",\"contentUrl\":\"https:\\\/\\\/greentools.dk\\\/wp-content\\\/uploads\\\/2017\\\/10\\\/Foderautomat-mejse.jpg\",\"width\":500,\"height\":500,\"caption\":\"Fuglefoderautomat med udh\u00e6ng og sidde ring\"},{\"@type\":\"BreadcrumbList\",\"@id\":\"https:\\\/\\\/greentools.dk\\\/sv\\\/produkt\\\/fuglefoderautomat-med-udhaeng\\\/#breadcrumb\",\"itemListElement\":[{\"@type\":\"ListItem\",\"position\":1,\"name\":\"Hjem\",\"item\":\"https:\\\/\\\/greentools.dk\\\/sv\\\/\"},{\"@type\":\"ListItem\",\"position\":2,\"name\":\"Varusortiment\",\"item\":\"https:\\\/\\\/greentools.dk\\\/sv\\\/produkter\\\/\"},{\"@type\":\"ListItem\",\"position\":3,\"name\":\"Fuglefoderautomat med udh\u00e6ng\"}]},{\"@type\":\"WebSite\",\"@id\":\"https:\\\/\\\/greentools.dk\\\/sv\\\/#website\",\"url\":\"https:\\\/\\\/greentools.dk\\\/sv\\\/\",\"name\":\"Greentools\",\"description\":\"Dansk Kvalitets - Fuglekasser - Foderhuse - Felco Besk\u00e6rersakse\",\"potentialAction\":[{\"@type\":\"SearchAction\",\"target\":{\"@type\":\"EntryPoint\",\"urlTemplate\":\"https:\\\/\\\/greentools.dk\\\/sv\\\/?s={search_term_string}\"},\"query-input\":{\"@type\":\"PropertyValueSpecification\",\"valueRequired\":true,\"valueName\":\"search_term_string\"}}],\"inLanguage\":\"sv-SE\"}]}<\/script>\n<!-- \/ Yoast SEO plugin. -->","yoast_head_json":{"title":"Fuglefoderautomat til solsikker udf\u00f8rt i frostsikker plast","description":"Den solide fuglefoderautomat er fremstillet af en plasttype der t\u00e5ler h\u00e5rd frost. Foderautomaten holder solsikkerne t\u00f8rre i alt slags vejr.","robots":{"index":"index","follow":"follow","max-snippet":"max-snippet:-1","max-image-preview":"max-image-preview:large","max-video-preview":"max-video-preview:-1"},"canonical":"https:\/\/greentools.dk\/sv\/produkt\/fuglefoderautomat-med-udhaeng\/","og_locale":"sv_SE","og_type":"article","og_title":"Fuglefoderautomat til solsikker udf\u00f8rt i frostsikker plast","og_description":"Den solide fuglefoderautomat er fremstillet af en plasttype der t\u00e5ler h\u00e5rd frost. Foderautomaten holder solsikkerne t\u00f8rre i alt slags vejr.","og_url":"https:\/\/greentools.dk\/sv\/produkt\/fuglefoderautomat-med-udhaeng\/","og_site_name":"Greentools","article_modified_time":"2021-01-07T11:19:57+00:00","og_image":[{"width":500,"height":500,"url":"https:\/\/greentools.dk\/wp-content\/uploads\/2017\/10\/Foderautomat-mejse.jpg","type":"image\/jpeg"}],"twitter_card":"summary_large_image","twitter_misc":{"Ber\u00e4knad l\u00e4stid":"1 minut"},"schema":{"@context":"https:\/\/schema.org","@graph":[{"@type":"WebPage","@id":"https:\/\/greentools.dk\/sv\/produkt\/fuglefoderautomat-med-udhaeng\/","url":"https:\/\/greentools.dk\/sv\/produkt\/fuglefoderautomat-med-udhaeng\/","name":"Fuglefoderautomat til solsikker udf\u00f8rt i frostsikker plast","isPartOf":{"@id":"https:\/\/greentools.dk\/sv\/#website"},"primaryImageOfPage":{"@id":"https:\/\/greentools.dk\/sv\/produkt\/fuglefoderautomat-med-udhaeng\/#primaryimage"},"image":{"@id":"https:\/\/greentools.dk\/sv\/produkt\/fuglefoderautomat-med-udhaeng\/#primaryimage"},"thumbnailUrl":"https:\/\/greentools.dk\/wp-content\/uploads\/2017\/10\/Foderautomat-mejse.jpg","datePublished":"2017-10-07T19:00:17+00:00","dateModified":"2021-01-07T11:19:57+00:00","description":"Den solide fuglefoderautomat er fremstillet af en plasttype der t\u00e5ler h\u00e5rd frost. Foderautomaten holder solsikkerne t\u00f8rre i alt slags vejr.","breadcrumb":{"@id":"https:\/\/greentools.dk\/sv\/produkt\/fuglefoderautomat-med-udhaeng\/#breadcrumb"},"inLanguage":"sv-SE","potentialAction":[{"@type":"ReadAction","target":["https:\/\/greentools.dk\/sv\/produkt\/fuglefoderautomat-med-udhaeng\/"]}]},{"@type":"ImageObject","inLanguage":"sv-SE","@id":"https:\/\/greentools.dk\/sv\/produkt\/fuglefoderautomat-med-udhaeng\/#primaryimage","url":"https:\/\/greentools.dk\/wp-content\/uploads\/2017\/10\/Foderautomat-mejse.jpg","contentUrl":"https:\/\/greentools.dk\/wp-content\/uploads\/2017\/10\/Foderautomat-mejse.jpg","width":500,"height":500,"caption":"Fuglefoderautomat med udh\u00e6ng og sidde ring"},{"@type":"BreadcrumbList","@id":"https:\/\/greentools.dk\/sv\/produkt\/fuglefoderautomat-med-udhaeng\/#breadcrumb","itemListElement":[{"@type":"ListItem","position":1,"name":"Hjem","item":"https:\/\/greentools.dk\/sv\/"},{"@type":"ListItem","position":2,"name":"Varusortiment","item":"https:\/\/greentools.dk\/sv\/produkter\/"},{"@type":"ListItem","position":3,"name":"Fuglefoderautomat med udh\u00e6ng"}]},{"@type":"WebSite","@id":"https:\/\/greentools.dk\/sv\/#website","url":"https:\/\/greentools.dk\/sv\/","name":"Greentools","description":"Dansk Kvalitets - Fuglekasser - Foderhuse - Felco Besk\u00e6rersakse","potentialAction":[{"@type":"SearchAction","target":{"@type":"EntryPoint","urlTemplate":"https:\/\/greentools.dk\/sv\/?s={search_term_string}"},"query-input":{"@type":"PropertyValueSpecification","valueRequired":true,"valueName":"search_term_string"}}],"inLanguage":"sv-SE"}]}},"_links":{"self":[{"href":"https:\/\/greentools.dk\/sv\/wp-json\/wp\/v2\/product\/62174","targetHints":{"allow":["GET"]}}],"collection":[{"href":"https:\/\/greentools.dk\/sv\/wp-json\/wp\/v2\/product"}],"about":[{"href":"https:\/\/greentools.dk\/sv\/wp-json\/wp\/v2\/types\/product"}],"wp:featuredmedia":[{"embeddable":true,"href":"https:\/\/greentools.dk\/sv\/wp-json\/wp\/v2\/media\/39191"}],"wp:attachment":[{"href":"https:\/\/greentools.dk\/sv\/wp-json\/wp\/v2\/media?parent=62174"}],"wp:term":[{"taxonomy":"product_brand","embeddable":true,"href":"https:\/\/greentools.dk\/sv\/wp-json\/wp\/v2\/product_brand?post=62174"},{"taxonomy":"product_cat","embeddable":true,"href":"https:\/\/greentools.dk\/sv\/wp-json\/wp\/v2\/product_cat?post=62174"},{"taxonomy":"product_tag","embeddable":true,"href":"https:\/\/greentools.dk\/sv\/wp-json\/wp\/v2\/product_tag?post=62174"}],"curies":[{"name":"wp","href":"https:\/\/api.w.org\/{rel}","templated":true}]}}