{"id":41253,"date":"2017-10-08T13:01:35","date_gmt":"2017-10-08T11:01:35","guid":{"rendered":"http:\/\/better-retreats.com\/greentools\/produkt\/rottefaelder-3-stk-tilbud\/"},"modified":"2019-01-23T19:01:45","modified_gmt":"2019-01-23T18:01:45","slug":"raattfallor-3-stk-erbjudande","status":"publish","type":"product","link":"https:\/\/greentools.dk\/sv\/produkt\/raattfallor-3-stk-erbjudande\/","title":{"rendered":"R\u00e5ttf\u00e4llor 3 stk. Erbjudande"},"content":{"rendered":"<p><span style=\"font-size: medium;\">Med de r\u00e4tta r\u00e5ttf\u00e4llorna kan du snabbt f\u00e5 bukt med r\u00e5ttproblemet. R\u00e5ttf\u00e4llor av m\u00e4rket \u201cGiljotti\u201d avlivar och fasth\u00e5ller effektivt de f\u00e5ngade r\u00e5ttorna med hj\u00e4lp av en rad vassa t\u00e4nder. Den speciella f\u00e5ngstanordningen, som \u00e4r placerad inne i f\u00e4llan, bryter r\u00e5ttans nacke och avlivar den d\u00e4rmed, s\u00e5 snart f\u00e4llan utl\u00f6ses. Man kan anv\u00e4nda m\u00e5nga olika slags lockbeten i f\u00e4llan, men om du vill undg\u00e5 luktproblem s\u00e5 rekommenderas det att anv\u00e4nda n\u00f6tter och liknande. R\u00e5ttor \u00e4r inte l\u00e4tta att f\u00e5nga. De \u00e4r intelligenta, f\u00f6rsiktiga djur och det kan ta lite tid innan de g\u00e5r i f\u00e4llan. Det \u00e4r d\u00e4rf\u00f6r en god id\u00e9 att l\u00e5ta f\u00e4llorna st\u00e5 p\u00e5 samma plats i l\u00e4ngre tid, s\u00e5 r\u00e5ttorna kan v\u00e4nja sig till dem och till slut faller f\u00f6r frestelsen. Det \u00e4r ocks\u00e5 en god id\u00e9 att l\u00e4gga lite lockbete runt om f\u00e4llorna. Om betet f\u00f6rsvinner kan du se att r\u00e5ttorna har varit d\u00e4r, \u00e4ven om de inte har g\u00e5tt i f\u00e4llan \u00e4nnu. S\u00e5 \u00e4r det bara att v\u00e4nta p\u00e5 att r\u00e5ttorna faller f\u00f6r frestelsen och g\u00e5r i f\u00e4llan. Anv\u00e4nd evt ocks\u00e5 samma handskar varje g\u00e5ng du kontrollerar f\u00e4llorna. R\u00e5ttor \u00e4r v\u00e4ldigt f\u00f6rsiktiga vid ok\u00e4nda lukter, s\u00e5 l\u00e5t \u00e4ven handskarna du anv\u00e4nder till att rigga f\u00e4llorna med, ligga i samma rum som f\u00e4llorna. Kom ih\u00e5g att se efter f\u00e4llorna morgon och kv\u00e4ll, s\u00e5 f\u00e5ngade r\u00e5ttor kan avl\u00e4gsnas s\u00e5 snabbt som m\u00f6jligt. Med tre r\u00e5ttf\u00e4llor klarar du dig bra och kan snabbt f\u00e5 bukt med r\u00e5ttproblemet.<\/span><\/p>\n","protected":false},"excerpt":{"rendered":"<p><i>Effektiva och s\u00e4kra r\u00e5ttf\u00e4llor.<\/i><\/p>\n","protected":false},"featured_media":39396,"template":"","meta":{"_acf_changed":false},"product_brand":[],"product_cat":[215],"product_tag":[],"class_list":{"0":"post-41253","1":"product","2":"type-product","3":"status-publish","4":"has-post-thumbnail","6":"product_cat-faellor","7":"description-off","9":"first","10":"instock","11":"sale","12":"taxable","13":"shipping-taxable","14":"purchasable","15":"product-type-simple"},"acf":[],"yoast_head":"<!-- This site is optimized with the Yoast SEO plugin v27.5 - https:\/\/yoast.com\/product\/yoast-seo-wordpress\/ -->\n<title>R\u00e5ttf\u00e4llor 3 stk. Erbjudande - Greentools<\/title>\n<meta name=\"robots\" content=\"index, follow, max-snippet:-1, max-image-preview:large, max-video-preview:-1\" \/>\n<link rel=\"canonical\" href=\"https:\/\/greentools.dk\/sv\/produkt\/raattfallor-3-stk-erbjudande\/\" \/>\n<meta property=\"og:locale\" content=\"sv_SE\" \/>\n<meta property=\"og:type\" content=\"article\" \/>\n<meta property=\"og:title\" content=\"R\u00e5ttf\u00e4llor 3 stk. Erbjudande - Greentools\" \/>\n<meta property=\"og:description\" content=\"Effektiva och s\u00e4kra r\u00e5ttf\u00e4llor.\" \/>\n<meta property=\"og:url\" content=\"https:\/\/greentools.dk\/sv\/produkt\/raattfallor-3-stk-erbjudande\/\" \/>\n<meta property=\"og:site_name\" content=\"Greentools\" \/>\n<meta property=\"article:modified_time\" content=\"2019-01-23T18:01:45+00:00\" \/>\n<meta property=\"og:image\" content=\"https:\/\/greentools.dk\/wp-content\/uploads\/2017\/10\/rottefaelder-3-stk.jpg\" \/>\n\t<meta property=\"og:image:width\" content=\"1021\" \/>\n\t<meta property=\"og:image:height\" content=\"1021\" \/>\n\t<meta property=\"og:image:type\" content=\"image\/jpeg\" \/>\n<meta name=\"twitter:card\" content=\"summary_large_image\" \/>\n<meta name=\"twitter:label1\" content=\"Ber\u00e4knad l\u00e4stid\" \/>\n\t<meta name=\"twitter:data1\" content=\"2 minuter\" \/>\n<script type=\"application\/ld+json\" class=\"yoast-schema-graph\">{\"@context\":\"https:\\\/\\\/schema.org\",\"@graph\":[{\"@type\":\"WebPage\",\"@id\":\"https:\\\/\\\/greentools.dk\\\/sv\\\/produkt\\\/raattfallor-3-stk-erbjudande\\\/\",\"url\":\"https:\\\/\\\/greentools.dk\\\/sv\\\/produkt\\\/raattfallor-3-stk-erbjudande\\\/\",\"name\":\"R\u00e5ttf\u00e4llor 3 stk. Erbjudande - Greentools\",\"isPartOf\":{\"@id\":\"https:\\\/\\\/greentools.dk\\\/sv\\\/#website\"},\"primaryImageOfPage\":{\"@id\":\"https:\\\/\\\/greentools.dk\\\/sv\\\/produkt\\\/raattfallor-3-stk-erbjudande\\\/#primaryimage\"},\"image\":{\"@id\":\"https:\\\/\\\/greentools.dk\\\/sv\\\/produkt\\\/raattfallor-3-stk-erbjudande\\\/#primaryimage\"},\"thumbnailUrl\":\"https:\\\/\\\/greentools.dk\\\/wp-content\\\/uploads\\\/2017\\\/10\\\/rottefaelder-3-stk.jpg\",\"datePublished\":\"2017-10-08T11:01:35+00:00\",\"dateModified\":\"2019-01-23T18:01:45+00:00\",\"breadcrumb\":{\"@id\":\"https:\\\/\\\/greentools.dk\\\/sv\\\/produkt\\\/raattfallor-3-stk-erbjudande\\\/#breadcrumb\"},\"inLanguage\":\"sv-SE\",\"potentialAction\":[{\"@type\":\"ReadAction\",\"target\":[\"https:\\\/\\\/greentools.dk\\\/sv\\\/produkt\\\/raattfallor-3-stk-erbjudande\\\/\"]}]},{\"@type\":\"ImageObject\",\"inLanguage\":\"sv-SE\",\"@id\":\"https:\\\/\\\/greentools.dk\\\/sv\\\/produkt\\\/raattfallor-3-stk-erbjudande\\\/#primaryimage\",\"url\":\"https:\\\/\\\/greentools.dk\\\/wp-content\\\/uploads\\\/2017\\\/10\\\/rottefaelder-3-stk.jpg\",\"contentUrl\":\"https:\\\/\\\/greentools.dk\\\/wp-content\\\/uploads\\\/2017\\\/10\\\/rottefaelder-3-stk.jpg\",\"width\":1021,\"height\":1021,\"caption\":\"rottef\u00e6lder tilbud\"},{\"@type\":\"BreadcrumbList\",\"@id\":\"https:\\\/\\\/greentools.dk\\\/sv\\\/produkt\\\/raattfallor-3-stk-erbjudande\\\/#breadcrumb\",\"itemListElement\":[{\"@type\":\"ListItem\",\"position\":1,\"name\":\"Hjem\",\"item\":\"https:\\\/\\\/greentools.dk\\\/sv\\\/\"},{\"@type\":\"ListItem\",\"position\":2,\"name\":\"Varusortiment\",\"item\":\"https:\\\/\\\/greentools.dk\\\/sv\\\/produkter\\\/\"},{\"@type\":\"ListItem\",\"position\":3,\"name\":\"R\u00e5ttf\u00e4llor 3 stk. Erbjudande\"}]},{\"@type\":\"WebSite\",\"@id\":\"https:\\\/\\\/greentools.dk\\\/sv\\\/#website\",\"url\":\"https:\\\/\\\/greentools.dk\\\/sv\\\/\",\"name\":\"Greentools\",\"description\":\"Dansk Kvalitets - Fuglekasser - Foderhuse - Felco Besk\u00e6rersakse\",\"potentialAction\":[{\"@type\":\"SearchAction\",\"target\":{\"@type\":\"EntryPoint\",\"urlTemplate\":\"https:\\\/\\\/greentools.dk\\\/sv\\\/?s={search_term_string}\"},\"query-input\":{\"@type\":\"PropertyValueSpecification\",\"valueRequired\":true,\"valueName\":\"search_term_string\"}}],\"inLanguage\":\"sv-SE\"}]}<\/script>\n<!-- \/ Yoast SEO plugin. -->","yoast_head_json":{"title":"R\u00e5ttf\u00e4llor 3 stk. Erbjudande - Greentools","robots":{"index":"index","follow":"follow","max-snippet":"max-snippet:-1","max-image-preview":"max-image-preview:large","max-video-preview":"max-video-preview:-1"},"canonical":"https:\/\/greentools.dk\/sv\/produkt\/raattfallor-3-stk-erbjudande\/","og_locale":"sv_SE","og_type":"article","og_title":"R\u00e5ttf\u00e4llor 3 stk. Erbjudande - Greentools","og_description":"Effektiva och s\u00e4kra r\u00e5ttf\u00e4llor.","og_url":"https:\/\/greentools.dk\/sv\/produkt\/raattfallor-3-stk-erbjudande\/","og_site_name":"Greentools","article_modified_time":"2019-01-23T18:01:45+00:00","og_image":[{"width":1021,"height":1021,"url":"https:\/\/greentools.dk\/wp-content\/uploads\/2017\/10\/rottefaelder-3-stk.jpg","type":"image\/jpeg"}],"twitter_card":"summary_large_image","twitter_misc":{"Ber\u00e4knad l\u00e4stid":"2 minuter"},"schema":{"@context":"https:\/\/schema.org","@graph":[{"@type":"WebPage","@id":"https:\/\/greentools.dk\/sv\/produkt\/raattfallor-3-stk-erbjudande\/","url":"https:\/\/greentools.dk\/sv\/produkt\/raattfallor-3-stk-erbjudande\/","name":"R\u00e5ttf\u00e4llor 3 stk. Erbjudande - Greentools","isPartOf":{"@id":"https:\/\/greentools.dk\/sv\/#website"},"primaryImageOfPage":{"@id":"https:\/\/greentools.dk\/sv\/produkt\/raattfallor-3-stk-erbjudande\/#primaryimage"},"image":{"@id":"https:\/\/greentools.dk\/sv\/produkt\/raattfallor-3-stk-erbjudande\/#primaryimage"},"thumbnailUrl":"https:\/\/greentools.dk\/wp-content\/uploads\/2017\/10\/rottefaelder-3-stk.jpg","datePublished":"2017-10-08T11:01:35+00:00","dateModified":"2019-01-23T18:01:45+00:00","breadcrumb":{"@id":"https:\/\/greentools.dk\/sv\/produkt\/raattfallor-3-stk-erbjudande\/#breadcrumb"},"inLanguage":"sv-SE","potentialAction":[{"@type":"ReadAction","target":["https:\/\/greentools.dk\/sv\/produkt\/raattfallor-3-stk-erbjudande\/"]}]},{"@type":"ImageObject","inLanguage":"sv-SE","@id":"https:\/\/greentools.dk\/sv\/produkt\/raattfallor-3-stk-erbjudande\/#primaryimage","url":"https:\/\/greentools.dk\/wp-content\/uploads\/2017\/10\/rottefaelder-3-stk.jpg","contentUrl":"https:\/\/greentools.dk\/wp-content\/uploads\/2017\/10\/rottefaelder-3-stk.jpg","width":1021,"height":1021,"caption":"rottef\u00e6lder tilbud"},{"@type":"BreadcrumbList","@id":"https:\/\/greentools.dk\/sv\/produkt\/raattfallor-3-stk-erbjudande\/#breadcrumb","itemListElement":[{"@type":"ListItem","position":1,"name":"Hjem","item":"https:\/\/greentools.dk\/sv\/"},{"@type":"ListItem","position":2,"name":"Varusortiment","item":"https:\/\/greentools.dk\/sv\/produkter\/"},{"@type":"ListItem","position":3,"name":"R\u00e5ttf\u00e4llor 3 stk. Erbjudande"}]},{"@type":"WebSite","@id":"https:\/\/greentools.dk\/sv\/#website","url":"https:\/\/greentools.dk\/sv\/","name":"Greentools","description":"Dansk Kvalitets - Fuglekasser - Foderhuse - Felco Besk\u00e6rersakse","potentialAction":[{"@type":"SearchAction","target":{"@type":"EntryPoint","urlTemplate":"https:\/\/greentools.dk\/sv\/?s={search_term_string}"},"query-input":{"@type":"PropertyValueSpecification","valueRequired":true,"valueName":"search_term_string"}}],"inLanguage":"sv-SE"}]}},"_links":{"self":[{"href":"https:\/\/greentools.dk\/sv\/wp-json\/wp\/v2\/product\/41253","targetHints":{"allow":["GET"]}}],"collection":[{"href":"https:\/\/greentools.dk\/sv\/wp-json\/wp\/v2\/product"}],"about":[{"href":"https:\/\/greentools.dk\/sv\/wp-json\/wp\/v2\/types\/product"}],"wp:featuredmedia":[{"embeddable":true,"href":"https:\/\/greentools.dk\/sv\/wp-json\/wp\/v2\/media\/39396"}],"wp:attachment":[{"href":"https:\/\/greentools.dk\/sv\/wp-json\/wp\/v2\/media?parent=41253"}],"wp:term":[{"taxonomy":"product_brand","embeddable":true,"href":"https:\/\/greentools.dk\/sv\/wp-json\/wp\/v2\/product_brand?post=41253"},{"taxonomy":"product_cat","embeddable":true,"href":"https:\/\/greentools.dk\/sv\/wp-json\/wp\/v2\/product_cat?post=41253"},{"taxonomy":"product_tag","embeddable":true,"href":"https:\/\/greentools.dk\/sv\/wp-json\/wp\/v2\/product_tag?post=41253"}],"curies":[{"name":"wp","href":"https:\/\/api.w.org\/{rel}","templated":true}]}}