{"id":41251,"date":"2017-10-08T12:45:31","date_gmt":"2017-10-08T10:45:31","guid":{"rendered":"http:\/\/better-retreats.com\/greentools\/produkt\/rottefaelde-effektiv-sikker\/"},"modified":"2019-08-02T12:44:45","modified_gmt":"2019-08-02T10:44:45","slug":"raattfalla-effektiv-och-saker","status":"publish","type":"product","link":"https:\/\/greentools.dk\/sv\/produkt\/raattfalla-effektiv-och-saker\/","title":{"rendered":"R\u00e5ttf\u00e4lla effektiv och s\u00e4ker"},"content":{"rendered":"<p><span style=\"font-size: medium;\">Den finska producenten \u201cGiljotti\u201d tillverkar en r\u00e5ttf\u00e4lla som h\u00e5ller fast r\u00e5ttan, och avlivar den effektivt, med hj\u00e4lp av en rad vassa t\u00e4nder. Den speciella f\u00e5ngstanordningen bryter r\u00e5ttans nacke s\u00e5 snart f\u00e4llan utl\u00f6ses. Du kan anv\u00e4nda m\u00e5nga slags lockbete i en r\u00e5ttf\u00e4lla. Om du vill undg\u00e5 luktproblem, rekommenderas br\u00f6d eller n\u00f6tter. R\u00e5ttor \u00e4r intelligenta och f\u00f6rsiktiga djur, som kan vara mycket sv\u00e5ra att f\u00e5nga. D\u00e4rf\u00f6r \u00e4r det viktigt att l\u00e5ta f\u00e4llan st\u00e5 p\u00e5 samma st\u00e4lle under l\u00e5ng tid, s\u00e5 den b\u00f6rjar lukta som omgivningarna. Till sist v\u00e4njer sig r\u00e5ttorna vid lukten och g\u00e5r i f\u00e4llan. L\u00e4gg g\u00e4rna ut lite lockbete runt om f\u00e4llan och av samma slag som i f\u00e4llan. Anv\u00e4nd samma handskar varje g\u00e5ng du ser efter i f\u00e4llan, och l\u00e5t g\u00e4rna handskarna ligga i samma rum som f\u00e4llan, s\u00e5 de f\u00e5r samma lukt som omgivningarna.<\/span><\/p>\n<p><span style=\"font-size: medium;\">Kom ih\u00e5g att se efter f\u00e4llan morgon och kv\u00e4ll, s\u00e5 att f\u00e5ngade r\u00e5ttor kan avl\u00e4gsnas s\u00e5 snabbt som m\u00f6jligt. Du beh\u00f6ver inte bekymra dig f\u00f6r dina husdjur n\u00e4r du gillrar en r\u00e5ttf\u00e4lla. F\u00e5ngstanordningen sitter inne i f\u00e4llan, s\u00e5 det \u00e4r bara djur p\u00e5 en r\u00e5ttas storlek, som kan komma in i f\u00e4llan. Se g\u00e4rna efter f\u00e4llan flera g\u00e5nger om dagen, och kom ih\u00e5g att bortskaffa d\u00f6da r\u00e5ttor med detsamma och p\u00e5 ett f\u00f6rsvarligt s\u00e4tt, s\u00e5 hundar och katter inte kommer \u00e5t dem och d\u00e4rmed riskerar att sprida sjukdomar.<\/span><\/p>\n","protected":false},"excerpt":{"rendered":"<p><i>Effektiv och s\u00e4ker r\u00e5ttf\u00e4lla. <\/i><\/p>\n","protected":false},"featured_media":39372,"template":"","meta":{"_acf_changed":false},"product_brand":[],"product_cat":[215],"product_tag":[],"class_list":{"0":"post-41251","1":"product","2":"type-product","3":"status-publish","4":"has-post-thumbnail","6":"product_cat-faellor","7":"description-off","9":"first","10":"instock","11":"taxable","12":"shipping-taxable","13":"purchasable","14":"product-type-simple"},"acf":[],"yoast_head":"<!-- This site is optimized with the Yoast SEO plugin v27.5 - https:\/\/yoast.com\/product\/yoast-seo-wordpress\/ -->\n<title>R\u00e5ttf\u00e4lla effektiv och s\u00e4ker - Greentools<\/title>\n<meta name=\"robots\" content=\"index, follow, max-snippet:-1, max-image-preview:large, max-video-preview:-1\" \/>\n<link rel=\"canonical\" href=\"https:\/\/greentools.dk\/sv\/produkt\/raattfalla-effektiv-och-saker\/\" \/>\n<meta property=\"og:locale\" content=\"sv_SE\" \/>\n<meta property=\"og:type\" content=\"article\" \/>\n<meta property=\"og:title\" content=\"R\u00e5ttf\u00e4lla effektiv och s\u00e4ker - Greentools\" \/>\n<meta property=\"og:description\" content=\"Effektiv och s\u00e4ker r\u00e5ttf\u00e4lla.\" \/>\n<meta property=\"og:url\" content=\"https:\/\/greentools.dk\/sv\/produkt\/raattfalla-effektiv-och-saker\/\" \/>\n<meta property=\"og:site_name\" content=\"Greentools\" \/>\n<meta property=\"article:modified_time\" content=\"2019-08-02T10:44:45+00:00\" \/>\n<meta property=\"og:image\" content=\"https:\/\/greentools.dk\/wp-content\/uploads\/2017\/10\/Rottefaelde.jpg\" \/>\n\t<meta property=\"og:image:width\" content=\"1000\" \/>\n\t<meta property=\"og:image:height\" content=\"1000\" \/>\n\t<meta property=\"og:image:type\" content=\"image\/jpeg\" \/>\n<meta name=\"twitter:card\" content=\"summary_large_image\" \/>\n<meta name=\"twitter:label1\" content=\"Ber\u00e4knad l\u00e4stid\" \/>\n\t<meta name=\"twitter:data1\" content=\"1 minut\" \/>\n<script type=\"application\/ld+json\" class=\"yoast-schema-graph\">{\"@context\":\"https:\\\/\\\/schema.org\",\"@graph\":[{\"@type\":\"WebPage\",\"@id\":\"https:\\\/\\\/greentools.dk\\\/sv\\\/produkt\\\/raattfalla-effektiv-och-saker\\\/\",\"url\":\"https:\\\/\\\/greentools.dk\\\/sv\\\/produkt\\\/raattfalla-effektiv-och-saker\\\/\",\"name\":\"R\u00e5ttf\u00e4lla effektiv och s\u00e4ker - Greentools\",\"isPartOf\":{\"@id\":\"https:\\\/\\\/greentools.dk\\\/sv\\\/#website\"},\"primaryImageOfPage\":{\"@id\":\"https:\\\/\\\/greentools.dk\\\/sv\\\/produkt\\\/raattfalla-effektiv-och-saker\\\/#primaryimage\"},\"image\":{\"@id\":\"https:\\\/\\\/greentools.dk\\\/sv\\\/produkt\\\/raattfalla-effektiv-och-saker\\\/#primaryimage\"},\"thumbnailUrl\":\"https:\\\/\\\/greentools.dk\\\/wp-content\\\/uploads\\\/2017\\\/10\\\/Rottefaelde.jpg\",\"datePublished\":\"2017-10-08T10:45:31+00:00\",\"dateModified\":\"2019-08-02T10:44:45+00:00\",\"breadcrumb\":{\"@id\":\"https:\\\/\\\/greentools.dk\\\/sv\\\/produkt\\\/raattfalla-effektiv-och-saker\\\/#breadcrumb\"},\"inLanguage\":\"sv-SE\",\"potentialAction\":[{\"@type\":\"ReadAction\",\"target\":[\"https:\\\/\\\/greentools.dk\\\/sv\\\/produkt\\\/raattfalla-effektiv-och-saker\\\/\"]}]},{\"@type\":\"ImageObject\",\"inLanguage\":\"sv-SE\",\"@id\":\"https:\\\/\\\/greentools.dk\\\/sv\\\/produkt\\\/raattfalla-effektiv-och-saker\\\/#primaryimage\",\"url\":\"https:\\\/\\\/greentools.dk\\\/wp-content\\\/uploads\\\/2017\\\/10\\\/Rottefaelde.jpg\",\"contentUrl\":\"https:\\\/\\\/greentools.dk\\\/wp-content\\\/uploads\\\/2017\\\/10\\\/Rottefaelde.jpg\",\"width\":1000,\"height\":1000,\"caption\":\"rottef\u00e6lde\"},{\"@type\":\"BreadcrumbList\",\"@id\":\"https:\\\/\\\/greentools.dk\\\/sv\\\/produkt\\\/raattfalla-effektiv-och-saker\\\/#breadcrumb\",\"itemListElement\":[{\"@type\":\"ListItem\",\"position\":1,\"name\":\"Hjem\",\"item\":\"https:\\\/\\\/greentools.dk\\\/sv\\\/\"},{\"@type\":\"ListItem\",\"position\":2,\"name\":\"Varusortiment\",\"item\":\"https:\\\/\\\/greentools.dk\\\/sv\\\/produkter\\\/\"},{\"@type\":\"ListItem\",\"position\":3,\"name\":\"R\u00e5ttf\u00e4lla effektiv och s\u00e4ker\"}]},{\"@type\":\"WebSite\",\"@id\":\"https:\\\/\\\/greentools.dk\\\/sv\\\/#website\",\"url\":\"https:\\\/\\\/greentools.dk\\\/sv\\\/\",\"name\":\"Greentools\",\"description\":\"Dansk Kvalitets - Fuglekasser - Foderhuse - Felco Besk\u00e6rersakse\",\"potentialAction\":[{\"@type\":\"SearchAction\",\"target\":{\"@type\":\"EntryPoint\",\"urlTemplate\":\"https:\\\/\\\/greentools.dk\\\/sv\\\/?s={search_term_string}\"},\"query-input\":{\"@type\":\"PropertyValueSpecification\",\"valueRequired\":true,\"valueName\":\"search_term_string\"}}],\"inLanguage\":\"sv-SE\"}]}<\/script>\n<!-- \/ Yoast SEO plugin. -->","yoast_head_json":{"title":"R\u00e5ttf\u00e4lla effektiv och s\u00e4ker - Greentools","robots":{"index":"index","follow":"follow","max-snippet":"max-snippet:-1","max-image-preview":"max-image-preview:large","max-video-preview":"max-video-preview:-1"},"canonical":"https:\/\/greentools.dk\/sv\/produkt\/raattfalla-effektiv-och-saker\/","og_locale":"sv_SE","og_type":"article","og_title":"R\u00e5ttf\u00e4lla effektiv och s\u00e4ker - Greentools","og_description":"Effektiv och s\u00e4ker r\u00e5ttf\u00e4lla.","og_url":"https:\/\/greentools.dk\/sv\/produkt\/raattfalla-effektiv-och-saker\/","og_site_name":"Greentools","article_modified_time":"2019-08-02T10:44:45+00:00","og_image":[{"width":1000,"height":1000,"url":"https:\/\/greentools.dk\/wp-content\/uploads\/2017\/10\/Rottefaelde.jpg","type":"image\/jpeg"}],"twitter_card":"summary_large_image","twitter_misc":{"Ber\u00e4knad l\u00e4stid":"1 minut"},"schema":{"@context":"https:\/\/schema.org","@graph":[{"@type":"WebPage","@id":"https:\/\/greentools.dk\/sv\/produkt\/raattfalla-effektiv-och-saker\/","url":"https:\/\/greentools.dk\/sv\/produkt\/raattfalla-effektiv-och-saker\/","name":"R\u00e5ttf\u00e4lla effektiv och s\u00e4ker - Greentools","isPartOf":{"@id":"https:\/\/greentools.dk\/sv\/#website"},"primaryImageOfPage":{"@id":"https:\/\/greentools.dk\/sv\/produkt\/raattfalla-effektiv-och-saker\/#primaryimage"},"image":{"@id":"https:\/\/greentools.dk\/sv\/produkt\/raattfalla-effektiv-och-saker\/#primaryimage"},"thumbnailUrl":"https:\/\/greentools.dk\/wp-content\/uploads\/2017\/10\/Rottefaelde.jpg","datePublished":"2017-10-08T10:45:31+00:00","dateModified":"2019-08-02T10:44:45+00:00","breadcrumb":{"@id":"https:\/\/greentools.dk\/sv\/produkt\/raattfalla-effektiv-och-saker\/#breadcrumb"},"inLanguage":"sv-SE","potentialAction":[{"@type":"ReadAction","target":["https:\/\/greentools.dk\/sv\/produkt\/raattfalla-effektiv-och-saker\/"]}]},{"@type":"ImageObject","inLanguage":"sv-SE","@id":"https:\/\/greentools.dk\/sv\/produkt\/raattfalla-effektiv-och-saker\/#primaryimage","url":"https:\/\/greentools.dk\/wp-content\/uploads\/2017\/10\/Rottefaelde.jpg","contentUrl":"https:\/\/greentools.dk\/wp-content\/uploads\/2017\/10\/Rottefaelde.jpg","width":1000,"height":1000,"caption":"rottef\u00e6lde"},{"@type":"BreadcrumbList","@id":"https:\/\/greentools.dk\/sv\/produkt\/raattfalla-effektiv-och-saker\/#breadcrumb","itemListElement":[{"@type":"ListItem","position":1,"name":"Hjem","item":"https:\/\/greentools.dk\/sv\/"},{"@type":"ListItem","position":2,"name":"Varusortiment","item":"https:\/\/greentools.dk\/sv\/produkter\/"},{"@type":"ListItem","position":3,"name":"R\u00e5ttf\u00e4lla effektiv och s\u00e4ker"}]},{"@type":"WebSite","@id":"https:\/\/greentools.dk\/sv\/#website","url":"https:\/\/greentools.dk\/sv\/","name":"Greentools","description":"Dansk Kvalitets - Fuglekasser - Foderhuse - Felco Besk\u00e6rersakse","potentialAction":[{"@type":"SearchAction","target":{"@type":"EntryPoint","urlTemplate":"https:\/\/greentools.dk\/sv\/?s={search_term_string}"},"query-input":{"@type":"PropertyValueSpecification","valueRequired":true,"valueName":"search_term_string"}}],"inLanguage":"sv-SE"}]}},"_links":{"self":[{"href":"https:\/\/greentools.dk\/sv\/wp-json\/wp\/v2\/product\/41251","targetHints":{"allow":["GET"]}}],"collection":[{"href":"https:\/\/greentools.dk\/sv\/wp-json\/wp\/v2\/product"}],"about":[{"href":"https:\/\/greentools.dk\/sv\/wp-json\/wp\/v2\/types\/product"}],"wp:featuredmedia":[{"embeddable":true,"href":"https:\/\/greentools.dk\/sv\/wp-json\/wp\/v2\/media\/39372"}],"wp:attachment":[{"href":"https:\/\/greentools.dk\/sv\/wp-json\/wp\/v2\/media?parent=41251"}],"wp:term":[{"taxonomy":"product_brand","embeddable":true,"href":"https:\/\/greentools.dk\/sv\/wp-json\/wp\/v2\/product_brand?post=41251"},{"taxonomy":"product_cat","embeddable":true,"href":"https:\/\/greentools.dk\/sv\/wp-json\/wp\/v2\/product_cat?post=41251"},{"taxonomy":"product_tag","embeddable":true,"href":"https:\/\/greentools.dk\/sv\/wp-json\/wp\/v2\/product_tag?post=41251"}],"curies":[{"name":"wp","href":"https:\/\/api.w.org\/{rel}","templated":true}]}}