{"id":41249,"date":"2017-10-08T09:29:02","date_gmt":"2017-10-08T07:29:02","guid":{"rendered":"http:\/\/better-retreats.com\/greentools\/produkt\/musefaelder-storkoeb-16-stk\/"},"modified":"2019-01-28T17:58:58","modified_gmt":"2019-01-28T16:58:58","slug":"musefaelder-storkoeb-16-stk","status":"publish","type":"product","link":"https:\/\/greentools.dk\/sv\/produkt\/musefaelder-storkoeb-16-stk\/","title":{"rendered":"Musf\u00e4llor STORK\u00d6P 16 stk"},"content":{"rendered":"<p><span style=\"font-size: medium;\">Musf\u00e4llor av m\u00e4rket \u201cGiljotti\u201d. Musf\u00e4llorna f\u00e5ngar och avlivar m\u00f6ssen snabbt. Det \u00e4r en god id\u00e9 att anv\u00e4nda n\u00f6tter i f\u00e4llorna, d\u00e5 n\u00f6tter h\u00e5ller mycket l\u00e4ngre och inte ger anledning till luktproblem. M\u00f6ss \u00e4lskar n\u00f6tter och kan sp\u00e5ra dem p\u00e5 l\u00e5ngt avst\u00e5nd. F\u00e5ngstanordningen \u00e4r omsluten av f\u00e4llan, s\u00e5 hundar och katter inte kan skada sig p\u00e5 f\u00e4llan. Om d\u00e4r \u00e4r m\u00e5nga m\u00f6ss, \u00e4r det en god id\u00e9 att gillra m\u00e5nga f\u00e4llor samtidigt, f\u00f6r att snabbt f\u00e5 bukt med musproblemet.<\/span><\/p>\n","protected":false},"excerpt":{"rendered":"<p><span style=\"font-size: medium;\"><i>Effektiva och s\u00e4kra musf\u00e4llor 16 stk.<\/i><\/span><\/p>\n","protected":false},"featured_media":39293,"template":"","meta":{"_acf_changed":false},"product_brand":[],"product_cat":[215],"product_tag":[],"class_list":{"0":"post-41249","1":"product","2":"type-product","3":"status-publish","4":"has-post-thumbnail","6":"product_cat-faellor","7":"description-off","9":"first","10":"instock","11":"sale","12":"taxable","13":"shipping-taxable","14":"purchasable","15":"product-type-simple"},"acf":[],"yoast_head":"<!-- This site is optimized with the Yoast SEO plugin v27.5 - https:\/\/yoast.com\/product\/yoast-seo-wordpress\/ -->\n<title>Musef\u00e6lder i bedste kvalitet af m\u00e6rket Giljotti - Tilbud p\u00e5 16 stk.<\/title>\n<meta name=\"description\" content=\"Effektive og sikre Giljotti musef\u00e6lder der fanger musene hurtigt. Ops\u00e6t gerne mange f\u00e6lder for hurtigt at komme museplagen til livs.\" \/>\n<meta name=\"robots\" content=\"index, follow, max-snippet:-1, max-image-preview:large, max-video-preview:-1\" \/>\n<link rel=\"canonical\" href=\"https:\/\/greentools.dk\/sv\/produkt\/musefaelder-storkoeb-16-stk\/\" \/>\n<meta property=\"og:locale\" content=\"sv_SE\" \/>\n<meta property=\"og:type\" content=\"article\" \/>\n<meta property=\"og:title\" content=\"Musef\u00e6lder i bedste kvalitet af m\u00e6rket Giljotti - Tilbud p\u00e5 16 stk.\" \/>\n<meta property=\"og:description\" content=\"Effektive og sikre Giljotti musef\u00e6lder der fanger musene hurtigt. Ops\u00e6t gerne mange f\u00e6lder for hurtigt at komme museplagen til livs.\" \/>\n<meta property=\"og:url\" content=\"https:\/\/greentools.dk\/sv\/produkt\/musefaelder-storkoeb-16-stk\/\" \/>\n<meta property=\"og:site_name\" content=\"Greentools\" \/>\n<meta property=\"article:modified_time\" content=\"2019-01-28T16:58:58+00:00\" \/>\n<meta property=\"og:image\" content=\"https:\/\/greentools.dk\/wp-content\/uploads\/2017\/10\/Giljotti-musefaelder.jpg\" \/>\n\t<meta property=\"og:image:width\" content=\"851\" \/>\n\t<meta property=\"og:image:height\" content=\"851\" \/>\n\t<meta property=\"og:image:type\" content=\"image\/jpeg\" \/>\n<meta name=\"twitter:card\" content=\"summary_large_image\" \/>\n<meta name=\"twitter:label1\" content=\"Ber\u00e4knad l\u00e4stid\" \/>\n\t<meta name=\"twitter:data1\" content=\"1 minut\" \/>\n<script type=\"application\/ld+json\" class=\"yoast-schema-graph\">{\"@context\":\"https:\\\/\\\/schema.org\",\"@graph\":[{\"@type\":\"WebPage\",\"@id\":\"https:\\\/\\\/greentools.dk\\\/sv\\\/produkt\\\/musefaelder-storkoeb-16-stk\\\/\",\"url\":\"https:\\\/\\\/greentools.dk\\\/sv\\\/produkt\\\/musefaelder-storkoeb-16-stk\\\/\",\"name\":\"Musef\u00e6lder i bedste kvalitet af m\u00e6rket Giljotti - Tilbud p\u00e5 16 stk.\",\"isPartOf\":{\"@id\":\"https:\\\/\\\/greentools.dk\\\/sv\\\/#website\"},\"primaryImageOfPage\":{\"@id\":\"https:\\\/\\\/greentools.dk\\\/sv\\\/produkt\\\/musefaelder-storkoeb-16-stk\\\/#primaryimage\"},\"image\":{\"@id\":\"https:\\\/\\\/greentools.dk\\\/sv\\\/produkt\\\/musefaelder-storkoeb-16-stk\\\/#primaryimage\"},\"thumbnailUrl\":\"https:\\\/\\\/greentools.dk\\\/wp-content\\\/uploads\\\/2017\\\/10\\\/Giljotti-musefaelder.jpg\",\"datePublished\":\"2017-10-08T07:29:02+00:00\",\"dateModified\":\"2019-01-28T16:58:58+00:00\",\"description\":\"Effektive og sikre Giljotti musef\u00e6lder der fanger musene hurtigt. Ops\u00e6t gerne mange f\u00e6lder for hurtigt at komme museplagen til livs.\",\"breadcrumb\":{\"@id\":\"https:\\\/\\\/greentools.dk\\\/sv\\\/produkt\\\/musefaelder-storkoeb-16-stk\\\/#breadcrumb\"},\"inLanguage\":\"sv-SE\",\"potentialAction\":[{\"@type\":\"ReadAction\",\"target\":[\"https:\\\/\\\/greentools.dk\\\/sv\\\/produkt\\\/musefaelder-storkoeb-16-stk\\\/\"]}]},{\"@type\":\"ImageObject\",\"inLanguage\":\"sv-SE\",\"@id\":\"https:\\\/\\\/greentools.dk\\\/sv\\\/produkt\\\/musefaelder-storkoeb-16-stk\\\/#primaryimage\",\"url\":\"https:\\\/\\\/greentools.dk\\\/wp-content\\\/uploads\\\/2017\\\/10\\\/Giljotti-musefaelder.jpg\",\"contentUrl\":\"https:\\\/\\\/greentools.dk\\\/wp-content\\\/uploads\\\/2017\\\/10\\\/Giljotti-musefaelder.jpg\",\"width\":851,\"height\":851,\"caption\":\"Giljotti musef\u00e6lder\"},{\"@type\":\"BreadcrumbList\",\"@id\":\"https:\\\/\\\/greentools.dk\\\/sv\\\/produkt\\\/musefaelder-storkoeb-16-stk\\\/#breadcrumb\",\"itemListElement\":[{\"@type\":\"ListItem\",\"position\":1,\"name\":\"Hjem\",\"item\":\"https:\\\/\\\/greentools.dk\\\/sv\\\/\"},{\"@type\":\"ListItem\",\"position\":2,\"name\":\"Varusortiment\",\"item\":\"https:\\\/\\\/greentools.dk\\\/sv\\\/produkter\\\/\"},{\"@type\":\"ListItem\",\"position\":3,\"name\":\"Musf\u00e4llor STORK\u00d6P 16 stk\"}]},{\"@type\":\"WebSite\",\"@id\":\"https:\\\/\\\/greentools.dk\\\/sv\\\/#website\",\"url\":\"https:\\\/\\\/greentools.dk\\\/sv\\\/\",\"name\":\"Greentools\",\"description\":\"Dansk Kvalitets - Fuglekasser - Foderhuse - Felco Besk\u00e6rersakse\",\"potentialAction\":[{\"@type\":\"SearchAction\",\"target\":{\"@type\":\"EntryPoint\",\"urlTemplate\":\"https:\\\/\\\/greentools.dk\\\/sv\\\/?s={search_term_string}\"},\"query-input\":{\"@type\":\"PropertyValueSpecification\",\"valueRequired\":true,\"valueName\":\"search_term_string\"}}],\"inLanguage\":\"sv-SE\"}]}<\/script>\n<!-- \/ Yoast SEO plugin. -->","yoast_head_json":{"title":"Musef\u00e6lder i bedste kvalitet af m\u00e6rket Giljotti - Tilbud p\u00e5 16 stk.","description":"Effektive og sikre Giljotti musef\u00e6lder der fanger musene hurtigt. Ops\u00e6t gerne mange f\u00e6lder for hurtigt at komme museplagen til livs.","robots":{"index":"index","follow":"follow","max-snippet":"max-snippet:-1","max-image-preview":"max-image-preview:large","max-video-preview":"max-video-preview:-1"},"canonical":"https:\/\/greentools.dk\/sv\/produkt\/musefaelder-storkoeb-16-stk\/","og_locale":"sv_SE","og_type":"article","og_title":"Musef\u00e6lder i bedste kvalitet af m\u00e6rket Giljotti - Tilbud p\u00e5 16 stk.","og_description":"Effektive og sikre Giljotti musef\u00e6lder der fanger musene hurtigt. Ops\u00e6t gerne mange f\u00e6lder for hurtigt at komme museplagen til livs.","og_url":"https:\/\/greentools.dk\/sv\/produkt\/musefaelder-storkoeb-16-stk\/","og_site_name":"Greentools","article_modified_time":"2019-01-28T16:58:58+00:00","og_image":[{"width":851,"height":851,"url":"https:\/\/greentools.dk\/wp-content\/uploads\/2017\/10\/Giljotti-musefaelder.jpg","type":"image\/jpeg"}],"twitter_card":"summary_large_image","twitter_misc":{"Ber\u00e4knad l\u00e4stid":"1 minut"},"schema":{"@context":"https:\/\/schema.org","@graph":[{"@type":"WebPage","@id":"https:\/\/greentools.dk\/sv\/produkt\/musefaelder-storkoeb-16-stk\/","url":"https:\/\/greentools.dk\/sv\/produkt\/musefaelder-storkoeb-16-stk\/","name":"Musef\u00e6lder i bedste kvalitet af m\u00e6rket Giljotti - Tilbud p\u00e5 16 stk.","isPartOf":{"@id":"https:\/\/greentools.dk\/sv\/#website"},"primaryImageOfPage":{"@id":"https:\/\/greentools.dk\/sv\/produkt\/musefaelder-storkoeb-16-stk\/#primaryimage"},"image":{"@id":"https:\/\/greentools.dk\/sv\/produkt\/musefaelder-storkoeb-16-stk\/#primaryimage"},"thumbnailUrl":"https:\/\/greentools.dk\/wp-content\/uploads\/2017\/10\/Giljotti-musefaelder.jpg","datePublished":"2017-10-08T07:29:02+00:00","dateModified":"2019-01-28T16:58:58+00:00","description":"Effektive og sikre Giljotti musef\u00e6lder der fanger musene hurtigt. Ops\u00e6t gerne mange f\u00e6lder for hurtigt at komme museplagen til livs.","breadcrumb":{"@id":"https:\/\/greentools.dk\/sv\/produkt\/musefaelder-storkoeb-16-stk\/#breadcrumb"},"inLanguage":"sv-SE","potentialAction":[{"@type":"ReadAction","target":["https:\/\/greentools.dk\/sv\/produkt\/musefaelder-storkoeb-16-stk\/"]}]},{"@type":"ImageObject","inLanguage":"sv-SE","@id":"https:\/\/greentools.dk\/sv\/produkt\/musefaelder-storkoeb-16-stk\/#primaryimage","url":"https:\/\/greentools.dk\/wp-content\/uploads\/2017\/10\/Giljotti-musefaelder.jpg","contentUrl":"https:\/\/greentools.dk\/wp-content\/uploads\/2017\/10\/Giljotti-musefaelder.jpg","width":851,"height":851,"caption":"Giljotti musef\u00e6lder"},{"@type":"BreadcrumbList","@id":"https:\/\/greentools.dk\/sv\/produkt\/musefaelder-storkoeb-16-stk\/#breadcrumb","itemListElement":[{"@type":"ListItem","position":1,"name":"Hjem","item":"https:\/\/greentools.dk\/sv\/"},{"@type":"ListItem","position":2,"name":"Varusortiment","item":"https:\/\/greentools.dk\/sv\/produkter\/"},{"@type":"ListItem","position":3,"name":"Musf\u00e4llor STORK\u00d6P 16 stk"}]},{"@type":"WebSite","@id":"https:\/\/greentools.dk\/sv\/#website","url":"https:\/\/greentools.dk\/sv\/","name":"Greentools","description":"Dansk Kvalitets - Fuglekasser - Foderhuse - Felco Besk\u00e6rersakse","potentialAction":[{"@type":"SearchAction","target":{"@type":"EntryPoint","urlTemplate":"https:\/\/greentools.dk\/sv\/?s={search_term_string}"},"query-input":{"@type":"PropertyValueSpecification","valueRequired":true,"valueName":"search_term_string"}}],"inLanguage":"sv-SE"}]}},"_links":{"self":[{"href":"https:\/\/greentools.dk\/sv\/wp-json\/wp\/v2\/product\/41249","targetHints":{"allow":["GET"]}}],"collection":[{"href":"https:\/\/greentools.dk\/sv\/wp-json\/wp\/v2\/product"}],"about":[{"href":"https:\/\/greentools.dk\/sv\/wp-json\/wp\/v2\/types\/product"}],"wp:featuredmedia":[{"embeddable":true,"href":"https:\/\/greentools.dk\/sv\/wp-json\/wp\/v2\/media\/39293"}],"wp:attachment":[{"href":"https:\/\/greentools.dk\/sv\/wp-json\/wp\/v2\/media?parent=41249"}],"wp:term":[{"taxonomy":"product_brand","embeddable":true,"href":"https:\/\/greentools.dk\/sv\/wp-json\/wp\/v2\/product_brand?post=41249"},{"taxonomy":"product_cat","embeddable":true,"href":"https:\/\/greentools.dk\/sv\/wp-json\/wp\/v2\/product_cat?post=41249"},{"taxonomy":"product_tag","embeddable":true,"href":"https:\/\/greentools.dk\/sv\/wp-json\/wp\/v2\/product_tag?post=41249"}],"curies":[{"name":"wp","href":"https:\/\/api.w.org\/{rel}","templated":true}]}}