{"id":40958,"date":"2017-11-05T21:05:52","date_gmt":"2017-11-05T20:05:53","guid":{"rendered":"http:\/\/better-retreats.com\/greentools\/?post_type=product&#038;p=40958"},"modified":"2022-04-15T16:18:59","modified_gmt":"2022-04-15T14:18:59","slug":"haalfoerstaerkning-35-mm-kopier","status":"publish","type":"product","link":"https:\/\/greentools.dk\/sv\/produkt\/haalfoerstaerkning-35-mm-kopier\/","title":{"rendered":"H\u00e5lf\u00f6rst\u00e4rkning 50 mm"},"content":{"rendered":"<p>H\u00e5lf\u00f6rst\u00e4rkningen runt inflygningsh\u00e5let tillverkat av aluminium f\u00f6rhindrar hackspettar att hacka holkens h\u00e5l st\u00f6rre.<\/p>\n","protected":false},"excerpt":{"rendered":"<p>H\u00e5lf\u00f6rst\u00e4rkningen runt inflygningsh\u00e5let tillverkat av aluminium f\u00f6rhindrar hackspettar att hacka holkens h\u00e5l st\u00f6rre.<\/p>\n","protected":false},"featured_media":65559,"template":"","meta":{"_acf_changed":false},"product_brand":[],"product_cat":[222,518,520,427],"product_tag":[],"class_list":{"0":"post-40958","1":"product","2":"type-product","3":"status-publish","4":"has-post-thumbnail","6":"product_cat-faagelholkar","7":"product_cat-hulbeslag-til-fuglekasser-sv","8":"product_cat-redekasser-til-fugle-sv","9":"product_cat-staerekasser-sv","10":"description-off","12":"first","13":"instock","14":"taxable","15":"shipping-taxable","16":"purchasable","17":"product-type-simple"},"acf":[],"yoast_head":"<!-- This site is optimized with the Yoast SEO plugin v27.4 - https:\/\/yoast.com\/product\/yoast-seo-wordpress\/ -->\n<title>h\u00e5lf\u00f6rst\u00e4rkning 28 mm<\/title>\n<meta name=\"description\" content=\"H\u00e5lf\u00f6rst\u00e4rkningen runt inflygningsh\u00e5let tillverkat av rostfritt st\u00e5l f\u00f6rhindrar hackspettar att hacka holkens h\u00e5l st\u00f6rre.\" \/>\n<meta name=\"robots\" content=\"index, follow, max-snippet:-1, max-image-preview:large, max-video-preview:-1\" \/>\n<link rel=\"canonical\" href=\"https:\/\/greentools.dk\/sv\/produkt\/haalfoerstaerkning-35-mm-kopier\/\" \/>\n<meta property=\"og:locale\" content=\"sv_SE\" \/>\n<meta property=\"og:type\" content=\"article\" \/>\n<meta property=\"og:title\" content=\"h\u00e5lf\u00f6rst\u00e4rkning 28 mm\" \/>\n<meta property=\"og:description\" content=\"H\u00e5lf\u00f6rst\u00e4rkningen runt inflygningsh\u00e5let tillverkat av rostfritt st\u00e5l f\u00f6rhindrar hackspettar att hacka holkens h\u00e5l st\u00f6rre.\" \/>\n<meta property=\"og:url\" content=\"https:\/\/greentools.dk\/sv\/produkt\/haalfoerstaerkning-35-mm-kopier\/\" \/>\n<meta property=\"og:site_name\" content=\"Greentools\" \/>\n<meta property=\"article:modified_time\" content=\"2022-04-15T14:18:59+00:00\" \/>\n<meta property=\"og:image\" content=\"https:\/\/greentools.dk\/wp-content\/uploads\/2017\/11\/Spaettesikring-50-mm.jpg\" \/>\n\t<meta property=\"og:image:width\" content=\"1000\" \/>\n\t<meta property=\"og:image:height\" content=\"1000\" \/>\n\t<meta property=\"og:image:type\" content=\"image\/jpeg\" \/>\n<meta name=\"twitter:card\" content=\"summary_large_image\" \/>\n<meta name=\"twitter:label1\" content=\"Ber\u00e4knad l\u00e4stid\" \/>\n\t<meta name=\"twitter:data1\" content=\"1 minut\" \/>\n<script type=\"application\/ld+json\" class=\"yoast-schema-graph\">{\"@context\":\"https:\\\/\\\/schema.org\",\"@graph\":[{\"@type\":\"WebPage\",\"@id\":\"https:\\\/\\\/greentools.dk\\\/sv\\\/produkt\\\/haalfoerstaerkning-35-mm-kopier\\\/\",\"url\":\"https:\\\/\\\/greentools.dk\\\/sv\\\/produkt\\\/haalfoerstaerkning-35-mm-kopier\\\/\",\"name\":\"h\u00e5lf\u00f6rst\u00e4rkning 28 mm\",\"isPartOf\":{\"@id\":\"https:\\\/\\\/greentools.dk\\\/sv\\\/#website\"},\"primaryImageOfPage\":{\"@id\":\"https:\\\/\\\/greentools.dk\\\/sv\\\/produkt\\\/haalfoerstaerkning-35-mm-kopier\\\/#primaryimage\"},\"image\":{\"@id\":\"https:\\\/\\\/greentools.dk\\\/sv\\\/produkt\\\/haalfoerstaerkning-35-mm-kopier\\\/#primaryimage\"},\"thumbnailUrl\":\"https:\\\/\\\/greentools.dk\\\/wp-content\\\/uploads\\\/2017\\\/11\\\/Spaettesikring-50-mm.jpg\",\"datePublished\":\"2017-11-05T20:05:53+00:00\",\"dateModified\":\"2022-04-15T14:18:59+00:00\",\"description\":\"H\u00e5lf\u00f6rst\u00e4rkningen runt inflygningsh\u00e5let tillverkat av rostfritt st\u00e5l f\u00f6rhindrar hackspettar att hacka holkens h\u00e5l st\u00f6rre.\",\"breadcrumb\":{\"@id\":\"https:\\\/\\\/greentools.dk\\\/sv\\\/produkt\\\/haalfoerstaerkning-35-mm-kopier\\\/#breadcrumb\"},\"inLanguage\":\"sv-SE\",\"potentialAction\":[{\"@type\":\"ReadAction\",\"target\":[\"https:\\\/\\\/greentools.dk\\\/sv\\\/produkt\\\/haalfoerstaerkning-35-mm-kopier\\\/\"]}]},{\"@type\":\"ImageObject\",\"inLanguage\":\"sv-SE\",\"@id\":\"https:\\\/\\\/greentools.dk\\\/sv\\\/produkt\\\/haalfoerstaerkning-35-mm-kopier\\\/#primaryimage\",\"url\":\"https:\\\/\\\/greentools.dk\\\/wp-content\\\/uploads\\\/2017\\\/11\\\/Spaettesikring-50-mm.jpg\",\"contentUrl\":\"https:\\\/\\\/greentools.dk\\\/wp-content\\\/uploads\\\/2017\\\/11\\\/Spaettesikring-50-mm.jpg\",\"width\":1000,\"height\":1000,\"caption\":\"Sp\u00e6ttesikring 50 mm til st\u00e6rekasser\"},{\"@type\":\"BreadcrumbList\",\"@id\":\"https:\\\/\\\/greentools.dk\\\/sv\\\/produkt\\\/haalfoerstaerkning-35-mm-kopier\\\/#breadcrumb\",\"itemListElement\":[{\"@type\":\"ListItem\",\"position\":1,\"name\":\"Hjem\",\"item\":\"https:\\\/\\\/greentools.dk\\\/sv\\\/\"},{\"@type\":\"ListItem\",\"position\":2,\"name\":\"Varusortiment\",\"item\":\"https:\\\/\\\/greentools.dk\\\/sv\\\/produkter\\\/\"},{\"@type\":\"ListItem\",\"position\":3,\"name\":\"H\u00e5lf\u00f6rst\u00e4rkning 50 mm\"}]},{\"@type\":\"WebSite\",\"@id\":\"https:\\\/\\\/greentools.dk\\\/sv\\\/#website\",\"url\":\"https:\\\/\\\/greentools.dk\\\/sv\\\/\",\"name\":\"Greentools\",\"description\":\"Dansk Kvalitets - Fuglekasser - Foderhuse - Felco Besk\u00e6rersakse\",\"potentialAction\":[{\"@type\":\"SearchAction\",\"target\":{\"@type\":\"EntryPoint\",\"urlTemplate\":\"https:\\\/\\\/greentools.dk\\\/sv\\\/?s={search_term_string}\"},\"query-input\":{\"@type\":\"PropertyValueSpecification\",\"valueRequired\":true,\"valueName\":\"search_term_string\"}}],\"inLanguage\":\"sv-SE\"}]}<\/script>\n<!-- \/ Yoast SEO plugin. -->","yoast_head_json":{"title":"h\u00e5lf\u00f6rst\u00e4rkning 28 mm","description":"H\u00e5lf\u00f6rst\u00e4rkningen runt inflygningsh\u00e5let tillverkat av rostfritt st\u00e5l f\u00f6rhindrar hackspettar att hacka holkens h\u00e5l st\u00f6rre.","robots":{"index":"index","follow":"follow","max-snippet":"max-snippet:-1","max-image-preview":"max-image-preview:large","max-video-preview":"max-video-preview:-1"},"canonical":"https:\/\/greentools.dk\/sv\/produkt\/haalfoerstaerkning-35-mm-kopier\/","og_locale":"sv_SE","og_type":"article","og_title":"h\u00e5lf\u00f6rst\u00e4rkning 28 mm","og_description":"H\u00e5lf\u00f6rst\u00e4rkningen runt inflygningsh\u00e5let tillverkat av rostfritt st\u00e5l f\u00f6rhindrar hackspettar att hacka holkens h\u00e5l st\u00f6rre.","og_url":"https:\/\/greentools.dk\/sv\/produkt\/haalfoerstaerkning-35-mm-kopier\/","og_site_name":"Greentools","article_modified_time":"2022-04-15T14:18:59+00:00","og_image":[{"width":1000,"height":1000,"url":"https:\/\/greentools.dk\/wp-content\/uploads\/2017\/11\/Spaettesikring-50-mm.jpg","type":"image\/jpeg"}],"twitter_card":"summary_large_image","twitter_misc":{"Ber\u00e4knad l\u00e4stid":"1 minut"},"schema":{"@context":"https:\/\/schema.org","@graph":[{"@type":"WebPage","@id":"https:\/\/greentools.dk\/sv\/produkt\/haalfoerstaerkning-35-mm-kopier\/","url":"https:\/\/greentools.dk\/sv\/produkt\/haalfoerstaerkning-35-mm-kopier\/","name":"h\u00e5lf\u00f6rst\u00e4rkning 28 mm","isPartOf":{"@id":"https:\/\/greentools.dk\/sv\/#website"},"primaryImageOfPage":{"@id":"https:\/\/greentools.dk\/sv\/produkt\/haalfoerstaerkning-35-mm-kopier\/#primaryimage"},"image":{"@id":"https:\/\/greentools.dk\/sv\/produkt\/haalfoerstaerkning-35-mm-kopier\/#primaryimage"},"thumbnailUrl":"https:\/\/greentools.dk\/wp-content\/uploads\/2017\/11\/Spaettesikring-50-mm.jpg","datePublished":"2017-11-05T20:05:53+00:00","dateModified":"2022-04-15T14:18:59+00:00","description":"H\u00e5lf\u00f6rst\u00e4rkningen runt inflygningsh\u00e5let tillverkat av rostfritt st\u00e5l f\u00f6rhindrar hackspettar att hacka holkens h\u00e5l st\u00f6rre.","breadcrumb":{"@id":"https:\/\/greentools.dk\/sv\/produkt\/haalfoerstaerkning-35-mm-kopier\/#breadcrumb"},"inLanguage":"sv-SE","potentialAction":[{"@type":"ReadAction","target":["https:\/\/greentools.dk\/sv\/produkt\/haalfoerstaerkning-35-mm-kopier\/"]}]},{"@type":"ImageObject","inLanguage":"sv-SE","@id":"https:\/\/greentools.dk\/sv\/produkt\/haalfoerstaerkning-35-mm-kopier\/#primaryimage","url":"https:\/\/greentools.dk\/wp-content\/uploads\/2017\/11\/Spaettesikring-50-mm.jpg","contentUrl":"https:\/\/greentools.dk\/wp-content\/uploads\/2017\/11\/Spaettesikring-50-mm.jpg","width":1000,"height":1000,"caption":"Sp\u00e6ttesikring 50 mm til st\u00e6rekasser"},{"@type":"BreadcrumbList","@id":"https:\/\/greentools.dk\/sv\/produkt\/haalfoerstaerkning-35-mm-kopier\/#breadcrumb","itemListElement":[{"@type":"ListItem","position":1,"name":"Hjem","item":"https:\/\/greentools.dk\/sv\/"},{"@type":"ListItem","position":2,"name":"Varusortiment","item":"https:\/\/greentools.dk\/sv\/produkter\/"},{"@type":"ListItem","position":3,"name":"H\u00e5lf\u00f6rst\u00e4rkning 50 mm"}]},{"@type":"WebSite","@id":"https:\/\/greentools.dk\/sv\/#website","url":"https:\/\/greentools.dk\/sv\/","name":"Greentools","description":"Dansk Kvalitets - Fuglekasser - Foderhuse - Felco Besk\u00e6rersakse","potentialAction":[{"@type":"SearchAction","target":{"@type":"EntryPoint","urlTemplate":"https:\/\/greentools.dk\/sv\/?s={search_term_string}"},"query-input":{"@type":"PropertyValueSpecification","valueRequired":true,"valueName":"search_term_string"}}],"inLanguage":"sv-SE"}]}},"_links":{"self":[{"href":"https:\/\/greentools.dk\/sv\/wp-json\/wp\/v2\/product\/40958","targetHints":{"allow":["GET"]}}],"collection":[{"href":"https:\/\/greentools.dk\/sv\/wp-json\/wp\/v2\/product"}],"about":[{"href":"https:\/\/greentools.dk\/sv\/wp-json\/wp\/v2\/types\/product"}],"wp:featuredmedia":[{"embeddable":true,"href":"https:\/\/greentools.dk\/sv\/wp-json\/wp\/v2\/media\/65559"}],"wp:attachment":[{"href":"https:\/\/greentools.dk\/sv\/wp-json\/wp\/v2\/media?parent=40958"}],"wp:term":[{"taxonomy":"product_brand","embeddable":true,"href":"https:\/\/greentools.dk\/sv\/wp-json\/wp\/v2\/product_brand?post=40958"},{"taxonomy":"product_cat","embeddable":true,"href":"https:\/\/greentools.dk\/sv\/wp-json\/wp\/v2\/product_cat?post=40958"},{"taxonomy":"product_tag","embeddable":true,"href":"https:\/\/greentools.dk\/sv\/wp-json\/wp\/v2\/product_tag?post=40958"}],"curies":[{"name":"wp","href":"https:\/\/api.w.org\/{rel}","templated":true}]}}