{"id":40557,"date":"2017-11-01T20:36:42","date_gmt":"2017-11-01T19:36:42","guid":{"rendered":"http:\/\/better-retreats.com\/greentools\/produkter\/staerekasser-3-stk-hulforstaerkning\/"},"modified":"2019-11-05T20:46:17","modified_gmt":"2019-11-05T19:46:17","slug":"staerekasser-3-stk-hulforstaerkning","status":"publish","type":"product","link":"https:\/\/greentools.dk\/sv\/produkt\/staerekasser-3-stk-hulforstaerkning\/","title":{"rendered":"Starholkar 3 st. med h\u00e5lf\u00f6rst\u00e4rkning"},"content":{"rendered":"<p>V\u00e5ra starholkar tillverkas i Danmark och vi anv\u00e4nder uteslutande danskt l\u00e4rktr\u00e4 och Douglasgran fr\u00e5n livskraftigt skogsbruk i v\u00e5r produktion. H\u00e5lf\u00f6rst\u00e4rkningen runt inflygningsh\u00e5let \u00e4r tillverkat av rostfritt st\u00e5l och f\u00f6rhindrar hackspettar att hacka holkens h\u00e5l st\u00f6rre. L\u00e4rktr\u00e4 och Douglasgran \u00e4r b\u00e5da kvalitetsmaterial som \u00e4r sj\u00e4lvimpregnerande pga. deras naturliga inneh\u00e5ll av k\u00e5da och harts och d\u00e4rf\u00f6r l\u00e4mpar de sig ypperligt vid tillverkning av starholkar. Av samma orsak \u00e4r det inte heller n\u00f6dv\u00e4ndigt att ytbehandla holkarna, vilket v\u00e4rdes\u00e4tts av b\u00e5de f\u00e5glar och milj\u00f6. Den inbyggda dr\u00e4neringen, en tillr\u00e4cklig ventilation och den fina ruggade ytan ger stararna ett torrt, lagom varmt bo med ett passande klimat b\u00e5de sommar och vinter. Alla v\u00e5ra starholkar monteras med rostfria st\u00e5lskruvar, som i kombination med tr\u00e4slagen s\u00e4krar l\u00e4ngsta m\u00f6jliga h\u00e5llbarhet. I h\u00e4ndelse av slagregn direkt mot ing\u00e5ngsh\u00e5let s\u00e5 har starholken ett dr\u00e4n i botten s\u00e5 att det aldrig kan bildas vattenansamling i holken.<\/p>\n<p>Upps\u00e4ttning och montering<\/p>\n<p>Starholken kan monteras upp p\u00e5 en gavel, ett plank eller p\u00e5 levande tr\u00e4d\/buskar.<\/p>\n<p>Eftersom starholkarna \u00e4r tillverkade av ytterst h\u00e5llbara material kr\u00e4vs n\u00e4stan inget underh\u00e5ll. Trots att staren sj\u00e4lv \u00e4r duktig p\u00e5 att rensa holken p\u00e5 v\u00e5ren \u00e4r det dock alltid en bra id\u00e9 att se efter holken utanf\u00f6r h\u00e4ckningss\u00e4songen. Holken kan enkelt rensas genom att tippa framsidan ut\u00e5t s\u00e5 att det gamla redet kan plockas bort.<\/p>\n<p>Hj\u00e4lp i tr\u00e4dg\u00e5rden<\/p>\n<p>Genom att s\u00e4tta upp starholkar kan man s\u00e4kra sin gr\u00e4smatta mot angrepp fr\u00e5n harkrankslarver och tr\u00e4dg\u00e5rdsborrar. Harkrankslarver och tr\u00e4dg\u00e5rdsborrar har den tr\u00e5kiga egenskapen att de \u00e4ter gr\u00e4sets r\u00f6tter s\u00e5 att resten av plantan vissna. Stararna \u00e4lskar larver och andra skadeinsekter som fins i tr\u00e4dg\u00e5rden. Om du hj\u00e4lper stararna s\u00e5 hj\u00e4lper stararna dig genom att h\u00e5lla din tr\u00e4dg\u00e5rd fri fr\u00e5n skadeinsekter \u2013 utan att du beh\u00f6ver anv\u00e4nda kemikalier.<\/p>\n<p>Utv\u00e4ndiga M\u00e5tt: H\u00f6jd: 35cm, Bredd:17cm, Djup: 17,5cm<br \/>\nBottens inv\u00e4ndiga m\u00e5tt: 13cm x 12,5cm<br \/>\nAvst\u00e5nd fr\u00e5n h\u00e5lets underkant till botten: 21cm<br \/>\nH\u00e5lets storlek: 50mm<\/p>\n<p>Nedanst\u00e5ende medf\u00f6ljer holken:<br \/>\n6 st. 5x60mm rostfria st\u00e5lskruvar f\u00f6r montering.<br \/>\n1 st. torx 20 bit som passar till skruvarna.<\/p>\n","protected":false},"excerpt":{"rendered":"<p>Solida starholkar med h\u00e5lf\u00f6rst\u00e4rkning. Hj\u00e4lp stararna genom att s\u00e4tta upp starholkar.<\/p>\n","protected":false},"featured_media":40554,"template":"","meta":{"_acf_changed":false},"product_brand":[],"product_cat":[222,427],"product_tag":[],"class_list":{"0":"post-40557","1":"product","2":"type-product","3":"status-publish","4":"has-post-thumbnail","6":"product_cat-faagelholkar","7":"product_cat-staerekasser-sv","8":"description-off","10":"first","11":"instock","12":"sale","13":"taxable","14":"shipping-taxable","15":"purchasable","16":"product-type-simple"},"acf":[],"yoast_head":"<!-- This site is optimized with the Yoast SEO plugin v27.4 - https:\/\/yoast.com\/product\/yoast-seo-wordpress\/ -->\n<title>Starholkar med h\u00e5lf\u00f6rst\u00e4rkning<\/title>\n<meta name=\"description\" content=\"Solida starholkar med h\u00e5lf\u00f6rst\u00e4rkning. Hj\u00e4lp stararna genom att s\u00e4tta upp starholkar, d\u00e5 hj\u00e4lper stararna dig att h\u00e5lla gr\u00e4smattan fri fr\u00e5n tr\u00e4dg\u00e5rdsborrar\" \/>\n<meta name=\"robots\" content=\"index, follow, max-snippet:-1, max-image-preview:large, max-video-preview:-1\" \/>\n<link rel=\"canonical\" href=\"https:\/\/greentools.dk\/sv\/produkt\/staerekasser-3-stk-hulforstaerkning\/\" \/>\n<meta property=\"og:locale\" content=\"sv_SE\" \/>\n<meta property=\"og:type\" content=\"article\" \/>\n<meta property=\"og:title\" content=\"Starholkar med h\u00e5lf\u00f6rst\u00e4rkning\" \/>\n<meta property=\"og:description\" content=\"Solida starholkar med h\u00e5lf\u00f6rst\u00e4rkning. Hj\u00e4lp stararna genom att s\u00e4tta upp starholkar, d\u00e5 hj\u00e4lper stararna dig att h\u00e5lla gr\u00e4smattan fri fr\u00e5n tr\u00e4dg\u00e5rdsborrar\" \/>\n<meta property=\"og:url\" content=\"https:\/\/greentools.dk\/sv\/produkt\/staerekasser-3-stk-hulforstaerkning\/\" \/>\n<meta property=\"og:site_name\" content=\"Greentools\" \/>\n<meta property=\"article:modified_time\" content=\"2019-11-05T19:46:17+00:00\" \/>\n<meta property=\"og:image\" content=\"https:\/\/greentools.dk\/wp-content\/uploads\/2017\/11\/staerekasser-3stk-forstaerk.jpg\" \/>\n\t<meta property=\"og:image:width\" content=\"800\" \/>\n\t<meta property=\"og:image:height\" content=\"800\" \/>\n\t<meta property=\"og:image:type\" content=\"image\/jpeg\" \/>\n<meta name=\"twitter:card\" content=\"summary_large_image\" \/>\n<meta name=\"twitter:label1\" content=\"Ber\u00e4knad l\u00e4stid\" \/>\n\t<meta name=\"twitter:data1\" content=\"2 minuter\" \/>\n<script type=\"application\/ld+json\" class=\"yoast-schema-graph\">{\"@context\":\"https:\\\/\\\/schema.org\",\"@graph\":[{\"@type\":\"WebPage\",\"@id\":\"https:\\\/\\\/greentools.dk\\\/sv\\\/produkt\\\/staerekasser-3-stk-hulforstaerkning\\\/\",\"url\":\"https:\\\/\\\/greentools.dk\\\/sv\\\/produkt\\\/staerekasser-3-stk-hulforstaerkning\\\/\",\"name\":\"Starholkar med h\u00e5lf\u00f6rst\u00e4rkning\",\"isPartOf\":{\"@id\":\"https:\\\/\\\/greentools.dk\\\/sv\\\/#website\"},\"primaryImageOfPage\":{\"@id\":\"https:\\\/\\\/greentools.dk\\\/sv\\\/produkt\\\/staerekasser-3-stk-hulforstaerkning\\\/#primaryimage\"},\"image\":{\"@id\":\"https:\\\/\\\/greentools.dk\\\/sv\\\/produkt\\\/staerekasser-3-stk-hulforstaerkning\\\/#primaryimage\"},\"thumbnailUrl\":\"https:\\\/\\\/greentools.dk\\\/wp-content\\\/uploads\\\/2017\\\/11\\\/staerekasser-3stk-forstaerk.jpg\",\"datePublished\":\"2017-11-01T19:36:42+00:00\",\"dateModified\":\"2019-11-05T19:46:17+00:00\",\"description\":\"Solida starholkar med h\u00e5lf\u00f6rst\u00e4rkning. Hj\u00e4lp stararna genom att s\u00e4tta upp starholkar, d\u00e5 hj\u00e4lper stararna dig att h\u00e5lla gr\u00e4smattan fri fr\u00e5n tr\u00e4dg\u00e5rdsborrar\",\"breadcrumb\":{\"@id\":\"https:\\\/\\\/greentools.dk\\\/sv\\\/produkt\\\/staerekasser-3-stk-hulforstaerkning\\\/#breadcrumb\"},\"inLanguage\":\"sv-SE\",\"potentialAction\":[{\"@type\":\"ReadAction\",\"target\":[\"https:\\\/\\\/greentools.dk\\\/sv\\\/produkt\\\/staerekasser-3-stk-hulforstaerkning\\\/\"]}]},{\"@type\":\"ImageObject\",\"inLanguage\":\"sv-SE\",\"@id\":\"https:\\\/\\\/greentools.dk\\\/sv\\\/produkt\\\/staerekasser-3-stk-hulforstaerkning\\\/#primaryimage\",\"url\":\"https:\\\/\\\/greentools.dk\\\/wp-content\\\/uploads\\\/2017\\\/11\\\/staerekasser-3stk-forstaerk.jpg\",\"contentUrl\":\"https:\\\/\\\/greentools.dk\\\/wp-content\\\/uploads\\\/2017\\\/11\\\/staerekasser-3stk-forstaerk.jpg\",\"width\":800,\"height\":800,\"caption\":\"St\u00e6rekasser 3 stk med hulforst\u00e6rkning\"},{\"@type\":\"BreadcrumbList\",\"@id\":\"https:\\\/\\\/greentools.dk\\\/sv\\\/produkt\\\/staerekasser-3-stk-hulforstaerkning\\\/#breadcrumb\",\"itemListElement\":[{\"@type\":\"ListItem\",\"position\":1,\"name\":\"Hjem\",\"item\":\"https:\\\/\\\/greentools.dk\\\/sv\\\/\"},{\"@type\":\"ListItem\",\"position\":2,\"name\":\"Varusortiment\",\"item\":\"https:\\\/\\\/greentools.dk\\\/sv\\\/produkter\\\/\"},{\"@type\":\"ListItem\",\"position\":3,\"name\":\"Starholkar 3 st. med h\u00e5lf\u00f6rst\u00e4rkning\"}]},{\"@type\":\"WebSite\",\"@id\":\"https:\\\/\\\/greentools.dk\\\/sv\\\/#website\",\"url\":\"https:\\\/\\\/greentools.dk\\\/sv\\\/\",\"name\":\"Greentools\",\"description\":\"Dansk Kvalitets - Fuglekasser - Foderhuse - Felco Besk\u00e6rersakse\",\"potentialAction\":[{\"@type\":\"SearchAction\",\"target\":{\"@type\":\"EntryPoint\",\"urlTemplate\":\"https:\\\/\\\/greentools.dk\\\/sv\\\/?s={search_term_string}\"},\"query-input\":{\"@type\":\"PropertyValueSpecification\",\"valueRequired\":true,\"valueName\":\"search_term_string\"}}],\"inLanguage\":\"sv-SE\"}]}<\/script>\n<!-- \/ Yoast SEO plugin. -->","yoast_head_json":{"title":"Starholkar med h\u00e5lf\u00f6rst\u00e4rkning","description":"Solida starholkar med h\u00e5lf\u00f6rst\u00e4rkning. Hj\u00e4lp stararna genom att s\u00e4tta upp starholkar, d\u00e5 hj\u00e4lper stararna dig att h\u00e5lla gr\u00e4smattan fri fr\u00e5n tr\u00e4dg\u00e5rdsborrar","robots":{"index":"index","follow":"follow","max-snippet":"max-snippet:-1","max-image-preview":"max-image-preview:large","max-video-preview":"max-video-preview:-1"},"canonical":"https:\/\/greentools.dk\/sv\/produkt\/staerekasser-3-stk-hulforstaerkning\/","og_locale":"sv_SE","og_type":"article","og_title":"Starholkar med h\u00e5lf\u00f6rst\u00e4rkning","og_description":"Solida starholkar med h\u00e5lf\u00f6rst\u00e4rkning. Hj\u00e4lp stararna genom att s\u00e4tta upp starholkar, d\u00e5 hj\u00e4lper stararna dig att h\u00e5lla gr\u00e4smattan fri fr\u00e5n tr\u00e4dg\u00e5rdsborrar","og_url":"https:\/\/greentools.dk\/sv\/produkt\/staerekasser-3-stk-hulforstaerkning\/","og_site_name":"Greentools","article_modified_time":"2019-11-05T19:46:17+00:00","og_image":[{"width":800,"height":800,"url":"https:\/\/greentools.dk\/wp-content\/uploads\/2017\/11\/staerekasser-3stk-forstaerk.jpg","type":"image\/jpeg"}],"twitter_card":"summary_large_image","twitter_misc":{"Ber\u00e4knad l\u00e4stid":"2 minuter"},"schema":{"@context":"https:\/\/schema.org","@graph":[{"@type":"WebPage","@id":"https:\/\/greentools.dk\/sv\/produkt\/staerekasser-3-stk-hulforstaerkning\/","url":"https:\/\/greentools.dk\/sv\/produkt\/staerekasser-3-stk-hulforstaerkning\/","name":"Starholkar med h\u00e5lf\u00f6rst\u00e4rkning","isPartOf":{"@id":"https:\/\/greentools.dk\/sv\/#website"},"primaryImageOfPage":{"@id":"https:\/\/greentools.dk\/sv\/produkt\/staerekasser-3-stk-hulforstaerkning\/#primaryimage"},"image":{"@id":"https:\/\/greentools.dk\/sv\/produkt\/staerekasser-3-stk-hulforstaerkning\/#primaryimage"},"thumbnailUrl":"https:\/\/greentools.dk\/wp-content\/uploads\/2017\/11\/staerekasser-3stk-forstaerk.jpg","datePublished":"2017-11-01T19:36:42+00:00","dateModified":"2019-11-05T19:46:17+00:00","description":"Solida starholkar med h\u00e5lf\u00f6rst\u00e4rkning. Hj\u00e4lp stararna genom att s\u00e4tta upp starholkar, d\u00e5 hj\u00e4lper stararna dig att h\u00e5lla gr\u00e4smattan fri fr\u00e5n tr\u00e4dg\u00e5rdsborrar","breadcrumb":{"@id":"https:\/\/greentools.dk\/sv\/produkt\/staerekasser-3-stk-hulforstaerkning\/#breadcrumb"},"inLanguage":"sv-SE","potentialAction":[{"@type":"ReadAction","target":["https:\/\/greentools.dk\/sv\/produkt\/staerekasser-3-stk-hulforstaerkning\/"]}]},{"@type":"ImageObject","inLanguage":"sv-SE","@id":"https:\/\/greentools.dk\/sv\/produkt\/staerekasser-3-stk-hulforstaerkning\/#primaryimage","url":"https:\/\/greentools.dk\/wp-content\/uploads\/2017\/11\/staerekasser-3stk-forstaerk.jpg","contentUrl":"https:\/\/greentools.dk\/wp-content\/uploads\/2017\/11\/staerekasser-3stk-forstaerk.jpg","width":800,"height":800,"caption":"St\u00e6rekasser 3 stk med hulforst\u00e6rkning"},{"@type":"BreadcrumbList","@id":"https:\/\/greentools.dk\/sv\/produkt\/staerekasser-3-stk-hulforstaerkning\/#breadcrumb","itemListElement":[{"@type":"ListItem","position":1,"name":"Hjem","item":"https:\/\/greentools.dk\/sv\/"},{"@type":"ListItem","position":2,"name":"Varusortiment","item":"https:\/\/greentools.dk\/sv\/produkter\/"},{"@type":"ListItem","position":3,"name":"Starholkar 3 st. med h\u00e5lf\u00f6rst\u00e4rkning"}]},{"@type":"WebSite","@id":"https:\/\/greentools.dk\/sv\/#website","url":"https:\/\/greentools.dk\/sv\/","name":"Greentools","description":"Dansk Kvalitets - Fuglekasser - Foderhuse - Felco Besk\u00e6rersakse","potentialAction":[{"@type":"SearchAction","target":{"@type":"EntryPoint","urlTemplate":"https:\/\/greentools.dk\/sv\/?s={search_term_string}"},"query-input":{"@type":"PropertyValueSpecification","valueRequired":true,"valueName":"search_term_string"}}],"inLanguage":"sv-SE"}]}},"_links":{"self":[{"href":"https:\/\/greentools.dk\/sv\/wp-json\/wp\/v2\/product\/40557","targetHints":{"allow":["GET"]}}],"collection":[{"href":"https:\/\/greentools.dk\/sv\/wp-json\/wp\/v2\/product"}],"about":[{"href":"https:\/\/greentools.dk\/sv\/wp-json\/wp\/v2\/types\/product"}],"wp:featuredmedia":[{"embeddable":true,"href":"https:\/\/greentools.dk\/sv\/wp-json\/wp\/v2\/media\/40554"}],"wp:attachment":[{"href":"https:\/\/greentools.dk\/sv\/wp-json\/wp\/v2\/media?parent=40557"}],"wp:term":[{"taxonomy":"product_brand","embeddable":true,"href":"https:\/\/greentools.dk\/sv\/wp-json\/wp\/v2\/product_brand?post=40557"},{"taxonomy":"product_cat","embeddable":true,"href":"https:\/\/greentools.dk\/sv\/wp-json\/wp\/v2\/product_cat?post=40557"},{"taxonomy":"product_tag","embeddable":true,"href":"https:\/\/greentools.dk\/sv\/wp-json\/wp\/v2\/product_tag?post=40557"}],"curies":[{"name":"wp","href":"https:\/\/api.w.org\/{rel}","templated":true}]}}