{"id":40512,"date":"2017-11-01T18:33:12","date_gmt":"2017-11-01T17:33:12","guid":{"rendered":"http:\/\/better-retreats.com\/greentools\/produkter\/klinge-felco-2\/"},"modified":"2019-11-21T21:27:21","modified_gmt":"2019-11-21T20:27:21","slug":"klinge-felco-2","status":"publish","type":"product","link":"https:\/\/greentools.dk\/sv\/produkt\/klinge-felco-2\/","title":{"rendered":"sk\u00e4rblad f\u00f6r Felco 2, 4 och 11"},"content":{"rendered":"<p>sk\u00e4rblad f\u00f6r Felco 2, 4 och 11<\/p>\n","protected":false},"excerpt":{"rendered":"<p>Overklinge der passer til Felco 2, 4, og 11<\/p>\n","protected":false},"featured_media":40510,"template":"","meta":{"_acf_changed":false},"product_brand":[],"product_cat":[286],"product_tag":[],"class_list":{"0":"post-40512","1":"product","2":"type-product","3":"status-publish","4":"has-post-thumbnail","6":"product_cat-felco-reservdelar","7":"description-off","9":"first","10":"instock","11":"taxable","12":"shipping-taxable","13":"purchasable","14":"product-type-simple"},"acf":[],"yoast_head":"<!-- This site is optimized with the Yoast SEO plugin v27.4 - https:\/\/yoast.com\/product\/yoast-seo-wordpress\/ -->\n<title>sk\u00e4rblad f\u00f6r Felco 2, 4 och 11<\/title>\n<meta name=\"description\" content=\"sk\u00e4rblad f\u00f6r Felco 2, 4 och 11\" \/>\n<meta name=\"robots\" content=\"index, follow, max-snippet:-1, max-image-preview:large, max-video-preview:-1\" \/>\n<link rel=\"canonical\" href=\"https:\/\/greentools.dk\/sv\/produkt\/klinge-felco-2\/\" \/>\n<meta property=\"og:locale\" content=\"sv_SE\" \/>\n<meta property=\"og:type\" content=\"article\" \/>\n<meta property=\"og:title\" content=\"sk\u00e4rblad f\u00f6r Felco 2, 4 och 11\" \/>\n<meta property=\"og:description\" content=\"sk\u00e4rblad f\u00f6r Felco 2, 4 och 11\" \/>\n<meta property=\"og:url\" content=\"https:\/\/greentools.dk\/sv\/produkt\/klinge-felco-2\/\" \/>\n<meta property=\"og:site_name\" content=\"Greentools\" \/>\n<meta property=\"article:modified_time\" content=\"2019-11-21T20:27:21+00:00\" \/>\n<meta property=\"og:image\" content=\"https:\/\/greentools.dk\/wp-content\/uploads\/2017\/11\/Overklinge-til-Felco-2.jpg\" \/>\n\t<meta property=\"og:image:width\" content=\"1000\" \/>\n\t<meta property=\"og:image:height\" content=\"1000\" \/>\n\t<meta property=\"og:image:type\" content=\"image\/jpeg\" \/>\n<meta name=\"twitter:card\" content=\"summary_large_image\" \/>\n<script type=\"application\/ld+json\" class=\"yoast-schema-graph\">{\"@context\":\"https:\\\/\\\/schema.org\",\"@graph\":[{\"@type\":\"WebPage\",\"@id\":\"https:\\\/\\\/greentools.dk\\\/sv\\\/produkt\\\/klinge-felco-2\\\/\",\"url\":\"https:\\\/\\\/greentools.dk\\\/sv\\\/produkt\\\/klinge-felco-2\\\/\",\"name\":\"sk\u00e4rblad f\u00f6r Felco 2, 4 och 11\",\"isPartOf\":{\"@id\":\"https:\\\/\\\/greentools.dk\\\/sv\\\/#website\"},\"primaryImageOfPage\":{\"@id\":\"https:\\\/\\\/greentools.dk\\\/sv\\\/produkt\\\/klinge-felco-2\\\/#primaryimage\"},\"image\":{\"@id\":\"https:\\\/\\\/greentools.dk\\\/sv\\\/produkt\\\/klinge-felco-2\\\/#primaryimage\"},\"thumbnailUrl\":\"https:\\\/\\\/greentools.dk\\\/wp-content\\\/uploads\\\/2017\\\/11\\\/Overklinge-til-Felco-2.jpg\",\"datePublished\":\"2017-11-01T17:33:12+00:00\",\"dateModified\":\"2019-11-21T20:27:21+00:00\",\"description\":\"sk\u00e4rblad f\u00f6r Felco 2, 4 och 11\",\"breadcrumb\":{\"@id\":\"https:\\\/\\\/greentools.dk\\\/sv\\\/produkt\\\/klinge-felco-2\\\/#breadcrumb\"},\"inLanguage\":\"sv-SE\",\"potentialAction\":[{\"@type\":\"ReadAction\",\"target\":[\"https:\\\/\\\/greentools.dk\\\/sv\\\/produkt\\\/klinge-felco-2\\\/\"]}]},{\"@type\":\"ImageObject\",\"inLanguage\":\"sv-SE\",\"@id\":\"https:\\\/\\\/greentools.dk\\\/sv\\\/produkt\\\/klinge-felco-2\\\/#primaryimage\",\"url\":\"https:\\\/\\\/greentools.dk\\\/wp-content\\\/uploads\\\/2017\\\/11\\\/Overklinge-til-Felco-2.jpg\",\"contentUrl\":\"https:\\\/\\\/greentools.dk\\\/wp-content\\\/uploads\\\/2017\\\/11\\\/Overklinge-til-Felco-2.jpg\",\"width\":1000,\"height\":1000,\"caption\":\"Overklinge til felco 2 besk\u00e6rersaks\"},{\"@type\":\"BreadcrumbList\",\"@id\":\"https:\\\/\\\/greentools.dk\\\/sv\\\/produkt\\\/klinge-felco-2\\\/#breadcrumb\",\"itemListElement\":[{\"@type\":\"ListItem\",\"position\":1,\"name\":\"Hjem\",\"item\":\"https:\\\/\\\/greentools.dk\\\/sv\\\/\"},{\"@type\":\"ListItem\",\"position\":2,\"name\":\"Varusortiment\",\"item\":\"https:\\\/\\\/greentools.dk\\\/sv\\\/produkter\\\/\"},{\"@type\":\"ListItem\",\"position\":3,\"name\":\"sk\u00e4rblad f\u00f6r Felco 2, 4 och 11\"}]},{\"@type\":\"WebSite\",\"@id\":\"https:\\\/\\\/greentools.dk\\\/sv\\\/#website\",\"url\":\"https:\\\/\\\/greentools.dk\\\/sv\\\/\",\"name\":\"Greentools\",\"description\":\"Dansk Kvalitets - Fuglekasser - Foderhuse - Felco Besk\u00e6rersakse\",\"potentialAction\":[{\"@type\":\"SearchAction\",\"target\":{\"@type\":\"EntryPoint\",\"urlTemplate\":\"https:\\\/\\\/greentools.dk\\\/sv\\\/?s={search_term_string}\"},\"query-input\":{\"@type\":\"PropertyValueSpecification\",\"valueRequired\":true,\"valueName\":\"search_term_string\"}}],\"inLanguage\":\"sv-SE\"}]}<\/script>\n<!-- \/ Yoast SEO plugin. -->","yoast_head_json":{"title":"sk\u00e4rblad f\u00f6r Felco 2, 4 och 11","description":"sk\u00e4rblad f\u00f6r Felco 2, 4 och 11","robots":{"index":"index","follow":"follow","max-snippet":"max-snippet:-1","max-image-preview":"max-image-preview:large","max-video-preview":"max-video-preview:-1"},"canonical":"https:\/\/greentools.dk\/sv\/produkt\/klinge-felco-2\/","og_locale":"sv_SE","og_type":"article","og_title":"sk\u00e4rblad f\u00f6r Felco 2, 4 och 11","og_description":"sk\u00e4rblad f\u00f6r Felco 2, 4 och 11","og_url":"https:\/\/greentools.dk\/sv\/produkt\/klinge-felco-2\/","og_site_name":"Greentools","article_modified_time":"2019-11-21T20:27:21+00:00","og_image":[{"width":1000,"height":1000,"url":"https:\/\/greentools.dk\/wp-content\/uploads\/2017\/11\/Overklinge-til-Felco-2.jpg","type":"image\/jpeg"}],"twitter_card":"summary_large_image","schema":{"@context":"https:\/\/schema.org","@graph":[{"@type":"WebPage","@id":"https:\/\/greentools.dk\/sv\/produkt\/klinge-felco-2\/","url":"https:\/\/greentools.dk\/sv\/produkt\/klinge-felco-2\/","name":"sk\u00e4rblad f\u00f6r Felco 2, 4 och 11","isPartOf":{"@id":"https:\/\/greentools.dk\/sv\/#website"},"primaryImageOfPage":{"@id":"https:\/\/greentools.dk\/sv\/produkt\/klinge-felco-2\/#primaryimage"},"image":{"@id":"https:\/\/greentools.dk\/sv\/produkt\/klinge-felco-2\/#primaryimage"},"thumbnailUrl":"https:\/\/greentools.dk\/wp-content\/uploads\/2017\/11\/Overklinge-til-Felco-2.jpg","datePublished":"2017-11-01T17:33:12+00:00","dateModified":"2019-11-21T20:27:21+00:00","description":"sk\u00e4rblad f\u00f6r Felco 2, 4 och 11","breadcrumb":{"@id":"https:\/\/greentools.dk\/sv\/produkt\/klinge-felco-2\/#breadcrumb"},"inLanguage":"sv-SE","potentialAction":[{"@type":"ReadAction","target":["https:\/\/greentools.dk\/sv\/produkt\/klinge-felco-2\/"]}]},{"@type":"ImageObject","inLanguage":"sv-SE","@id":"https:\/\/greentools.dk\/sv\/produkt\/klinge-felco-2\/#primaryimage","url":"https:\/\/greentools.dk\/wp-content\/uploads\/2017\/11\/Overklinge-til-Felco-2.jpg","contentUrl":"https:\/\/greentools.dk\/wp-content\/uploads\/2017\/11\/Overklinge-til-Felco-2.jpg","width":1000,"height":1000,"caption":"Overklinge til felco 2 besk\u00e6rersaks"},{"@type":"BreadcrumbList","@id":"https:\/\/greentools.dk\/sv\/produkt\/klinge-felco-2\/#breadcrumb","itemListElement":[{"@type":"ListItem","position":1,"name":"Hjem","item":"https:\/\/greentools.dk\/sv\/"},{"@type":"ListItem","position":2,"name":"Varusortiment","item":"https:\/\/greentools.dk\/sv\/produkter\/"},{"@type":"ListItem","position":3,"name":"sk\u00e4rblad f\u00f6r Felco 2, 4 och 11"}]},{"@type":"WebSite","@id":"https:\/\/greentools.dk\/sv\/#website","url":"https:\/\/greentools.dk\/sv\/","name":"Greentools","description":"Dansk Kvalitets - Fuglekasser - Foderhuse - Felco Besk\u00e6rersakse","potentialAction":[{"@type":"SearchAction","target":{"@type":"EntryPoint","urlTemplate":"https:\/\/greentools.dk\/sv\/?s={search_term_string}"},"query-input":{"@type":"PropertyValueSpecification","valueRequired":true,"valueName":"search_term_string"}}],"inLanguage":"sv-SE"}]}},"_links":{"self":[{"href":"https:\/\/greentools.dk\/sv\/wp-json\/wp\/v2\/product\/40512","targetHints":{"allow":["GET"]}}],"collection":[{"href":"https:\/\/greentools.dk\/sv\/wp-json\/wp\/v2\/product"}],"about":[{"href":"https:\/\/greentools.dk\/sv\/wp-json\/wp\/v2\/types\/product"}],"wp:featuredmedia":[{"embeddable":true,"href":"https:\/\/greentools.dk\/sv\/wp-json\/wp\/v2\/media\/40510"}],"wp:attachment":[{"href":"https:\/\/greentools.dk\/sv\/wp-json\/wp\/v2\/media?parent=40512"}],"wp:term":[{"taxonomy":"product_brand","embeddable":true,"href":"https:\/\/greentools.dk\/sv\/wp-json\/wp\/v2\/product_brand?post=40512"},{"taxonomy":"product_cat","embeddable":true,"href":"https:\/\/greentools.dk\/sv\/wp-json\/wp\/v2\/product_cat?post=40512"},{"taxonomy":"product_tag","embeddable":true,"href":"https:\/\/greentools.dk\/sv\/wp-json\/wp\/v2\/product_tag?post=40512"}],"curies":[{"name":"wp","href":"https:\/\/api.w.org\/{rel}","templated":true}]}}