{"id":40504,"date":"2017-11-01T17:54:59","date_gmt":"2017-11-01T16:54:59","guid":{"rendered":"http:\/\/better-retreats.com\/greentools\/produkter\/felco-990-syntetisk-fedt\/"},"modified":"2019-08-02T11:19:01","modified_gmt":"2019-08-02T09:19:01","slug":"felco-990-syntetisk-fedt","status":"publish","type":"product","link":"https:\/\/greentools.dk\/sv\/produkt\/felco-990-syntetisk-fedt\/","title":{"rendered":"Felco 990 syntetisk fedt"},"content":{"rendered":"<p>Felco 990 er en syntetisk biologisk nedbrydelig fedt, udviklet med henblik p\u00e5 at optimerer ydelsen og holdbarheden af Felco besk\u00e6resakse og Felco grensakse. Den syntetiske fedt er vandafvisende og neds\u00e6ttet slitage og friktion p\u00e5 alle bev\u00e6gelige dele.\u00a0 Vedligehold dine\u00a0Felco besk\u00e6resakse\u00a0og\u00a0Felco grensakse\u00a0med Felco 990 fedt.<\/p>\n","protected":false},"excerpt":{"rendered":"<p>Original Felco special fedt til vedligeholdelse af besk\u00e6resakse<\/p>\n","protected":false},"featured_media":40502,"template":"","meta":{"_acf_changed":false},"product_brand":[],"product_cat":[287],"product_tag":[],"class_list":{"0":"post-40504","1":"product","2":"type-product","3":"status-publish","4":"has-post-thumbnail","6":"product_cat-felco-tillbehor","7":"description-off","9":"first","10":"instock","11":"taxable","12":"shipping-taxable","13":"purchasable","14":"product-type-simple"},"acf":[],"yoast_head":"<!-- This site is optimized with the Yoast SEO plugin v27.3 - https:\/\/yoast.com\/product\/yoast-seo-wordpress\/ -->\n<title>Felco 990 syntetisk fedt holder dit Felco v\u00e6rkt\u00f8j smurt bestil nu!<\/title>\n<meta name=\"description\" content=\"Biologisk nedbrydelig syntetisk fedt til vedligeholdelse af Felco besk\u00e6rev\u00e6rkt\u00f8j! Felco 990 special fedt til besk\u00e6resaksen - f\u00e5 den leveret med posten nu!\" \/>\n<meta name=\"robots\" content=\"index, follow, max-snippet:-1, max-image-preview:large, max-video-preview:-1\" \/>\n<link rel=\"canonical\" href=\"https:\/\/greentools.dk\/sv\/produkt\/felco-990-syntetisk-fedt\/\" \/>\n<meta property=\"og:locale\" content=\"sv_SE\" \/>\n<meta property=\"og:type\" content=\"article\" \/>\n<meta property=\"og:title\" content=\"Felco 990 syntetisk fedt holder dit Felco v\u00e6rkt\u00f8j smurt bestil nu!\" \/>\n<meta property=\"og:description\" content=\"Biologisk nedbrydelig syntetisk fedt til vedligeholdelse af Felco besk\u00e6rev\u00e6rkt\u00f8j! Felco 990 special fedt til besk\u00e6resaksen - f\u00e5 den leveret med posten nu!\" \/>\n<meta property=\"og:url\" content=\"https:\/\/greentools.dk\/sv\/produkt\/felco-990-syntetisk-fedt\/\" \/>\n<meta property=\"og:site_name\" content=\"Greentools\" \/>\n<meta property=\"article:modified_time\" content=\"2019-08-02T09:19:01+00:00\" \/>\n<meta property=\"og:image\" content=\"https:\/\/greentools.dk\/wp-content\/uploads\/2017\/11\/Felco-990-fedt.jpg\" \/>\n\t<meta property=\"og:image:width\" content=\"400\" \/>\n\t<meta property=\"og:image:height\" content=\"400\" \/>\n\t<meta property=\"og:image:type\" content=\"image\/jpeg\" \/>\n<meta name=\"twitter:card\" content=\"summary_large_image\" \/>\n<script type=\"application\/ld+json\" class=\"yoast-schema-graph\">{\"@context\":\"https:\\\/\\\/schema.org\",\"@graph\":[{\"@type\":\"WebPage\",\"@id\":\"https:\\\/\\\/greentools.dk\\\/sv\\\/produkt\\\/felco-990-syntetisk-fedt\\\/\",\"url\":\"https:\\\/\\\/greentools.dk\\\/sv\\\/produkt\\\/felco-990-syntetisk-fedt\\\/\",\"name\":\"Felco 990 syntetisk fedt holder dit Felco v\u00e6rkt\u00f8j smurt bestil nu!\",\"isPartOf\":{\"@id\":\"https:\\\/\\\/greentools.dk\\\/sv\\\/#website\"},\"primaryImageOfPage\":{\"@id\":\"https:\\\/\\\/greentools.dk\\\/sv\\\/produkt\\\/felco-990-syntetisk-fedt\\\/#primaryimage\"},\"image\":{\"@id\":\"https:\\\/\\\/greentools.dk\\\/sv\\\/produkt\\\/felco-990-syntetisk-fedt\\\/#primaryimage\"},\"thumbnailUrl\":\"https:\\\/\\\/greentools.dk\\\/wp-content\\\/uploads\\\/2017\\\/11\\\/Felco-990-fedt.jpg\",\"datePublished\":\"2017-11-01T16:54:59+00:00\",\"dateModified\":\"2019-08-02T09:19:01+00:00\",\"description\":\"Biologisk nedbrydelig syntetisk fedt til vedligeholdelse af Felco besk\u00e6rev\u00e6rkt\u00f8j! Felco 990 special fedt til besk\u00e6resaksen - f\u00e5 den leveret med posten nu!\",\"breadcrumb\":{\"@id\":\"https:\\\/\\\/greentools.dk\\\/sv\\\/produkt\\\/felco-990-syntetisk-fedt\\\/#breadcrumb\"},\"inLanguage\":\"sv-SE\",\"potentialAction\":[{\"@type\":\"ReadAction\",\"target\":[\"https:\\\/\\\/greentools.dk\\\/sv\\\/produkt\\\/felco-990-syntetisk-fedt\\\/\"]}]},{\"@type\":\"ImageObject\",\"inLanguage\":\"sv-SE\",\"@id\":\"https:\\\/\\\/greentools.dk\\\/sv\\\/produkt\\\/felco-990-syntetisk-fedt\\\/#primaryimage\",\"url\":\"https:\\\/\\\/greentools.dk\\\/wp-content\\\/uploads\\\/2017\\\/11\\\/Felco-990-fedt.jpg\",\"contentUrl\":\"https:\\\/\\\/greentools.dk\\\/wp-content\\\/uploads\\\/2017\\\/11\\\/Felco-990-fedt.jpg\",\"width\":400,\"height\":400,\"caption\":\"Felco 990 syntetisk fedt\"},{\"@type\":\"BreadcrumbList\",\"@id\":\"https:\\\/\\\/greentools.dk\\\/sv\\\/produkt\\\/felco-990-syntetisk-fedt\\\/#breadcrumb\",\"itemListElement\":[{\"@type\":\"ListItem\",\"position\":1,\"name\":\"Hjem\",\"item\":\"https:\\\/\\\/greentools.dk\\\/sv\\\/\"},{\"@type\":\"ListItem\",\"position\":2,\"name\":\"Varusortiment\",\"item\":\"https:\\\/\\\/greentools.dk\\\/sv\\\/produkter\\\/\"},{\"@type\":\"ListItem\",\"position\":3,\"name\":\"Felco 990 syntetisk fedt\"}]},{\"@type\":\"WebSite\",\"@id\":\"https:\\\/\\\/greentools.dk\\\/sv\\\/#website\",\"url\":\"https:\\\/\\\/greentools.dk\\\/sv\\\/\",\"name\":\"Greentools\",\"description\":\"Dansk Kvalitets - Fuglekasser - Foderhuse - Felco Besk\u00e6rersakse\",\"potentialAction\":[{\"@type\":\"SearchAction\",\"target\":{\"@type\":\"EntryPoint\",\"urlTemplate\":\"https:\\\/\\\/greentools.dk\\\/sv\\\/?s={search_term_string}\"},\"query-input\":{\"@type\":\"PropertyValueSpecification\",\"valueRequired\":true,\"valueName\":\"search_term_string\"}}],\"inLanguage\":\"sv-SE\"}]}<\/script>\n<!-- \/ Yoast SEO plugin. -->","yoast_head_json":{"title":"Felco 990 syntetisk fedt holder dit Felco v\u00e6rkt\u00f8j smurt bestil nu!","description":"Biologisk nedbrydelig syntetisk fedt til vedligeholdelse af Felco besk\u00e6rev\u00e6rkt\u00f8j! Felco 990 special fedt til besk\u00e6resaksen - f\u00e5 den leveret med posten nu!","robots":{"index":"index","follow":"follow","max-snippet":"max-snippet:-1","max-image-preview":"max-image-preview:large","max-video-preview":"max-video-preview:-1"},"canonical":"https:\/\/greentools.dk\/sv\/produkt\/felco-990-syntetisk-fedt\/","og_locale":"sv_SE","og_type":"article","og_title":"Felco 990 syntetisk fedt holder dit Felco v\u00e6rkt\u00f8j smurt bestil nu!","og_description":"Biologisk nedbrydelig syntetisk fedt til vedligeholdelse af Felco besk\u00e6rev\u00e6rkt\u00f8j! Felco 990 special fedt til besk\u00e6resaksen - f\u00e5 den leveret med posten nu!","og_url":"https:\/\/greentools.dk\/sv\/produkt\/felco-990-syntetisk-fedt\/","og_site_name":"Greentools","article_modified_time":"2019-08-02T09:19:01+00:00","og_image":[{"width":400,"height":400,"url":"https:\/\/greentools.dk\/wp-content\/uploads\/2017\/11\/Felco-990-fedt.jpg","type":"image\/jpeg"}],"twitter_card":"summary_large_image","schema":{"@context":"https:\/\/schema.org","@graph":[{"@type":"WebPage","@id":"https:\/\/greentools.dk\/sv\/produkt\/felco-990-syntetisk-fedt\/","url":"https:\/\/greentools.dk\/sv\/produkt\/felco-990-syntetisk-fedt\/","name":"Felco 990 syntetisk fedt holder dit Felco v\u00e6rkt\u00f8j smurt bestil nu!","isPartOf":{"@id":"https:\/\/greentools.dk\/sv\/#website"},"primaryImageOfPage":{"@id":"https:\/\/greentools.dk\/sv\/produkt\/felco-990-syntetisk-fedt\/#primaryimage"},"image":{"@id":"https:\/\/greentools.dk\/sv\/produkt\/felco-990-syntetisk-fedt\/#primaryimage"},"thumbnailUrl":"https:\/\/greentools.dk\/wp-content\/uploads\/2017\/11\/Felco-990-fedt.jpg","datePublished":"2017-11-01T16:54:59+00:00","dateModified":"2019-08-02T09:19:01+00:00","description":"Biologisk nedbrydelig syntetisk fedt til vedligeholdelse af Felco besk\u00e6rev\u00e6rkt\u00f8j! Felco 990 special fedt til besk\u00e6resaksen - f\u00e5 den leveret med posten nu!","breadcrumb":{"@id":"https:\/\/greentools.dk\/sv\/produkt\/felco-990-syntetisk-fedt\/#breadcrumb"},"inLanguage":"sv-SE","potentialAction":[{"@type":"ReadAction","target":["https:\/\/greentools.dk\/sv\/produkt\/felco-990-syntetisk-fedt\/"]}]},{"@type":"ImageObject","inLanguage":"sv-SE","@id":"https:\/\/greentools.dk\/sv\/produkt\/felco-990-syntetisk-fedt\/#primaryimage","url":"https:\/\/greentools.dk\/wp-content\/uploads\/2017\/11\/Felco-990-fedt.jpg","contentUrl":"https:\/\/greentools.dk\/wp-content\/uploads\/2017\/11\/Felco-990-fedt.jpg","width":400,"height":400,"caption":"Felco 990 syntetisk fedt"},{"@type":"BreadcrumbList","@id":"https:\/\/greentools.dk\/sv\/produkt\/felco-990-syntetisk-fedt\/#breadcrumb","itemListElement":[{"@type":"ListItem","position":1,"name":"Hjem","item":"https:\/\/greentools.dk\/sv\/"},{"@type":"ListItem","position":2,"name":"Varusortiment","item":"https:\/\/greentools.dk\/sv\/produkter\/"},{"@type":"ListItem","position":3,"name":"Felco 990 syntetisk fedt"}]},{"@type":"WebSite","@id":"https:\/\/greentools.dk\/sv\/#website","url":"https:\/\/greentools.dk\/sv\/","name":"Greentools","description":"Dansk Kvalitets - Fuglekasser - Foderhuse - Felco Besk\u00e6rersakse","potentialAction":[{"@type":"SearchAction","target":{"@type":"EntryPoint","urlTemplate":"https:\/\/greentools.dk\/sv\/?s={search_term_string}"},"query-input":{"@type":"PropertyValueSpecification","valueRequired":true,"valueName":"search_term_string"}}],"inLanguage":"sv-SE"}]}},"_links":{"self":[{"href":"https:\/\/greentools.dk\/sv\/wp-json\/wp\/v2\/product\/40504","targetHints":{"allow":["GET"]}}],"collection":[{"href":"https:\/\/greentools.dk\/sv\/wp-json\/wp\/v2\/product"}],"about":[{"href":"https:\/\/greentools.dk\/sv\/wp-json\/wp\/v2\/types\/product"}],"wp:featuredmedia":[{"embeddable":true,"href":"https:\/\/greentools.dk\/sv\/wp-json\/wp\/v2\/media\/40502"}],"wp:attachment":[{"href":"https:\/\/greentools.dk\/sv\/wp-json\/wp\/v2\/media?parent=40504"}],"wp:term":[{"taxonomy":"product_brand","embeddable":true,"href":"https:\/\/greentools.dk\/sv\/wp-json\/wp\/v2\/product_brand?post=40504"},{"taxonomy":"product_cat","embeddable":true,"href":"https:\/\/greentools.dk\/sv\/wp-json\/wp\/v2\/product_cat?post=40504"},{"taxonomy":"product_tag","embeddable":true,"href":"https:\/\/greentools.dk\/sv\/wp-json\/wp\/v2\/product_tag?post=40504"}],"curies":[{"name":"wp","href":"https:\/\/api.w.org\/{rel}","templated":true}]}}