{"id":39943,"date":"2017-10-16T13:08:46","date_gmt":"2017-10-16T11:08:46","guid":{"rendered":"http:\/\/better-retreats.com\/greentools\/produkter\/redekasser-3-stk\/"},"modified":"2019-11-05T20:37:09","modified_gmt":"2019-11-05T19:37:09","slug":"redekasser-3-stk","status":"publish","type":"product","link":"https:\/\/greentools.dk\/sv\/produkt\/redekasser-3-stk\/","title":{"rendered":"Sm\u00e5f\u00e5gelholkar 3 st. V\u00e4lj mellan 3 h\u00e5lstorlekar"},"content":{"rendered":"<p>Du kan v\u00e4lja mellan h\u00e5lstorlekar p\u00e5 28mm, 32mm eller 35mm. Holken med ett h\u00e5l p\u00e5 28mm H\u00e5lets storlek l\u00e4mpar sig b\u00e4st f\u00f6r mindre mesar som Bl\u00e5mes, Svartmes, Tofsmes och Entita. Holken med ett h\u00e5l p\u00e5 32mm l\u00e4mpar sig b\u00e4st f\u00f6r Talgoxe, N\u00f6tv\u00e4cka, Svartvit flugsnappare, Pilfink och R\u00f6dstj\u00e4rt. Holken med ett h\u00e5l p\u00e5 35mm l\u00e4mpar sig b\u00e4st f\u00f6r Gr\u00e5sparv.<\/p>\n<p>V\u00e5ra f\u00e5gelholkar tillverkas i Danmark och vi anv\u00e4nder uteslutande danskt l\u00e4rktr\u00e4 och Douglasgran fr\u00e5n livskraftigt skogsbruk i v\u00e5r produktion. L\u00e4rktr\u00e4 och Douglasgran \u00e4r b\u00e5da kvalitetsmaterial som \u00e4r sj\u00e4lvimpregnerande pga. deras naturliga inneh\u00e5ll av k\u00e5da och harts och d\u00e4rf\u00f6r l\u00e4mpar de sig ypperligt vid tillverkning av f\u00e5gelholkar. Av samma orsak \u00e4r det inte heller n\u00f6dv\u00e4ndigt att ytbehandla holkarna, vilket v\u00e4rdes\u00e4tts av b\u00e5de f\u00e5glar och milj\u00f6. Den inbyggda dr\u00e4neringen, en tillr\u00e4cklig ventilation och den fina ruggade ytan ger f\u00e5glarna ett torrt, lagom varmt bo med ett passande klimat b\u00e5de sommar och vinter. Alla v\u00e5ra f\u00e5gelholkar monteras med rostfria st\u00e5lskruvar, som i kombination med tr\u00e4slagen s\u00e4krar l\u00e4ngsta m\u00f6jliga h\u00e5llbarhet. I h\u00e4ndelse av slagregn direkt mot ing\u00e5ngsh\u00e5let s\u00e5 har f\u00e5gelholken ett dr\u00e4n i botten s\u00e5 att det aldrig kan bildas vattenansamling i holken.<\/p>\n<p>F\u00e5gelholken kan monteras upp p\u00e5 en gavel, ett plank eller p\u00e5 levande tr\u00e4d\/buskar.<\/p>\n<p>Det \u00e4r viktigt att rensa Sparvholkarna n\u00e4r h\u00e4ckningss\u00e4songen \u00e4r slut, eftersom sm\u00e5f\u00e5glarna sj\u00e4lva inte rensar ut i Sparvholken. Om en Sparvholk f\u00f6r sm\u00e5f\u00e5glar inte rensas kommer redens material att hopa sig och sj\u00e4lva redet kommer n\u00e4rmare och n\u00e4rmare inflygningsh\u00e5let. I slut\u00e4ndan leder detta till att rovdjur l\u00e4ttare kan plundra redet.<\/p>\n<p>\u00c4ven om vintern \u00e4r det viktigt att det finns uppsatta f\u00e5gelholkar eftersom m\u00e5nga f\u00e5glar \u00f6vernattar tillsammans i f\u00e5gelholkarna om vintern. H\u00e4r f\u00e5r de vara i fred f\u00f6r rovdjur och kan samtidigt v\u00e4rma varandra. N\u00e4r du s\u00e4tter upp f\u00e5gelholkar i din tr\u00e4dg\u00e5rd \u00e4r det viktigt att \u00e4ven se till att f\u00e5glarna har n\u00e5got att \u00e4ta. Se v\u00e5ra fina f\u00e5gelbord som passar bra tillsammans med f\u00e5gelholkarna.<\/p>\n<p>Utv\u00e4ndiga M\u00e5tt: H\u00f6jd: 30cm, Bredd:14,5cm, Djup: 15cm<br \/>\nBottens inv\u00e4ndiga m\u00e5tt: 10,5cm x 10.5cm<br \/>\nAvst\u00e5nd fr\u00e5n h\u00e5lets underkant till botten: 19cm<\/p>\n","protected":false},"excerpt":{"rendered":"<p>Sm\u00e5f\u00e5gelholkar till mesar, sparvar och andra sm\u00e5f\u00e5glar.<\/p>\n<p>&nbsp;<\/p>\n","protected":false},"featured_media":39940,"template":"","meta":{"_acf_changed":false},"product_brand":[],"product_cat":[222,520],"product_tag":[],"class_list":{"0":"post-39943","1":"product","2":"type-product","3":"status-publish","4":"has-post-thumbnail","6":"product_cat-faagelholkar","7":"product_cat-redekasser-til-fugle-sv","8":"description-off","10":"first","11":"instock","12":"sale","13":"taxable","14":"shipping-taxable","15":"purchasable","16":"product-type-variable"},"acf":[],"yoast_head":"<!-- This site is optimized with the Yoast SEO plugin v27.4 - https:\/\/yoast.com\/product\/yoast-seo-wordpress\/ -->\n<title>Sm\u00e5f\u00e5gelholkar av l\u00e4rktr\u00e4 i uts\u00f6kt kvalitet<\/title>\n<meta name=\"description\" content=\"Sm\u00e5f\u00e5gelholkar \u2013 till alla typer av h\u00e5lh\u00e4ckande sm\u00e5f\u00e5glar, tillverkade av danskt l\u00e4rktr\u00e4. Ge f\u00e5glarna i din tr\u00e4dg\u00e5rd riktigt bra sm\u00e5f\u00e5gelholkar.\" \/>\n<meta name=\"robots\" content=\"noindex, follow\" \/>\n<meta property=\"og:locale\" content=\"sv_SE\" \/>\n<meta property=\"og:type\" content=\"article\" \/>\n<meta property=\"og:title\" content=\"Sm\u00e5f\u00e5gelholkar av l\u00e4rktr\u00e4 i uts\u00f6kt kvalitet\" \/>\n<meta property=\"og:description\" content=\"Sm\u00e5f\u00e5gelholkar \u2013 till alla typer av h\u00e5lh\u00e4ckande sm\u00e5f\u00e5glar, tillverkade av danskt l\u00e4rktr\u00e4. Ge f\u00e5glarna i din tr\u00e4dg\u00e5rd riktigt bra sm\u00e5f\u00e5gelholkar.\" \/>\n<meta property=\"og:url\" content=\"https:\/\/greentools.dk\/sv\/produkt\/redekasser-3-stk\/\" \/>\n<meta property=\"og:site_name\" content=\"Greentools\" \/>\n<meta property=\"article:modified_time\" content=\"2019-11-05T19:37:09+00:00\" \/>\n<meta property=\"og:image\" content=\"https:\/\/greentools.dk\/wp-content\/uploads\/2017\/10\/redekasser-3stk.jpg\" \/>\n\t<meta property=\"og:image:width\" content=\"800\" \/>\n\t<meta property=\"og:image:height\" content=\"800\" \/>\n\t<meta property=\"og:image:type\" content=\"image\/jpeg\" \/>\n<meta name=\"twitter:card\" content=\"summary_large_image\" \/>\n<meta name=\"twitter:label1\" content=\"Ber\u00e4knad l\u00e4stid\" \/>\n\t<meta name=\"twitter:data1\" content=\"2 minuter\" \/>\n<script type=\"application\/ld+json\" class=\"yoast-schema-graph\">{\"@context\":\"https:\\\/\\\/schema.org\",\"@graph\":[{\"@type\":\"WebPage\",\"@id\":\"https:\\\/\\\/greentools.dk\\\/sv\\\/produkt\\\/redekasser-3-stk\\\/\",\"url\":\"https:\\\/\\\/greentools.dk\\\/sv\\\/produkt\\\/redekasser-3-stk\\\/\",\"name\":\"Sm\u00e5f\u00e5gelholkar av l\u00e4rktr\u00e4 i uts\u00f6kt kvalitet\",\"isPartOf\":{\"@id\":\"https:\\\/\\\/greentools.dk\\\/sv\\\/#website\"},\"primaryImageOfPage\":{\"@id\":\"https:\\\/\\\/greentools.dk\\\/sv\\\/produkt\\\/redekasser-3-stk\\\/#primaryimage\"},\"image\":{\"@id\":\"https:\\\/\\\/greentools.dk\\\/sv\\\/produkt\\\/redekasser-3-stk\\\/#primaryimage\"},\"thumbnailUrl\":\"https:\\\/\\\/greentools.dk\\\/wp-content\\\/uploads\\\/2017\\\/10\\\/redekasser-3stk.jpg\",\"datePublished\":\"2017-10-16T11:08:46+00:00\",\"dateModified\":\"2019-11-05T19:37:09+00:00\",\"description\":\"Sm\u00e5f\u00e5gelholkar \u2013 till alla typer av h\u00e5lh\u00e4ckande sm\u00e5f\u00e5glar, tillverkade av danskt l\u00e4rktr\u00e4. Ge f\u00e5glarna i din tr\u00e4dg\u00e5rd riktigt bra sm\u00e5f\u00e5gelholkar.\",\"breadcrumb\":{\"@id\":\"https:\\\/\\\/greentools.dk\\\/sv\\\/produkt\\\/redekasser-3-stk\\\/#breadcrumb\"},\"inLanguage\":\"sv-SE\",\"potentialAction\":[{\"@type\":\"ReadAction\",\"target\":[\"https:\\\/\\\/greentools.dk\\\/sv\\\/produkt\\\/redekasser-3-stk\\\/\"]}]},{\"@type\":\"ImageObject\",\"inLanguage\":\"sv-SE\",\"@id\":\"https:\\\/\\\/greentools.dk\\\/sv\\\/produkt\\\/redekasser-3-stk\\\/#primaryimage\",\"url\":\"https:\\\/\\\/greentools.dk\\\/wp-content\\\/uploads\\\/2017\\\/10\\\/redekasser-3stk.jpg\",\"contentUrl\":\"https:\\\/\\\/greentools.dk\\\/wp-content\\\/uploads\\\/2017\\\/10\\\/redekasser-3stk.jpg\",\"width\":800,\"height\":800,\"caption\":\"3 redekasser\"},{\"@type\":\"BreadcrumbList\",\"@id\":\"https:\\\/\\\/greentools.dk\\\/sv\\\/produkt\\\/redekasser-3-stk\\\/#breadcrumb\",\"itemListElement\":[{\"@type\":\"ListItem\",\"position\":1,\"name\":\"Hjem\",\"item\":\"https:\\\/\\\/greentools.dk\\\/sv\\\/\"},{\"@type\":\"ListItem\",\"position\":2,\"name\":\"Varusortiment\",\"item\":\"https:\\\/\\\/greentools.dk\\\/sv\\\/produkter\\\/\"},{\"@type\":\"ListItem\",\"position\":3,\"name\":\"Sm\u00e5f\u00e5gelholkar 3 st. V\u00e4lj mellan 3 h\u00e5lstorlekar\"}]},{\"@type\":\"WebSite\",\"@id\":\"https:\\\/\\\/greentools.dk\\\/sv\\\/#website\",\"url\":\"https:\\\/\\\/greentools.dk\\\/sv\\\/\",\"name\":\"Greentools\",\"description\":\"Dansk Kvalitets - Fuglekasser - Foderhuse - Felco Besk\u00e6rersakse\",\"potentialAction\":[{\"@type\":\"SearchAction\",\"target\":{\"@type\":\"EntryPoint\",\"urlTemplate\":\"https:\\\/\\\/greentools.dk\\\/sv\\\/?s={search_term_string}\"},\"query-input\":{\"@type\":\"PropertyValueSpecification\",\"valueRequired\":true,\"valueName\":\"search_term_string\"}}],\"inLanguage\":\"sv-SE\"}]}<\/script>\n<!-- \/ Yoast SEO plugin. -->","yoast_head_json":{"title":"Sm\u00e5f\u00e5gelholkar av l\u00e4rktr\u00e4 i uts\u00f6kt kvalitet","description":"Sm\u00e5f\u00e5gelholkar \u2013 till alla typer av h\u00e5lh\u00e4ckande sm\u00e5f\u00e5glar, tillverkade av danskt l\u00e4rktr\u00e4. Ge f\u00e5glarna i din tr\u00e4dg\u00e5rd riktigt bra sm\u00e5f\u00e5gelholkar.","robots":{"index":"noindex","follow":"follow"},"og_locale":"sv_SE","og_type":"article","og_title":"Sm\u00e5f\u00e5gelholkar av l\u00e4rktr\u00e4 i uts\u00f6kt kvalitet","og_description":"Sm\u00e5f\u00e5gelholkar \u2013 till alla typer av h\u00e5lh\u00e4ckande sm\u00e5f\u00e5glar, tillverkade av danskt l\u00e4rktr\u00e4. Ge f\u00e5glarna i din tr\u00e4dg\u00e5rd riktigt bra sm\u00e5f\u00e5gelholkar.","og_url":"https:\/\/greentools.dk\/sv\/produkt\/redekasser-3-stk\/","og_site_name":"Greentools","article_modified_time":"2019-11-05T19:37:09+00:00","og_image":[{"width":800,"height":800,"url":"https:\/\/greentools.dk\/wp-content\/uploads\/2017\/10\/redekasser-3stk.jpg","type":"image\/jpeg"}],"twitter_card":"summary_large_image","twitter_misc":{"Ber\u00e4knad l\u00e4stid":"2 minuter"},"schema":{"@context":"https:\/\/schema.org","@graph":[{"@type":"WebPage","@id":"https:\/\/greentools.dk\/sv\/produkt\/redekasser-3-stk\/","url":"https:\/\/greentools.dk\/sv\/produkt\/redekasser-3-stk\/","name":"Sm\u00e5f\u00e5gelholkar av l\u00e4rktr\u00e4 i uts\u00f6kt kvalitet","isPartOf":{"@id":"https:\/\/greentools.dk\/sv\/#website"},"primaryImageOfPage":{"@id":"https:\/\/greentools.dk\/sv\/produkt\/redekasser-3-stk\/#primaryimage"},"image":{"@id":"https:\/\/greentools.dk\/sv\/produkt\/redekasser-3-stk\/#primaryimage"},"thumbnailUrl":"https:\/\/greentools.dk\/wp-content\/uploads\/2017\/10\/redekasser-3stk.jpg","datePublished":"2017-10-16T11:08:46+00:00","dateModified":"2019-11-05T19:37:09+00:00","description":"Sm\u00e5f\u00e5gelholkar \u2013 till alla typer av h\u00e5lh\u00e4ckande sm\u00e5f\u00e5glar, tillverkade av danskt l\u00e4rktr\u00e4. Ge f\u00e5glarna i din tr\u00e4dg\u00e5rd riktigt bra sm\u00e5f\u00e5gelholkar.","breadcrumb":{"@id":"https:\/\/greentools.dk\/sv\/produkt\/redekasser-3-stk\/#breadcrumb"},"inLanguage":"sv-SE","potentialAction":[{"@type":"ReadAction","target":["https:\/\/greentools.dk\/sv\/produkt\/redekasser-3-stk\/"]}]},{"@type":"ImageObject","inLanguage":"sv-SE","@id":"https:\/\/greentools.dk\/sv\/produkt\/redekasser-3-stk\/#primaryimage","url":"https:\/\/greentools.dk\/wp-content\/uploads\/2017\/10\/redekasser-3stk.jpg","contentUrl":"https:\/\/greentools.dk\/wp-content\/uploads\/2017\/10\/redekasser-3stk.jpg","width":800,"height":800,"caption":"3 redekasser"},{"@type":"BreadcrumbList","@id":"https:\/\/greentools.dk\/sv\/produkt\/redekasser-3-stk\/#breadcrumb","itemListElement":[{"@type":"ListItem","position":1,"name":"Hjem","item":"https:\/\/greentools.dk\/sv\/"},{"@type":"ListItem","position":2,"name":"Varusortiment","item":"https:\/\/greentools.dk\/sv\/produkter\/"},{"@type":"ListItem","position":3,"name":"Sm\u00e5f\u00e5gelholkar 3 st. V\u00e4lj mellan 3 h\u00e5lstorlekar"}]},{"@type":"WebSite","@id":"https:\/\/greentools.dk\/sv\/#website","url":"https:\/\/greentools.dk\/sv\/","name":"Greentools","description":"Dansk Kvalitets - Fuglekasser - Foderhuse - Felco Besk\u00e6rersakse","potentialAction":[{"@type":"SearchAction","target":{"@type":"EntryPoint","urlTemplate":"https:\/\/greentools.dk\/sv\/?s={search_term_string}"},"query-input":{"@type":"PropertyValueSpecification","valueRequired":true,"valueName":"search_term_string"}}],"inLanguage":"sv-SE"}]}},"_links":{"self":[{"href":"https:\/\/greentools.dk\/sv\/wp-json\/wp\/v2\/product\/39943","targetHints":{"allow":["GET"]}}],"collection":[{"href":"https:\/\/greentools.dk\/sv\/wp-json\/wp\/v2\/product"}],"about":[{"href":"https:\/\/greentools.dk\/sv\/wp-json\/wp\/v2\/types\/product"}],"wp:featuredmedia":[{"embeddable":true,"href":"https:\/\/greentools.dk\/sv\/wp-json\/wp\/v2\/media\/39940"}],"wp:attachment":[{"href":"https:\/\/greentools.dk\/sv\/wp-json\/wp\/v2\/media?parent=39943"}],"wp:term":[{"taxonomy":"product_brand","embeddable":true,"href":"https:\/\/greentools.dk\/sv\/wp-json\/wp\/v2\/product_brand?post=39943"},{"taxonomy":"product_cat","embeddable":true,"href":"https:\/\/greentools.dk\/sv\/wp-json\/wp\/v2\/product_cat?post=39943"},{"taxonomy":"product_tag","embeddable":true,"href":"https:\/\/greentools.dk\/sv\/wp-json\/wp\/v2\/product_tag?post=39943"}],"curies":[{"name":"wp","href":"https:\/\/api.w.org\/{rel}","templated":true}]}}