{"id":38927,"date":"2017-10-05T20:11:25","date_gmt":"2017-10-05T18:11:25","guid":{"rendered":"http:\/\/better-retreats.com\/greentools\/produkter\/unikt-fuglehus-dansk-laerketraedouglas-uden-fod\/"},"modified":"2019-08-06T07:14:05","modified_gmt":"2019-08-06T05:14:05","slug":"faagelbord-tak-av-fjallpanel","status":"publish","type":"product","link":"https:\/\/greentools.dk\/sv\/produkt\/faagelbord-tak-av-fjallpanel\/","title":{"rendered":"F\u00e5gelbord med tak av fj\u00e4llpanel"},"content":{"rendered":"<p>GreenTools f\u00e5gelbord tillverkas i Danmark och vi anv\u00e4nder uteslutande danskt l\u00e4rktr\u00e4 och Douglasgran fr\u00e5n livskraftigt skogsbruk i v\u00e5r produktion. L\u00e4rktr\u00e4 och Douglasgran \u00e4r b\u00e5da kvalitetsmaterial som \u00e4r sj\u00e4lvimpregnerande pga. deras naturliga inneh\u00e5ll av k\u00e5da och harts och d\u00e4rf\u00f6r l\u00e4mpar de sig ypperligt vid tillverkning av f\u00e5gelbord. Takkonstruktion har ett utf\u00f6rande enligt samma princip som fj\u00e4llpanel f\u00f6r att effektivt f\u00f6rhindra att vatten kan tr\u00e4nga in.\u00a0 Om du letar efter ett f\u00e5gelbord med l\u00e5ng h\u00e5llbarhet och unik design s\u00e5 \u00e4r det h\u00e4r f\u00e5gelbordet helt r\u00e4tt f\u00f6r dig. (F\u00e5gelbordet \u00e4r utan fot)<\/p>\n<p>Takytans m\u00e5tt \u00e4r: 50&#215;45 cm<br \/>\nF\u00e5gelbordets m\u00e5tt: 32&#215;40 cm<\/p>\n","protected":false},"excerpt":{"rendered":"<p>F\u00e5gelbord med tak av fj\u00e4llpanel tillverkade av l\u00e4rktr\u00e4 (f\u00e5gelbordet \u00e4r utan fot)<\/p>\n","protected":false},"featured_media":68767,"template":"","meta":{"_acf_changed":false},"product_brand":[],"product_cat":[221],"product_tag":[],"class_list":{"0":"post-38927","1":"product","2":"type-product","3":"status-publish","4":"has-post-thumbnail","6":"product_cat-faagelbord","7":"description-off","9":"first","10":"instock","11":"taxable","12":"shipping-taxable","13":"purchasable","14":"product-type-simple"},"acf":[],"yoast_head":"<!-- This site is optimized with the Yoast SEO plugin v27.5 - https:\/\/yoast.com\/product\/yoast-seo-wordpress\/ -->\n<title>F\u00e5gelbord med tak av fj\u00e4llpanel<\/title>\n<meta name=\"description\" content=\"Fina f\u00e5gelbord med tak av fj\u00e4llpanel tillverkade av danskt, v\u00e4dert\u00e5ligt l\u00e4rktr\u00e4\/douglasgran. Alla f\u00e5gelbord \u00e4r monterade med rostfria st\u00e5lskruvar.\" \/>\n<meta name=\"robots\" content=\"index, follow, max-snippet:-1, max-image-preview:large, max-video-preview:-1\" \/>\n<link rel=\"canonical\" href=\"https:\/\/greentools.dk\/sv\/produkt\/faagelbord-tak-av-fjallpanel\/\" \/>\n<meta property=\"og:locale\" content=\"sv_SE\" \/>\n<meta property=\"og:type\" content=\"article\" \/>\n<meta property=\"og:title\" content=\"F\u00e5gelbord med tak av fj\u00e4llpanel\" \/>\n<meta property=\"og:description\" content=\"Fina f\u00e5gelbord med tak av fj\u00e4llpanel tillverkade av danskt, v\u00e4dert\u00e5ligt l\u00e4rktr\u00e4\/douglasgran. Alla f\u00e5gelbord \u00e4r monterade med rostfria st\u00e5lskruvar.\" \/>\n<meta property=\"og:url\" content=\"https:\/\/greentools.dk\/sv\/produkt\/faagelbord-tak-av-fjallpanel\/\" \/>\n<meta property=\"og:site_name\" content=\"Greentools\" \/>\n<meta property=\"article:modified_time\" content=\"2019-08-06T05:14:05+00:00\" \/>\n<meta property=\"og:image\" content=\"https:\/\/greentools.dk\/wp-content\/uploads\/2017\/10\/Unikt-fuglehus.jpg\" \/>\n\t<meta property=\"og:image:width\" content=\"500\" \/>\n\t<meta property=\"og:image:height\" content=\"500\" \/>\n\t<meta property=\"og:image:type\" content=\"image\/jpeg\" \/>\n<meta name=\"twitter:card\" content=\"summary_large_image\" \/>\n<meta name=\"twitter:label1\" content=\"Ber\u00e4knad l\u00e4stid\" \/>\n\t<meta name=\"twitter:data1\" content=\"1 minut\" \/>\n<script type=\"application\/ld+json\" class=\"yoast-schema-graph\">{\"@context\":\"https:\\\/\\\/schema.org\",\"@graph\":[{\"@type\":\"WebPage\",\"@id\":\"https:\\\/\\\/greentools.dk\\\/sv\\\/produkt\\\/faagelbord-tak-av-fjallpanel\\\/\",\"url\":\"https:\\\/\\\/greentools.dk\\\/sv\\\/produkt\\\/faagelbord-tak-av-fjallpanel\\\/\",\"name\":\"F\u00e5gelbord med tak av fj\u00e4llpanel\",\"isPartOf\":{\"@id\":\"https:\\\/\\\/greentools.dk\\\/sv\\\/#website\"},\"primaryImageOfPage\":{\"@id\":\"https:\\\/\\\/greentools.dk\\\/sv\\\/produkt\\\/faagelbord-tak-av-fjallpanel\\\/#primaryimage\"},\"image\":{\"@id\":\"https:\\\/\\\/greentools.dk\\\/sv\\\/produkt\\\/faagelbord-tak-av-fjallpanel\\\/#primaryimage\"},\"thumbnailUrl\":\"https:\\\/\\\/greentools.dk\\\/wp-content\\\/uploads\\\/2017\\\/10\\\/Fuglehus-af-laerketrae.jpg\",\"datePublished\":\"2017-10-05T18:11:25+00:00\",\"dateModified\":\"2019-08-06T05:14:05+00:00\",\"description\":\"Fina f\u00e5gelbord med tak av fj\u00e4llpanel tillverkade av danskt, v\u00e4dert\u00e5ligt l\u00e4rktr\u00e4\\\/douglasgran. Alla f\u00e5gelbord \u00e4r monterade med rostfria st\u00e5lskruvar.\",\"breadcrumb\":{\"@id\":\"https:\\\/\\\/greentools.dk\\\/sv\\\/produkt\\\/faagelbord-tak-av-fjallpanel\\\/#breadcrumb\"},\"inLanguage\":\"sv-SE\",\"potentialAction\":[{\"@type\":\"ReadAction\",\"target\":[\"https:\\\/\\\/greentools.dk\\\/sv\\\/produkt\\\/faagelbord-tak-av-fjallpanel\\\/\"]}]},{\"@type\":\"ImageObject\",\"inLanguage\":\"sv-SE\",\"@id\":\"https:\\\/\\\/greentools.dk\\\/sv\\\/produkt\\\/faagelbord-tak-av-fjallpanel\\\/#primaryimage\",\"url\":\"https:\\\/\\\/greentools.dk\\\/wp-content\\\/uploads\\\/2017\\\/10\\\/Fuglehus-af-laerketrae.jpg\",\"contentUrl\":\"https:\\\/\\\/greentools.dk\\\/wp-content\\\/uploads\\\/2017\\\/10\\\/Fuglehus-af-laerketrae.jpg\",\"width\":1200,\"height\":1200,\"caption\":\"Fuglehus af l\u00e6rketr\u00e6\"},{\"@type\":\"BreadcrumbList\",\"@id\":\"https:\\\/\\\/greentools.dk\\\/sv\\\/produkt\\\/faagelbord-tak-av-fjallpanel\\\/#breadcrumb\",\"itemListElement\":[{\"@type\":\"ListItem\",\"position\":1,\"name\":\"Hjem\",\"item\":\"https:\\\/\\\/greentools.dk\\\/sv\\\/\"},{\"@type\":\"ListItem\",\"position\":2,\"name\":\"Varusortiment\",\"item\":\"https:\\\/\\\/greentools.dk\\\/sv\\\/produkter\\\/\"},{\"@type\":\"ListItem\",\"position\":3,\"name\":\"F\u00e5gelbord med tak av fj\u00e4llpanel\"}]},{\"@type\":\"WebSite\",\"@id\":\"https:\\\/\\\/greentools.dk\\\/sv\\\/#website\",\"url\":\"https:\\\/\\\/greentools.dk\\\/sv\\\/\",\"name\":\"Greentools\",\"description\":\"Dansk Kvalitets - Fuglekasser - Foderhuse - Felco Besk\u00e6rersakse\",\"potentialAction\":[{\"@type\":\"SearchAction\",\"target\":{\"@type\":\"EntryPoint\",\"urlTemplate\":\"https:\\\/\\\/greentools.dk\\\/sv\\\/?s={search_term_string}\"},\"query-input\":{\"@type\":\"PropertyValueSpecification\",\"valueRequired\":true,\"valueName\":\"search_term_string\"}}],\"inLanguage\":\"sv-SE\"}]}<\/script>\n<!-- \/ Yoast SEO plugin. -->","yoast_head_json":{"title":"F\u00e5gelbord med tak av fj\u00e4llpanel","description":"Fina f\u00e5gelbord med tak av fj\u00e4llpanel tillverkade av danskt, v\u00e4dert\u00e5ligt l\u00e4rktr\u00e4\/douglasgran. Alla f\u00e5gelbord \u00e4r monterade med rostfria st\u00e5lskruvar.","robots":{"index":"index","follow":"follow","max-snippet":"max-snippet:-1","max-image-preview":"max-image-preview:large","max-video-preview":"max-video-preview:-1"},"canonical":"https:\/\/greentools.dk\/sv\/produkt\/faagelbord-tak-av-fjallpanel\/","og_locale":"sv_SE","og_type":"article","og_title":"F\u00e5gelbord med tak av fj\u00e4llpanel","og_description":"Fina f\u00e5gelbord med tak av fj\u00e4llpanel tillverkade av danskt, v\u00e4dert\u00e5ligt l\u00e4rktr\u00e4\/douglasgran. Alla f\u00e5gelbord \u00e4r monterade med rostfria st\u00e5lskruvar.","og_url":"https:\/\/greentools.dk\/sv\/produkt\/faagelbord-tak-av-fjallpanel\/","og_site_name":"Greentools","article_modified_time":"2019-08-06T05:14:05+00:00","og_image":[{"width":500,"height":500,"url":"https:\/\/greentools.dk\/wp-content\/uploads\/2017\/10\/Unikt-fuglehus.jpg","type":"image\/jpeg"}],"twitter_card":"summary_large_image","twitter_misc":{"Ber\u00e4knad l\u00e4stid":"1 minut"},"schema":{"@context":"https:\/\/schema.org","@graph":[{"@type":"WebPage","@id":"https:\/\/greentools.dk\/sv\/produkt\/faagelbord-tak-av-fjallpanel\/","url":"https:\/\/greentools.dk\/sv\/produkt\/faagelbord-tak-av-fjallpanel\/","name":"F\u00e5gelbord med tak av fj\u00e4llpanel","isPartOf":{"@id":"https:\/\/greentools.dk\/sv\/#website"},"primaryImageOfPage":{"@id":"https:\/\/greentools.dk\/sv\/produkt\/faagelbord-tak-av-fjallpanel\/#primaryimage"},"image":{"@id":"https:\/\/greentools.dk\/sv\/produkt\/faagelbord-tak-av-fjallpanel\/#primaryimage"},"thumbnailUrl":"https:\/\/greentools.dk\/wp-content\/uploads\/2017\/10\/Fuglehus-af-laerketrae.jpg","datePublished":"2017-10-05T18:11:25+00:00","dateModified":"2019-08-06T05:14:05+00:00","description":"Fina f\u00e5gelbord med tak av fj\u00e4llpanel tillverkade av danskt, v\u00e4dert\u00e5ligt l\u00e4rktr\u00e4\/douglasgran. Alla f\u00e5gelbord \u00e4r monterade med rostfria st\u00e5lskruvar.","breadcrumb":{"@id":"https:\/\/greentools.dk\/sv\/produkt\/faagelbord-tak-av-fjallpanel\/#breadcrumb"},"inLanguage":"sv-SE","potentialAction":[{"@type":"ReadAction","target":["https:\/\/greentools.dk\/sv\/produkt\/faagelbord-tak-av-fjallpanel\/"]}]},{"@type":"ImageObject","inLanguage":"sv-SE","@id":"https:\/\/greentools.dk\/sv\/produkt\/faagelbord-tak-av-fjallpanel\/#primaryimage","url":"https:\/\/greentools.dk\/wp-content\/uploads\/2017\/10\/Fuglehus-af-laerketrae.jpg","contentUrl":"https:\/\/greentools.dk\/wp-content\/uploads\/2017\/10\/Fuglehus-af-laerketrae.jpg","width":1200,"height":1200,"caption":"Fuglehus af l\u00e6rketr\u00e6"},{"@type":"BreadcrumbList","@id":"https:\/\/greentools.dk\/sv\/produkt\/faagelbord-tak-av-fjallpanel\/#breadcrumb","itemListElement":[{"@type":"ListItem","position":1,"name":"Hjem","item":"https:\/\/greentools.dk\/sv\/"},{"@type":"ListItem","position":2,"name":"Varusortiment","item":"https:\/\/greentools.dk\/sv\/produkter\/"},{"@type":"ListItem","position":3,"name":"F\u00e5gelbord med tak av fj\u00e4llpanel"}]},{"@type":"WebSite","@id":"https:\/\/greentools.dk\/sv\/#website","url":"https:\/\/greentools.dk\/sv\/","name":"Greentools","description":"Dansk Kvalitets - Fuglekasser - Foderhuse - Felco Besk\u00e6rersakse","potentialAction":[{"@type":"SearchAction","target":{"@type":"EntryPoint","urlTemplate":"https:\/\/greentools.dk\/sv\/?s={search_term_string}"},"query-input":{"@type":"PropertyValueSpecification","valueRequired":true,"valueName":"search_term_string"}}],"inLanguage":"sv-SE"}]}},"_links":{"self":[{"href":"https:\/\/greentools.dk\/sv\/wp-json\/wp\/v2\/product\/38927","targetHints":{"allow":["GET"]}}],"collection":[{"href":"https:\/\/greentools.dk\/sv\/wp-json\/wp\/v2\/product"}],"about":[{"href":"https:\/\/greentools.dk\/sv\/wp-json\/wp\/v2\/types\/product"}],"wp:featuredmedia":[{"embeddable":true,"href":"https:\/\/greentools.dk\/sv\/wp-json\/wp\/v2\/media\/68767"}],"wp:attachment":[{"href":"https:\/\/greentools.dk\/sv\/wp-json\/wp\/v2\/media?parent=38927"}],"wp:term":[{"taxonomy":"product_brand","embeddable":true,"href":"https:\/\/greentools.dk\/sv\/wp-json\/wp\/v2\/product_brand?post=38927"},{"taxonomy":"product_cat","embeddable":true,"href":"https:\/\/greentools.dk\/sv\/wp-json\/wp\/v2\/product_cat?post=38927"},{"taxonomy":"product_tag","embeddable":true,"href":"https:\/\/greentools.dk\/sv\/wp-json\/wp\/v2\/product_tag?post=38927"}],"curies":[{"name":"wp","href":"https:\/\/api.w.org\/{rel}","templated":true}]}}