{"id":38909,"date":"2017-10-05T18:51:12","date_gmt":"2017-10-05T16:51:12","guid":{"rendered":"http:\/\/better-retreats.com\/greentools\/produkter\/fugle-foderbraet-rustfri-tagrygning-kraftig-fod\/"},"modified":"2019-08-06T13:47:23","modified_gmt":"2019-08-06T11:47:23","slug":"faagelbord-fod-och-nockplaat","status":"publish","type":"product","link":"https:\/\/greentools.dk\/sv\/produkt\/faagelbord-fod-och-nockplaat\/","title":{"rendered":"F\u00e5gelbord med fod och nockpl\u00e5t"},"content":{"rendered":"<p>GreenTools f\u00e5gelbord tillverkas i Danmark och vi anv\u00e4nder uteslutande danskt l\u00e4rktr\u00e4 och Douglasgran fr\u00e5n livskraftigt skogsbruk i v\u00e5r produktion. L\u00e4rktr\u00e4 och Douglasgran \u00e4r b\u00e5da kvalitetsmaterial som \u00e4r sj\u00e4lvimpregnerande pga. deras naturliga inneh\u00e5ll av k\u00e5da och harts och d\u00e4rf\u00f6r l\u00e4mpar de sig ypperligt vid tillverkning av f\u00e5gelbord. Takkonstruktionen best\u00e5r av 2 st. 24 cm breda br\u00e4dor av douglasgran, vilka ger maximalt skydd i alla slags v\u00e4der och ger f\u00e5gelbordet ett stilrent utseende. Som en extra finess \u00e4r nockpl\u00e5ten tillverkad av slipat, rostfritt st\u00e5l vilket bidrar till ett mycket exklusivt uttryck. F\u00e5gelbordet \u00e4r monterat p\u00e5 en stabil fot tillverkad av kraftigt virke av douglasgran i dimensionen 7 x 7 cm. Om du letar efter ett f\u00e5gelbord med l\u00e5ng h\u00e5llbarhet och unik design s\u00e5 \u00e4r det h\u00e4r f\u00e5gelbordet helt r\u00e4tt f\u00f6r dig.<\/p>\n<p>Takytans m\u00e5tt \u00e4r: 50&#215;45 cm<br \/>\nF\u00e5gelbordets m\u00e5tt: 32&#215;40 cm<br \/>\nH\u00f6jd med fot: 134 cm<\/p>\n","protected":false},"excerpt":{"rendered":"<p>Solid f\u00e5gelbord med fod och nockpl\u00e5t i slipat rostfritt st\u00e5l<\/p>\n","protected":false},"featured_media":68788,"template":"","meta":{"_acf_changed":false},"product_brand":[],"product_cat":[221],"product_tag":[],"class_list":{"0":"post-38909","1":"product","2":"type-product","3":"status-publish","4":"has-post-thumbnail","6":"product_cat-faagelbord","7":"description-off","9":"first","10":"instock","11":"taxable","12":"shipping-taxable","13":"purchasable","14":"product-type-simple"},"acf":[],"yoast_head":"<!-- This site is optimized with the Yoast SEO plugin v27.5 - https:\/\/yoast.com\/product\/yoast-seo-wordpress\/ -->\n<title>Solid f\u00e5gelbord med fod och nockpl\u00e5t i slipat rostfritt st\u00e5l<\/title>\n<meta name=\"description\" content=\"F\u00e5gelbord med fod och nockpl\u00e5t i god kvalitet, tillverkat av danskt v\u00e4dert\u00e5lig l\u00e4rk\/douglasgran. Hj\u00e4lp f\u00e5glarna genom att s\u00e4tta upp ett f\u00e5gelbord\" \/>\n<meta name=\"robots\" content=\"noindex, follow\" \/>\n<meta property=\"og:locale\" content=\"sv_SE\" \/>\n<meta property=\"og:type\" content=\"article\" \/>\n<meta property=\"og:title\" content=\"Solid f\u00e5gelbord med fod och nockpl\u00e5t i slipat rostfritt st\u00e5l\" \/>\n<meta property=\"og:description\" content=\"F\u00e5gelbord med fod och nockpl\u00e5t i god kvalitet, tillverkat av danskt v\u00e4dert\u00e5lig l\u00e4rk\/douglasgran. Hj\u00e4lp f\u00e5glarna genom att s\u00e4tta upp ett f\u00e5gelbord\" \/>\n<meta property=\"og:url\" content=\"https:\/\/greentools.dk\/sv\/produkt\/faagelbord-fod-och-nockplaat\/\" \/>\n<meta property=\"og:site_name\" content=\"Greentools\" \/>\n<meta property=\"article:modified_time\" content=\"2019-08-06T11:47:23+00:00\" \/>\n<meta property=\"og:image\" content=\"https:\/\/greentools.dk\/wp-content\/uploads\/2017\/10\/Fuglebraet-uden-fod.jpg\" \/>\n\t<meta property=\"og:image:width\" content=\"604\" \/>\n\t<meta property=\"og:image:height\" content=\"604\" \/>\n\t<meta property=\"og:image:type\" content=\"image\/jpeg\" \/>\n<meta name=\"twitter:card\" content=\"summary_large_image\" \/>\n<meta name=\"twitter:label1\" content=\"Ber\u00e4knad l\u00e4stid\" \/>\n\t<meta name=\"twitter:data1\" content=\"1 minut\" \/>\n<script type=\"application\/ld+json\" class=\"yoast-schema-graph\">{\"@context\":\"https:\\\/\\\/schema.org\",\"@graph\":[{\"@type\":\"WebPage\",\"@id\":\"https:\\\/\\\/greentools.dk\\\/sv\\\/produkt\\\/faagelbord-fod-och-nockplaat\\\/\",\"url\":\"https:\\\/\\\/greentools.dk\\\/sv\\\/produkt\\\/faagelbord-fod-och-nockplaat\\\/\",\"name\":\"Solid f\u00e5gelbord med fod och nockpl\u00e5t i slipat rostfritt st\u00e5l\",\"isPartOf\":{\"@id\":\"https:\\\/\\\/greentools.dk\\\/sv\\\/#website\"},\"primaryImageOfPage\":{\"@id\":\"https:\\\/\\\/greentools.dk\\\/sv\\\/produkt\\\/faagelbord-fod-och-nockplaat\\\/#primaryimage\"},\"image\":{\"@id\":\"https:\\\/\\\/greentools.dk\\\/sv\\\/produkt\\\/faagelbord-fod-och-nockplaat\\\/#primaryimage\"},\"thumbnailUrl\":\"https:\\\/\\\/greentools.dk\\\/wp-content\\\/uploads\\\/2017\\\/10\\\/Fuglefoderbraet.jpg\",\"datePublished\":\"2017-10-05T16:51:12+00:00\",\"dateModified\":\"2019-08-06T11:47:23+00:00\",\"description\":\"F\u00e5gelbord med fod och nockpl\u00e5t i god kvalitet, tillverkat av danskt v\u00e4dert\u00e5lig l\u00e4rk\\\/douglasgran. Hj\u00e4lp f\u00e5glarna genom att s\u00e4tta upp ett f\u00e5gelbord\",\"breadcrumb\":{\"@id\":\"https:\\\/\\\/greentools.dk\\\/sv\\\/produkt\\\/faagelbord-fod-och-nockplaat\\\/#breadcrumb\"},\"inLanguage\":\"sv-SE\",\"potentialAction\":[{\"@type\":\"ReadAction\",\"target\":[\"https:\\\/\\\/greentools.dk\\\/sv\\\/produkt\\\/faagelbord-fod-och-nockplaat\\\/\"]}]},{\"@type\":\"ImageObject\",\"inLanguage\":\"sv-SE\",\"@id\":\"https:\\\/\\\/greentools.dk\\\/sv\\\/produkt\\\/faagelbord-fod-och-nockplaat\\\/#primaryimage\",\"url\":\"https:\\\/\\\/greentools.dk\\\/wp-content\\\/uploads\\\/2017\\\/10\\\/Fuglefoderbraet.jpg\",\"contentUrl\":\"https:\\\/\\\/greentools.dk\\\/wp-content\\\/uploads\\\/2017\\\/10\\\/Fuglefoderbraet.jpg\",\"width\":1200,\"height\":1200,\"caption\":\"Fuglefoderbr\u00e6t med rustfri tagrygning og kraftig fod\"},{\"@type\":\"BreadcrumbList\",\"@id\":\"https:\\\/\\\/greentools.dk\\\/sv\\\/produkt\\\/faagelbord-fod-och-nockplaat\\\/#breadcrumb\",\"itemListElement\":[{\"@type\":\"ListItem\",\"position\":1,\"name\":\"Hjem\",\"item\":\"https:\\\/\\\/greentools.dk\\\/sv\\\/\"},{\"@type\":\"ListItem\",\"position\":2,\"name\":\"Varusortiment\",\"item\":\"https:\\\/\\\/greentools.dk\\\/sv\\\/produkter\\\/\"},{\"@type\":\"ListItem\",\"position\":3,\"name\":\"F\u00e5gelbord med fod och nockpl\u00e5t\"}]},{\"@type\":\"WebSite\",\"@id\":\"https:\\\/\\\/greentools.dk\\\/sv\\\/#website\",\"url\":\"https:\\\/\\\/greentools.dk\\\/sv\\\/\",\"name\":\"Greentools\",\"description\":\"Dansk Kvalitets - Fuglekasser - Foderhuse - Felco Besk\u00e6rersakse\",\"potentialAction\":[{\"@type\":\"SearchAction\",\"target\":{\"@type\":\"EntryPoint\",\"urlTemplate\":\"https:\\\/\\\/greentools.dk\\\/sv\\\/?s={search_term_string}\"},\"query-input\":{\"@type\":\"PropertyValueSpecification\",\"valueRequired\":true,\"valueName\":\"search_term_string\"}}],\"inLanguage\":\"sv-SE\"}]}<\/script>\n<!-- \/ Yoast SEO plugin. -->","yoast_head_json":{"title":"Solid f\u00e5gelbord med fod och nockpl\u00e5t i slipat rostfritt st\u00e5l","description":"F\u00e5gelbord med fod och nockpl\u00e5t i god kvalitet, tillverkat av danskt v\u00e4dert\u00e5lig l\u00e4rk\/douglasgran. Hj\u00e4lp f\u00e5glarna genom att s\u00e4tta upp ett f\u00e5gelbord","robots":{"index":"noindex","follow":"follow"},"og_locale":"sv_SE","og_type":"article","og_title":"Solid f\u00e5gelbord med fod och nockpl\u00e5t i slipat rostfritt st\u00e5l","og_description":"F\u00e5gelbord med fod och nockpl\u00e5t i god kvalitet, tillverkat av danskt v\u00e4dert\u00e5lig l\u00e4rk\/douglasgran. Hj\u00e4lp f\u00e5glarna genom att s\u00e4tta upp ett f\u00e5gelbord","og_url":"https:\/\/greentools.dk\/sv\/produkt\/faagelbord-fod-och-nockplaat\/","og_site_name":"Greentools","article_modified_time":"2019-08-06T11:47:23+00:00","og_image":[{"width":604,"height":604,"url":"https:\/\/greentools.dk\/wp-content\/uploads\/2017\/10\/Fuglebraet-uden-fod.jpg","type":"image\/jpeg"}],"twitter_card":"summary_large_image","twitter_misc":{"Ber\u00e4knad l\u00e4stid":"1 minut"},"schema":{"@context":"https:\/\/schema.org","@graph":[{"@type":"WebPage","@id":"https:\/\/greentools.dk\/sv\/produkt\/faagelbord-fod-och-nockplaat\/","url":"https:\/\/greentools.dk\/sv\/produkt\/faagelbord-fod-och-nockplaat\/","name":"Solid f\u00e5gelbord med fod och nockpl\u00e5t i slipat rostfritt st\u00e5l","isPartOf":{"@id":"https:\/\/greentools.dk\/sv\/#website"},"primaryImageOfPage":{"@id":"https:\/\/greentools.dk\/sv\/produkt\/faagelbord-fod-och-nockplaat\/#primaryimage"},"image":{"@id":"https:\/\/greentools.dk\/sv\/produkt\/faagelbord-fod-och-nockplaat\/#primaryimage"},"thumbnailUrl":"https:\/\/greentools.dk\/wp-content\/uploads\/2017\/10\/Fuglefoderbraet.jpg","datePublished":"2017-10-05T16:51:12+00:00","dateModified":"2019-08-06T11:47:23+00:00","description":"F\u00e5gelbord med fod och nockpl\u00e5t i god kvalitet, tillverkat av danskt v\u00e4dert\u00e5lig l\u00e4rk\/douglasgran. Hj\u00e4lp f\u00e5glarna genom att s\u00e4tta upp ett f\u00e5gelbord","breadcrumb":{"@id":"https:\/\/greentools.dk\/sv\/produkt\/faagelbord-fod-och-nockplaat\/#breadcrumb"},"inLanguage":"sv-SE","potentialAction":[{"@type":"ReadAction","target":["https:\/\/greentools.dk\/sv\/produkt\/faagelbord-fod-och-nockplaat\/"]}]},{"@type":"ImageObject","inLanguage":"sv-SE","@id":"https:\/\/greentools.dk\/sv\/produkt\/faagelbord-fod-och-nockplaat\/#primaryimage","url":"https:\/\/greentools.dk\/wp-content\/uploads\/2017\/10\/Fuglefoderbraet.jpg","contentUrl":"https:\/\/greentools.dk\/wp-content\/uploads\/2017\/10\/Fuglefoderbraet.jpg","width":1200,"height":1200,"caption":"Fuglefoderbr\u00e6t med rustfri tagrygning og kraftig fod"},{"@type":"BreadcrumbList","@id":"https:\/\/greentools.dk\/sv\/produkt\/faagelbord-fod-och-nockplaat\/#breadcrumb","itemListElement":[{"@type":"ListItem","position":1,"name":"Hjem","item":"https:\/\/greentools.dk\/sv\/"},{"@type":"ListItem","position":2,"name":"Varusortiment","item":"https:\/\/greentools.dk\/sv\/produkter\/"},{"@type":"ListItem","position":3,"name":"F\u00e5gelbord med fod och nockpl\u00e5t"}]},{"@type":"WebSite","@id":"https:\/\/greentools.dk\/sv\/#website","url":"https:\/\/greentools.dk\/sv\/","name":"Greentools","description":"Dansk Kvalitets - Fuglekasser - Foderhuse - Felco Besk\u00e6rersakse","potentialAction":[{"@type":"SearchAction","target":{"@type":"EntryPoint","urlTemplate":"https:\/\/greentools.dk\/sv\/?s={search_term_string}"},"query-input":{"@type":"PropertyValueSpecification","valueRequired":true,"valueName":"search_term_string"}}],"inLanguage":"sv-SE"}]}},"_links":{"self":[{"href":"https:\/\/greentools.dk\/sv\/wp-json\/wp\/v2\/product\/38909","targetHints":{"allow":["GET"]}}],"collection":[{"href":"https:\/\/greentools.dk\/sv\/wp-json\/wp\/v2\/product"}],"about":[{"href":"https:\/\/greentools.dk\/sv\/wp-json\/wp\/v2\/types\/product"}],"wp:featuredmedia":[{"embeddable":true,"href":"https:\/\/greentools.dk\/sv\/wp-json\/wp\/v2\/media\/68788"}],"wp:attachment":[{"href":"https:\/\/greentools.dk\/sv\/wp-json\/wp\/v2\/media?parent=38909"}],"wp:term":[{"taxonomy":"product_brand","embeddable":true,"href":"https:\/\/greentools.dk\/sv\/wp-json\/wp\/v2\/product_brand?post=38909"},{"taxonomy":"product_cat","embeddable":true,"href":"https:\/\/greentools.dk\/sv\/wp-json\/wp\/v2\/product_cat?post=38909"},{"taxonomy":"product_tag","embeddable":true,"href":"https:\/\/greentools.dk\/sv\/wp-json\/wp\/v2\/product_tag?post=38909"}],"curies":[{"name":"wp","href":"https:\/\/api.w.org\/{rel}","templated":true}]}}