{"id":38452,"date":"2017-10-03T20:09:41","date_gmt":"2017-10-03T18:09:41","guid":{"rendered":"http:\/\/better-retreats.com\/greentools\/produkter\/felco-200a-50\/"},"modified":"2019-11-12T20:45:08","modified_gmt":"2019-11-12T19:45:08","slug":"felco-200a-50","status":"publish","type":"product","link":"https:\/\/greentools.dk\/sv\/produkt\/felco-200a-50\/","title":{"rendered":"Felco 200A-50"},"content":{"rendered":"<p>Felco 200A-50 grensaksen kan som Felco besk\u00e6resaksene justeres manuelt med en fortandet m\u00f8trik hvormed sk\u00e6reafstanden optimeres. Hermed f\u00e5s et s\u00e5 rent og pr\u00e6cist snit som muligt, hvormed hurtig heling og minimal ardannelse p\u00e5 besk\u00e5rne buske og tr\u00e6er sikres. Det pr\u00e6cise sk\u00e6r med riller p\u00e5 modholdet, holder grenen fast, og reducerer kraftanvendelsen. Felco 200A-50 grensaksen er monteret med udskiftelige h\u00e5ndtag i aluminium, der medf\u00f8rer lav v\u00e6gt. Selve grebet er udf\u00f8rt i et specielt bl\u00f8dt &#8221;non-slip&#8221; kompositmateriale der sikrer god ergonomi og at h\u00e5nden ikke glider. Det rigtige valg for den professionelle, eller den kr\u00e6vende havemand. Alle sliddele kan udskiftes.<br \/>\nBesk\u00e6rer grene op til 35 mm<\/p>\n<p>L\u00e6ngde: 50 cm<br \/>\nV\u00e6gt: 725 g<\/p>\n","protected":false},"excerpt":{"rendered":"<p>Grensax i enast\u00e5ende kvalitet f\u00f6r professionella brukare. Besk\u00e4r upp till 35mm, med b\u00f6jt klipphuvud. 50cm l\u00e5ng.<\/p>\n","protected":false},"featured_media":38446,"template":"","meta":{"_acf_changed":false},"product_brand":[],"product_cat":[285],"product_tag":[],"class_list":{"0":"post-38452","1":"product","2":"type-product","3":"status-publish","4":"has-post-thumbnail","6":"product_cat-felco-grensaxar","7":"description-off","9":"first","10":"outofstock","11":"taxable","12":"shipping-taxable","13":"purchasable","14":"product-type-simple"},"acf":[],"yoast_head":"<!-- This site is optimized with the Yoast SEO plugin v27.6 - https:\/\/yoast.com\/product\/yoast-seo-wordpress\/ -->\n<title>Felco 200A-50 grensax<\/title>\n<meta name=\"description\" content=\"Felco 200A-50 EXPERT. Nyhet fr\u00e5n Felco som s\u00e4tter nya standarder vad g\u00e4ller grensaxar. Felco 200A-50 EXPERT. Ytterst flexibel och h\u00e5ller i m\u00e5nga \u00e5r.\" \/>\n<meta name=\"robots\" content=\"index, follow, max-snippet:-1, max-image-preview:large, max-video-preview:-1\" \/>\n<link rel=\"canonical\" href=\"https:\/\/greentools.dk\/sv\/produkt\/felco-200a-50\/\" \/>\n<meta property=\"og:locale\" content=\"sv_SE\" \/>\n<meta property=\"og:type\" content=\"article\" \/>\n<meta property=\"og:title\" content=\"Felco 200A-50 grensax\" \/>\n<meta property=\"og:description\" content=\"Felco 200A-50 EXPERT. Nyhet fr\u00e5n Felco som s\u00e4tter nya standarder vad g\u00e4ller grensaxar. Felco 200A-50 EXPERT. Ytterst flexibel och h\u00e5ller i m\u00e5nga \u00e5r.\" \/>\n<meta property=\"og:url\" content=\"https:\/\/greentools.dk\/sv\/produkt\/felco-200a-50\/\" \/>\n<meta property=\"og:site_name\" content=\"Greentools\" \/>\n<meta property=\"article:modified_time\" content=\"2019-11-12T19:45:08+00:00\" \/>\n<meta property=\"og:image\" content=\"https:\/\/greentools.dk\/wp-content\/uploads\/2017\/10\/Felco-200A-50.jpg\" \/>\n\t<meta property=\"og:image:width\" content=\"1150\" \/>\n\t<meta property=\"og:image:height\" content=\"1150\" \/>\n\t<meta property=\"og:image:type\" content=\"image\/jpeg\" \/>\n<meta name=\"twitter:card\" content=\"summary_large_image\" \/>\n<meta name=\"twitter:label1\" content=\"Ber\u00e4knad l\u00e4stid\" \/>\n\t<meta name=\"twitter:data1\" content=\"1 minut\" \/>\n<script type=\"application\/ld+json\" class=\"yoast-schema-graph\">{\"@context\":\"https:\\\/\\\/schema.org\",\"@graph\":[{\"@type\":\"WebPage\",\"@id\":\"https:\\\/\\\/greentools.dk\\\/sv\\\/produkt\\\/felco-200a-50\\\/\",\"url\":\"https:\\\/\\\/greentools.dk\\\/sv\\\/produkt\\\/felco-200a-50\\\/\",\"name\":\"Felco 200A-50 grensax\",\"isPartOf\":{\"@id\":\"https:\\\/\\\/greentools.dk\\\/sv\\\/#website\"},\"primaryImageOfPage\":{\"@id\":\"https:\\\/\\\/greentools.dk\\\/sv\\\/produkt\\\/felco-200a-50\\\/#primaryimage\"},\"image\":{\"@id\":\"https:\\\/\\\/greentools.dk\\\/sv\\\/produkt\\\/felco-200a-50\\\/#primaryimage\"},\"thumbnailUrl\":\"https:\\\/\\\/greentools.dk\\\/wp-content\\\/uploads\\\/2017\\\/10\\\/Felco-200A-50.jpg\",\"datePublished\":\"2017-10-03T18:09:41+00:00\",\"dateModified\":\"2019-11-12T19:45:08+00:00\",\"description\":\"Felco 200A-50 EXPERT. Nyhet fr\u00e5n Felco som s\u00e4tter nya standarder vad g\u00e4ller grensaxar. Felco 200A-50 EXPERT. Ytterst flexibel och h\u00e5ller i m\u00e5nga \u00e5r.\",\"breadcrumb\":{\"@id\":\"https:\\\/\\\/greentools.dk\\\/sv\\\/produkt\\\/felco-200a-50\\\/#breadcrumb\"},\"inLanguage\":\"sv-SE\",\"potentialAction\":[{\"@type\":\"ReadAction\",\"target\":[\"https:\\\/\\\/greentools.dk\\\/sv\\\/produkt\\\/felco-200a-50\\\/\"]}]},{\"@type\":\"ImageObject\",\"inLanguage\":\"sv-SE\",\"@id\":\"https:\\\/\\\/greentools.dk\\\/sv\\\/produkt\\\/felco-200a-50\\\/#primaryimage\",\"url\":\"https:\\\/\\\/greentools.dk\\\/wp-content\\\/uploads\\\/2017\\\/10\\\/Felco-200A-50.jpg\",\"contentUrl\":\"https:\\\/\\\/greentools.dk\\\/wp-content\\\/uploads\\\/2017\\\/10\\\/Felco-200A-50.jpg\",\"width\":1150,\"height\":1150,\"caption\":\"Felco 200A-50\"},{\"@type\":\"BreadcrumbList\",\"@id\":\"https:\\\/\\\/greentools.dk\\\/sv\\\/produkt\\\/felco-200a-50\\\/#breadcrumb\",\"itemListElement\":[{\"@type\":\"ListItem\",\"position\":1,\"name\":\"Hjem\",\"item\":\"https:\\\/\\\/greentools.dk\\\/sv\\\/\"},{\"@type\":\"ListItem\",\"position\":2,\"name\":\"Varusortiment\",\"item\":\"https:\\\/\\\/greentools.dk\\\/sv\\\/produkter\\\/\"},{\"@type\":\"ListItem\",\"position\":3,\"name\":\"Felco 200A-50\"}]},{\"@type\":\"WebSite\",\"@id\":\"https:\\\/\\\/greentools.dk\\\/sv\\\/#website\",\"url\":\"https:\\\/\\\/greentools.dk\\\/sv\\\/\",\"name\":\"Greentools\",\"description\":\"Dansk Kvalitets - Fuglekasser - Foderhuse - Felco Besk\u00e6rersakse\",\"potentialAction\":[{\"@type\":\"SearchAction\",\"target\":{\"@type\":\"EntryPoint\",\"urlTemplate\":\"https:\\\/\\\/greentools.dk\\\/sv\\\/?s={search_term_string}\"},\"query-input\":{\"@type\":\"PropertyValueSpecification\",\"valueRequired\":true,\"valueName\":\"search_term_string\"}}],\"inLanguage\":\"sv-SE\"}]}<\/script>\n<!-- \/ Yoast SEO plugin. -->","yoast_head_json":{"title":"Felco 200A-50 grensax","description":"Felco 200A-50 EXPERT. Nyhet fr\u00e5n Felco som s\u00e4tter nya standarder vad g\u00e4ller grensaxar. Felco 200A-50 EXPERT. Ytterst flexibel och h\u00e5ller i m\u00e5nga \u00e5r.","robots":{"index":"index","follow":"follow","max-snippet":"max-snippet:-1","max-image-preview":"max-image-preview:large","max-video-preview":"max-video-preview:-1"},"canonical":"https:\/\/greentools.dk\/sv\/produkt\/felco-200a-50\/","og_locale":"sv_SE","og_type":"article","og_title":"Felco 200A-50 grensax","og_description":"Felco 200A-50 EXPERT. Nyhet fr\u00e5n Felco som s\u00e4tter nya standarder vad g\u00e4ller grensaxar. Felco 200A-50 EXPERT. Ytterst flexibel och h\u00e5ller i m\u00e5nga \u00e5r.","og_url":"https:\/\/greentools.dk\/sv\/produkt\/felco-200a-50\/","og_site_name":"Greentools","article_modified_time":"2019-11-12T19:45:08+00:00","og_image":[{"width":1150,"height":1150,"url":"https:\/\/greentools.dk\/wp-content\/uploads\/2017\/10\/Felco-200A-50.jpg","type":"image\/jpeg"}],"twitter_card":"summary_large_image","twitter_misc":{"Ber\u00e4knad l\u00e4stid":"1 minut"},"schema":{"@context":"https:\/\/schema.org","@graph":[{"@type":"WebPage","@id":"https:\/\/greentools.dk\/sv\/produkt\/felco-200a-50\/","url":"https:\/\/greentools.dk\/sv\/produkt\/felco-200a-50\/","name":"Felco 200A-50 grensax","isPartOf":{"@id":"https:\/\/greentools.dk\/sv\/#website"},"primaryImageOfPage":{"@id":"https:\/\/greentools.dk\/sv\/produkt\/felco-200a-50\/#primaryimage"},"image":{"@id":"https:\/\/greentools.dk\/sv\/produkt\/felco-200a-50\/#primaryimage"},"thumbnailUrl":"https:\/\/greentools.dk\/wp-content\/uploads\/2017\/10\/Felco-200A-50.jpg","datePublished":"2017-10-03T18:09:41+00:00","dateModified":"2019-11-12T19:45:08+00:00","description":"Felco 200A-50 EXPERT. Nyhet fr\u00e5n Felco som s\u00e4tter nya standarder vad g\u00e4ller grensaxar. Felco 200A-50 EXPERT. Ytterst flexibel och h\u00e5ller i m\u00e5nga \u00e5r.","breadcrumb":{"@id":"https:\/\/greentools.dk\/sv\/produkt\/felco-200a-50\/#breadcrumb"},"inLanguage":"sv-SE","potentialAction":[{"@type":"ReadAction","target":["https:\/\/greentools.dk\/sv\/produkt\/felco-200a-50\/"]}]},{"@type":"ImageObject","inLanguage":"sv-SE","@id":"https:\/\/greentools.dk\/sv\/produkt\/felco-200a-50\/#primaryimage","url":"https:\/\/greentools.dk\/wp-content\/uploads\/2017\/10\/Felco-200A-50.jpg","contentUrl":"https:\/\/greentools.dk\/wp-content\/uploads\/2017\/10\/Felco-200A-50.jpg","width":1150,"height":1150,"caption":"Felco 200A-50"},{"@type":"BreadcrumbList","@id":"https:\/\/greentools.dk\/sv\/produkt\/felco-200a-50\/#breadcrumb","itemListElement":[{"@type":"ListItem","position":1,"name":"Hjem","item":"https:\/\/greentools.dk\/sv\/"},{"@type":"ListItem","position":2,"name":"Varusortiment","item":"https:\/\/greentools.dk\/sv\/produkter\/"},{"@type":"ListItem","position":3,"name":"Felco 200A-50"}]},{"@type":"WebSite","@id":"https:\/\/greentools.dk\/sv\/#website","url":"https:\/\/greentools.dk\/sv\/","name":"Greentools","description":"Dansk Kvalitets - Fuglekasser - Foderhuse - Felco Besk\u00e6rersakse","potentialAction":[{"@type":"SearchAction","target":{"@type":"EntryPoint","urlTemplate":"https:\/\/greentools.dk\/sv\/?s={search_term_string}"},"query-input":{"@type":"PropertyValueSpecification","valueRequired":true,"valueName":"search_term_string"}}],"inLanguage":"sv-SE"}]}},"_links":{"self":[{"href":"https:\/\/greentools.dk\/sv\/wp-json\/wp\/v2\/product\/38452","targetHints":{"allow":["GET"]}}],"collection":[{"href":"https:\/\/greentools.dk\/sv\/wp-json\/wp\/v2\/product"}],"about":[{"href":"https:\/\/greentools.dk\/sv\/wp-json\/wp\/v2\/types\/product"}],"wp:featuredmedia":[{"embeddable":true,"href":"https:\/\/greentools.dk\/sv\/wp-json\/wp\/v2\/media\/38446"}],"wp:attachment":[{"href":"https:\/\/greentools.dk\/sv\/wp-json\/wp\/v2\/media?parent=38452"}],"wp:term":[{"taxonomy":"product_brand","embeddable":true,"href":"https:\/\/greentools.dk\/sv\/wp-json\/wp\/v2\/product_brand?post=38452"},{"taxonomy":"product_cat","embeddable":true,"href":"https:\/\/greentools.dk\/sv\/wp-json\/wp\/v2\/product_cat?post=38452"},{"taxonomy":"product_tag","embeddable":true,"href":"https:\/\/greentools.dk\/sv\/wp-json\/wp\/v2\/product_tag?post=38452"}],"curies":[{"name":"wp","href":"https:\/\/api.w.org\/{rel}","templated":true}]}}