{"id":38414,"date":"2017-10-03T14:51:30","date_gmt":"2017-10-03T12:51:30","guid":{"rendered":"http:\/\/better-retreats.com\/greentools\/produkter\/felco-230\/"},"modified":"2019-11-12T21:14:57","modified_gmt":"2019-11-12T20:14:57","slug":"felco-230","status":"publish","type":"product","link":"https:\/\/greentools.dk\/sv\/produkt\/felco-230\/","title":{"rendered":"Felco 230"},"content":{"rendered":"<p>Med sin l\u00e4ngd p\u00e5 80 cm g\u00f6r den nya Felco 230 det enkelt att besk\u00e4ra grenar upp till 40mm. De l\u00e5nga handtagen \u00e4r tillverkade av mycket h\u00e5llbart legerat aluminium och ett genialt &#8221;h\u00e4vst\u00e5ngssystem\u201d reducerar det kraftbehov som kr\u00e4vs vid besk\u00e4rning. Systemet f\u00f6r\u00f6kar kraften med 1,6 x. De h\u00e4rdade st\u00e5lbladen sk\u00e4r mot ett h\u00f6gkvalitativt och formgjutet aluminiumst\u00e4d f\u00f6r att efterl\u00e4mna ett rent, l\u00e4tt och precist snitt. Felco 230 klipphuvud \u00e4r rakt med ett spetsigt st\u00e4d, vilket g\u00f6r det enkelt att komma \u00e5t d\u00e4r man vill klippa. Felco 230 har non-slip handtag och \u00e4r utrustad med ett blockeringssystem som bidrar till att man inte f\u00e5r fingrarna i kl\u00e4m mot slutet av besk\u00e4rningen. Som p\u00e5 alla andra redskap fr\u00e5n Felco kan alla delar bytas ut.<\/p>\n<div>\n<p>L\u00e4ngd: 80cm<br \/>\nVikt: 1150 g<br \/>\nMax grentjocklek: 4cm<\/p>\n<\/div>\n","protected":false},"excerpt":{"rendered":"<p>Grensax i enast\u00e5ende kvalitet fr\u00e5n Felco i Schweiz. Med utv\u00e4xling. Besk\u00e4r grenar upp till 40mm. Rakt moth\u00e5ll.<\/p>\n","protected":false},"featured_media":38408,"template":"","meta":{"_acf_changed":false},"product_brand":[],"product_cat":[285],"product_tag":[],"class_list":{"0":"post-38414","1":"product","2":"type-product","3":"status-publish","4":"has-post-thumbnail","6":"product_cat-felco-grensaxar","7":"description-off","9":"first","10":"instock","11":"taxable","12":"shipping-taxable","13":"purchasable","14":"product-type-simple"},"acf":[],"yoast_head":"<!-- This site is optimized with the Yoast SEO plugin v27.6 - https:\/\/yoast.com\/product\/yoast-seo-wordpress\/ -->\n<title>Felco 230<\/title>\n<meta name=\"description\" content=\"Felco 230 Grensax tillverkas av Felco i Schweiz med ett 100-procentigt utf\u00f6rande i uts\u00f6kta material. Felco 230 Grensax \u00e4r optimal f\u00f6r grenar upp till 40 mm.\" \/>\n<meta name=\"robots\" content=\"index, follow, max-snippet:-1, max-image-preview:large, max-video-preview:-1\" \/>\n<link rel=\"canonical\" href=\"https:\/\/greentools.dk\/sv\/produkt\/felco-230\/\" \/>\n<meta property=\"og:locale\" content=\"sv_SE\" \/>\n<meta property=\"og:type\" content=\"article\" \/>\n<meta property=\"og:title\" content=\"Felco 230\" \/>\n<meta property=\"og:description\" content=\"Felco 230 Grensax tillverkas av Felco i Schweiz med ett 100-procentigt utf\u00f6rande i uts\u00f6kta material. Felco 230 Grensax \u00e4r optimal f\u00f6r grenar upp till 40 mm.\" \/>\n<meta property=\"og:url\" content=\"https:\/\/greentools.dk\/sv\/produkt\/felco-230\/\" \/>\n<meta property=\"og:site_name\" content=\"Greentools\" \/>\n<meta property=\"article:modified_time\" content=\"2019-11-12T20:14:57+00:00\" \/>\n<meta property=\"og:image\" content=\"https:\/\/greentools.dk\/wp-content\/uploads\/2017\/10\/Felco-230.jpg\" \/>\n\t<meta property=\"og:image:width\" content=\"1150\" \/>\n\t<meta property=\"og:image:height\" content=\"1150\" \/>\n\t<meta property=\"og:image:type\" content=\"image\/jpeg\" \/>\n<meta name=\"twitter:card\" content=\"summary_large_image\" \/>\n<meta name=\"twitter:label1\" content=\"Ber\u00e4knad l\u00e4stid\" \/>\n\t<meta name=\"twitter:data1\" content=\"1 minut\" \/>\n<script type=\"application\/ld+json\" class=\"yoast-schema-graph\">{\"@context\":\"https:\\\/\\\/schema.org\",\"@graph\":[{\"@type\":\"WebPage\",\"@id\":\"https:\\\/\\\/greentools.dk\\\/sv\\\/produkt\\\/felco-230\\\/\",\"url\":\"https:\\\/\\\/greentools.dk\\\/sv\\\/produkt\\\/felco-230\\\/\",\"name\":\"Felco 230\",\"isPartOf\":{\"@id\":\"https:\\\/\\\/greentools.dk\\\/sv\\\/#website\"},\"primaryImageOfPage\":{\"@id\":\"https:\\\/\\\/greentools.dk\\\/sv\\\/produkt\\\/felco-230\\\/#primaryimage\"},\"image\":{\"@id\":\"https:\\\/\\\/greentools.dk\\\/sv\\\/produkt\\\/felco-230\\\/#primaryimage\"},\"thumbnailUrl\":\"https:\\\/\\\/greentools.dk\\\/wp-content\\\/uploads\\\/2017\\\/10\\\/Felco-230.jpg\",\"datePublished\":\"2017-10-03T12:51:30+00:00\",\"dateModified\":\"2019-11-12T20:14:57+00:00\",\"description\":\"Felco 230 Grensax tillverkas av Felco i Schweiz med ett 100-procentigt utf\u00f6rande i uts\u00f6kta material. Felco 230 Grensax \u00e4r optimal f\u00f6r grenar upp till 40 mm.\",\"breadcrumb\":{\"@id\":\"https:\\\/\\\/greentools.dk\\\/sv\\\/produkt\\\/felco-230\\\/#breadcrumb\"},\"inLanguage\":\"sv-SE\",\"potentialAction\":[{\"@type\":\"ReadAction\",\"target\":[\"https:\\\/\\\/greentools.dk\\\/sv\\\/produkt\\\/felco-230\\\/\"]}]},{\"@type\":\"ImageObject\",\"inLanguage\":\"sv-SE\",\"@id\":\"https:\\\/\\\/greentools.dk\\\/sv\\\/produkt\\\/felco-230\\\/#primaryimage\",\"url\":\"https:\\\/\\\/greentools.dk\\\/wp-content\\\/uploads\\\/2017\\\/10\\\/Felco-230.jpg\",\"contentUrl\":\"https:\\\/\\\/greentools.dk\\\/wp-content\\\/uploads\\\/2017\\\/10\\\/Felco-230.jpg\",\"width\":1150,\"height\":1150,\"caption\":\"Felco 230 grensaks\"},{\"@type\":\"BreadcrumbList\",\"@id\":\"https:\\\/\\\/greentools.dk\\\/sv\\\/produkt\\\/felco-230\\\/#breadcrumb\",\"itemListElement\":[{\"@type\":\"ListItem\",\"position\":1,\"name\":\"Hjem\",\"item\":\"https:\\\/\\\/greentools.dk\\\/sv\\\/\"},{\"@type\":\"ListItem\",\"position\":2,\"name\":\"Varusortiment\",\"item\":\"https:\\\/\\\/greentools.dk\\\/sv\\\/produkter\\\/\"},{\"@type\":\"ListItem\",\"position\":3,\"name\":\"Felco 230\"}]},{\"@type\":\"WebSite\",\"@id\":\"https:\\\/\\\/greentools.dk\\\/sv\\\/#website\",\"url\":\"https:\\\/\\\/greentools.dk\\\/sv\\\/\",\"name\":\"Greentools\",\"description\":\"Dansk Kvalitets - Fuglekasser - Foderhuse - Felco Besk\u00e6rersakse\",\"potentialAction\":[{\"@type\":\"SearchAction\",\"target\":{\"@type\":\"EntryPoint\",\"urlTemplate\":\"https:\\\/\\\/greentools.dk\\\/sv\\\/?s={search_term_string}\"},\"query-input\":{\"@type\":\"PropertyValueSpecification\",\"valueRequired\":true,\"valueName\":\"search_term_string\"}}],\"inLanguage\":\"sv-SE\"}]}<\/script>\n<!-- \/ Yoast SEO plugin. -->","yoast_head_json":{"title":"Felco 230","description":"Felco 230 Grensax tillverkas av Felco i Schweiz med ett 100-procentigt utf\u00f6rande i uts\u00f6kta material. Felco 230 Grensax \u00e4r optimal f\u00f6r grenar upp till 40 mm.","robots":{"index":"index","follow":"follow","max-snippet":"max-snippet:-1","max-image-preview":"max-image-preview:large","max-video-preview":"max-video-preview:-1"},"canonical":"https:\/\/greentools.dk\/sv\/produkt\/felco-230\/","og_locale":"sv_SE","og_type":"article","og_title":"Felco 230","og_description":"Felco 230 Grensax tillverkas av Felco i Schweiz med ett 100-procentigt utf\u00f6rande i uts\u00f6kta material. Felco 230 Grensax \u00e4r optimal f\u00f6r grenar upp till 40 mm.","og_url":"https:\/\/greentools.dk\/sv\/produkt\/felco-230\/","og_site_name":"Greentools","article_modified_time":"2019-11-12T20:14:57+00:00","og_image":[{"width":1150,"height":1150,"url":"https:\/\/greentools.dk\/wp-content\/uploads\/2017\/10\/Felco-230.jpg","type":"image\/jpeg"}],"twitter_card":"summary_large_image","twitter_misc":{"Ber\u00e4knad l\u00e4stid":"1 minut"},"schema":{"@context":"https:\/\/schema.org","@graph":[{"@type":"WebPage","@id":"https:\/\/greentools.dk\/sv\/produkt\/felco-230\/","url":"https:\/\/greentools.dk\/sv\/produkt\/felco-230\/","name":"Felco 230","isPartOf":{"@id":"https:\/\/greentools.dk\/sv\/#website"},"primaryImageOfPage":{"@id":"https:\/\/greentools.dk\/sv\/produkt\/felco-230\/#primaryimage"},"image":{"@id":"https:\/\/greentools.dk\/sv\/produkt\/felco-230\/#primaryimage"},"thumbnailUrl":"https:\/\/greentools.dk\/wp-content\/uploads\/2017\/10\/Felco-230.jpg","datePublished":"2017-10-03T12:51:30+00:00","dateModified":"2019-11-12T20:14:57+00:00","description":"Felco 230 Grensax tillverkas av Felco i Schweiz med ett 100-procentigt utf\u00f6rande i uts\u00f6kta material. Felco 230 Grensax \u00e4r optimal f\u00f6r grenar upp till 40 mm.","breadcrumb":{"@id":"https:\/\/greentools.dk\/sv\/produkt\/felco-230\/#breadcrumb"},"inLanguage":"sv-SE","potentialAction":[{"@type":"ReadAction","target":["https:\/\/greentools.dk\/sv\/produkt\/felco-230\/"]}]},{"@type":"ImageObject","inLanguage":"sv-SE","@id":"https:\/\/greentools.dk\/sv\/produkt\/felco-230\/#primaryimage","url":"https:\/\/greentools.dk\/wp-content\/uploads\/2017\/10\/Felco-230.jpg","contentUrl":"https:\/\/greentools.dk\/wp-content\/uploads\/2017\/10\/Felco-230.jpg","width":1150,"height":1150,"caption":"Felco 230 grensaks"},{"@type":"BreadcrumbList","@id":"https:\/\/greentools.dk\/sv\/produkt\/felco-230\/#breadcrumb","itemListElement":[{"@type":"ListItem","position":1,"name":"Hjem","item":"https:\/\/greentools.dk\/sv\/"},{"@type":"ListItem","position":2,"name":"Varusortiment","item":"https:\/\/greentools.dk\/sv\/produkter\/"},{"@type":"ListItem","position":3,"name":"Felco 230"}]},{"@type":"WebSite","@id":"https:\/\/greentools.dk\/sv\/#website","url":"https:\/\/greentools.dk\/sv\/","name":"Greentools","description":"Dansk Kvalitets - Fuglekasser - Foderhuse - Felco Besk\u00e6rersakse","potentialAction":[{"@type":"SearchAction","target":{"@type":"EntryPoint","urlTemplate":"https:\/\/greentools.dk\/sv\/?s={search_term_string}"},"query-input":{"@type":"PropertyValueSpecification","valueRequired":true,"valueName":"search_term_string"}}],"inLanguage":"sv-SE"}]}},"_links":{"self":[{"href":"https:\/\/greentools.dk\/sv\/wp-json\/wp\/v2\/product\/38414","targetHints":{"allow":["GET"]}}],"collection":[{"href":"https:\/\/greentools.dk\/sv\/wp-json\/wp\/v2\/product"}],"about":[{"href":"https:\/\/greentools.dk\/sv\/wp-json\/wp\/v2\/types\/product"}],"wp:featuredmedia":[{"embeddable":true,"href":"https:\/\/greentools.dk\/sv\/wp-json\/wp\/v2\/media\/38408"}],"wp:attachment":[{"href":"https:\/\/greentools.dk\/sv\/wp-json\/wp\/v2\/media?parent=38414"}],"wp:term":[{"taxonomy":"product_brand","embeddable":true,"href":"https:\/\/greentools.dk\/sv\/wp-json\/wp\/v2\/product_brand?post=38414"},{"taxonomy":"product_cat","embeddable":true,"href":"https:\/\/greentools.dk\/sv\/wp-json\/wp\/v2\/product_cat?post=38414"},{"taxonomy":"product_tag","embeddable":true,"href":"https:\/\/greentools.dk\/sv\/wp-json\/wp\/v2\/product_tag?post=38414"}],"curies":[{"name":"wp","href":"https:\/\/api.w.org\/{rel}","templated":true}]}}