{"id":38325,"date":"2017-10-02T21:37:56","date_gmt":"2017-10-02T19:37:56","guid":{"rendered":"http:\/\/better-retreats.com\/greentools\/produkter\/felco-930-vedligeholdelses-saet\/"},"modified":"2019-08-02T10:27:26","modified_gmt":"2019-08-02T08:27:26","slug":"felco-930-vedligeholdelses-saet","status":"publish","type":"product","link":"https:\/\/greentools.dk\/sv\/produkt\/felco-930-vedligeholdelses-saet\/","title":{"rendered":"Felco 930 vedligeholdelses s\u00e6t"},"content":{"rendered":"<p>Vedligeholdelsess\u00e6t til Felco besk\u00e6rev\u00e6rkt\u00f8j, med alt der skal bruges til at holde dit Felco v\u00e6rkt\u00f8j smurt og skarpt. S\u00e6ttet indeholder:<\/p>\n<p>&#8211; Felco 980 spray olie<br \/>\n&#8211; Felco 990 syntetisk fedt<br \/>\n&#8211; Felco 903 diamantsliber<br \/>\n&#8211; Fastn\u00f8gle 8 mm<br \/>\n&#8211; Unbrakon\u00f8gle<br \/>\n&#8211; Torxn\u00f8gle<br \/>\n&#8211; B\u00e6retaske med b\u00e6lteklips<\/p>\n","protected":false},"excerpt":{"rendered":"<p>Vedligeholdelses s\u00e6t til Felco sakse<\/p>\n","protected":false},"featured_media":38323,"template":"","meta":{"_acf_changed":false},"product_brand":[],"product_cat":[287],"product_tag":[],"class_list":{"0":"post-38325","1":"product","2":"type-product","3":"status-publish","4":"has-post-thumbnail","6":"product_cat-felco-tillbehor","7":"description-off","9":"first","10":"instock","11":"taxable","12":"shipping-taxable","13":"purchasable","14":"product-type-simple"},"acf":[],"yoast_head":"<!-- This site is optimized with the Yoast SEO plugin v27.3 - https:\/\/yoast.com\/product\/yoast-seo-wordpress\/ -->\n<title>Felco 930 vedligeholdelses s\u00e6t - Greentools<\/title>\n<meta name=\"robots\" content=\"index, follow, max-snippet:-1, max-image-preview:large, max-video-preview:-1\" \/>\n<link rel=\"canonical\" href=\"https:\/\/greentools.dk\/sv\/produkt\/felco-930-vedligeholdelses-saet\/\" \/>\n<meta property=\"og:locale\" content=\"sv_SE\" \/>\n<meta property=\"og:type\" content=\"article\" \/>\n<meta property=\"og:title\" content=\"Felco 930 vedligeholdelses s\u00e6t - Greentools\" \/>\n<meta property=\"og:description\" content=\"Vedligeholdelses s\u00e6t til Felco sakse\" \/>\n<meta property=\"og:url\" content=\"https:\/\/greentools.dk\/sv\/produkt\/felco-930-vedligeholdelses-saet\/\" \/>\n<meta property=\"og:site_name\" content=\"Greentools\" \/>\n<meta property=\"article:modified_time\" content=\"2019-08-02T08:27:26+00:00\" \/>\n<meta property=\"og:image\" content=\"https:\/\/greentools.dk\/wp-content\/uploads\/2017\/10\/Felco-930-Vedligeholdelse-felco.jpg\" \/>\n\t<meta property=\"og:image:width\" content=\"820\" \/>\n\t<meta property=\"og:image:height\" content=\"1327\" \/>\n\t<meta property=\"og:image:type\" content=\"image\/jpeg\" \/>\n<meta name=\"twitter:card\" content=\"summary_large_image\" \/>\n<script type=\"application\/ld+json\" class=\"yoast-schema-graph\">{\"@context\":\"https:\\\/\\\/schema.org\",\"@graph\":[{\"@type\":\"WebPage\",\"@id\":\"https:\\\/\\\/greentools.dk\\\/sv\\\/produkt\\\/felco-930-vedligeholdelses-saet\\\/\",\"url\":\"https:\\\/\\\/greentools.dk\\\/sv\\\/produkt\\\/felco-930-vedligeholdelses-saet\\\/\",\"name\":\"Felco 930 vedligeholdelses s\u00e6t - Greentools\",\"isPartOf\":{\"@id\":\"https:\\\/\\\/greentools.dk\\\/sv\\\/#website\"},\"primaryImageOfPage\":{\"@id\":\"https:\\\/\\\/greentools.dk\\\/sv\\\/produkt\\\/felco-930-vedligeholdelses-saet\\\/#primaryimage\"},\"image\":{\"@id\":\"https:\\\/\\\/greentools.dk\\\/sv\\\/produkt\\\/felco-930-vedligeholdelses-saet\\\/#primaryimage\"},\"thumbnailUrl\":\"https:\\\/\\\/greentools.dk\\\/wp-content\\\/uploads\\\/2017\\\/10\\\/Felco-930-Vedligeholdelse-felco.jpg\",\"datePublished\":\"2017-10-02T19:37:56+00:00\",\"dateModified\":\"2019-08-02T08:27:26+00:00\",\"breadcrumb\":{\"@id\":\"https:\\\/\\\/greentools.dk\\\/sv\\\/produkt\\\/felco-930-vedligeholdelses-saet\\\/#breadcrumb\"},\"inLanguage\":\"sv-SE\",\"potentialAction\":[{\"@type\":\"ReadAction\",\"target\":[\"https:\\\/\\\/greentools.dk\\\/sv\\\/produkt\\\/felco-930-vedligeholdelses-saet\\\/\"]}]},{\"@type\":\"ImageObject\",\"inLanguage\":\"sv-SE\",\"@id\":\"https:\\\/\\\/greentools.dk\\\/sv\\\/produkt\\\/felco-930-vedligeholdelses-saet\\\/#primaryimage\",\"url\":\"https:\\\/\\\/greentools.dk\\\/wp-content\\\/uploads\\\/2017\\\/10\\\/Felco-930-Vedligeholdelse-felco.jpg\",\"contentUrl\":\"https:\\\/\\\/greentools.dk\\\/wp-content\\\/uploads\\\/2017\\\/10\\\/Felco-930-Vedligeholdelse-felco.jpg\",\"width\":820,\"height\":1327,\"caption\":\"Felco 930 vedligeholdelses s\u00e6t\"},{\"@type\":\"BreadcrumbList\",\"@id\":\"https:\\\/\\\/greentools.dk\\\/sv\\\/produkt\\\/felco-930-vedligeholdelses-saet\\\/#breadcrumb\",\"itemListElement\":[{\"@type\":\"ListItem\",\"position\":1,\"name\":\"Hjem\",\"item\":\"https:\\\/\\\/greentools.dk\\\/sv\\\/\"},{\"@type\":\"ListItem\",\"position\":2,\"name\":\"Varusortiment\",\"item\":\"https:\\\/\\\/greentools.dk\\\/sv\\\/produkter\\\/\"},{\"@type\":\"ListItem\",\"position\":3,\"name\":\"Felco 930 vedligeholdelses s\u00e6t\"}]},{\"@type\":\"WebSite\",\"@id\":\"https:\\\/\\\/greentools.dk\\\/sv\\\/#website\",\"url\":\"https:\\\/\\\/greentools.dk\\\/sv\\\/\",\"name\":\"Greentools\",\"description\":\"Dansk Kvalitets - Fuglekasser - Foderhuse - Felco Besk\u00e6rersakse\",\"potentialAction\":[{\"@type\":\"SearchAction\",\"target\":{\"@type\":\"EntryPoint\",\"urlTemplate\":\"https:\\\/\\\/greentools.dk\\\/sv\\\/?s={search_term_string}\"},\"query-input\":{\"@type\":\"PropertyValueSpecification\",\"valueRequired\":true,\"valueName\":\"search_term_string\"}}],\"inLanguage\":\"sv-SE\"}]}<\/script>\n<!-- \/ Yoast SEO plugin. -->","yoast_head_json":{"title":"Felco 930 vedligeholdelses s\u00e6t - Greentools","robots":{"index":"index","follow":"follow","max-snippet":"max-snippet:-1","max-image-preview":"max-image-preview:large","max-video-preview":"max-video-preview:-1"},"canonical":"https:\/\/greentools.dk\/sv\/produkt\/felco-930-vedligeholdelses-saet\/","og_locale":"sv_SE","og_type":"article","og_title":"Felco 930 vedligeholdelses s\u00e6t - Greentools","og_description":"Vedligeholdelses s\u00e6t til Felco sakse","og_url":"https:\/\/greentools.dk\/sv\/produkt\/felco-930-vedligeholdelses-saet\/","og_site_name":"Greentools","article_modified_time":"2019-08-02T08:27:26+00:00","og_image":[{"width":820,"height":1327,"url":"https:\/\/greentools.dk\/wp-content\/uploads\/2017\/10\/Felco-930-Vedligeholdelse-felco.jpg","type":"image\/jpeg"}],"twitter_card":"summary_large_image","schema":{"@context":"https:\/\/schema.org","@graph":[{"@type":"WebPage","@id":"https:\/\/greentools.dk\/sv\/produkt\/felco-930-vedligeholdelses-saet\/","url":"https:\/\/greentools.dk\/sv\/produkt\/felco-930-vedligeholdelses-saet\/","name":"Felco 930 vedligeholdelses s\u00e6t - Greentools","isPartOf":{"@id":"https:\/\/greentools.dk\/sv\/#website"},"primaryImageOfPage":{"@id":"https:\/\/greentools.dk\/sv\/produkt\/felco-930-vedligeholdelses-saet\/#primaryimage"},"image":{"@id":"https:\/\/greentools.dk\/sv\/produkt\/felco-930-vedligeholdelses-saet\/#primaryimage"},"thumbnailUrl":"https:\/\/greentools.dk\/wp-content\/uploads\/2017\/10\/Felco-930-Vedligeholdelse-felco.jpg","datePublished":"2017-10-02T19:37:56+00:00","dateModified":"2019-08-02T08:27:26+00:00","breadcrumb":{"@id":"https:\/\/greentools.dk\/sv\/produkt\/felco-930-vedligeholdelses-saet\/#breadcrumb"},"inLanguage":"sv-SE","potentialAction":[{"@type":"ReadAction","target":["https:\/\/greentools.dk\/sv\/produkt\/felco-930-vedligeholdelses-saet\/"]}]},{"@type":"ImageObject","inLanguage":"sv-SE","@id":"https:\/\/greentools.dk\/sv\/produkt\/felco-930-vedligeholdelses-saet\/#primaryimage","url":"https:\/\/greentools.dk\/wp-content\/uploads\/2017\/10\/Felco-930-Vedligeholdelse-felco.jpg","contentUrl":"https:\/\/greentools.dk\/wp-content\/uploads\/2017\/10\/Felco-930-Vedligeholdelse-felco.jpg","width":820,"height":1327,"caption":"Felco 930 vedligeholdelses s\u00e6t"},{"@type":"BreadcrumbList","@id":"https:\/\/greentools.dk\/sv\/produkt\/felco-930-vedligeholdelses-saet\/#breadcrumb","itemListElement":[{"@type":"ListItem","position":1,"name":"Hjem","item":"https:\/\/greentools.dk\/sv\/"},{"@type":"ListItem","position":2,"name":"Varusortiment","item":"https:\/\/greentools.dk\/sv\/produkter\/"},{"@type":"ListItem","position":3,"name":"Felco 930 vedligeholdelses s\u00e6t"}]},{"@type":"WebSite","@id":"https:\/\/greentools.dk\/sv\/#website","url":"https:\/\/greentools.dk\/sv\/","name":"Greentools","description":"Dansk Kvalitets - Fuglekasser - Foderhuse - Felco Besk\u00e6rersakse","potentialAction":[{"@type":"SearchAction","target":{"@type":"EntryPoint","urlTemplate":"https:\/\/greentools.dk\/sv\/?s={search_term_string}"},"query-input":{"@type":"PropertyValueSpecification","valueRequired":true,"valueName":"search_term_string"}}],"inLanguage":"sv-SE"}]}},"_links":{"self":[{"href":"https:\/\/greentools.dk\/sv\/wp-json\/wp\/v2\/product\/38325","targetHints":{"allow":["GET"]}}],"collection":[{"href":"https:\/\/greentools.dk\/sv\/wp-json\/wp\/v2\/product"}],"about":[{"href":"https:\/\/greentools.dk\/sv\/wp-json\/wp\/v2\/types\/product"}],"wp:featuredmedia":[{"embeddable":true,"href":"https:\/\/greentools.dk\/sv\/wp-json\/wp\/v2\/media\/38323"}],"wp:attachment":[{"href":"https:\/\/greentools.dk\/sv\/wp-json\/wp\/v2\/media?parent=38325"}],"wp:term":[{"taxonomy":"product_brand","embeddable":true,"href":"https:\/\/greentools.dk\/sv\/wp-json\/wp\/v2\/product_brand?post=38325"},{"taxonomy":"product_cat","embeddable":true,"href":"https:\/\/greentools.dk\/sv\/wp-json\/wp\/v2\/product_cat?post=38325"},{"taxonomy":"product_tag","embeddable":true,"href":"https:\/\/greentools.dk\/sv\/wp-json\/wp\/v2\/product_tag?post=38325"}],"curies":[{"name":"wp","href":"https:\/\/api.w.org\/{rel}","templated":true}]}}