{"id":38318,"date":"2017-08-30T21:16:37","date_gmt":"2017-08-30T19:16:37","guid":{"rendered":"http:\/\/better-retreats.com\/greentools\/produkter\/felco-903-diamantbelagt-slibevaerktoej\/"},"modified":"2025-02-20T17:16:25","modified_gmt":"2025-02-20T16:16:25","slug":"felco-903-diamantbelagt-slibevaerktoej","status":"publish","type":"product","link":"https:\/\/greentools.dk\/sv\/produkt\/felco-903-diamantbelagt-slibevaerktoej\/","title":{"rendered":"Felco 903 diamantbelagt slibev\u00e6rkt\u00f8j"},"content":{"rendered":"<p>Felco 903 slibesten med diamantbel\u00e6gning er en uundv\u00e6rlig f\u00f8lgesvend til enhver Felco besk\u00e6resaks.<br \/>\nDen fine t\u00e6tte diamantbel\u00e6gning holder din besk\u00e6rersaks, dine knive og \u00f8vrige v\u00e6rkt\u00f8j skarpt!<\/p>\n","protected":false},"excerpt":{"rendered":"<p>Felco diamantsliber &#8211; holder besk\u00e6resaksen skarp<\/p>\n","protected":false},"featured_media":37188,"template":"","meta":{"_acf_changed":false},"product_brand":[],"product_cat":[287,411],"product_tag":[],"class_list":{"0":"post-38318","1":"product","2":"type-product","3":"status-publish","4":"has-post-thumbnail","6":"product_cat-felco-tillbehor","7":"product_cat-slibevaerktoej-sv","8":"description-off","10":"first","11":"instock","12":"taxable","13":"shipping-taxable","14":"purchasable","15":"product-type-simple"},"acf":[],"yoast_head":"<!-- This site is optimized with the Yoast SEO plugin v27.3 - https:\/\/yoast.com\/product\/yoast-seo-wordpress\/ -->\n<title>Felco 903 diamantbelagt slibev\u00e6rkt\u00f8j til din besk\u00e6resaks<\/title>\n<meta name=\"description\" content=\"Felco 903 er et specialfremstillet slibev\u00e6rkt\u00f8j til Felco besk\u00e6resakse. Hold din besk\u00e6resaks i topform! Bestil online p\u00e5 GreenTools Denmark\" \/>\n<meta name=\"robots\" content=\"noindex, follow\" \/>\n<meta property=\"og:locale\" content=\"sv_SE\" \/>\n<meta property=\"og:type\" content=\"article\" \/>\n<meta property=\"og:title\" content=\"Felco 903 diamantbelagt slibev\u00e6rkt\u00f8j til din besk\u00e6resaks\" \/>\n<meta property=\"og:description\" content=\"Felco 903 er et specialfremstillet slibev\u00e6rkt\u00f8j til Felco besk\u00e6resakse. Hold din besk\u00e6resaks i topform! Bestil online p\u00e5 GreenTools Denmark\" \/>\n<meta property=\"og:url\" content=\"https:\/\/greentools.dk\/sv\/produkt\/felco-903-diamantbelagt-slibevaerktoej\/\" \/>\n<meta property=\"og:site_name\" content=\"Greentools\" \/>\n<meta property=\"article:modified_time\" content=\"2025-02-20T16:16:25+00:00\" \/>\n<meta property=\"og:image\" content=\"https:\/\/greentools.dk\/wp-content\/uploads\/2017\/08\/Felco-903-diamantbelagt-slibev\u00e6rkt\u00f8j.jpg\" \/>\n\t<meta property=\"og:image:width\" content=\"1300\" \/>\n\t<meta property=\"og:image:height\" content=\"1300\" \/>\n\t<meta property=\"og:image:type\" content=\"image\/jpeg\" \/>\n<meta name=\"twitter:card\" content=\"summary_large_image\" \/>\n<script type=\"application\/ld+json\" class=\"yoast-schema-graph\">{\"@context\":\"https:\\\/\\\/schema.org\",\"@graph\":[{\"@type\":\"WebPage\",\"@id\":\"https:\\\/\\\/greentools.dk\\\/sv\\\/produkt\\\/felco-903-diamantbelagt-slibevaerktoej\\\/\",\"url\":\"https:\\\/\\\/greentools.dk\\\/sv\\\/produkt\\\/felco-903-diamantbelagt-slibevaerktoej\\\/\",\"name\":\"Felco 903 diamantbelagt slibev\u00e6rkt\u00f8j til din besk\u00e6resaks\",\"isPartOf\":{\"@id\":\"https:\\\/\\\/greentools.dk\\\/sv\\\/#website\"},\"primaryImageOfPage\":{\"@id\":\"https:\\\/\\\/greentools.dk\\\/sv\\\/produkt\\\/felco-903-diamantbelagt-slibevaerktoej\\\/#primaryimage\"},\"image\":{\"@id\":\"https:\\\/\\\/greentools.dk\\\/sv\\\/produkt\\\/felco-903-diamantbelagt-slibevaerktoej\\\/#primaryimage\"},\"thumbnailUrl\":\"https:\\\/\\\/greentools.dk\\\/wp-content\\\/uploads\\\/2017\\\/08\\\/Felco-903-diamantbelagt-slibev\u00e6rkt\u00f8j.jpg\",\"datePublished\":\"2017-08-30T19:16:37+00:00\",\"dateModified\":\"2025-02-20T16:16:25+00:00\",\"description\":\"Felco 903 er et specialfremstillet slibev\u00e6rkt\u00f8j til Felco besk\u00e6resakse. Hold din besk\u00e6resaks i topform! Bestil online p\u00e5 GreenTools Denmark\",\"breadcrumb\":{\"@id\":\"https:\\\/\\\/greentools.dk\\\/sv\\\/produkt\\\/felco-903-diamantbelagt-slibevaerktoej\\\/#breadcrumb\"},\"inLanguage\":\"sv-SE\",\"potentialAction\":[{\"@type\":\"ReadAction\",\"target\":[\"https:\\\/\\\/greentools.dk\\\/sv\\\/produkt\\\/felco-903-diamantbelagt-slibevaerktoej\\\/\"]}]},{\"@type\":\"ImageObject\",\"inLanguage\":\"sv-SE\",\"@id\":\"https:\\\/\\\/greentools.dk\\\/sv\\\/produkt\\\/felco-903-diamantbelagt-slibevaerktoej\\\/#primaryimage\",\"url\":\"https:\\\/\\\/greentools.dk\\\/wp-content\\\/uploads\\\/2017\\\/08\\\/Felco-903-diamantbelagt-slibev\u00e6rkt\u00f8j.jpg\",\"contentUrl\":\"https:\\\/\\\/greentools.dk\\\/wp-content\\\/uploads\\\/2017\\\/08\\\/Felco-903-diamantbelagt-slibev\u00e6rkt\u00f8j.jpg\",\"width\":1300,\"height\":1300,\"caption\":\"Felco 903 slibesten\"},{\"@type\":\"BreadcrumbList\",\"@id\":\"https:\\\/\\\/greentools.dk\\\/sv\\\/produkt\\\/felco-903-diamantbelagt-slibevaerktoej\\\/#breadcrumb\",\"itemListElement\":[{\"@type\":\"ListItem\",\"position\":1,\"name\":\"Hjem\",\"item\":\"https:\\\/\\\/greentools.dk\\\/sv\\\/\"},{\"@type\":\"ListItem\",\"position\":2,\"name\":\"Varusortiment\",\"item\":\"https:\\\/\\\/greentools.dk\\\/sv\\\/produkter\\\/\"},{\"@type\":\"ListItem\",\"position\":3,\"name\":\"Felco 903 diamantbelagt slibev\u00e6rkt\u00f8j\"}]},{\"@type\":\"WebSite\",\"@id\":\"https:\\\/\\\/greentools.dk\\\/sv\\\/#website\",\"url\":\"https:\\\/\\\/greentools.dk\\\/sv\\\/\",\"name\":\"Greentools\",\"description\":\"Dansk Kvalitets - Fuglekasser - Foderhuse - Felco Besk\u00e6rersakse\",\"potentialAction\":[{\"@type\":\"SearchAction\",\"target\":{\"@type\":\"EntryPoint\",\"urlTemplate\":\"https:\\\/\\\/greentools.dk\\\/sv\\\/?s={search_term_string}\"},\"query-input\":{\"@type\":\"PropertyValueSpecification\",\"valueRequired\":true,\"valueName\":\"search_term_string\"}}],\"inLanguage\":\"sv-SE\"}]}<\/script>\n<!-- \/ Yoast SEO plugin. -->","yoast_head_json":{"title":"Felco 903 diamantbelagt slibev\u00e6rkt\u00f8j til din besk\u00e6resaks","description":"Felco 903 er et specialfremstillet slibev\u00e6rkt\u00f8j til Felco besk\u00e6resakse. Hold din besk\u00e6resaks i topform! Bestil online p\u00e5 GreenTools Denmark","robots":{"index":"noindex","follow":"follow"},"og_locale":"sv_SE","og_type":"article","og_title":"Felco 903 diamantbelagt slibev\u00e6rkt\u00f8j til din besk\u00e6resaks","og_description":"Felco 903 er et specialfremstillet slibev\u00e6rkt\u00f8j til Felco besk\u00e6resakse. Hold din besk\u00e6resaks i topform! Bestil online p\u00e5 GreenTools Denmark","og_url":"https:\/\/greentools.dk\/sv\/produkt\/felco-903-diamantbelagt-slibevaerktoej\/","og_site_name":"Greentools","article_modified_time":"2025-02-20T16:16:25+00:00","og_image":[{"width":1300,"height":1300,"url":"https:\/\/greentools.dk\/wp-content\/uploads\/2017\/08\/Felco-903-diamantbelagt-slibev\u00e6rkt\u00f8j.jpg","type":"image\/jpeg"}],"twitter_card":"summary_large_image","schema":{"@context":"https:\/\/schema.org","@graph":[{"@type":"WebPage","@id":"https:\/\/greentools.dk\/sv\/produkt\/felco-903-diamantbelagt-slibevaerktoej\/","url":"https:\/\/greentools.dk\/sv\/produkt\/felco-903-diamantbelagt-slibevaerktoej\/","name":"Felco 903 diamantbelagt slibev\u00e6rkt\u00f8j til din besk\u00e6resaks","isPartOf":{"@id":"https:\/\/greentools.dk\/sv\/#website"},"primaryImageOfPage":{"@id":"https:\/\/greentools.dk\/sv\/produkt\/felco-903-diamantbelagt-slibevaerktoej\/#primaryimage"},"image":{"@id":"https:\/\/greentools.dk\/sv\/produkt\/felco-903-diamantbelagt-slibevaerktoej\/#primaryimage"},"thumbnailUrl":"https:\/\/greentools.dk\/wp-content\/uploads\/2017\/08\/Felco-903-diamantbelagt-slibev\u00e6rkt\u00f8j.jpg","datePublished":"2017-08-30T19:16:37+00:00","dateModified":"2025-02-20T16:16:25+00:00","description":"Felco 903 er et specialfremstillet slibev\u00e6rkt\u00f8j til Felco besk\u00e6resakse. Hold din besk\u00e6resaks i topform! Bestil online p\u00e5 GreenTools Denmark","breadcrumb":{"@id":"https:\/\/greentools.dk\/sv\/produkt\/felco-903-diamantbelagt-slibevaerktoej\/#breadcrumb"},"inLanguage":"sv-SE","potentialAction":[{"@type":"ReadAction","target":["https:\/\/greentools.dk\/sv\/produkt\/felco-903-diamantbelagt-slibevaerktoej\/"]}]},{"@type":"ImageObject","inLanguage":"sv-SE","@id":"https:\/\/greentools.dk\/sv\/produkt\/felco-903-diamantbelagt-slibevaerktoej\/#primaryimage","url":"https:\/\/greentools.dk\/wp-content\/uploads\/2017\/08\/Felco-903-diamantbelagt-slibev\u00e6rkt\u00f8j.jpg","contentUrl":"https:\/\/greentools.dk\/wp-content\/uploads\/2017\/08\/Felco-903-diamantbelagt-slibev\u00e6rkt\u00f8j.jpg","width":1300,"height":1300,"caption":"Felco 903 slibesten"},{"@type":"BreadcrumbList","@id":"https:\/\/greentools.dk\/sv\/produkt\/felco-903-diamantbelagt-slibevaerktoej\/#breadcrumb","itemListElement":[{"@type":"ListItem","position":1,"name":"Hjem","item":"https:\/\/greentools.dk\/sv\/"},{"@type":"ListItem","position":2,"name":"Varusortiment","item":"https:\/\/greentools.dk\/sv\/produkter\/"},{"@type":"ListItem","position":3,"name":"Felco 903 diamantbelagt slibev\u00e6rkt\u00f8j"}]},{"@type":"WebSite","@id":"https:\/\/greentools.dk\/sv\/#website","url":"https:\/\/greentools.dk\/sv\/","name":"Greentools","description":"Dansk Kvalitets - Fuglekasser - Foderhuse - Felco Besk\u00e6rersakse","potentialAction":[{"@type":"SearchAction","target":{"@type":"EntryPoint","urlTemplate":"https:\/\/greentools.dk\/sv\/?s={search_term_string}"},"query-input":{"@type":"PropertyValueSpecification","valueRequired":true,"valueName":"search_term_string"}}],"inLanguage":"sv-SE"}]}},"_links":{"self":[{"href":"https:\/\/greentools.dk\/sv\/wp-json\/wp\/v2\/product\/38318","targetHints":{"allow":["GET"]}}],"collection":[{"href":"https:\/\/greentools.dk\/sv\/wp-json\/wp\/v2\/product"}],"about":[{"href":"https:\/\/greentools.dk\/sv\/wp-json\/wp\/v2\/types\/product"}],"wp:featuredmedia":[{"embeddable":true,"href":"https:\/\/greentools.dk\/sv\/wp-json\/wp\/v2\/media\/37188"}],"wp:attachment":[{"href":"https:\/\/greentools.dk\/sv\/wp-json\/wp\/v2\/media?parent=38318"}],"wp:term":[{"taxonomy":"product_brand","embeddable":true,"href":"https:\/\/greentools.dk\/sv\/wp-json\/wp\/v2\/product_brand?post=38318"},{"taxonomy":"product_cat","embeddable":true,"href":"https:\/\/greentools.dk\/sv\/wp-json\/wp\/v2\/product_cat?post=38318"},{"taxonomy":"product_tag","embeddable":true,"href":"https:\/\/greentools.dk\/sv\/wp-json\/wp\/v2\/product_tag?post=38318"}],"curies":[{"name":"wp","href":"https:\/\/api.w.org\/{rel}","templated":true}]}}