{"id":37349,"date":"2017-09-03T17:58:19","date_gmt":"2017-09-03T15:58:19","guid":{"rendered":"http:\/\/better-retreats.com\/greentools\/produkter\/felco-7-beskaeresaks\/"},"modified":"2019-11-11T18:14:04","modified_gmt":"2019-11-11T17:14:04","slug":"felco-7-beskaeresaks","status":"publish","type":"product","link":"https:\/\/greentools.dk\/sv\/produkt\/felco-7-beskaeresaks\/","title":{"rendered":"Felco 7 sekat\u00f6r"},"content":{"rendered":"<p>Felco 7 f\u00f6r verkligt kr\u00e4vande besk\u00e4rningsjobb d\u00e4r extra kraft \u00e4r n\u00f6dv\u00e4ndig. Rullhandtaget f\u00f6rdelar muskelkraften och \u00e4r d\u00e4rmed skonsamt f\u00f6r leder och muskler. Handtagen \u00e4r tillverkade av h\u00e5rt pressad aluminium f\u00f6r att \u00f6ka styrkan samtidigt som vikten minimeras. Sekat\u00f6ren har inbyggd st\u00f6tabsorption f\u00f6r att skydda handen. Sk\u00e4r och motsk\u00e4r \u00e4r tillverkade av h\u00e4rdat st\u00e5l, vilket s\u00e4krar god sk\u00e4rpa, l\u00e5ng h\u00e5llbarhet samt ett rent och precist snitt. Felco 7 besk\u00e4r grenar upp till 25 mm. L\u00e4mplig f\u00f6r stora h\u00e4nder. Alla slitdelar p\u00e5 Felco 7 kan bytas ut.\u00a0Finns \u00e4ven f\u00f6r v\u00e4nsterh\u00e4nta, Felco 10.<\/p>\n","protected":false},"excerpt":{"rendered":"<p>Felco 7 kvalitetssekat\u00f6r f\u00f6r kr\u00e4vande besk\u00e4rningsjobb. Kompakt och kraftig. F\u00f6r stora h\u00e4nder.<\/p>\n","protected":false},"featured_media":37343,"template":"","meta":{"_acf_changed":false},"product_brand":[],"product_cat":[283],"product_tag":[],"class_list":{"0":"post-37349","1":"product","2":"type-product","3":"status-publish","4":"has-post-thumbnail","6":"product_cat-felco-sekatorer","7":"pa_haandstoerrelse-m-l","8":"pa_klipper-op-til-25mm-sv","9":"pa_laengde-210mm-sv","10":"pa_vaegt-290g-sv","11":"description-off","13":"first","14":"instock","15":"taxable","16":"shipping-taxable","17":"purchasable","18":"product-type-simple"},"acf":[],"yoast_head":"<!-- This site is optimized with the Yoast SEO plugin v27.3 - https:\/\/yoast.com\/product\/yoast-seo-wordpress\/ -->\n<title>Felco 7, kvalitets sekat\u00f6r<\/title>\n<meta name=\"description\" content=\"Felco 7, sekat\u00f6r f\u00f6r kr\u00e4vande besk\u00e4rningsjobb. Felco 7 sekat\u00f6r har ett rullhandtag som f\u00f6rdelar muskelkraften och \u00e4r d\u00e4rmed skonsamt f\u00f6r leder och muskler.\" \/>\n<meta name=\"robots\" content=\"index, follow, max-snippet:-1, max-image-preview:large, max-video-preview:-1\" \/>\n<link rel=\"canonical\" href=\"https:\/\/greentools.dk\/sv\/produkt\/felco-7-beskaeresaks\/\" \/>\n<meta property=\"og:locale\" content=\"sv_SE\" \/>\n<meta property=\"og:type\" content=\"article\" \/>\n<meta property=\"og:title\" content=\"Felco 7, kvalitets sekat\u00f6r\" \/>\n<meta property=\"og:description\" content=\"Felco 7, sekat\u00f6r f\u00f6r kr\u00e4vande besk\u00e4rningsjobb. Felco 7 sekat\u00f6r har ett rullhandtag som f\u00f6rdelar muskelkraften och \u00e4r d\u00e4rmed skonsamt f\u00f6r leder och muskler.\" \/>\n<meta property=\"og:url\" content=\"https:\/\/greentools.dk\/sv\/produkt\/felco-7-beskaeresaks\/\" \/>\n<meta property=\"og:site_name\" content=\"Greentools\" \/>\n<meta property=\"article:modified_time\" content=\"2019-11-11T17:14:04+00:00\" \/>\n<meta property=\"og:image\" content=\"https:\/\/greentools.dk\/wp-content\/uploads\/2017\/09\/Felco-7.jpg\" \/>\n\t<meta property=\"og:image:width\" content=\"1400\" \/>\n\t<meta property=\"og:image:height\" content=\"1400\" \/>\n\t<meta property=\"og:image:type\" content=\"image\/jpeg\" \/>\n<meta name=\"twitter:card\" content=\"summary_large_image\" \/>\n<meta name=\"twitter:label1\" content=\"Ber\u00e4knad l\u00e4stid\" \/>\n\t<meta name=\"twitter:data1\" content=\"1 minut\" \/>\n<script type=\"application\/ld+json\" class=\"yoast-schema-graph\">{\"@context\":\"https:\\\/\\\/schema.org\",\"@graph\":[{\"@type\":\"WebPage\",\"@id\":\"https:\\\/\\\/greentools.dk\\\/sv\\\/produkt\\\/felco-7-beskaeresaks\\\/\",\"url\":\"https:\\\/\\\/greentools.dk\\\/sv\\\/produkt\\\/felco-7-beskaeresaks\\\/\",\"name\":\"Felco 7, kvalitets sekat\u00f6r\",\"isPartOf\":{\"@id\":\"https:\\\/\\\/greentools.dk\\\/sv\\\/#website\"},\"primaryImageOfPage\":{\"@id\":\"https:\\\/\\\/greentools.dk\\\/sv\\\/produkt\\\/felco-7-beskaeresaks\\\/#primaryimage\"},\"image\":{\"@id\":\"https:\\\/\\\/greentools.dk\\\/sv\\\/produkt\\\/felco-7-beskaeresaks\\\/#primaryimage\"},\"thumbnailUrl\":\"https:\\\/\\\/greentools.dk\\\/wp-content\\\/uploads\\\/2017\\\/09\\\/Felco-7.jpg\",\"datePublished\":\"2017-09-03T15:58:19+00:00\",\"dateModified\":\"2019-11-11T17:14:04+00:00\",\"description\":\"Felco 7, sekat\u00f6r f\u00f6r kr\u00e4vande besk\u00e4rningsjobb. Felco 7 sekat\u00f6r har ett rullhandtag som f\u00f6rdelar muskelkraften och \u00e4r d\u00e4rmed skonsamt f\u00f6r leder och muskler.\",\"breadcrumb\":{\"@id\":\"https:\\\/\\\/greentools.dk\\\/sv\\\/produkt\\\/felco-7-beskaeresaks\\\/#breadcrumb\"},\"inLanguage\":\"sv-SE\",\"potentialAction\":[{\"@type\":\"ReadAction\",\"target\":[\"https:\\\/\\\/greentools.dk\\\/sv\\\/produkt\\\/felco-7-beskaeresaks\\\/\"]}]},{\"@type\":\"ImageObject\",\"inLanguage\":\"sv-SE\",\"@id\":\"https:\\\/\\\/greentools.dk\\\/sv\\\/produkt\\\/felco-7-beskaeresaks\\\/#primaryimage\",\"url\":\"https:\\\/\\\/greentools.dk\\\/wp-content\\\/uploads\\\/2017\\\/09\\\/Felco-7.jpg\",\"contentUrl\":\"https:\\\/\\\/greentools.dk\\\/wp-content\\\/uploads\\\/2017\\\/09\\\/Felco-7.jpg\",\"width\":1400,\"height\":1400,\"caption\":\"Felco 7 besk\u00e6resaks - kvalitet fra Schweich\"},{\"@type\":\"BreadcrumbList\",\"@id\":\"https:\\\/\\\/greentools.dk\\\/sv\\\/produkt\\\/felco-7-beskaeresaks\\\/#breadcrumb\",\"itemListElement\":[{\"@type\":\"ListItem\",\"position\":1,\"name\":\"Hjem\",\"item\":\"https:\\\/\\\/greentools.dk\\\/sv\\\/\"},{\"@type\":\"ListItem\",\"position\":2,\"name\":\"Varusortiment\",\"item\":\"https:\\\/\\\/greentools.dk\\\/sv\\\/produkter\\\/\"},{\"@type\":\"ListItem\",\"position\":3,\"name\":\"Felco 7 sekat\u00f6r\"}]},{\"@type\":\"WebSite\",\"@id\":\"https:\\\/\\\/greentools.dk\\\/sv\\\/#website\",\"url\":\"https:\\\/\\\/greentools.dk\\\/sv\\\/\",\"name\":\"Greentools\",\"description\":\"Dansk Kvalitets - Fuglekasser - Foderhuse - Felco Besk\u00e6rersakse\",\"potentialAction\":[{\"@type\":\"SearchAction\",\"target\":{\"@type\":\"EntryPoint\",\"urlTemplate\":\"https:\\\/\\\/greentools.dk\\\/sv\\\/?s={search_term_string}\"},\"query-input\":{\"@type\":\"PropertyValueSpecification\",\"valueRequired\":true,\"valueName\":\"search_term_string\"}}],\"inLanguage\":\"sv-SE\"}]}<\/script>\n<!-- \/ Yoast SEO plugin. -->","yoast_head_json":{"title":"Felco 7, kvalitets sekat\u00f6r","description":"Felco 7, sekat\u00f6r f\u00f6r kr\u00e4vande besk\u00e4rningsjobb. Felco 7 sekat\u00f6r har ett rullhandtag som f\u00f6rdelar muskelkraften och \u00e4r d\u00e4rmed skonsamt f\u00f6r leder och muskler.","robots":{"index":"index","follow":"follow","max-snippet":"max-snippet:-1","max-image-preview":"max-image-preview:large","max-video-preview":"max-video-preview:-1"},"canonical":"https:\/\/greentools.dk\/sv\/produkt\/felco-7-beskaeresaks\/","og_locale":"sv_SE","og_type":"article","og_title":"Felco 7, kvalitets sekat\u00f6r","og_description":"Felco 7, sekat\u00f6r f\u00f6r kr\u00e4vande besk\u00e4rningsjobb. Felco 7 sekat\u00f6r har ett rullhandtag som f\u00f6rdelar muskelkraften och \u00e4r d\u00e4rmed skonsamt f\u00f6r leder och muskler.","og_url":"https:\/\/greentools.dk\/sv\/produkt\/felco-7-beskaeresaks\/","og_site_name":"Greentools","article_modified_time":"2019-11-11T17:14:04+00:00","og_image":[{"width":1400,"height":1400,"url":"https:\/\/greentools.dk\/wp-content\/uploads\/2017\/09\/Felco-7.jpg","type":"image\/jpeg"}],"twitter_card":"summary_large_image","twitter_misc":{"Ber\u00e4knad l\u00e4stid":"1 minut"},"schema":{"@context":"https:\/\/schema.org","@graph":[{"@type":"WebPage","@id":"https:\/\/greentools.dk\/sv\/produkt\/felco-7-beskaeresaks\/","url":"https:\/\/greentools.dk\/sv\/produkt\/felco-7-beskaeresaks\/","name":"Felco 7, kvalitets sekat\u00f6r","isPartOf":{"@id":"https:\/\/greentools.dk\/sv\/#website"},"primaryImageOfPage":{"@id":"https:\/\/greentools.dk\/sv\/produkt\/felco-7-beskaeresaks\/#primaryimage"},"image":{"@id":"https:\/\/greentools.dk\/sv\/produkt\/felco-7-beskaeresaks\/#primaryimage"},"thumbnailUrl":"https:\/\/greentools.dk\/wp-content\/uploads\/2017\/09\/Felco-7.jpg","datePublished":"2017-09-03T15:58:19+00:00","dateModified":"2019-11-11T17:14:04+00:00","description":"Felco 7, sekat\u00f6r f\u00f6r kr\u00e4vande besk\u00e4rningsjobb. Felco 7 sekat\u00f6r har ett rullhandtag som f\u00f6rdelar muskelkraften och \u00e4r d\u00e4rmed skonsamt f\u00f6r leder och muskler.","breadcrumb":{"@id":"https:\/\/greentools.dk\/sv\/produkt\/felco-7-beskaeresaks\/#breadcrumb"},"inLanguage":"sv-SE","potentialAction":[{"@type":"ReadAction","target":["https:\/\/greentools.dk\/sv\/produkt\/felco-7-beskaeresaks\/"]}]},{"@type":"ImageObject","inLanguage":"sv-SE","@id":"https:\/\/greentools.dk\/sv\/produkt\/felco-7-beskaeresaks\/#primaryimage","url":"https:\/\/greentools.dk\/wp-content\/uploads\/2017\/09\/Felco-7.jpg","contentUrl":"https:\/\/greentools.dk\/wp-content\/uploads\/2017\/09\/Felco-7.jpg","width":1400,"height":1400,"caption":"Felco 7 besk\u00e6resaks - kvalitet fra Schweich"},{"@type":"BreadcrumbList","@id":"https:\/\/greentools.dk\/sv\/produkt\/felco-7-beskaeresaks\/#breadcrumb","itemListElement":[{"@type":"ListItem","position":1,"name":"Hjem","item":"https:\/\/greentools.dk\/sv\/"},{"@type":"ListItem","position":2,"name":"Varusortiment","item":"https:\/\/greentools.dk\/sv\/produkter\/"},{"@type":"ListItem","position":3,"name":"Felco 7 sekat\u00f6r"}]},{"@type":"WebSite","@id":"https:\/\/greentools.dk\/sv\/#website","url":"https:\/\/greentools.dk\/sv\/","name":"Greentools","description":"Dansk Kvalitets - Fuglekasser - Foderhuse - Felco Besk\u00e6rersakse","potentialAction":[{"@type":"SearchAction","target":{"@type":"EntryPoint","urlTemplate":"https:\/\/greentools.dk\/sv\/?s={search_term_string}"},"query-input":{"@type":"PropertyValueSpecification","valueRequired":true,"valueName":"search_term_string"}}],"inLanguage":"sv-SE"}]}},"_links":{"self":[{"href":"https:\/\/greentools.dk\/sv\/wp-json\/wp\/v2\/product\/37349","targetHints":{"allow":["GET"]}}],"collection":[{"href":"https:\/\/greentools.dk\/sv\/wp-json\/wp\/v2\/product"}],"about":[{"href":"https:\/\/greentools.dk\/sv\/wp-json\/wp\/v2\/types\/product"}],"wp:featuredmedia":[{"embeddable":true,"href":"https:\/\/greentools.dk\/sv\/wp-json\/wp\/v2\/media\/37343"}],"wp:attachment":[{"href":"https:\/\/greentools.dk\/sv\/wp-json\/wp\/v2\/media?parent=37349"}],"wp:term":[{"taxonomy":"product_brand","embeddable":true,"href":"https:\/\/greentools.dk\/sv\/wp-json\/wp\/v2\/product_brand?post=37349"},{"taxonomy":"product_cat","embeddable":true,"href":"https:\/\/greentools.dk\/sv\/wp-json\/wp\/v2\/product_cat?post=37349"},{"taxonomy":"product_tag","embeddable":true,"href":"https:\/\/greentools.dk\/sv\/wp-json\/wp\/v2\/product_tag?post=37349"}],"curies":[{"name":"wp","href":"https:\/\/api.w.org\/{rel}","templated":true}]}}