{"id":37127,"date":"2017-08-25T09:57:46","date_gmt":"2017-08-25T07:57:46","guid":{"rendered":"http:\/\/better-retreats.com\/greentools\/produkter\/felco-2\/"},"modified":"2019-11-30T21:59:52","modified_gmt":"2019-11-30T20:59:52","slug":"felco-2","status":"publish","type":"product","link":"https:\/\/greentools.dk\/sv\/produkt\/felco-2\/","title":{"rendered":"Felco 2 sekat\u00f6r"},"content":{"rendered":"<p>Felco 2 \u00e4r en klassisk modell som blivit erk\u00e4nd av professionella tr\u00e4dg\u00e5rdsm\u00e4stare. Handtagen \u00e4r tillverkade av h\u00e5rt pressad aluminium f\u00f6r att \u00f6ka styrkan samtidigt som vikten minimeras. Sekat\u00f6ren har inbyggd st\u00f6tabsorption f\u00f6r att skydda handen. Sk\u00e4r och motsk\u00e4r \u00e4r tillverkade av h\u00e4rdat st\u00e5l, vilket s\u00e4krar god sk\u00e4rpa, l\u00e5ng h\u00e5llbarhet samt ett rent och precist snitt. Felco 2 besk\u00e4r grenar upp till 25 mm. Felco 2 \u00e4r l\u00e4mplig f\u00f6r stora h\u00e4nder. Alla slitdelar p\u00e5 Felco 2 kan bytas ut.<\/p>\n","protected":false},"excerpt":{"rendered":"<p>Professionell all-round kvalitetssekat\u00f6r, besk\u00e4r grenar upp till 25mm<\/p>\n","protected":false},"featured_media":37150,"template":"","meta":{"_acf_changed":false},"product_brand":[],"product_cat":[283],"product_tag":[],"class_list":{"0":"post-37127","1":"product","2":"type-product","3":"status-publish","4":"has-post-thumbnail","6":"product_cat-felco-sekatorer","7":"description-off","9":"first","10":"instock","11":"sale","12":"featured","13":"taxable","14":"shipping-taxable","15":"purchasable","16":"product-type-simple"},"acf":[],"yoast_head":"<!-- This site is optimized with the Yoast SEO plugin v27.4 - https:\/\/yoast.com\/product\/yoast-seo-wordpress\/ -->\n<title>felco 2 sekator for 429 kr - Snabba leveranser online<\/title>\n<meta name=\"description\" content=\"Den klassiska modellen Felco 2 sekat\u00f6r med st\u00f6tabsorberande handtag. Snabba leveranser online. Denna Felco 2 sekat\u00f6r \u00e4r utvecklad f\u00f6r professionellt bruk.\" \/>\n<meta name=\"robots\" content=\"index, follow, max-snippet:-1, max-image-preview:large, max-video-preview:-1\" \/>\n<link rel=\"canonical\" href=\"https:\/\/greentools.dk\/sv\/produkt\/felco-2\/\" \/>\n<meta property=\"og:locale\" content=\"sv_SE\" \/>\n<meta property=\"og:type\" content=\"article\" \/>\n<meta property=\"og:title\" content=\"felco 2 sekator for 429 kr - Snabba leveranser online\" \/>\n<meta property=\"og:description\" content=\"Den klassiska modellen Felco 2 sekat\u00f6r med st\u00f6tabsorberande handtag. Snabba leveranser online. Denna Felco 2 sekat\u00f6r \u00e4r utvecklad f\u00f6r professionellt bruk.\" \/>\n<meta property=\"og:url\" content=\"https:\/\/greentools.dk\/sv\/produkt\/felco-2\/\" \/>\n<meta property=\"og:site_name\" content=\"Greentools\" \/>\n<meta property=\"article:modified_time\" content=\"2019-11-30T20:59:52+00:00\" \/>\n<meta property=\"og:image\" content=\"https:\/\/greentools.dk\/wp-content\/uploads\/2017\/08\/Felco-2.jpg\" \/>\n\t<meta property=\"og:image:width\" content=\"1376\" \/>\n\t<meta property=\"og:image:height\" content=\"1376\" \/>\n\t<meta property=\"og:image:type\" content=\"image\/jpeg\" \/>\n<meta name=\"twitter:card\" content=\"summary_large_image\" \/>\n<script type=\"application\/ld+json\" class=\"yoast-schema-graph\">{\"@context\":\"https:\\\/\\\/schema.org\",\"@graph\":[{\"@type\":\"WebPage\",\"@id\":\"https:\\\/\\\/greentools.dk\\\/sv\\\/produkt\\\/felco-2\\\/\",\"url\":\"https:\\\/\\\/greentools.dk\\\/sv\\\/produkt\\\/felco-2\\\/\",\"name\":\"felco 2 sekator for 429 kr - Snabba leveranser online\",\"isPartOf\":{\"@id\":\"https:\\\/\\\/greentools.dk\\\/sv\\\/#website\"},\"primaryImageOfPage\":{\"@id\":\"https:\\\/\\\/greentools.dk\\\/sv\\\/produkt\\\/felco-2\\\/#primaryimage\"},\"image\":{\"@id\":\"https:\\\/\\\/greentools.dk\\\/sv\\\/produkt\\\/felco-2\\\/#primaryimage\"},\"thumbnailUrl\":\"https:\\\/\\\/greentools.dk\\\/wp-content\\\/uploads\\\/2017\\\/08\\\/Felco-2.jpg\",\"datePublished\":\"2017-08-25T07:57:46+00:00\",\"dateModified\":\"2019-11-30T20:59:52+00:00\",\"description\":\"Den klassiska modellen Felco 2 sekat\u00f6r med st\u00f6tabsorberande handtag. Snabba leveranser online. Denna Felco 2 sekat\u00f6r \u00e4r utvecklad f\u00f6r professionellt bruk.\",\"breadcrumb\":{\"@id\":\"https:\\\/\\\/greentools.dk\\\/sv\\\/produkt\\\/felco-2\\\/#breadcrumb\"},\"inLanguage\":\"sv-SE\",\"potentialAction\":[{\"@type\":\"ReadAction\",\"target\":[\"https:\\\/\\\/greentools.dk\\\/sv\\\/produkt\\\/felco-2\\\/\"]}]},{\"@type\":\"ImageObject\",\"inLanguage\":\"sv-SE\",\"@id\":\"https:\\\/\\\/greentools.dk\\\/sv\\\/produkt\\\/felco-2\\\/#primaryimage\",\"url\":\"https:\\\/\\\/greentools.dk\\\/wp-content\\\/uploads\\\/2017\\\/08\\\/Felco-2.jpg\",\"contentUrl\":\"https:\\\/\\\/greentools.dk\\\/wp-content\\\/uploads\\\/2017\\\/08\\\/Felco-2.jpg\",\"width\":1376,\"height\":1376,\"caption\":\"Felco 2 besk\u00e6resaks i professionel kvalitet\"},{\"@type\":\"BreadcrumbList\",\"@id\":\"https:\\\/\\\/greentools.dk\\\/sv\\\/produkt\\\/felco-2\\\/#breadcrumb\",\"itemListElement\":[{\"@type\":\"ListItem\",\"position\":1,\"name\":\"Hjem\",\"item\":\"https:\\\/\\\/greentools.dk\\\/sv\\\/\"},{\"@type\":\"ListItem\",\"position\":2,\"name\":\"Varusortiment\",\"item\":\"https:\\\/\\\/greentools.dk\\\/sv\\\/produkter\\\/\"},{\"@type\":\"ListItem\",\"position\":3,\"name\":\"Felco 2 sekat\u00f6r\"}]},{\"@type\":\"WebSite\",\"@id\":\"https:\\\/\\\/greentools.dk\\\/sv\\\/#website\",\"url\":\"https:\\\/\\\/greentools.dk\\\/sv\\\/\",\"name\":\"Greentools\",\"description\":\"Dansk Kvalitets - Fuglekasser - Foderhuse - Felco Besk\u00e6rersakse\",\"potentialAction\":[{\"@type\":\"SearchAction\",\"target\":{\"@type\":\"EntryPoint\",\"urlTemplate\":\"https:\\\/\\\/greentools.dk\\\/sv\\\/?s={search_term_string}\"},\"query-input\":{\"@type\":\"PropertyValueSpecification\",\"valueRequired\":true,\"valueName\":\"search_term_string\"}}],\"inLanguage\":\"sv-SE\"}]}<\/script>\n<!-- \/ Yoast SEO plugin. -->","yoast_head_json":{"title":"felco 2 sekator for 429 kr - Snabba leveranser online","description":"Den klassiska modellen Felco 2 sekat\u00f6r med st\u00f6tabsorberande handtag. Snabba leveranser online. Denna Felco 2 sekat\u00f6r \u00e4r utvecklad f\u00f6r professionellt bruk.","robots":{"index":"index","follow":"follow","max-snippet":"max-snippet:-1","max-image-preview":"max-image-preview:large","max-video-preview":"max-video-preview:-1"},"canonical":"https:\/\/greentools.dk\/sv\/produkt\/felco-2\/","og_locale":"sv_SE","og_type":"article","og_title":"felco 2 sekator for 429 kr - Snabba leveranser online","og_description":"Den klassiska modellen Felco 2 sekat\u00f6r med st\u00f6tabsorberande handtag. Snabba leveranser online. Denna Felco 2 sekat\u00f6r \u00e4r utvecklad f\u00f6r professionellt bruk.","og_url":"https:\/\/greentools.dk\/sv\/produkt\/felco-2\/","og_site_name":"Greentools","article_modified_time":"2019-11-30T20:59:52+00:00","og_image":[{"width":1376,"height":1376,"url":"https:\/\/greentools.dk\/wp-content\/uploads\/2017\/08\/Felco-2.jpg","type":"image\/jpeg"}],"twitter_card":"summary_large_image","schema":{"@context":"https:\/\/schema.org","@graph":[{"@type":"WebPage","@id":"https:\/\/greentools.dk\/sv\/produkt\/felco-2\/","url":"https:\/\/greentools.dk\/sv\/produkt\/felco-2\/","name":"felco 2 sekator for 429 kr - Snabba leveranser online","isPartOf":{"@id":"https:\/\/greentools.dk\/sv\/#website"},"primaryImageOfPage":{"@id":"https:\/\/greentools.dk\/sv\/produkt\/felco-2\/#primaryimage"},"image":{"@id":"https:\/\/greentools.dk\/sv\/produkt\/felco-2\/#primaryimage"},"thumbnailUrl":"https:\/\/greentools.dk\/wp-content\/uploads\/2017\/08\/Felco-2.jpg","datePublished":"2017-08-25T07:57:46+00:00","dateModified":"2019-11-30T20:59:52+00:00","description":"Den klassiska modellen Felco 2 sekat\u00f6r med st\u00f6tabsorberande handtag. Snabba leveranser online. Denna Felco 2 sekat\u00f6r \u00e4r utvecklad f\u00f6r professionellt bruk.","breadcrumb":{"@id":"https:\/\/greentools.dk\/sv\/produkt\/felco-2\/#breadcrumb"},"inLanguage":"sv-SE","potentialAction":[{"@type":"ReadAction","target":["https:\/\/greentools.dk\/sv\/produkt\/felco-2\/"]}]},{"@type":"ImageObject","inLanguage":"sv-SE","@id":"https:\/\/greentools.dk\/sv\/produkt\/felco-2\/#primaryimage","url":"https:\/\/greentools.dk\/wp-content\/uploads\/2017\/08\/Felco-2.jpg","contentUrl":"https:\/\/greentools.dk\/wp-content\/uploads\/2017\/08\/Felco-2.jpg","width":1376,"height":1376,"caption":"Felco 2 besk\u00e6resaks i professionel kvalitet"},{"@type":"BreadcrumbList","@id":"https:\/\/greentools.dk\/sv\/produkt\/felco-2\/#breadcrumb","itemListElement":[{"@type":"ListItem","position":1,"name":"Hjem","item":"https:\/\/greentools.dk\/sv\/"},{"@type":"ListItem","position":2,"name":"Varusortiment","item":"https:\/\/greentools.dk\/sv\/produkter\/"},{"@type":"ListItem","position":3,"name":"Felco 2 sekat\u00f6r"}]},{"@type":"WebSite","@id":"https:\/\/greentools.dk\/sv\/#website","url":"https:\/\/greentools.dk\/sv\/","name":"Greentools","description":"Dansk Kvalitets - Fuglekasser - Foderhuse - Felco Besk\u00e6rersakse","potentialAction":[{"@type":"SearchAction","target":{"@type":"EntryPoint","urlTemplate":"https:\/\/greentools.dk\/sv\/?s={search_term_string}"},"query-input":{"@type":"PropertyValueSpecification","valueRequired":true,"valueName":"search_term_string"}}],"inLanguage":"sv-SE"}]}},"_links":{"self":[{"href":"https:\/\/greentools.dk\/sv\/wp-json\/wp\/v2\/product\/37127","targetHints":{"allow":["GET"]}}],"collection":[{"href":"https:\/\/greentools.dk\/sv\/wp-json\/wp\/v2\/product"}],"about":[{"href":"https:\/\/greentools.dk\/sv\/wp-json\/wp\/v2\/types\/product"}],"wp:featuredmedia":[{"embeddable":true,"href":"https:\/\/greentools.dk\/sv\/wp-json\/wp\/v2\/media\/37150"}],"wp:attachment":[{"href":"https:\/\/greentools.dk\/sv\/wp-json\/wp\/v2\/media?parent=37127"}],"wp:term":[{"taxonomy":"product_brand","embeddable":true,"href":"https:\/\/greentools.dk\/sv\/wp-json\/wp\/v2\/product_brand?post=37127"},{"taxonomy":"product_cat","embeddable":true,"href":"https:\/\/greentools.dk\/sv\/wp-json\/wp\/v2\/product_cat?post=37127"},{"taxonomy":"product_tag","embeddable":true,"href":"https:\/\/greentools.dk\/sv\/wp-json\/wp\/v2\/product_tag?post=37127"}],"curies":[{"name":"wp","href":"https:\/\/api.w.org\/{rel}","templated":true}]}}