{"id":40148,"date":"2017-10-19T09:41:26","date_gmt":"2017-10-19T07:41:26","guid":{"rendered":"http:\/\/better-retreats.com\/greentools\/?page_id=40148"},"modified":"2017-11-14T18:46:46","modified_gmt":"2017-11-14T17:46:46","slug":"kontakt-os","status":"publish","type":"page","link":"https:\/\/greentools.dk\/sv\/kontakt-os\/","title":{"rendered":"kontaktuppgifter"},"content":{"rendered":"<div class=\"wpb-content-wrapper\"><p>[vc_row full_width=&#8221;stretch_row_content_no_spaces&#8221; enable_first_overlay=&#8221;true&#8221; first_overlay_opacity=&#8221;40&#8243; first_background_color=&#8221;#333333&#8243; css=&#8221;.vc_custom_1502791462278{background-image: url(https:\/\/greentools.dk\/wp-content\/uploads\/2017\/08\/3.6GreenTool_960X400.jpg?id=36469) !important;background-position: center !important;background-repeat: no-repeat !important;background-size: cover !important;}&#8221;][vc_column css=&#8221;.vc_custom_1502791393612{padding-top: 10% !important;padding-bottom: 10% !important;}&#8221;][\/vc_column][\/vc_row][vc_row][vc_column width=&#8221;1\/2&#8243; css=&#8221;.vc_custom_1502791484615{padding-top: 8.5% !important;}&#8221;][vc_row_inner][vc_column_inner width=&#8221;1\/2&#8243;][vc_single_image image=&#8221;36441&#8243; img_size=&#8221;large&#8221; css_animation=&#8221;fadeIn&#8221; css=&#8221;.vc_custom_1502790909694{margin-bottom: 10px !important;}&#8221;][\/vc_column_inner][vc_column_inner width=&#8221;1\/2&#8243; css=&#8221;.vc_custom_1502789769340{padding-top: 8% !important;}&#8221;][vc_single_image image=&#8221;36356&#8243; img_size=&#8221;large&#8221; alignment=&#8221;center&#8221; css_animation=&#8221;fadeIn&#8221;][vc_column_text css_animation=&#8221;fadeIn&#8221;]<\/p>\n<p style=\"text-align: center;\"><strong>GreenTools.dk<br \/>\n<\/strong>Them Skovvej 5<br \/>\n8653 Them<br \/>\n<strong>CVR:<\/strong> 28435967<br \/>\n<strong>T:\u00a0<\/strong>+45 2648 9949<br \/>\n<strong>E:\u00a0<\/strong>info@greentools.dk<\/p>\n<p>[\/vc_column_text][\/vc_column_inner][\/vc_row_inner][vc_row_inner][vc_column_inner enable_sticky=&#8221;true&#8221; sticky_offset=&#8221;0&#8243;][vc_single_image image=&#8221;36439&#8243; img_size=&#8221;large&#8221;][\/vc_column_inner][\/vc_row_inner][\/vc_column][vc_column width=&#8221;1\/2&#8243; css=&#8221;.vc_custom_1502791514375{padding-top: 8% !important;padding-right: 4% !important;padding-bottom: 8% !important;padding-left: 4% !important;}&#8221; el_class=&#8221;border-get-left&#8221;][vc_column_text css_animation=&#8221;fadeIn&#8221; css=&#8221;.vc_custom_1502791004551{padding-bottom: 2% !important;}&#8221;]<\/p>\n<h2>Brug for assistance?<\/h2>\n<p>Vores dygtige medarbejdere st\u00e5r klar til at give en hj\u00e6lpende h\u00e5nd, om det m\u00e5tte v\u00e6re i valg af produkt eller anden form for assistance![\/vc_column_text][vc_row_inner][vc_column_inner animation_in_type=&#8221;transition.fadeIn&#8221; animation_in_offset=&#8221;100&#8243; animation_in_duration=&#8221;300&#8243; animation_in_delay=&#8221;0&#8243;]\n<div class=\"wpcf7 no-js\" id=\"wpcf7-f36430-o1\" lang=\"da-DK\" dir=\"ltr\" data-wpcf7-id=\"36430\">\n<div class=\"screen-reader-response\"><p role=\"status\" aria-live=\"polite\" aria-atomic=\"true\"><\/p> <ul><\/ul><\/div>\n<form action=\"\/sv\/wp-json\/wp\/v2\/pages\/40148#wpcf7-f36430-o1\" method=\"post\" class=\"wpcf7-form init\" aria-label=\"Kontaktformular\" novalidate=\"novalidate\" data-status=\"init\">\n<fieldset class=\"hidden-fields-container\"><input type=\"hidden\" name=\"_wpcf7\" value=\"36430\" \/><input type=\"hidden\" name=\"_wpcf7_version\" value=\"6.1.5\" \/><input type=\"hidden\" name=\"_wpcf7_locale\" value=\"da_DK\" \/><input type=\"hidden\" name=\"_wpcf7_unit_tag\" value=\"wpcf7-f36430-o1\" \/><input type=\"hidden\" name=\"_wpcf7_container_post\" value=\"0\" \/><input type=\"hidden\" name=\"_wpcf7_posted_data_hash\" value=\"\" \/><input type=\"hidden\" name=\"_wpcf7_recaptcha_response\" value=\"\" \/>\n<\/fieldset>\n<p><label> Navn<br \/>\n<span class=\"wpcf7-form-control-wrap\" data-name=\"your-name\"><input size=\"40\" maxlength=\"400\" class=\"wpcf7-form-control wpcf7-text wpcf7-validates-as-required\" aria-required=\"true\" aria-invalid=\"false\" value=\"\" type=\"text\" name=\"your-name\" \/><\/span> <\/label>\n<\/p>\n<p><label> E-mail<br \/>\n<span class=\"wpcf7-form-control-wrap\" data-name=\"your-email\"><input size=\"40\" maxlength=\"400\" class=\"wpcf7-form-control wpcf7-email wpcf7-validates-as-required wpcf7-text wpcf7-validates-as-email\" aria-required=\"true\" aria-invalid=\"false\" value=\"\" type=\"email\" name=\"your-email\" \/><\/span> <\/label>\n<\/p>\n<p><label> Emne<br \/>\n<span class=\"wpcf7-form-control-wrap\" data-name=\"your-subject\"><input size=\"40\" maxlength=\"400\" class=\"wpcf7-form-control wpcf7-text\" aria-invalid=\"false\" value=\"\" type=\"text\" name=\"your-subject\" \/><\/span> <\/label>\n<\/p>\n<p><label> Din besked<br \/>\n<span class=\"wpcf7-form-control-wrap\" data-name=\"your-message\"><textarea cols=\"40\" rows=\"10\" maxlength=\"2000\" class=\"wpcf7-form-control wpcf7-textarea\" aria-invalid=\"false\" name=\"your-message\"><\/textarea><\/span> <\/label>\n<\/p>\n<p><input class=\"wpcf7-form-control wpcf7-submit has-spinner\" type=\"submit\" value=\"Send\" \/>\n<\/p><input type=\"hidden\" id=\"ct_checkjs_cf7_51ef186e18dc00c2d31982567235c559\" name=\"ct_checkjs_cf7\" value=\"0\" \/><script data-cookieconsent=\"ignore\">setTimeout(function(){var ct_input_name = \"ct_checkjs_cf7_51ef186e18dc00c2d31982567235c559\";if (document.getElementById(ct_input_name) !== null) {var ct_input_value = document.getElementById(ct_input_name).value;document.getElementById(ct_input_name).value = document.getElementById(ct_input_name).value.replace(ct_input_value, 'e06ac735b63f9432c11e24aead335bb1bd4941af1c52fcd15cafd5a470d04efd');}}, 1000);<\/script><input\n                    class=\"apbct_special_field apbct_email_id__wp_contact_form_7\"\n                    name=\"apbct__email_id__wp_contact_form_7\"\n                    aria-label=\"apbct__label_id__wp_contact_form_7\"\n                    type=\"text\" size=\"30\" maxlength=\"200\" autocomplete=\"off\"\n                    value=\"\"\n                \/><div class=\"wpcf7-response-output\" aria-hidden=\"true\"><\/div>\n<\/form>\n<\/div>\n[\/vc_column_inner][\/vc_row_inner][\/vc_column][\/vc_row][vc_row full_width=&#8221;stretch_row_content_no_spaces&#8221;][vc_column]<div id='wrap_map_69da3d9c1dc0a' class='ultimate-map-wrapper ult-adjust-bottom-margin ' style=' height:300px;'><div id='map_69da3d9c1dc0a' data-map_override='0' class='ultimate_google_map wpb_content_element ' style='width:100%;height:300px;'><\/div><\/div><script type='text\/javascript'>\n\t\t\t(function($) {\n  \t\t\t'use strict';\n\t\t\tvar map_map_69da3d9c1dc0a = null;\n\t\t\tvar coordinate_map_69da3d9c1dc0a;\n\t\t\tvar isDraggable = $(document).width() > 641 ? 'true' : 'true';\n\t\t\ttry\n\t\t\t{\n\t\t\t\tvar map_map_69da3d9c1dc0a = null;\n\t\t\t\tvar coordinate_map_69da3d9c1dc0a;\n\t\t\t\tcoordinate_map_69da3d9c1dc0a = new google.maps.LatLng(18.591212, 73.741261);\n\t\t\t\tvar mapOptions=\n\t\t\t\t{\n\t\t\t\t\tzoom: 12,\n\t\t\t\t\tcenter: coordinate_map_69da3d9c1dc0a,\n\t\t\t\t\tscaleControl: true,\n\t\t\t\t\tstreetViewControl: false,\n\t\t\t\t\tmapTypeControl: false,\n\t\t\t\t\tpanControl: false,\n\t\t\t\t\tzoomControl: false,\n\t\t\t\t\tscrollwheel: false,\n\t\t\t\t\tdraggable: isDraggable,\n\t\t\t\t\tzoomControlOptions: {\n\t\t\t\t\t\tposition: google.maps.ControlPosition.right_bottom\n\t\t\t\t\t},mapTypeId: google.maps.MapTypeId.roadmap,};var map_map_69da3d9c1dc0a = new google.maps.Map(document.getElementById('map_69da3d9c1dc0a'),mapOptions);\n\t\t\t\t\t\tvar x = 'infowindow_open_value';\n\t\t\t\t\t\tvar marker_map_69da3d9c1dc0a = new google.maps.Marker({\n\t\t\t\t\t\tposition: new google.maps.LatLng('18.591212', '73.741261'),\n\t\t\t\t\t\tanimation:  google.maps.Animation.DROP,\n\t\t\t\t\t\tmap: map_map_69da3d9c1dc0a,\n\t\t\t\t\t\ticon: ''\n\t\t\t\t\t});\tgoogle.maps.event.addListener(marker_map_69da3d9c1dc0a, 'click', toggleBounce);}\n\t\t\tcatch(e){};\n\t\t\tjQuery(document).ready(function($){\n\t\t\t\tgoogle.maps.event.trigger(map_map_69da3d9c1dc0a, 'resize');\n\t\t\t\t$(window).on('resize', function(){\n\t\t\t\t\tgoogle.maps.event.trigger(map_map_69da3d9c1dc0a, 'resize');\n\t\t\t\t\tif(map_map_69da3d9c1dc0a!=null)\n\t\t\t\t\t\tmap_map_69da3d9c1dc0a.setCenter(coordinate_map_69da3d9c1dc0a);\n\t\t\t\t});\n\t\t\t\t$('.ui-tabs').on('tabsactivate', function(event, ui) {\n\t\t\t\t   if($(this).find('.ultimate-map-wrapper').length > 0)\n\t\t\t\t\t{\n\t\t\t\t\t\tsetTimeout(function(){\n\t\t\t\t\t\t\t$(window).trigger('resize');\n\t\t\t\t\t\t},200);\n\t\t\t\t\t}\n\t\t\t\t});\n\t\t\t\t$('.ui-accordion').on('accordionactivate', function(event, ui) {\n\t\t\t\t   if($(this).find('.ultimate-map-wrapper').length > 0)\n\t\t\t\t\t{\n\t\t\t\t\t\tsetTimeout(function(){\n\t\t\t\t\t\t\t$(window).trigger('resize');\n\t\t\t\t\t\t},200);\n\t\t\t\t\t}\n\t\t\t\t});\n\t\t\t\t$(window).on('load',function(){\n\t\t\t\t\tsetTimeout(function(){\n\t\t\t\t\t\t$(window).trigger('resize');\n\t\t\t\t\t},200);\n\t\t\t\t});\n\t\t\t\t$('.ult_exp_section').on('select', function(){\n\t\t\t\t\tif($(map_map_69da3d9c1dc0a).parents('.ult_exp_section'))\n\t\t\t\t\t{\n\t\t\t\t\t\tsetTimeout(function(){\n\t\t\t\t\t\t\t$(window).trigger('resize');\n\t\t\t\t\t\t},200);\n\t\t\t\t\t}\n\t\t\t\t});\n\t\t\t\t$(document).on('onUVCModalPopupOpen', function(){\n\t\t\t\t\tif($(map_map_69da3d9c1dc0a).parents('.ult_modal-content'))\n\t\t\t\t\t{\n\t\t\t\t\t\tsetTimeout(function(){\n\t\t\t\t\t\t\t$(window).trigger('resize');\n\t\t\t\t\t\t},200);\n\t\t\t\t\t}\n\t\t\t\t});\n\t\t\t\t$(document).on('click','.ult_tab_li',function(){\n\t\t\t\t\t$(window).trigger('resize');\n\t\t\t\t\tsetTimeout(function(){\n\t\t\t\t\t\t$(window).trigger('resize');\n\t\t\t\t\t},200);\n\t\t\t\t});\n\t\t\t});\n\t\t\tfunction toggleBounce() {\n\t\t\t  if (marker_map_69da3d9c1dc0a.getAnimation() != null) {\n\t\t\t\tmarker_map_69da3d9c1dc0a.setAnimation(null);\n\t\t\t  } else {\n\t\t\t\tmarker_map_69da3d9c1dc0a.setAnimation(google.maps.Animation.BOUNCE);\n\t\t\t  }\n\t\t\t}\n\t\t\t})(jQuery);\n\t\t\t<\/script>[\/vc_column][\/vc_row]<\/p>\n<\/div>","protected":false},"excerpt":{"rendered":"<p>[vc_row full_width=&#8221;stretch_row_content_no_spaces&#8221; enable_first_overlay=&#8221;true&#8221; first_overlay_opacity=&#8221;40&#8243; first_background_color=&#8221;#333333&#8243; css=&#8221;.vc_custom_1502791462278{background-image: url(https:\/\/greentools.dk\/wp-content\/uploads\/2017\/08\/3.6GreenTool_960X400.jpg?id=36469) !important;background-position: center !important;background-repeat: no-repeat !important;background-size: cover !important;}&#8221;][vc_column css=&#8221;.vc_custom_1502791393612{padding-top: 10% !important;padding-bottom: 10% !important;}&#8221;][\/vc_column][\/vc_row][vc_row][vc_column width=&#8221;1\/2&#8243; css=&#8221;.vc_custom_1502791484615{padding-top: 8.5% !important;}&#8221;][vc_row_inner][vc_column_inner width=&#8221;1\/2&#8243;][vc_single_image image=&#8221;36441&#8243; img_size=&#8221;large&#8221; css_animation=&#8221;fadeIn&#8221; css=&#8221;.vc_custom_1502790909694{margin-bottom: 10px !important;}&#8221;][\/vc_column_inner][vc_column_inner width=&#8221;1\/2&#8243; css=&#8221;.vc_custom_1502789769340{padding-top: 8% !important;}&#8221;][vc_single_image image=&#8221;36356&#8243; img_size=&#8221;large&#8221; alignment=&#8221;center&#8221; css_animation=&#8221;fadeIn&#8221;][vc_column_text css_animation=&#8221;fadeIn&#8221;] GreenTools.dk Them Skovvej 5 8653 Them CVR: 28435967 T:\u00a0+45 2648 9949 E:\u00a0info@greentools.dk [\/vc_column_text][\/vc_column_inner][\/vc_row_inner][vc_row_inner][vc_column_inner enable_sticky=&#8221;true&#8221; sticky_offset=&#8221;0&#8243;][vc_single_image image=&#8221;36439&#8243;&hellip;<\/p>\n","protected":false},"author":15,"featured_media":0,"parent":0,"menu_order":0,"comment_status":"closed","ping_status":"closed","template":"","meta":{"_acf_changed":false,"footnotes":""},"class_list":["post-40148","page","type-page","status-publish","hentry","description-off"],"acf":[],"yoast_head":"<!-- This site is optimized with the Yoast SEO plugin v27.3 - https:\/\/yoast.com\/product\/yoast-seo-wordpress\/ -->\n<title>kontaktuppgifter - Greentools<\/title>\n<meta name=\"robots\" content=\"index, follow, max-snippet:-1, max-image-preview:large, max-video-preview:-1\" \/>\n<link rel=\"canonical\" href=\"https:\/\/greentools.dk\/sv\/kontakt-os\/\" \/>\n<meta property=\"og:locale\" content=\"sv_SE\" \/>\n<meta property=\"og:type\" content=\"article\" \/>\n<meta property=\"og:title\" content=\"kontaktuppgifter - Greentools\" \/>\n<meta property=\"og:description\" content=\"[vc_row full_width=&#8221;stretch_row_content_no_spaces&#8221; enable_first_overlay=&#8221;true&#8221; first_overlay_opacity=&#8221;40&#8243; first_background_color=&#8221;#333333&#8243; css=&#8221;.vc_custom_1502791462278{background-image: url(https:\/\/greentools.dk\/wp-content\/uploads\/2017\/08\/3.6GreenTool_960X400.jpg?id=36469) !important;background-position: center !important;background-repeat: no-repeat !important;background-size: cover !important;}&#8221;][vc_column css=&#8221;.vc_custom_1502791393612{padding-top: 10% !important;padding-bottom: 10% !important;}&#8221;][\/vc_column][\/vc_row][vc_row][vc_column width=&#8221;1\/2&#8243; css=&#8221;.vc_custom_1502791484615{padding-top: 8.5% !important;}&#8221;][vc_row_inner][vc_column_inner width=&#8221;1\/2&#8243;][vc_single_image image=&#8221;36441&#8243; img_size=&#8221;large&#8221; css_animation=&#8221;fadeIn&#8221; css=&#8221;.vc_custom_1502790909694{margin-bottom: 10px !important;}&#8221;][\/vc_column_inner][vc_column_inner width=&#8221;1\/2&#8243; css=&#8221;.vc_custom_1502789769340{padding-top: 8% !important;}&#8221;][vc_single_image image=&#8221;36356&#8243; img_size=&#8221;large&#8221; alignment=&#8221;center&#8221; css_animation=&#8221;fadeIn&#8221;][vc_column_text css_animation=&#8221;fadeIn&#8221;] GreenTools.dk Them Skovvej 5 8653 Them CVR: 28435967 T:\u00a0+45 2648 9949 E:\u00a0info@greentools.dk [\/vc_column_text][\/vc_column_inner][\/vc_row_inner][vc_row_inner][vc_column_inner enable_sticky=&#8221;true&#8221; sticky_offset=&#8221;0&#8243;][vc_single_image image=&#8221;36439&#8243;&hellip;\" \/>\n<meta property=\"og:url\" content=\"https:\/\/greentools.dk\/sv\/kontakt-os\/\" \/>\n<meta property=\"og:site_name\" content=\"Greentools\" \/>\n<meta property=\"article:modified_time\" content=\"2017-11-14T17:46:46+00:00\" \/>\n<meta name=\"twitter:card\" content=\"summary_large_image\" \/>\n<meta name=\"twitter:label1\" content=\"Ber\u00e4knad l\u00e4stid\" \/>\n\t<meta name=\"twitter:data1\" content=\"1 minut\" \/>\n<script type=\"application\/ld+json\" class=\"yoast-schema-graph\">{\"@context\":\"https:\\\/\\\/schema.org\",\"@graph\":[{\"@type\":\"WebPage\",\"@id\":\"https:\\\/\\\/greentools.dk\\\/sv\\\/kontakt-os\\\/\",\"url\":\"https:\\\/\\\/greentools.dk\\\/sv\\\/kontakt-os\\\/\",\"name\":\"kontaktuppgifter - Greentools\",\"isPartOf\":{\"@id\":\"https:\\\/\\\/greentools.dk\\\/sv\\\/#website\"},\"datePublished\":\"2017-10-19T07:41:26+00:00\",\"dateModified\":\"2017-11-14T17:46:46+00:00\",\"breadcrumb\":{\"@id\":\"https:\\\/\\\/greentools.dk\\\/sv\\\/kontakt-os\\\/#breadcrumb\"},\"inLanguage\":\"sv-SE\",\"potentialAction\":[{\"@type\":\"ReadAction\",\"target\":[\"https:\\\/\\\/greentools.dk\\\/sv\\\/kontakt-os\\\/\"]}]},{\"@type\":\"BreadcrumbList\",\"@id\":\"https:\\\/\\\/greentools.dk\\\/sv\\\/kontakt-os\\\/#breadcrumb\",\"itemListElement\":[{\"@type\":\"ListItem\",\"position\":1,\"name\":\"Hjem\",\"item\":\"https:\\\/\\\/greentools.dk\\\/sv\\\/\"},{\"@type\":\"ListItem\",\"position\":2,\"name\":\"kontaktuppgifter\"}]},{\"@type\":\"WebSite\",\"@id\":\"https:\\\/\\\/greentools.dk\\\/sv\\\/#website\",\"url\":\"https:\\\/\\\/greentools.dk\\\/sv\\\/\",\"name\":\"Greentools\",\"description\":\"Dansk Kvalitets - Fuglekasser - Foderhuse - Felco Besk\u00e6rersakse\",\"potentialAction\":[{\"@type\":\"SearchAction\",\"target\":{\"@type\":\"EntryPoint\",\"urlTemplate\":\"https:\\\/\\\/greentools.dk\\\/sv\\\/?s={search_term_string}\"},\"query-input\":{\"@type\":\"PropertyValueSpecification\",\"valueRequired\":true,\"valueName\":\"search_term_string\"}}],\"inLanguage\":\"sv-SE\"}]}<\/script>\n<!-- \/ Yoast SEO plugin. -->","yoast_head_json":{"title":"kontaktuppgifter - Greentools","robots":{"index":"index","follow":"follow","max-snippet":"max-snippet:-1","max-image-preview":"max-image-preview:large","max-video-preview":"max-video-preview:-1"},"canonical":"https:\/\/greentools.dk\/sv\/kontakt-os\/","og_locale":"sv_SE","og_type":"article","og_title":"kontaktuppgifter - Greentools","og_description":"[vc_row full_width=&#8221;stretch_row_content_no_spaces&#8221; enable_first_overlay=&#8221;true&#8221; first_overlay_opacity=&#8221;40&#8243; first_background_color=&#8221;#333333&#8243; css=&#8221;.vc_custom_1502791462278{background-image: url(https:\/\/greentools.dk\/wp-content\/uploads\/2017\/08\/3.6GreenTool_960X400.jpg?id=36469) !important;background-position: center !important;background-repeat: no-repeat !important;background-size: cover !important;}&#8221;][vc_column css=&#8221;.vc_custom_1502791393612{padding-top: 10% !important;padding-bottom: 10% !important;}&#8221;][\/vc_column][\/vc_row][vc_row][vc_column width=&#8221;1\/2&#8243; css=&#8221;.vc_custom_1502791484615{padding-top: 8.5% !important;}&#8221;][vc_row_inner][vc_column_inner width=&#8221;1\/2&#8243;][vc_single_image image=&#8221;36441&#8243; img_size=&#8221;large&#8221; css_animation=&#8221;fadeIn&#8221; css=&#8221;.vc_custom_1502790909694{margin-bottom: 10px !important;}&#8221;][\/vc_column_inner][vc_column_inner width=&#8221;1\/2&#8243; css=&#8221;.vc_custom_1502789769340{padding-top: 8% !important;}&#8221;][vc_single_image image=&#8221;36356&#8243; img_size=&#8221;large&#8221; alignment=&#8221;center&#8221; css_animation=&#8221;fadeIn&#8221;][vc_column_text css_animation=&#8221;fadeIn&#8221;] GreenTools.dk Them Skovvej 5 8653 Them CVR: 28435967 T:\u00a0+45 2648 9949 E:\u00a0info@greentools.dk [\/vc_column_text][\/vc_column_inner][\/vc_row_inner][vc_row_inner][vc_column_inner enable_sticky=&#8221;true&#8221; sticky_offset=&#8221;0&#8243;][vc_single_image image=&#8221;36439&#8243;&hellip;","og_url":"https:\/\/greentools.dk\/sv\/kontakt-os\/","og_site_name":"Greentools","article_modified_time":"2017-11-14T17:46:46+00:00","twitter_card":"summary_large_image","twitter_misc":{"Ber\u00e4knad l\u00e4stid":"1 minut"},"schema":{"@context":"https:\/\/schema.org","@graph":[{"@type":"WebPage","@id":"https:\/\/greentools.dk\/sv\/kontakt-os\/","url":"https:\/\/greentools.dk\/sv\/kontakt-os\/","name":"kontaktuppgifter - Greentools","isPartOf":{"@id":"https:\/\/greentools.dk\/sv\/#website"},"datePublished":"2017-10-19T07:41:26+00:00","dateModified":"2017-11-14T17:46:46+00:00","breadcrumb":{"@id":"https:\/\/greentools.dk\/sv\/kontakt-os\/#breadcrumb"},"inLanguage":"sv-SE","potentialAction":[{"@type":"ReadAction","target":["https:\/\/greentools.dk\/sv\/kontakt-os\/"]}]},{"@type":"BreadcrumbList","@id":"https:\/\/greentools.dk\/sv\/kontakt-os\/#breadcrumb","itemListElement":[{"@type":"ListItem","position":1,"name":"Hjem","item":"https:\/\/greentools.dk\/sv\/"},{"@type":"ListItem","position":2,"name":"kontaktuppgifter"}]},{"@type":"WebSite","@id":"https:\/\/greentools.dk\/sv\/#website","url":"https:\/\/greentools.dk\/sv\/","name":"Greentools","description":"Dansk Kvalitets - Fuglekasser - Foderhuse - Felco Besk\u00e6rersakse","potentialAction":[{"@type":"SearchAction","target":{"@type":"EntryPoint","urlTemplate":"https:\/\/greentools.dk\/sv\/?s={search_term_string}"},"query-input":{"@type":"PropertyValueSpecification","valueRequired":true,"valueName":"search_term_string"}}],"inLanguage":"sv-SE"}]}},"_links":{"self":[{"href":"https:\/\/greentools.dk\/sv\/wp-json\/wp\/v2\/pages\/40148","targetHints":{"allow":["GET"]}}],"collection":[{"href":"https:\/\/greentools.dk\/sv\/wp-json\/wp\/v2\/pages"}],"about":[{"href":"https:\/\/greentools.dk\/sv\/wp-json\/wp\/v2\/types\/page"}],"author":[{"embeddable":true,"href":"https:\/\/greentools.dk\/sv\/wp-json\/wp\/v2\/users\/15"}],"replies":[{"embeddable":true,"href":"https:\/\/greentools.dk\/sv\/wp-json\/wp\/v2\/comments?post=40148"}],"version-history":[{"count":2,"href":"https:\/\/greentools.dk\/sv\/wp-json\/wp\/v2\/pages\/40148\/revisions"}],"predecessor-version":[{"id":41033,"href":"https:\/\/greentools.dk\/sv\/wp-json\/wp\/v2\/pages\/40148\/revisions\/41033"}],"wp:attachment":[{"href":"https:\/\/greentools.dk\/sv\/wp-json\/wp\/v2\/media?parent=40148"}],"curies":[{"name":"wp","href":"https:\/\/api.w.org\/{rel}","templated":true}]}}