{"id":39991,"date":"2017-08-15T14:28:01","date_gmt":"2017-08-15T12:28:01","guid":{"rendered":"http:\/\/better-retreats.com\/greentools\/koebsvilkaar\/"},"modified":"2018-01-24T21:11:52","modified_gmt":"2018-01-24T20:11:52","slug":"koebsvilkaar","status":"publish","type":"page","link":"https:\/\/greentools.dk\/sv\/koebsvilkaar\/","title":{"rendered":"K\u00f6pevillkor"},"content":{"rendered":"<div class=\"wpb-content-wrapper\"><p>[vc_row][vc_column][vc_column_text]<\/p>\n<h3><strong>Betalning<\/strong><\/h3>\n<p>[\/vc_column_text][vc_tta_accordion active_section=&#8221;1&#8243; collapsible_all=&#8221;true&#8221;][vc_tta_section i_icon_fontawesome=&#8221;fa fa-credit-card&#8221; add_icon=&#8221;true&#8221; tab_id=&#8221;1502800145570-aaf900ee-7b94&#8243;][vc_row_inner][vc_column_inner css=&#8221;.vc_custom_1502801185439{padding: 2% !important;}&#8221;][vc_column_text]\u00c4r betalningen gjord med betalningskort, \u00e4r du alltid f\u00f6rs\u00e4krad mot missbruk. Du har m\u00f6jlighet att avvisa en betalning, n\u00e4r du f\u00e5r din betalnings\u00f6versikt. Du har ingen sj\u00e4lvrisk, om ditt kort skulle ha missbrukats i en Internet-butik, som anv\u00e4nder SSL ( Secure Socket Layer) i sitt betalningssystem. De data som du skickar i samband med ett k\u00f6p, betalat med betalningskort \u00e4r krypterade (SSL), och det \u00e4r d\u00e4rf\u00f6r bara NETS som kan l\u00e4sa dem. Varken greentools.se eller andra har m\u00f6jlighet att l\u00e4sa data.<\/p>\n<p>Beloppet dras f\u00f6rst n\u00e4r din order skickas fr\u00e5n greentools.se, och det kan aldrig dras ett st\u00f6rre belopp \u00e4n det du har godk\u00e4nt vid k\u00f6pet.<br \/>\nI greentools.se&#8217;s Internet-butik kan du betala med f\u00f6ljande betalningsmedel:<\/p>\n<p>VISA<br \/>\nVISA electron<br \/>\nJCB cards<br \/>\nMaster card<br \/>\nMaestro (3D) card<br \/>\nPayPal<br \/>\nBankgiro[\/vc_column_text][\/vc_column_inner][\/vc_row_inner][\/vc_tta_section][\/vc_tta_accordion][\/vc_column][\/vc_row][vc_row][vc_column width=&#8221;1\/2&#8243;][vc_column_text]<\/p>\n<h3><strong>Leverans<\/strong><\/h3>\n<p>[\/vc_column_text][vc_tta_accordion active_section=&#8221;1&#8243; collapsible_all=&#8221;true&#8221;][vc_tta_section i_icon_fontawesome=&#8221;fa fa-archive&#8221; add_icon=&#8221;true&#8221; tab_id=&#8221;1502800153340-efb53260-ebf5&#8243;][vc_column_text]Har du betalat med betalningskort eller PayPal sker leveransen inom 3-6 vardagar efter att greentools.se har mottagit din best\u00e4llning. Sker betalning via plusgiro sker leveransen 3-6 vardagar efter att greentools.se har mottagit din betalning p\u00e5 Nordea plusgironr. 7 83 21-7<br \/>\nOm du best\u00e4ller flera varor samtidigt hos greentools.se l\u00e4ggs varornas vikt ihop, och porto utr\u00e4knas efter varornas vikt.<br \/>\nSkulle leveranstiden \u00e4ndras m\u00e4rkbart j\u00e4mf\u00f6rt med vad som anf\u00f6rts, f\u00e5r du strax ett meddelande om detta, och du har d\u00e5 r\u00e4tt att h\u00e4va k\u00f6pet utan kostnad.[\/vc_column_text][vc_row_inner][vc_column_inner css=&#8221;.vc_custom_1502801322966{padding: 2% !important;}&#8221;][\/vc_column_inner][\/vc_row_inner][\/vc_tta_section][\/vc_tta_accordion][\/vc_column][vc_column width=&#8221;1\/2&#8243;][vc_column_text]<\/p>\n<h3><strong>\u00c5ngerr\u00e4tt<\/strong><\/h3>\n<p>[\/vc_column_text][vc_tta_accordion active_section=&#8221;1&#8243; collapsible_all=&#8221;true&#8221;][vc_tta_section i_icon_fontawesome=&#8221;fa fa-undo&#8221; add_icon=&#8221;true&#8221; title=&#8221;Du har 90 dagars \u00e5ngerr\u00e4tt p\u00e5 varorna&#8221; tab_id=&#8221;1502800153692-f2be003a-044f&#8221;][vc_row_inner][vc_column_inner css=&#8221;.vc_custom_1502801693666{padding: 2% !important;}&#8221;][vc_column_text]Du har <strong>90 dagars<\/strong> \u00e5ngerr\u00e4tt p\u00e5 varorna, r\u00e4knat fr\u00e5n den dag som de har mottagits. \u00c5ngrar du k\u00f6pet ska du bara returnera varan i samma skick och m\u00e4ngd som du mottog den. N\u00e4r du \u00e5ngrar ett k\u00f6p, \u00f6verf\u00f6rs k\u00f6pesumman inklusive leveranskostnader till ditt betalningskort som anv\u00e4ndes vid best\u00e4lla, eller till ett annat bankkontonummer som du vill. \u00c5terbetalning sker s\u00e5 fort som m\u00f6jligt, efter att vi har mottagit varan i retur, men alltid inom 14 dagar fr\u00e5n den dag d\u00e5 greentools.se har mottagit varan i retur.<\/p>\n<p><strong>Returnering av varor<\/strong><\/p>\n<p>Om du \u00e5ngrar ett k\u00f6p eller vid reklamation ska du v\u00e4nda dig till<\/p>\n<p>GreenTools.se<br \/>\nThem Skovvej 5<br \/>\n8653 Them<br \/>\nDanmark<\/p>\n<p>Tel: +45 26489949<br \/>\nEmail:\u00a0<a href=\"mailto:mail@greentools.dk\">mail@greentools.dk<\/a><\/p>\n<p>Vi kommer att skicka dig en returetikett per e-post eller vanlig post s\u00e5 att du kan returnera produkten p\u00e5 v\u00e5r bekostnad. Detta sker s\u00e5 fort som m\u00f6jligt efter att vi har mottagit din beg\u00e4ran, men alltid inom 14 dagar efter din beg\u00e4ran.[\/vc_column_text][\/vc_column_inner][\/vc_row_inner][\/vc_tta_section][vc_tta_section i_icon_fontawesome=&#8221;fa fa-chain-broken&#8221; add_icon=&#8221;true&#8221; title=&#8221;Reklamationsr\u00e4tt&#8221; tab_id=&#8221;1502800153768-673dcdce-ae31&#8243;][vc_row_inner][vc_column_inner css=&#8221;.vc_custom_1502801734139{padding: 2% !important;}&#8221;][vc_column_text]I enlighet med K\u00f6plagen ges tv\u00e5 \u00e5rs reklamationsr\u00e4tt, som omfattar fabrikations- och materialfel som konstateras vid varans normala anv\u00e4ndning. Reklamation g\u00e4llande fel och brister, som b\u00f6r uppt\u00e4ckas vid vanlig unders\u00f6kning av varan, ska meddelas greentools.se. Varan kan d\u00e5 returneras f\u00f6r reparation, ers\u00e4ttning av ny vara eller enligt avtal kreditering. I samband med reklamationstillf\u00e4llen avh\u00e5ller greentools.se returneringskostnaden.[\/vc_column_text][\/vc_column_inner][\/vc_row_inner][\/vc_tta_section][\/vc_tta_accordion][\/vc_column][\/vc_row][vc_row][vc_column][vc_column_text]<\/p>\n<h1>k\u00f6pevillkor<\/h1>\n<p>[\/vc_column_text][vc_tta_accordion active_section=&#8221;1&#8243; collapsible_all=&#8221;true&#8221;][vc_tta_section i_icon_fontawesome=&#8221;fa fa-shopping-cart&#8221; add_icon=&#8221;true&#8221; tab_id=&#8221;1502800185253-4179e5ba-6dde&#8221;][vc_row_inner][vc_column_inner css=&#8221;.vc_custom_1502801853237{padding: 2% !important;}&#8221;][vc_column_text]<strong>Priser<\/strong><\/p>\n<p>Alla priser p\u00e5 webbsidan greentools.se anges i SEK, inklusive moms. Best\u00e4ller du fr\u00e5n Sverige betalas dansk moms och ingen tullavgift tillkommer enligt reglerna om varors fria r\u00f6rlighet.<\/p>\n<p><strong>Betalning<\/strong><\/p>\n<p>\u00c4r betalningen gjord med betalningskort, \u00e4r du alltid f\u00f6rs\u00e4krad mot missbruk. Du har m\u00f6jlighet att avvisa en betalning, n\u00e4r du f\u00e5r din betalnings\u00f6versikt. Du har ingen sj\u00e4lvrisk, om ditt kort skulle ha missbrukats i en Internet-butik, som anv\u00e4nder SSL ( Secure Socket Layer) i sitt betalningssystem. De data som du skickar i samband med ett k\u00f6p, betalat med betalningskort \u00e4r krypterade (SSL), och det \u00e4r d\u00e4rf\u00f6r bara NETS som kan l\u00e4sa dem. Varken greentools.se eller andra har m\u00f6jlighet att l\u00e4sa data.<\/p>\n<p>Beloppet dras f\u00f6rst n\u00e4r din order skickas fr\u00e5n greentools.se, och det kan aldrig dras ett st\u00f6rre belopp \u00e4n det du har godk\u00e4nt vid k\u00f6pet.<br \/>\nI greentools.se&#8217;s Internet-butik kan du betala med f\u00f6ljande betalningsmedel:<\/p>\n<p>VISA<br \/>\nVISA electron<br \/>\nJCB cards<br \/>\nMaster card<br \/>\nMaestro (3D) card<br \/>\nPayPal<br \/>\nBankgiro<\/p>\n<p><strong>Leverans<\/strong><\/p>\n<p>Har du betalat med betalningskort eller PayPal sker leveransen inom 3-6 vardagar efter att greentools.se har mottagit din best\u00e4llning. Sker betalning via plusgiro sker leveransen 3-6 vardagar efter att greentools.se har mottagit din betalning p\u00e5 Nordea plusgironr. 7 83 21-7<br \/>\nOm du best\u00e4ller flera varor samtidigt hos greentools.se l\u00e4ggs varornas vikt ihop, och porto utr\u00e4knas efter varornas vikt.<br \/>\nSkulle leveranstiden \u00e4ndras m\u00e4rkbart j\u00e4mf\u00f6rt med vad som anf\u00f6rts, f\u00e5r du strax ett meddelande om detta, och du har d\u00e5 r\u00e4tt att h\u00e4va k\u00f6pet utan kostnad.<\/p>\n<p><strong>Reklamationsr\u00e4tt<\/strong><\/p>\n<p>I enlighet med K\u00f6plagen ges tv\u00e5 \u00e5rs reklamationsr\u00e4tt, som omfattar fabrikations- och materialfel som konstateras vid varans normala anv\u00e4ndning. Reklamation g\u00e4llande fel och brister, som b\u00f6r uppt\u00e4ckas vid vanlig unders\u00f6kning av varan, ska meddelas greentools.se. Varan kan d\u00e5 returneras f\u00f6r reparation, ers\u00e4ttning av ny vara eller enligt avtal kreditering. I samband med reklamationstillf\u00e4llen avh\u00e5ller greentools.se returneringskostnaden.<\/p>\n<p><strong>\u00c5ngerr\u00e4tt<\/strong><\/p>\n<p>Du har 14 dagars \u00e5ngerr\u00e4tt p\u00e5 varorna, r\u00e4knat fr\u00e5n den dag som de har mottagits. \u00c5ngrar du k\u00f6pet ska du bara returnera varan i samma skick och m\u00e4ngd som du mottog den. N\u00e4r du \u00e5ngrar ett k\u00f6p, \u00f6verf\u00f6rs k\u00f6pesumman inklusive leveranskostnader till ditt betalningskort som anv\u00e4ndes vid best\u00e4lla, eller till ett annat bankkontonummer som du vill. \u00c5terbetalning sker s\u00e5 fort som m\u00f6jligt, efter att vi har mottagit varan i retur, men alltid inom 14 dagar fr\u00e5n den dag d\u00e5 greentools.se har mottagit varan i retur.<\/p>\n<p><strong>Returnering av varor<\/strong><\/p>\n<p>Om du \u00e5ngrar ett k\u00f6p eller vid reklamation ska du v\u00e4nda dig till<\/p>\n<p>GreenTools.se<br \/>\nThem Skovvej 5<br \/>\n8653 Them<br \/>\nDanmark<\/p>\n<p>Tel: +45 26489949<br \/>\nEmail:\u00a0<a href=\"mailto:mail@greentools.dk\">mail@greentools.dk<\/a><\/p>\n<p>Vi kommer att skicka dig en returetikett per e-post eller vanlig post s\u00e5 att du kan returnera produkten p\u00e5 v\u00e5r bekostnad. Detta sker s\u00e5 fort som m\u00f6jligt efter att vi har mottagit din beg\u00e4ran, men alltid inom 14 dagar efter din beg\u00e4ran.<\/p>\n<p><strong>Dina personliga uppgifter<\/strong><\/p>\n<p>N\u00e4r du best\u00e4ller en vara hos greentools.se, ska du uppge namn, adress, e-mail, tlf. S\u00e5 att vi kan s\u00e4nda dina varor till dig. Alla dina personliga upplysningar som vi registrerar, behandlas konfidentiellt. De kommer inte att s\u00e4ljas eller vidaref\u00f6rmedlas till tredjeman.<\/p>\n<p><strong>Generella uppgifter om f\u00f6retaget:<\/strong><\/p>\n<p>F\u00f6retagets juridiska namn: GreenTools.dk<\/p>\n<p>Innehavare av GreenTools.dk: Anders Aasberg Pedersen<\/p>\n<p>Namn p\u00e5 webbshop:\u00a0<a href=\"http:\/\/greentools.se\/\">www.greentools.se<\/a><\/p>\n<p>Org. nummer: DK-28435967<\/p>\n<p>Address:<\/p>\n<p>GreenTools.dk<br \/>\nThem Skovvej 5<br \/>\n8653 Them<br \/>\nDanmark<\/p>\n<p>Telefon<br \/>\n+45 26489949<br \/>\nE-mail adress:\u00a0<a href=\"mailto:mail@greentools.dk\">mail@greentools.dk<\/a><br \/>\nWebbadress:\u00a0<a href=\"http:\/\/greentools.se\/\">www.greentools.se<\/a>[\/vc_column_text][\/vc_column_inner][\/vc_row_inner][\/vc_tta_section][\/vc_tta_accordion][vc_column_text][\/vc_column_text][\/vc_column][\/vc_row]<\/p>\n<\/div>","protected":false},"excerpt":{"rendered":"<p>[vc_row][vc_column][vc_column_text] Betalning [\/vc_column_text][vc_tta_accordion active_section=&#8221;1&#8243; collapsible_all=&#8221;true&#8221;][vc_tta_section i_icon_fontawesome=&#8221;fa fa-credit-card&#8221; add_icon=&#8221;true&#8221; tab_id=&#8221;1502800145570-aaf900ee-7b94&#8243;][vc_row_inner][vc_column_inner css=&#8221;.vc_custom_1502801185439{padding: 2% !important;}&#8221;][vc_column_text]\u00c4r betalningen gjord med betalningskort, \u00e4r du alltid f\u00f6rs\u00e4krad mot missbruk. Du har m\u00f6jlighet att avvisa en betalning, n\u00e4r du f\u00e5r din betalnings\u00f6versikt. Du har ingen sj\u00e4lvrisk, om ditt kort skulle ha missbrukats i en Internet-butik, som anv\u00e4nder SSL ( Secure Socket Layer) i&hellip;<\/p>\n","protected":false},"author":15,"featured_media":0,"parent":0,"menu_order":0,"comment_status":"closed","ping_status":"closed","template":"","meta":{"_acf_changed":false,"footnotes":""},"class_list":["post-39991","page","type-page","status-publish","hentry","description-off"],"acf":[],"yoast_head":"<!-- This site is optimized with the Yoast SEO plugin v27.4 - https:\/\/yoast.com\/product\/yoast-seo-wordpress\/ -->\n<title>K\u00f6pevillkor - Greentools<\/title>\n<meta name=\"robots\" content=\"index, nofollow, max-snippet:-1, max-image-preview:large, max-video-preview:-1\" \/>\n<link rel=\"canonical\" href=\"https:\/\/greentools.dk\/sv\/koebsvilkaar\/\" \/>\n<meta property=\"og:locale\" content=\"sv_SE\" \/>\n<meta property=\"og:type\" content=\"article\" \/>\n<meta property=\"og:title\" content=\"K\u00f6pevillkor - Greentools\" \/>\n<meta property=\"og:description\" content=\"[vc_row][vc_column][vc_column_text] Betalning [\/vc_column_text][vc_tta_accordion active_section=&#8221;1&#8243; collapsible_all=&#8221;true&#8221;][vc_tta_section i_icon_fontawesome=&#8221;fa fa-credit-card&#8221; add_icon=&#8221;true&#8221; tab_id=&#8221;1502800145570-aaf900ee-7b94&#8243;][vc_row_inner][vc_column_inner css=&#8221;.vc_custom_1502801185439{padding: 2% !important;}&#8221;][vc_column_text]\u00c4r betalningen gjord med betalningskort, \u00e4r du alltid f\u00f6rs\u00e4krad mot missbruk. Du har m\u00f6jlighet att avvisa en betalning, n\u00e4r du f\u00e5r din betalnings\u00f6versikt. Du har ingen sj\u00e4lvrisk, om ditt kort skulle ha missbrukats i en Internet-butik, som anv\u00e4nder SSL ( Secure Socket Layer) i&hellip;\" \/>\n<meta property=\"og:url\" content=\"https:\/\/greentools.dk\/sv\/koebsvilkaar\/\" \/>\n<meta property=\"og:site_name\" content=\"Greentools\" \/>\n<meta property=\"article:modified_time\" content=\"2018-01-24T20:11:52+00:00\" \/>\n<meta name=\"twitter:card\" content=\"summary_large_image\" \/>\n<meta name=\"twitter:label1\" content=\"Ber\u00e4knad l\u00e4stid\" \/>\n\t<meta name=\"twitter:data1\" content=\"7 minuter\" \/>\n<script type=\"application\/ld+json\" class=\"yoast-schema-graph\">{\"@context\":\"https:\\\/\\\/schema.org\",\"@graph\":[{\"@type\":\"WebPage\",\"@id\":\"https:\\\/\\\/greentools.dk\\\/sv\\\/koebsvilkaar\\\/\",\"url\":\"https:\\\/\\\/greentools.dk\\\/sv\\\/koebsvilkaar\\\/\",\"name\":\"K\u00f6pevillkor - Greentools\",\"isPartOf\":{\"@id\":\"https:\\\/\\\/greentools.dk\\\/sv\\\/#website\"},\"datePublished\":\"2017-08-15T12:28:01+00:00\",\"dateModified\":\"2018-01-24T20:11:52+00:00\",\"breadcrumb\":{\"@id\":\"https:\\\/\\\/greentools.dk\\\/sv\\\/koebsvilkaar\\\/#breadcrumb\"},\"inLanguage\":\"sv-SE\",\"potentialAction\":[{\"@type\":\"ReadAction\",\"target\":[\"https:\\\/\\\/greentools.dk\\\/sv\\\/koebsvilkaar\\\/\"]}]},{\"@type\":\"BreadcrumbList\",\"@id\":\"https:\\\/\\\/greentools.dk\\\/sv\\\/koebsvilkaar\\\/#breadcrumb\",\"itemListElement\":[{\"@type\":\"ListItem\",\"position\":1,\"name\":\"Hjem\",\"item\":\"https:\\\/\\\/greentools.dk\\\/sv\\\/\"},{\"@type\":\"ListItem\",\"position\":2,\"name\":\"K\u00f6pevillkor\"}]},{\"@type\":\"WebSite\",\"@id\":\"https:\\\/\\\/greentools.dk\\\/sv\\\/#website\",\"url\":\"https:\\\/\\\/greentools.dk\\\/sv\\\/\",\"name\":\"Greentools\",\"description\":\"Dansk Kvalitets - Fuglekasser - Foderhuse - Felco Besk\u00e6rersakse\",\"potentialAction\":[{\"@type\":\"SearchAction\",\"target\":{\"@type\":\"EntryPoint\",\"urlTemplate\":\"https:\\\/\\\/greentools.dk\\\/sv\\\/?s={search_term_string}\"},\"query-input\":{\"@type\":\"PropertyValueSpecification\",\"valueRequired\":true,\"valueName\":\"search_term_string\"}}],\"inLanguage\":\"sv-SE\"}]}<\/script>\n<!-- \/ Yoast SEO plugin. -->","yoast_head_json":{"title":"K\u00f6pevillkor - Greentools","robots":{"index":"index","follow":"nofollow","max-snippet":"max-snippet:-1","max-image-preview":"max-image-preview:large","max-video-preview":"max-video-preview:-1"},"canonical":"https:\/\/greentools.dk\/sv\/koebsvilkaar\/","og_locale":"sv_SE","og_type":"article","og_title":"K\u00f6pevillkor - Greentools","og_description":"[vc_row][vc_column][vc_column_text] Betalning [\/vc_column_text][vc_tta_accordion active_section=&#8221;1&#8243; collapsible_all=&#8221;true&#8221;][vc_tta_section i_icon_fontawesome=&#8221;fa fa-credit-card&#8221; add_icon=&#8221;true&#8221; tab_id=&#8221;1502800145570-aaf900ee-7b94&#8243;][vc_row_inner][vc_column_inner css=&#8221;.vc_custom_1502801185439{padding: 2% !important;}&#8221;][vc_column_text]\u00c4r betalningen gjord med betalningskort, \u00e4r du alltid f\u00f6rs\u00e4krad mot missbruk. Du har m\u00f6jlighet att avvisa en betalning, n\u00e4r du f\u00e5r din betalnings\u00f6versikt. Du har ingen sj\u00e4lvrisk, om ditt kort skulle ha missbrukats i en Internet-butik, som anv\u00e4nder SSL ( Secure Socket Layer) i&hellip;","og_url":"https:\/\/greentools.dk\/sv\/koebsvilkaar\/","og_site_name":"Greentools","article_modified_time":"2018-01-24T20:11:52+00:00","twitter_card":"summary_large_image","twitter_misc":{"Ber\u00e4knad l\u00e4stid":"7 minuter"},"schema":{"@context":"https:\/\/schema.org","@graph":[{"@type":"WebPage","@id":"https:\/\/greentools.dk\/sv\/koebsvilkaar\/","url":"https:\/\/greentools.dk\/sv\/koebsvilkaar\/","name":"K\u00f6pevillkor - Greentools","isPartOf":{"@id":"https:\/\/greentools.dk\/sv\/#website"},"datePublished":"2017-08-15T12:28:01+00:00","dateModified":"2018-01-24T20:11:52+00:00","breadcrumb":{"@id":"https:\/\/greentools.dk\/sv\/koebsvilkaar\/#breadcrumb"},"inLanguage":"sv-SE","potentialAction":[{"@type":"ReadAction","target":["https:\/\/greentools.dk\/sv\/koebsvilkaar\/"]}]},{"@type":"BreadcrumbList","@id":"https:\/\/greentools.dk\/sv\/koebsvilkaar\/#breadcrumb","itemListElement":[{"@type":"ListItem","position":1,"name":"Hjem","item":"https:\/\/greentools.dk\/sv\/"},{"@type":"ListItem","position":2,"name":"K\u00f6pevillkor"}]},{"@type":"WebSite","@id":"https:\/\/greentools.dk\/sv\/#website","url":"https:\/\/greentools.dk\/sv\/","name":"Greentools","description":"Dansk Kvalitets - Fuglekasser - Foderhuse - Felco Besk\u00e6rersakse","potentialAction":[{"@type":"SearchAction","target":{"@type":"EntryPoint","urlTemplate":"https:\/\/greentools.dk\/sv\/?s={search_term_string}"},"query-input":{"@type":"PropertyValueSpecification","valueRequired":true,"valueName":"search_term_string"}}],"inLanguage":"sv-SE"}]}},"_links":{"self":[{"href":"https:\/\/greentools.dk\/sv\/wp-json\/wp\/v2\/pages\/39991","targetHints":{"allow":["GET"]}}],"collection":[{"href":"https:\/\/greentools.dk\/sv\/wp-json\/wp\/v2\/pages"}],"about":[{"href":"https:\/\/greentools.dk\/sv\/wp-json\/wp\/v2\/types\/page"}],"author":[{"embeddable":true,"href":"https:\/\/greentools.dk\/sv\/wp-json\/wp\/v2\/users\/15"}],"replies":[{"embeddable":true,"href":"https:\/\/greentools.dk\/sv\/wp-json\/wp\/v2\/comments?post=39991"}],"version-history":[{"count":6,"href":"https:\/\/greentools.dk\/sv\/wp-json\/wp\/v2\/pages\/39991\/revisions"}],"predecessor-version":[{"id":41224,"href":"https:\/\/greentools.dk\/sv\/wp-json\/wp\/v2\/pages\/39991\/revisions\/41224"}],"wp:attachment":[{"href":"https:\/\/greentools.dk\/sv\/wp-json\/wp\/v2\/media?parent=39991"}],"curies":[{"name":"wp","href":"https:\/\/api.w.org\/{rel}","templated":true}]}}