{"id":68486,"date":"2023-07-03T14:47:40","date_gmt":"2023-07-03T12:47:40","guid":{"rendered":"https:\/\/greentools.dk\/?post_type=product&#038;p=68486"},"modified":"2023-07-03T14:59:39","modified_gmt":"2023-07-03T12:59:39","slug":"klinge-til-felco-640","status":"publish","type":"product","link":"https:\/\/greentools.dk\/no\/produkt\/klinge-til-felco-640\/","title":{"rendered":"Klinge til Felco 640"},"content":{"rendered":"<p>Klinge til Felco 640<\/p>\n","protected":false},"excerpt":{"rendered":"<p>Klinge til Felco 640<\/p>\n","protected":false},"featured_media":68490,"template":"","meta":{"_acf_changed":false},"product_brand":[],"product_cat":[532],"product_tag":[],"class_list":{"0":"post-68486","1":"product","2":"type-product","3":"status-publish","4":"has-post-thumbnail","6":"product_cat-felco-reservedele-nb-no","7":"description-off","9":"first","10":"instock","11":"taxable","12":"shipping-taxable","13":"purchasable","14":"product-type-simple"},"acf":[],"yoast_head":"<!-- This site is optimized with the Yoast SEO plugin v27.4 - https:\/\/yoast.com\/product\/yoast-seo-wordpress\/ -->\n<title>Felco 630 grensav med buet sk\u00e6r til alle besk\u00e6reopgaver i haven<\/title>\n<meta name=\"description\" content=\"Felco 630 grensaven er fremstillet i Schweiz. det buede sk\u00e6r letter savning af grene selv tykke grene. Saven leveres med et kraftigt hylster\" \/>\n<meta name=\"robots\" content=\"index, follow, max-snippet:-1, max-image-preview:large, max-video-preview:-1\" \/>\n<link rel=\"canonical\" href=\"https:\/\/greentools.dk\/no\/produkt\/klinge-til-felco-640\/\" \/>\n<meta property=\"og:locale\" content=\"nn_NO\" \/>\n<meta property=\"og:type\" content=\"article\" \/>\n<meta property=\"og:title\" content=\"Felco 630 grensav med buet sk\u00e6r til alle besk\u00e6reopgaver i haven\" \/>\n<meta property=\"og:description\" content=\"Felco 630 grensaven er fremstillet i Schweiz. det buede sk\u00e6r letter savning af grene selv tykke grene. Saven leveres med et kraftigt hylster\" \/>\n<meta property=\"og:url\" content=\"https:\/\/greentools.dk\/no\/produkt\/klinge-til-felco-640\/\" \/>\n<meta property=\"og:site_name\" content=\"Greentools\" \/>\n<meta property=\"article:modified_time\" content=\"2023-07-03T12:59:39+00:00\" \/>\n<meta property=\"og:image\" content=\"https:\/\/greentools.dk\/wp-content\/uploads\/2023\/07\/640-3.jpg\" \/>\n\t<meta property=\"og:image:width\" content=\"300\" \/>\n\t<meta property=\"og:image:height\" content=\"300\" \/>\n\t<meta property=\"og:image:type\" content=\"image\/jpeg\" \/>\n<meta name=\"twitter:card\" content=\"summary_large_image\" \/>\n<script type=\"application\/ld+json\" class=\"yoast-schema-graph\">{\"@context\":\"https:\\\/\\\/schema.org\",\"@graph\":[{\"@type\":\"WebPage\",\"@id\":\"https:\\\/\\\/greentools.dk\\\/no\\\/produkt\\\/klinge-til-felco-640\\\/\",\"url\":\"https:\\\/\\\/greentools.dk\\\/no\\\/produkt\\\/klinge-til-felco-640\\\/\",\"name\":\"Felco 630 grensav med buet sk\u00e6r til alle besk\u00e6reopgaver i haven\",\"isPartOf\":{\"@id\":\"https:\\\/\\\/greentools.dk\\\/no\\\/#website\"},\"primaryImageOfPage\":{\"@id\":\"https:\\\/\\\/greentools.dk\\\/no\\\/produkt\\\/klinge-til-felco-640\\\/#primaryimage\"},\"image\":{\"@id\":\"https:\\\/\\\/greentools.dk\\\/no\\\/produkt\\\/klinge-til-felco-640\\\/#primaryimage\"},\"thumbnailUrl\":\"https:\\\/\\\/greentools.dk\\\/wp-content\\\/uploads\\\/2023\\\/07\\\/640-3.jpg\",\"datePublished\":\"2023-07-03T12:47:40+00:00\",\"dateModified\":\"2023-07-03T12:59:39+00:00\",\"description\":\"Felco 630 grensaven er fremstillet i Schweiz. det buede sk\u00e6r letter savning af grene selv tykke grene. Saven leveres med et kraftigt hylster\",\"breadcrumb\":{\"@id\":\"https:\\\/\\\/greentools.dk\\\/no\\\/produkt\\\/klinge-til-felco-640\\\/#breadcrumb\"},\"inLanguage\":\"nn-NO\",\"potentialAction\":[{\"@type\":\"ReadAction\",\"target\":[\"https:\\\/\\\/greentools.dk\\\/no\\\/produkt\\\/klinge-til-felco-640\\\/\"]}]},{\"@type\":\"ImageObject\",\"inLanguage\":\"nn-NO\",\"@id\":\"https:\\\/\\\/greentools.dk\\\/no\\\/produkt\\\/klinge-til-felco-640\\\/#primaryimage\",\"url\":\"https:\\\/\\\/greentools.dk\\\/wp-content\\\/uploads\\\/2023\\\/07\\\/640-3.jpg\",\"contentUrl\":\"https:\\\/\\\/greentools.dk\\\/wp-content\\\/uploads\\\/2023\\\/07\\\/640-3.jpg\",\"width\":300,\"height\":300,\"caption\":\"Felco 640 klinge\"},{\"@type\":\"BreadcrumbList\",\"@id\":\"https:\\\/\\\/greentools.dk\\\/no\\\/produkt\\\/klinge-til-felco-640\\\/#breadcrumb\",\"itemListElement\":[{\"@type\":\"ListItem\",\"position\":1,\"name\":\"Hjem\",\"item\":\"https:\\\/\\\/greentools.dk\\\/no\\\/\"},{\"@type\":\"ListItem\",\"position\":2,\"name\":\"Produkter\",\"item\":\"https:\\\/\\\/greentools.dk\\\/no\\\/produkter\\\/\"},{\"@type\":\"ListItem\",\"position\":3,\"name\":\"Klinge til Felco 640\"}]},{\"@type\":\"WebSite\",\"@id\":\"https:\\\/\\\/greentools.dk\\\/no\\\/#website\",\"url\":\"https:\\\/\\\/greentools.dk\\\/no\\\/\",\"name\":\"Greentools\",\"description\":\"Dansk Kvalitets - Fuglekasser - Foderhuse - Felco Besk\u00e6rersakse\",\"potentialAction\":[{\"@type\":\"SearchAction\",\"target\":{\"@type\":\"EntryPoint\",\"urlTemplate\":\"https:\\\/\\\/greentools.dk\\\/no\\\/?s={search_term_string}\"},\"query-input\":{\"@type\":\"PropertyValueSpecification\",\"valueRequired\":true,\"valueName\":\"search_term_string\"}}],\"inLanguage\":\"nn-NO\"}]}<\/script>\n<!-- \/ Yoast SEO plugin. -->","yoast_head_json":{"title":"Felco 630 grensav med buet sk\u00e6r til alle besk\u00e6reopgaver i haven","description":"Felco 630 grensaven er fremstillet i Schweiz. det buede sk\u00e6r letter savning af grene selv tykke grene. Saven leveres med et kraftigt hylster","robots":{"index":"index","follow":"follow","max-snippet":"max-snippet:-1","max-image-preview":"max-image-preview:large","max-video-preview":"max-video-preview:-1"},"canonical":"https:\/\/greentools.dk\/no\/produkt\/klinge-til-felco-640\/","og_locale":"nn_NO","og_type":"article","og_title":"Felco 630 grensav med buet sk\u00e6r til alle besk\u00e6reopgaver i haven","og_description":"Felco 630 grensaven er fremstillet i Schweiz. det buede sk\u00e6r letter savning af grene selv tykke grene. Saven leveres med et kraftigt hylster","og_url":"https:\/\/greentools.dk\/no\/produkt\/klinge-til-felco-640\/","og_site_name":"Greentools","article_modified_time":"2023-07-03T12:59:39+00:00","og_image":[{"width":300,"height":300,"url":"https:\/\/greentools.dk\/wp-content\/uploads\/2023\/07\/640-3.jpg","type":"image\/jpeg"}],"twitter_card":"summary_large_image","schema":{"@context":"https:\/\/schema.org","@graph":[{"@type":"WebPage","@id":"https:\/\/greentools.dk\/no\/produkt\/klinge-til-felco-640\/","url":"https:\/\/greentools.dk\/no\/produkt\/klinge-til-felco-640\/","name":"Felco 630 grensav med buet sk\u00e6r til alle besk\u00e6reopgaver i haven","isPartOf":{"@id":"https:\/\/greentools.dk\/no\/#website"},"primaryImageOfPage":{"@id":"https:\/\/greentools.dk\/no\/produkt\/klinge-til-felco-640\/#primaryimage"},"image":{"@id":"https:\/\/greentools.dk\/no\/produkt\/klinge-til-felco-640\/#primaryimage"},"thumbnailUrl":"https:\/\/greentools.dk\/wp-content\/uploads\/2023\/07\/640-3.jpg","datePublished":"2023-07-03T12:47:40+00:00","dateModified":"2023-07-03T12:59:39+00:00","description":"Felco 630 grensaven er fremstillet i Schweiz. det buede sk\u00e6r letter savning af grene selv tykke grene. Saven leveres med et kraftigt hylster","breadcrumb":{"@id":"https:\/\/greentools.dk\/no\/produkt\/klinge-til-felco-640\/#breadcrumb"},"inLanguage":"nn-NO","potentialAction":[{"@type":"ReadAction","target":["https:\/\/greentools.dk\/no\/produkt\/klinge-til-felco-640\/"]}]},{"@type":"ImageObject","inLanguage":"nn-NO","@id":"https:\/\/greentools.dk\/no\/produkt\/klinge-til-felco-640\/#primaryimage","url":"https:\/\/greentools.dk\/wp-content\/uploads\/2023\/07\/640-3.jpg","contentUrl":"https:\/\/greentools.dk\/wp-content\/uploads\/2023\/07\/640-3.jpg","width":300,"height":300,"caption":"Felco 640 klinge"},{"@type":"BreadcrumbList","@id":"https:\/\/greentools.dk\/no\/produkt\/klinge-til-felco-640\/#breadcrumb","itemListElement":[{"@type":"ListItem","position":1,"name":"Hjem","item":"https:\/\/greentools.dk\/no\/"},{"@type":"ListItem","position":2,"name":"Produkter","item":"https:\/\/greentools.dk\/no\/produkter\/"},{"@type":"ListItem","position":3,"name":"Klinge til Felco 640"}]},{"@type":"WebSite","@id":"https:\/\/greentools.dk\/no\/#website","url":"https:\/\/greentools.dk\/no\/","name":"Greentools","description":"Dansk Kvalitets - Fuglekasser - Foderhuse - Felco Besk\u00e6rersakse","potentialAction":[{"@type":"SearchAction","target":{"@type":"EntryPoint","urlTemplate":"https:\/\/greentools.dk\/no\/?s={search_term_string}"},"query-input":{"@type":"PropertyValueSpecification","valueRequired":true,"valueName":"search_term_string"}}],"inLanguage":"nn-NO"}]}},"_links":{"self":[{"href":"https:\/\/greentools.dk\/no\/wp-json\/wp\/v2\/product\/68486","targetHints":{"allow":["GET"]}}],"collection":[{"href":"https:\/\/greentools.dk\/no\/wp-json\/wp\/v2\/product"}],"about":[{"href":"https:\/\/greentools.dk\/no\/wp-json\/wp\/v2\/types\/product"}],"wp:featuredmedia":[{"embeddable":true,"href":"https:\/\/greentools.dk\/no\/wp-json\/wp\/v2\/media\/68490"}],"wp:attachment":[{"href":"https:\/\/greentools.dk\/no\/wp-json\/wp\/v2\/media?parent=68486"}],"wp:term":[{"taxonomy":"product_brand","embeddable":true,"href":"https:\/\/greentools.dk\/no\/wp-json\/wp\/v2\/product_brand?post=68486"},{"taxonomy":"product_cat","embeddable":true,"href":"https:\/\/greentools.dk\/no\/wp-json\/wp\/v2\/product_cat?post=68486"},{"taxonomy":"product_tag","embeddable":true,"href":"https:\/\/greentools.dk\/no\/wp-json\/wp\/v2\/product_tag?post=68486"}],"curies":[{"name":"wp","href":"https:\/\/api.w.org\/{rel}","templated":true}]}}