{"id":68351,"date":"2023-06-07T10:53:03","date_gmt":"2023-06-07T08:53:03","guid":{"rendered":"https:\/\/greentools.dk\/?post_type=product&#038;p=68351"},"modified":"2023-06-07T10:59:35","modified_gmt":"2023-06-07T08:59:35","slug":"underklinge-til-felco-50-og-51-50-4","status":"publish","type":"product","link":"https:\/\/greentools.dk\/no\/produkt\/underklinge-til-felco-50-og-51-50-4\/","title":{"rendered":"Underklinge til Felco 50 og 51 (50\/4)"},"content":{"rendered":"<p><strong>Underklinge til Felco 50\/4 passer til:<\/strong><\/p>\n<p>Felco 50 og Felco 51<\/p>\n<p>&nbsp;<\/p>\n<p>Se vores store udvalg af <a href=\"https:\/\/greentools.dk\/no\/produkt-kategori\/felco-reservedele-nb-no\/\">Felco reservedele<\/a>.<\/p>\n","protected":false},"excerpt":{"rendered":"<h2>Felco 50\/3 overklinge<\/h2>\n<p>Passer til:<\/p>\n<p>Felco 50 og Felco 51<\/p>\n","protected":false},"featured_media":68359,"template":"","meta":{"_acf_changed":false},"product_brand":[],"product_cat":[532],"product_tag":[],"class_list":{"0":"post-68351","1":"product","2":"type-product","3":"status-publish","4":"has-post-thumbnail","6":"product_cat-felco-reservedele-nb-no","7":"description-off","9":"first","10":"instock","11":"taxable","12":"shipping-taxable","13":"purchasable","14":"product-type-simple"},"acf":[],"yoast_head":"<!-- This site is optimized with the Yoast SEO plugin v27.4 - https:\/\/yoast.com\/product\/yoast-seo-wordpress\/ -->\n<title>Overklinge til Felco 50 og 51. Alle dele p\u00e5 sakse kan udskiftes<\/title>\n<meta name=\"description\" content=\"Overklinge, der passer til Felco 50 og 51. P\u00e5 GreenTools.dk kan du bestille sk\u00e6reklinger til Felco sakse. Hurtig levering med posten\" \/>\n<meta name=\"robots\" content=\"index, follow, max-snippet:-1, max-image-preview:large, max-video-preview:-1\" \/>\n<link rel=\"canonical\" href=\"https:\/\/greentools.dk\/no\/produkt\/underklinge-til-felco-50-og-51-50-4\/\" \/>\n<meta property=\"og:locale\" content=\"nn_NO\" \/>\n<meta property=\"og:type\" content=\"article\" \/>\n<meta property=\"og:title\" content=\"Overklinge til Felco 50 og 51. Alle dele p\u00e5 sakse kan udskiftes\" \/>\n<meta property=\"og:description\" content=\"Overklinge, der passer til Felco 50 og 51. P\u00e5 GreenTools.dk kan du bestille sk\u00e6reklinger til Felco sakse. Hurtig levering med posten\" \/>\n<meta property=\"og:url\" content=\"https:\/\/greentools.dk\/no\/produkt\/underklinge-til-felco-50-og-51-50-4\/\" \/>\n<meta property=\"og:site_name\" content=\"Greentools\" \/>\n<meta property=\"article:modified_time\" content=\"2023-06-07T08:59:35+00:00\" \/>\n<meta property=\"og:image\" content=\"https:\/\/greentools.dk\/wp-content\/uploads\/2023\/06\/50-4-1.jpg\" \/>\n\t<meta property=\"og:image:width\" content=\"300\" \/>\n\t<meta property=\"og:image:height\" content=\"300\" \/>\n\t<meta property=\"og:image:type\" content=\"image\/jpeg\" \/>\n<meta name=\"twitter:card\" content=\"summary_large_image\" \/>\n<script type=\"application\/ld+json\" class=\"yoast-schema-graph\">{\"@context\":\"https:\\\/\\\/schema.org\",\"@graph\":[{\"@type\":\"WebPage\",\"@id\":\"https:\\\/\\\/greentools.dk\\\/no\\\/produkt\\\/underklinge-til-felco-50-og-51-50-4\\\/\",\"url\":\"https:\\\/\\\/greentools.dk\\\/no\\\/produkt\\\/underklinge-til-felco-50-og-51-50-4\\\/\",\"name\":\"Overklinge til Felco 50 og 51. Alle dele p\u00e5 sakse kan udskiftes\",\"isPartOf\":{\"@id\":\"https:\\\/\\\/greentools.dk\\\/no\\\/#website\"},\"primaryImageOfPage\":{\"@id\":\"https:\\\/\\\/greentools.dk\\\/no\\\/produkt\\\/underklinge-til-felco-50-og-51-50-4\\\/#primaryimage\"},\"image\":{\"@id\":\"https:\\\/\\\/greentools.dk\\\/no\\\/produkt\\\/underklinge-til-felco-50-og-51-50-4\\\/#primaryimage\"},\"thumbnailUrl\":\"https:\\\/\\\/greentools.dk\\\/wp-content\\\/uploads\\\/2023\\\/06\\\/50-4-1.jpg\",\"datePublished\":\"2023-06-07T08:53:03+00:00\",\"dateModified\":\"2023-06-07T08:59:35+00:00\",\"description\":\"Overklinge, der passer til Felco 50 og 51. P\u00e5 GreenTools.dk kan du bestille sk\u00e6reklinger til Felco sakse. Hurtig levering med posten\",\"breadcrumb\":{\"@id\":\"https:\\\/\\\/greentools.dk\\\/no\\\/produkt\\\/underklinge-til-felco-50-og-51-50-4\\\/#breadcrumb\"},\"inLanguage\":\"nn-NO\",\"potentialAction\":[{\"@type\":\"ReadAction\",\"target\":[\"https:\\\/\\\/greentools.dk\\\/no\\\/produkt\\\/underklinge-til-felco-50-og-51-50-4\\\/\"]}]},{\"@type\":\"ImageObject\",\"inLanguage\":\"nn-NO\",\"@id\":\"https:\\\/\\\/greentools.dk\\\/no\\\/produkt\\\/underklinge-til-felco-50-og-51-50-4\\\/#primaryimage\",\"url\":\"https:\\\/\\\/greentools.dk\\\/wp-content\\\/uploads\\\/2023\\\/06\\\/50-4-1.jpg\",\"contentUrl\":\"https:\\\/\\\/greentools.dk\\\/wp-content\\\/uploads\\\/2023\\\/06\\\/50-4-1.jpg\",\"width\":300,\"height\":300,\"caption\":\"Felco 50-4\"},{\"@type\":\"BreadcrumbList\",\"@id\":\"https:\\\/\\\/greentools.dk\\\/no\\\/produkt\\\/underklinge-til-felco-50-og-51-50-4\\\/#breadcrumb\",\"itemListElement\":[{\"@type\":\"ListItem\",\"position\":1,\"name\":\"Hjem\",\"item\":\"https:\\\/\\\/greentools.dk\\\/no\\\/\"},{\"@type\":\"ListItem\",\"position\":2,\"name\":\"Produkter\",\"item\":\"https:\\\/\\\/greentools.dk\\\/no\\\/produkter\\\/\"},{\"@type\":\"ListItem\",\"position\":3,\"name\":\"Underklinge til Felco 50 og 51 (50\\\/4)\"}]},{\"@type\":\"WebSite\",\"@id\":\"https:\\\/\\\/greentools.dk\\\/no\\\/#website\",\"url\":\"https:\\\/\\\/greentools.dk\\\/no\\\/\",\"name\":\"Greentools\",\"description\":\"Dansk Kvalitets - Fuglekasser - Foderhuse - Felco Besk\u00e6rersakse\",\"potentialAction\":[{\"@type\":\"SearchAction\",\"target\":{\"@type\":\"EntryPoint\",\"urlTemplate\":\"https:\\\/\\\/greentools.dk\\\/no\\\/?s={search_term_string}\"},\"query-input\":{\"@type\":\"PropertyValueSpecification\",\"valueRequired\":true,\"valueName\":\"search_term_string\"}}],\"inLanguage\":\"nn-NO\"}]}<\/script>\n<!-- \/ Yoast SEO plugin. -->","yoast_head_json":{"title":"Overklinge til Felco 50 og 51. Alle dele p\u00e5 sakse kan udskiftes","description":"Overklinge, der passer til Felco 50 og 51. P\u00e5 GreenTools.dk kan du bestille sk\u00e6reklinger til Felco sakse. Hurtig levering med posten","robots":{"index":"index","follow":"follow","max-snippet":"max-snippet:-1","max-image-preview":"max-image-preview:large","max-video-preview":"max-video-preview:-1"},"canonical":"https:\/\/greentools.dk\/no\/produkt\/underklinge-til-felco-50-og-51-50-4\/","og_locale":"nn_NO","og_type":"article","og_title":"Overklinge til Felco 50 og 51. Alle dele p\u00e5 sakse kan udskiftes","og_description":"Overklinge, der passer til Felco 50 og 51. P\u00e5 GreenTools.dk kan du bestille sk\u00e6reklinger til Felco sakse. Hurtig levering med posten","og_url":"https:\/\/greentools.dk\/no\/produkt\/underklinge-til-felco-50-og-51-50-4\/","og_site_name":"Greentools","article_modified_time":"2023-06-07T08:59:35+00:00","og_image":[{"width":300,"height":300,"url":"https:\/\/greentools.dk\/wp-content\/uploads\/2023\/06\/50-4-1.jpg","type":"image\/jpeg"}],"twitter_card":"summary_large_image","schema":{"@context":"https:\/\/schema.org","@graph":[{"@type":"WebPage","@id":"https:\/\/greentools.dk\/no\/produkt\/underklinge-til-felco-50-og-51-50-4\/","url":"https:\/\/greentools.dk\/no\/produkt\/underklinge-til-felco-50-og-51-50-4\/","name":"Overklinge til Felco 50 og 51. Alle dele p\u00e5 sakse kan udskiftes","isPartOf":{"@id":"https:\/\/greentools.dk\/no\/#website"},"primaryImageOfPage":{"@id":"https:\/\/greentools.dk\/no\/produkt\/underklinge-til-felco-50-og-51-50-4\/#primaryimage"},"image":{"@id":"https:\/\/greentools.dk\/no\/produkt\/underklinge-til-felco-50-og-51-50-4\/#primaryimage"},"thumbnailUrl":"https:\/\/greentools.dk\/wp-content\/uploads\/2023\/06\/50-4-1.jpg","datePublished":"2023-06-07T08:53:03+00:00","dateModified":"2023-06-07T08:59:35+00:00","description":"Overklinge, der passer til Felco 50 og 51. P\u00e5 GreenTools.dk kan du bestille sk\u00e6reklinger til Felco sakse. Hurtig levering med posten","breadcrumb":{"@id":"https:\/\/greentools.dk\/no\/produkt\/underklinge-til-felco-50-og-51-50-4\/#breadcrumb"},"inLanguage":"nn-NO","potentialAction":[{"@type":"ReadAction","target":["https:\/\/greentools.dk\/no\/produkt\/underklinge-til-felco-50-og-51-50-4\/"]}]},{"@type":"ImageObject","inLanguage":"nn-NO","@id":"https:\/\/greentools.dk\/no\/produkt\/underklinge-til-felco-50-og-51-50-4\/#primaryimage","url":"https:\/\/greentools.dk\/wp-content\/uploads\/2023\/06\/50-4-1.jpg","contentUrl":"https:\/\/greentools.dk\/wp-content\/uploads\/2023\/06\/50-4-1.jpg","width":300,"height":300,"caption":"Felco 50-4"},{"@type":"BreadcrumbList","@id":"https:\/\/greentools.dk\/no\/produkt\/underklinge-til-felco-50-og-51-50-4\/#breadcrumb","itemListElement":[{"@type":"ListItem","position":1,"name":"Hjem","item":"https:\/\/greentools.dk\/no\/"},{"@type":"ListItem","position":2,"name":"Produkter","item":"https:\/\/greentools.dk\/no\/produkter\/"},{"@type":"ListItem","position":3,"name":"Underklinge til Felco 50 og 51 (50\/4)"}]},{"@type":"WebSite","@id":"https:\/\/greentools.dk\/no\/#website","url":"https:\/\/greentools.dk\/no\/","name":"Greentools","description":"Dansk Kvalitets - Fuglekasser - Foderhuse - Felco Besk\u00e6rersakse","potentialAction":[{"@type":"SearchAction","target":{"@type":"EntryPoint","urlTemplate":"https:\/\/greentools.dk\/no\/?s={search_term_string}"},"query-input":{"@type":"PropertyValueSpecification","valueRequired":true,"valueName":"search_term_string"}}],"inLanguage":"nn-NO"}]}},"_links":{"self":[{"href":"https:\/\/greentools.dk\/no\/wp-json\/wp\/v2\/product\/68351","targetHints":{"allow":["GET"]}}],"collection":[{"href":"https:\/\/greentools.dk\/no\/wp-json\/wp\/v2\/product"}],"about":[{"href":"https:\/\/greentools.dk\/no\/wp-json\/wp\/v2\/types\/product"}],"wp:featuredmedia":[{"embeddable":true,"href":"https:\/\/greentools.dk\/no\/wp-json\/wp\/v2\/media\/68359"}],"wp:attachment":[{"href":"https:\/\/greentools.dk\/no\/wp-json\/wp\/v2\/media?parent=68351"}],"wp:term":[{"taxonomy":"product_brand","embeddable":true,"href":"https:\/\/greentools.dk\/no\/wp-json\/wp\/v2\/product_brand?post=68351"},{"taxonomy":"product_cat","embeddable":true,"href":"https:\/\/greentools.dk\/no\/wp-json\/wp\/v2\/product_cat?post=68351"},{"taxonomy":"product_tag","embeddable":true,"href":"https:\/\/greentools.dk\/no\/wp-json\/wp\/v2\/product_tag?post=68351"}],"curies":[{"name":"wp","href":"https:\/\/api.w.org\/{rel}","templated":true}]}}