{"id":67838,"date":"2022-11-23T08:21:05","date_gmt":"2022-11-23T07:21:05","guid":{"rendered":"https:\/\/greentools.dk\/produkt\/dolk-tuv\/"},"modified":"2025-05-08T08:04:30","modified_gmt":"2025-05-08T06:04:30","slug":"dolk-oeyo-tuv","status":"publish","type":"product","link":"https:\/\/greentools.dk\/no\/produkt\/dolk-tuv\/","title":{"rendered":"Dolk \u00d8yo Tuv"},"content":{"rendered":"<p>\u00d8yo Tuv: Kraftig dolk med forholdsvis kort blad p\u00e5 9,5 cm. Velegnet til fjeldturen, eller som jagtdolk. Dolken er med fint forarbejdet skaft med fingerstop. Bladet er konisk slebet p\u00e5 begge sider. Den medf\u00f8lgende l\u00e6derskede er forsynet med en l\u00e6derrem der forhindrer dolken i at falde ud. Dolken er fremstillet p\u00e5 den Norske virksomhed \u00d8YO ved Geilo, der har en lang tradition for fremstilling af knive og \u00f8kser i bedste kvalitet.<\/p>\n<p>L\u00e6ngde p\u00e5 knivblad: 9,5 cm<br \/>\nTotall\u00e6ngde: 22 cm<\/p>\n<p>V\u00e6gt: 216g<\/p>\n","protected":false},"excerpt":{"rendered":"<h2>Dolk &laquo;TUV&raquo;<\/h2>\n<ul>\n<li>Knivblad 9,5 cm, totall\u00e6ngde 22 cm<\/li>\n<li>Konisk slebet<\/li>\n<li>Fingerstop<\/li>\n<li>Kraftig l\u00e6derskede<\/li>\n<\/ul>\n","protected":false},"featured_media":67841,"template":"","meta":{"_acf_changed":false},"product_brand":[],"product_cat":[543],"product_tag":[],"class_list":{"0":"post-67838","1":"product","2":"type-product","3":"status-publish","4":"has-post-thumbnail","6":"product_cat-knive-og-dolke-no","7":"description-off","9":"first","10":"instock","11":"sale","12":"taxable","13":"shipping-taxable","14":"purchasable","15":"product-type-simple"},"acf":[],"yoast_head":"<!-- This site is optimized with the Yoast SEO plugin v27.4 - https:\/\/yoast.com\/product\/yoast-seo-wordpress\/ -->\n<title>Dolk \u00d8yo Tuv - Greentools<\/title>\n<meta name=\"robots\" content=\"index, follow, max-snippet:-1, max-image-preview:large, max-video-preview:-1\" \/>\n<link rel=\"canonical\" href=\"https:\/\/greentools.dk\/no\/produkt\/dolk-tuv\/\" \/>\n<meta property=\"og:locale\" content=\"nn_NO\" \/>\n<meta property=\"og:type\" content=\"article\" \/>\n<meta property=\"og:title\" content=\"Dolk \u00d8yo Tuv - Greentools\" \/>\n<meta property=\"og:description\" content=\"Dolk &quot;TUV&quot;   Knivblad 9,5 cm, totall\u00e6ngde 22 cm  Konisk slebet  Fingerstop  Kraftig l\u00e6derskede\" \/>\n<meta property=\"og:url\" content=\"https:\/\/greentools.dk\/no\/produkt\/dolk-tuv\/\" \/>\n<meta property=\"og:site_name\" content=\"Greentools\" \/>\n<meta property=\"article:modified_time\" content=\"2025-05-08T06:04:30+00:00\" \/>\n<meta property=\"og:image\" content=\"https:\/\/greentools.dk\/wp-content\/uploads\/2022\/11\/Dolk-TUV-1.jpg\" \/>\n\t<meta property=\"og:image:width\" content=\"1000\" \/>\n\t<meta property=\"og:image:height\" content=\"1000\" \/>\n\t<meta property=\"og:image:type\" content=\"image\/jpeg\" \/>\n<meta name=\"twitter:card\" content=\"summary_large_image\" \/>\n<script type=\"application\/ld+json\" class=\"yoast-schema-graph\">{\"@context\":\"https:\\\/\\\/schema.org\",\"@graph\":[{\"@type\":\"WebPage\",\"@id\":\"https:\\\/\\\/greentools.dk\\\/no\\\/produkt\\\/dolk-tuv\\\/\",\"url\":\"https:\\\/\\\/greentools.dk\\\/no\\\/produkt\\\/dolk-tuv\\\/\",\"name\":\"Dolk \u00d8yo Tuv - Greentools\",\"isPartOf\":{\"@id\":\"https:\\\/\\\/greentools.dk\\\/no\\\/#website\"},\"primaryImageOfPage\":{\"@id\":\"https:\\\/\\\/greentools.dk\\\/no\\\/produkt\\\/dolk-tuv\\\/#primaryimage\"},\"image\":{\"@id\":\"https:\\\/\\\/greentools.dk\\\/no\\\/produkt\\\/dolk-tuv\\\/#primaryimage\"},\"thumbnailUrl\":\"https:\\\/\\\/greentools.dk\\\/wp-content\\\/uploads\\\/2022\\\/11\\\/Dolk-TUV-1.jpg\",\"datePublished\":\"2022-11-23T07:21:05+00:00\",\"dateModified\":\"2025-05-08T06:04:30+00:00\",\"breadcrumb\":{\"@id\":\"https:\\\/\\\/greentools.dk\\\/no\\\/produkt\\\/dolk-tuv\\\/#breadcrumb\"},\"inLanguage\":\"nn-NO\",\"potentialAction\":[{\"@type\":\"ReadAction\",\"target\":[\"https:\\\/\\\/greentools.dk\\\/no\\\/produkt\\\/dolk-tuv\\\/\"]}]},{\"@type\":\"ImageObject\",\"inLanguage\":\"nn-NO\",\"@id\":\"https:\\\/\\\/greentools.dk\\\/no\\\/produkt\\\/dolk-tuv\\\/#primaryimage\",\"url\":\"https:\\\/\\\/greentools.dk\\\/wp-content\\\/uploads\\\/2022\\\/11\\\/Dolk-TUV-1.jpg\",\"contentUrl\":\"https:\\\/\\\/greentools.dk\\\/wp-content\\\/uploads\\\/2022\\\/11\\\/Dolk-TUV-1.jpg\",\"width\":1000,\"height\":1000,\"caption\":\"Udeliv dolk med kort knivblad \u00d8yo Tuv\"},{\"@type\":\"BreadcrumbList\",\"@id\":\"https:\\\/\\\/greentools.dk\\\/no\\\/produkt\\\/dolk-tuv\\\/#breadcrumb\",\"itemListElement\":[{\"@type\":\"ListItem\",\"position\":1,\"name\":\"Hjem\",\"item\":\"https:\\\/\\\/greentools.dk\\\/no\\\/\"},{\"@type\":\"ListItem\",\"position\":2,\"name\":\"Produkter\",\"item\":\"https:\\\/\\\/greentools.dk\\\/no\\\/produkter\\\/\"},{\"@type\":\"ListItem\",\"position\":3,\"name\":\"Dolk \u00d8yo Tuv\"}]},{\"@type\":\"WebSite\",\"@id\":\"https:\\\/\\\/greentools.dk\\\/no\\\/#website\",\"url\":\"https:\\\/\\\/greentools.dk\\\/no\\\/\",\"name\":\"Greentools\",\"description\":\"Dansk Kvalitets - Fuglekasser - Foderhuse - Felco Besk\u00e6rersakse\",\"potentialAction\":[{\"@type\":\"SearchAction\",\"target\":{\"@type\":\"EntryPoint\",\"urlTemplate\":\"https:\\\/\\\/greentools.dk\\\/no\\\/?s={search_term_string}\"},\"query-input\":{\"@type\":\"PropertyValueSpecification\",\"valueRequired\":true,\"valueName\":\"search_term_string\"}}],\"inLanguage\":\"nn-NO\"}]}<\/script>\n<!-- \/ Yoast SEO plugin. -->","yoast_head_json":{"title":"Dolk \u00d8yo Tuv - Greentools","robots":{"index":"index","follow":"follow","max-snippet":"max-snippet:-1","max-image-preview":"max-image-preview:large","max-video-preview":"max-video-preview:-1"},"canonical":"https:\/\/greentools.dk\/no\/produkt\/dolk-tuv\/","og_locale":"nn_NO","og_type":"article","og_title":"Dolk \u00d8yo Tuv - Greentools","og_description":"Dolk \"TUV\"   Knivblad 9,5 cm, totall\u00e6ngde 22 cm  Konisk slebet  Fingerstop  Kraftig l\u00e6derskede","og_url":"https:\/\/greentools.dk\/no\/produkt\/dolk-tuv\/","og_site_name":"Greentools","article_modified_time":"2025-05-08T06:04:30+00:00","og_image":[{"width":1000,"height":1000,"url":"https:\/\/greentools.dk\/wp-content\/uploads\/2022\/11\/Dolk-TUV-1.jpg","type":"image\/jpeg"}],"twitter_card":"summary_large_image","schema":{"@context":"https:\/\/schema.org","@graph":[{"@type":"WebPage","@id":"https:\/\/greentools.dk\/no\/produkt\/dolk-tuv\/","url":"https:\/\/greentools.dk\/no\/produkt\/dolk-tuv\/","name":"Dolk \u00d8yo Tuv - Greentools","isPartOf":{"@id":"https:\/\/greentools.dk\/no\/#website"},"primaryImageOfPage":{"@id":"https:\/\/greentools.dk\/no\/produkt\/dolk-tuv\/#primaryimage"},"image":{"@id":"https:\/\/greentools.dk\/no\/produkt\/dolk-tuv\/#primaryimage"},"thumbnailUrl":"https:\/\/greentools.dk\/wp-content\/uploads\/2022\/11\/Dolk-TUV-1.jpg","datePublished":"2022-11-23T07:21:05+00:00","dateModified":"2025-05-08T06:04:30+00:00","breadcrumb":{"@id":"https:\/\/greentools.dk\/no\/produkt\/dolk-tuv\/#breadcrumb"},"inLanguage":"nn-NO","potentialAction":[{"@type":"ReadAction","target":["https:\/\/greentools.dk\/no\/produkt\/dolk-tuv\/"]}]},{"@type":"ImageObject","inLanguage":"nn-NO","@id":"https:\/\/greentools.dk\/no\/produkt\/dolk-tuv\/#primaryimage","url":"https:\/\/greentools.dk\/wp-content\/uploads\/2022\/11\/Dolk-TUV-1.jpg","contentUrl":"https:\/\/greentools.dk\/wp-content\/uploads\/2022\/11\/Dolk-TUV-1.jpg","width":1000,"height":1000,"caption":"Udeliv dolk med kort knivblad \u00d8yo Tuv"},{"@type":"BreadcrumbList","@id":"https:\/\/greentools.dk\/no\/produkt\/dolk-tuv\/#breadcrumb","itemListElement":[{"@type":"ListItem","position":1,"name":"Hjem","item":"https:\/\/greentools.dk\/no\/"},{"@type":"ListItem","position":2,"name":"Produkter","item":"https:\/\/greentools.dk\/no\/produkter\/"},{"@type":"ListItem","position":3,"name":"Dolk \u00d8yo Tuv"}]},{"@type":"WebSite","@id":"https:\/\/greentools.dk\/no\/#website","url":"https:\/\/greentools.dk\/no\/","name":"Greentools","description":"Dansk Kvalitets - Fuglekasser - Foderhuse - Felco Besk\u00e6rersakse","potentialAction":[{"@type":"SearchAction","target":{"@type":"EntryPoint","urlTemplate":"https:\/\/greentools.dk\/no\/?s={search_term_string}"},"query-input":{"@type":"PropertyValueSpecification","valueRequired":true,"valueName":"search_term_string"}}],"inLanguage":"nn-NO"}]}},"_links":{"self":[{"href":"https:\/\/greentools.dk\/no\/wp-json\/wp\/v2\/product\/67838","targetHints":{"allow":["GET"]}}],"collection":[{"href":"https:\/\/greentools.dk\/no\/wp-json\/wp\/v2\/product"}],"about":[{"href":"https:\/\/greentools.dk\/no\/wp-json\/wp\/v2\/types\/product"}],"wp:featuredmedia":[{"embeddable":true,"href":"https:\/\/greentools.dk\/no\/wp-json\/wp\/v2\/media\/67841"}],"wp:attachment":[{"href":"https:\/\/greentools.dk\/no\/wp-json\/wp\/v2\/media?parent=67838"}],"wp:term":[{"taxonomy":"product_brand","embeddable":true,"href":"https:\/\/greentools.dk\/no\/wp-json\/wp\/v2\/product_brand?post=67838"},{"taxonomy":"product_cat","embeddable":true,"href":"https:\/\/greentools.dk\/no\/wp-json\/wp\/v2\/product_cat?post=67838"},{"taxonomy":"product_tag","embeddable":true,"href":"https:\/\/greentools.dk\/no\/wp-json\/wp\/v2\/product_tag?post=67838"}],"curies":[{"name":"wp","href":"https:\/\/api.w.org\/{rel}","templated":true}]}}