{"id":67829,"date":"2022-12-26T14:48:31","date_gmt":"2022-12-26T13:48:31","guid":{"rendered":"https:\/\/greentools.dk\/produkt\/jagt-foldekniv\/"},"modified":"2025-12-18T09:46:16","modified_gmt":"2025-12-18T08:46:16","slug":"jagt-foldekniv-oeyo-gevir-duo","status":"publish","type":"product","link":"https:\/\/greentools.dk\/no\/produkt\/jagt-foldekniv\/","title":{"rendered":"Jagt foldekniv \u00d8yo Gevir duo med bug\u00e5bner"},"content":{"rendered":"<h2>Jagt foldekniv med 2 funktioner \u00d8yo Gevir duo<\/h2>\n<p>Jagt foldekniven Gevir duo fra den norske producent \u00d8YO, er en smart 2 i 1 foldekniv, der er god at have med p\u00e5 alle former for jagt. Den har to udfoldelige knivblade, et almindeligt knivblad til at sk\u00e6re, og et special udformet blad til at br\u00e6kke dyr med. Sk\u00e6ftet er lavet af en fast gummi legering, det t\u00e5ler vask med s\u00e6be.<\/p>\n<h2>Ergonomisk udformet sk\u00e6fte<\/h2>\n<p>Sk\u00e6ftet er ergonomisk udformet, s\u00e5 det giver et godt greb selv n\u00e5r dine h\u00e6nder er v\u00e5de eller fedtede. I udfoldet position s\u00f8rger en klik-l\u00e5s funktion for at knivbladene ikke selv kan lukke sig sammen igen. Knivbladene foldes sammen ved et let tryk p\u00e5 en udl\u00f8serknap p\u00e5 ryggen af sk\u00e6ftet.<\/p>\n<h2>Jagt foldekniven lyser op i skovbunden<\/h2>\n<p>Jagt foldekniven har et gul\/orange farvet m\u00f8nster, som er let at se, n\u00e5r den ligger p\u00e5 jorden i skovbunden. Skeden er i gr\u00f8n Cordura som let kan vaskes hvis n\u00f8dvendigt. Condura skeden kan placeres i et b\u00e6lte<\/p>\n<p>L\u00e6ngde p\u00e5 knivblad: 8 cm<br \/>\nL\u00e6ngde p\u00e5 bug\u00e5bner: 8 cm<br \/>\nTotall\u00e6ngde: 19 cm<br \/>\nV\u00e6gt: 120 gram<\/p>\n<p>Norsk kvalitet fra <a href=\"https:\/\/oeyo.no\/\">\u00d8YO<\/a><\/p>\n","protected":false},"excerpt":{"rendered":"<p>Gevir duo foldekniv<\/p>\n<ul>\n<li>Knivblad 8 cm, total 19 cm<\/li>\n<li>Bug\u00e5bner 8 cm<\/li>\n<li>Ergonomisk greb, orange\/camo<\/li>\n<li>Cordura hylster<\/li>\n<li>T\u00e5ler s\u00e6bevask<\/li>\n<\/ul>\n","protected":false},"featured_media":67831,"template":"","meta":{"_acf_changed":false},"product_brand":[],"product_cat":[543,539],"product_tag":[],"class_list":{"0":"post-67829","1":"product","2":"type-product","3":"status-publish","4":"has-post-thumbnail","6":"product_cat-knive-og-dolke-no","7":"product_cat-victorinox-lommeknive-nb-no","8":"description-off","10":"first","11":"instock","12":"taxable","13":"shipping-taxable","14":"purchasable","15":"product-type-simple"},"acf":[],"yoast_head":"<!-- This site is optimized with the Yoast SEO plugin v27.4 - https:\/\/yoast.com\/product\/yoast-seo-wordpress\/ -->\n<title>\u00d8yo Gevir duo foldekniv med flere funktioner - kniv og bug\u00e5bner<\/title>\n<meta name=\"description\" content=\"Jagt foldekniv \u00d8yo Gevir duo i praktisk ergonomisk udformning &gt;&gt; to i \u00e9n&lt;&lt; med almindeligt knivblad og bug\u00e5bner. Leveres i holdbart Cordura hylster\" \/>\n<meta name=\"robots\" content=\"index, follow, max-snippet:-1, max-image-preview:large, max-video-preview:-1\" \/>\n<link rel=\"canonical\" href=\"https:\/\/greentools.dk\/no\/produkt\/jagt-foldekniv\/\" \/>\n<meta property=\"og:locale\" content=\"nn_NO\" \/>\n<meta property=\"og:type\" content=\"article\" \/>\n<meta property=\"og:title\" content=\"\u00d8yo Gevir duo foldekniv med flere funktioner - kniv og bug\u00e5bner\" \/>\n<meta property=\"og:description\" content=\"Jagt foldekniv \u00d8yo Gevir duo i praktisk ergonomisk udformning &gt;&gt; to i \u00e9n&lt;&lt; med almindeligt knivblad og bug\u00e5bner. Leveres i holdbart Cordura hylster\" \/>\n<meta property=\"og:url\" content=\"https:\/\/greentools.dk\/no\/produkt\/jagt-foldekniv\/\" \/>\n<meta property=\"og:site_name\" content=\"Greentools\" \/>\n<meta property=\"article:modified_time\" content=\"2025-12-18T08:46:16+00:00\" \/>\n<meta property=\"og:image\" content=\"https:\/\/greentools.dk\/wp-content\/uploads\/2022\/12\/jagt-foldekniv.jpg\" \/>\n\t<meta property=\"og:image:width\" content=\"1024\" \/>\n\t<meta property=\"og:image:height\" content=\"1024\" \/>\n\t<meta property=\"og:image:type\" content=\"image\/jpeg\" \/>\n<meta name=\"twitter:card\" content=\"summary_large_image\" \/>\n<meta name=\"twitter:label1\" content=\"Est. reading time\" \/>\n\t<meta name=\"twitter:data1\" content=\"1 minutt\" \/>\n<script type=\"application\/ld+json\" class=\"yoast-schema-graph\">{\"@context\":\"https:\\\/\\\/schema.org\",\"@graph\":[{\"@type\":\"WebPage\",\"@id\":\"https:\\\/\\\/greentools.dk\\\/no\\\/produkt\\\/jagt-foldekniv\\\/\",\"url\":\"https:\\\/\\\/greentools.dk\\\/no\\\/produkt\\\/jagt-foldekniv\\\/\",\"name\":\"\u00d8yo Gevir duo foldekniv med flere funktioner - kniv og bug\u00e5bner\",\"isPartOf\":{\"@id\":\"https:\\\/\\\/greentools.dk\\\/no\\\/#website\"},\"primaryImageOfPage\":{\"@id\":\"https:\\\/\\\/greentools.dk\\\/no\\\/produkt\\\/jagt-foldekniv\\\/#primaryimage\"},\"image\":{\"@id\":\"https:\\\/\\\/greentools.dk\\\/no\\\/produkt\\\/jagt-foldekniv\\\/#primaryimage\"},\"thumbnailUrl\":\"https:\\\/\\\/greentools.dk\\\/wp-content\\\/uploads\\\/2022\\\/12\\\/jagt-foldekniv.jpg\",\"datePublished\":\"2022-12-26T13:48:31+00:00\",\"dateModified\":\"2025-12-18T08:46:16+00:00\",\"description\":\"Jagt foldekniv \u00d8yo Gevir duo i praktisk ergonomisk udformning >> to i \u00e9n&lt;&lt; med almindeligt knivblad og bug\u00e5bner. Leveres i holdbart Cordura hylster\",\"breadcrumb\":{\"@id\":\"https:\\\/\\\/greentools.dk\\\/no\\\/produkt\\\/jagt-foldekniv\\\/#breadcrumb\"},\"inLanguage\":\"nn-NO\",\"potentialAction\":[{\"@type\":\"ReadAction\",\"target\":[\"https:\\\/\\\/greentools.dk\\\/no\\\/produkt\\\/jagt-foldekniv\\\/\"]}]},{\"@type\":\"ImageObject\",\"inLanguage\":\"nn-NO\",\"@id\":\"https:\\\/\\\/greentools.dk\\\/no\\\/produkt\\\/jagt-foldekniv\\\/#primaryimage\",\"url\":\"https:\\\/\\\/greentools.dk\\\/wp-content\\\/uploads\\\/2022\\\/12\\\/jagt-foldekniv.jpg\",\"contentUrl\":\"https:\\\/\\\/greentools.dk\\\/wp-content\\\/uploads\\\/2022\\\/12\\\/jagt-foldekniv.jpg\",\"width\":1024,\"height\":1024,\"caption\":\"\u00d8yo Gevir duo Jagt foldekniv med bug\u00e5bner og kraftig cordura skede\"},{\"@type\":\"BreadcrumbList\",\"@id\":\"https:\\\/\\\/greentools.dk\\\/no\\\/produkt\\\/jagt-foldekniv\\\/#breadcrumb\",\"itemListElement\":[{\"@type\":\"ListItem\",\"position\":1,\"name\":\"Hjem\",\"item\":\"https:\\\/\\\/greentools.dk\\\/no\\\/\"},{\"@type\":\"ListItem\",\"position\":2,\"name\":\"Produkter\",\"item\":\"https:\\\/\\\/greentools.dk\\\/no\\\/produkter\\\/\"},{\"@type\":\"ListItem\",\"position\":3,\"name\":\"Jagt foldekniv \u00d8yo Gevir duo med bug\u00e5bner\"}]},{\"@type\":\"WebSite\",\"@id\":\"https:\\\/\\\/greentools.dk\\\/no\\\/#website\",\"url\":\"https:\\\/\\\/greentools.dk\\\/no\\\/\",\"name\":\"Greentools\",\"description\":\"Dansk Kvalitets - Fuglekasser - Foderhuse - Felco Besk\u00e6rersakse\",\"potentialAction\":[{\"@type\":\"SearchAction\",\"target\":{\"@type\":\"EntryPoint\",\"urlTemplate\":\"https:\\\/\\\/greentools.dk\\\/no\\\/?s={search_term_string}\"},\"query-input\":{\"@type\":\"PropertyValueSpecification\",\"valueRequired\":true,\"valueName\":\"search_term_string\"}}],\"inLanguage\":\"nn-NO\"}]}<\/script>\n<!-- \/ Yoast SEO plugin. -->","yoast_head_json":{"title":"\u00d8yo Gevir duo foldekniv med flere funktioner - kniv og bug\u00e5bner","description":"Jagt foldekniv \u00d8yo Gevir duo i praktisk ergonomisk udformning >> to i \u00e9n&lt;&lt; med almindeligt knivblad og bug\u00e5bner. Leveres i holdbart Cordura hylster","robots":{"index":"index","follow":"follow","max-snippet":"max-snippet:-1","max-image-preview":"max-image-preview:large","max-video-preview":"max-video-preview:-1"},"canonical":"https:\/\/greentools.dk\/no\/produkt\/jagt-foldekniv\/","og_locale":"nn_NO","og_type":"article","og_title":"\u00d8yo Gevir duo foldekniv med flere funktioner - kniv og bug\u00e5bner","og_description":"Jagt foldekniv \u00d8yo Gevir duo i praktisk ergonomisk udformning >> to i \u00e9n&lt;&lt; med almindeligt knivblad og bug\u00e5bner. Leveres i holdbart Cordura hylster","og_url":"https:\/\/greentools.dk\/no\/produkt\/jagt-foldekniv\/","og_site_name":"Greentools","article_modified_time":"2025-12-18T08:46:16+00:00","og_image":[{"width":1024,"height":1024,"url":"https:\/\/greentools.dk\/wp-content\/uploads\/2022\/12\/jagt-foldekniv.jpg","type":"image\/jpeg"}],"twitter_card":"summary_large_image","twitter_misc":{"Est. reading time":"1 minutt"},"schema":{"@context":"https:\/\/schema.org","@graph":[{"@type":"WebPage","@id":"https:\/\/greentools.dk\/no\/produkt\/jagt-foldekniv\/","url":"https:\/\/greentools.dk\/no\/produkt\/jagt-foldekniv\/","name":"\u00d8yo Gevir duo foldekniv med flere funktioner - kniv og bug\u00e5bner","isPartOf":{"@id":"https:\/\/greentools.dk\/no\/#website"},"primaryImageOfPage":{"@id":"https:\/\/greentools.dk\/no\/produkt\/jagt-foldekniv\/#primaryimage"},"image":{"@id":"https:\/\/greentools.dk\/no\/produkt\/jagt-foldekniv\/#primaryimage"},"thumbnailUrl":"https:\/\/greentools.dk\/wp-content\/uploads\/2022\/12\/jagt-foldekniv.jpg","datePublished":"2022-12-26T13:48:31+00:00","dateModified":"2025-12-18T08:46:16+00:00","description":"Jagt foldekniv \u00d8yo Gevir duo i praktisk ergonomisk udformning >> to i \u00e9n&lt;&lt; med almindeligt knivblad og bug\u00e5bner. Leveres i holdbart Cordura hylster","breadcrumb":{"@id":"https:\/\/greentools.dk\/no\/produkt\/jagt-foldekniv\/#breadcrumb"},"inLanguage":"nn-NO","potentialAction":[{"@type":"ReadAction","target":["https:\/\/greentools.dk\/no\/produkt\/jagt-foldekniv\/"]}]},{"@type":"ImageObject","inLanguage":"nn-NO","@id":"https:\/\/greentools.dk\/no\/produkt\/jagt-foldekniv\/#primaryimage","url":"https:\/\/greentools.dk\/wp-content\/uploads\/2022\/12\/jagt-foldekniv.jpg","contentUrl":"https:\/\/greentools.dk\/wp-content\/uploads\/2022\/12\/jagt-foldekniv.jpg","width":1024,"height":1024,"caption":"\u00d8yo Gevir duo Jagt foldekniv med bug\u00e5bner og kraftig cordura skede"},{"@type":"BreadcrumbList","@id":"https:\/\/greentools.dk\/no\/produkt\/jagt-foldekniv\/#breadcrumb","itemListElement":[{"@type":"ListItem","position":1,"name":"Hjem","item":"https:\/\/greentools.dk\/no\/"},{"@type":"ListItem","position":2,"name":"Produkter","item":"https:\/\/greentools.dk\/no\/produkter\/"},{"@type":"ListItem","position":3,"name":"Jagt foldekniv \u00d8yo Gevir duo med bug\u00e5bner"}]},{"@type":"WebSite","@id":"https:\/\/greentools.dk\/no\/#website","url":"https:\/\/greentools.dk\/no\/","name":"Greentools","description":"Dansk Kvalitets - Fuglekasser - Foderhuse - Felco Besk\u00e6rersakse","potentialAction":[{"@type":"SearchAction","target":{"@type":"EntryPoint","urlTemplate":"https:\/\/greentools.dk\/no\/?s={search_term_string}"},"query-input":{"@type":"PropertyValueSpecification","valueRequired":true,"valueName":"search_term_string"}}],"inLanguage":"nn-NO"}]}},"_links":{"self":[{"href":"https:\/\/greentools.dk\/no\/wp-json\/wp\/v2\/product\/67829","targetHints":{"allow":["GET"]}}],"collection":[{"href":"https:\/\/greentools.dk\/no\/wp-json\/wp\/v2\/product"}],"about":[{"href":"https:\/\/greentools.dk\/no\/wp-json\/wp\/v2\/types\/product"}],"wp:featuredmedia":[{"embeddable":true,"href":"https:\/\/greentools.dk\/no\/wp-json\/wp\/v2\/media\/67831"}],"wp:attachment":[{"href":"https:\/\/greentools.dk\/no\/wp-json\/wp\/v2\/media?parent=67829"}],"wp:term":[{"taxonomy":"product_brand","embeddable":true,"href":"https:\/\/greentools.dk\/no\/wp-json\/wp\/v2\/product_brand?post=67829"},{"taxonomy":"product_cat","embeddable":true,"href":"https:\/\/greentools.dk\/no\/wp-json\/wp\/v2\/product_cat?post=67829"},{"taxonomy":"product_tag","embeddable":true,"href":"https:\/\/greentools.dk\/no\/wp-json\/wp\/v2\/product_tag?post=67829"}],"curies":[{"name":"wp","href":"https:\/\/api.w.org\/{rel}","templated":true}]}}