{"id":67825,"date":"2022-12-30T16:40:56","date_gmt":"2022-12-30T15:40:56","guid":{"rendered":"https:\/\/greentools.dk\/produkt\/dolk-vidda\/"},"modified":"2024-11-27T20:39:19","modified_gmt":"2024-11-27T19:39:19","slug":"dolk-oeyo-vidda","status":"publish","type":"product","link":"https:\/\/greentools.dk\/no\/produkt\/dolk-vidda\/","title":{"rendered":"Dolk \u00d8yo Vidda"},"content":{"rendered":"<h2>Dolk \u00d8yo Vidda til fjelturen<\/h2>\n<p>Flot og enkel allround dolk til fjeldturen eller skovturen. Dolk \u00d8yo Vidda er let i forhold til andre dolke. Der medf\u00f8lge sort l\u00e6derskede<\/p>\n<h2>Letv\u00e6gts dolk<\/h2>\n<p>Viddar er en slank og let dolk. V\u00e6gten holdes nede af det slanke design, samt letv\u00e6gtssk\u00e6fte fremstillet i gummitr\u00e6<\/p>\n<p>&nbsp;<\/p>\n<p>L\u00e6ngde p\u00e5 knivblad: 10 cm<br \/>\nTotall\u00e6ngde: 21 cm<\/p>\n<p>V\u00e6gt: 126 gram<\/p>\n","protected":false},"excerpt":{"rendered":"<h2>Dolk &laquo;Vidda&raquo;<\/h2>\n<ul>\n<li>Knivblad 10 cm, totall\u00e6ngde 21 cm<\/li>\n<li>Hulslebet<\/li>\n<li>Letv\u00e6gtssk\u00e6fte i gummitr\u00e6<\/li>\n<li>Solid l\u00e6derskede<\/li>\n<\/ul>\n<p>&nbsp;<\/p>\n","protected":false},"featured_media":67826,"template":"","meta":{"_acf_changed":false},"product_brand":[],"product_cat":[543],"product_tag":[],"class_list":{"0":"post-67825","1":"product","2":"type-product","3":"status-publish","4":"has-post-thumbnail","6":"product_cat-knive-og-dolke-no","7":"description-off","9":"first","10":"instock","11":"sale","12":"taxable","13":"shipping-taxable","14":"purchasable","15":"product-type-simple"},"acf":[],"yoast_head":"<!-- This site is optimized with the Yoast SEO plugin v27.4 - https:\/\/yoast.com\/product\/yoast-seo-wordpress\/ -->\n<title>Dolk model Vidda velegnet til allround brug p\u00e5 fjeldet<\/title>\n<meta name=\"description\" content=\"Letv\u00e6gts dolk fremstillet ved Geilo i Norge hvor der er mange\u00e5rig tradition for fremstilling af kvalitetsknive. En god allround dolk.\" \/>\n<meta name=\"robots\" content=\"noindex, follow\" \/>\n<meta property=\"og:locale\" content=\"nn_NO\" \/>\n<meta property=\"og:type\" content=\"article\" \/>\n<meta property=\"og:title\" content=\"Dolk model Vidda velegnet til allround brug p\u00e5 fjeldet\" \/>\n<meta property=\"og:description\" content=\"Letv\u00e6gts dolk fremstillet ved Geilo i Norge hvor der er mange\u00e5rig tradition for fremstilling af kvalitetsknive. En god allround dolk.\" \/>\n<meta property=\"og:url\" content=\"https:\/\/greentools.dk\/no\/produkt\/dolk-vidda\/\" \/>\n<meta property=\"og:site_name\" content=\"Greentools\" \/>\n<meta property=\"article:modified_time\" content=\"2024-11-27T19:39:19+00:00\" \/>\n<meta property=\"og:image\" content=\"https:\/\/greentools.dk\/wp-content\/uploads\/2022\/12\/Dolk-Viddar.jpg\" \/>\n\t<meta property=\"og:image:width\" content=\"1024\" \/>\n\t<meta property=\"og:image:height\" content=\"1024\" \/>\n\t<meta property=\"og:image:type\" content=\"image\/jpeg\" \/>\n<meta name=\"twitter:card\" content=\"summary_large_image\" \/>\n<script type=\"application\/ld+json\" class=\"yoast-schema-graph\">{\"@context\":\"https:\\\/\\\/schema.org\",\"@graph\":[{\"@type\":\"WebPage\",\"@id\":\"https:\\\/\\\/greentools.dk\\\/no\\\/produkt\\\/dolk-vidda\\\/\",\"url\":\"https:\\\/\\\/greentools.dk\\\/no\\\/produkt\\\/dolk-vidda\\\/\",\"name\":\"Dolk model Vidda velegnet til allround brug p\u00e5 fjeldet\",\"isPartOf\":{\"@id\":\"https:\\\/\\\/greentools.dk\\\/no\\\/#website\"},\"primaryImageOfPage\":{\"@id\":\"https:\\\/\\\/greentools.dk\\\/no\\\/produkt\\\/dolk-vidda\\\/#primaryimage\"},\"image\":{\"@id\":\"https:\\\/\\\/greentools.dk\\\/no\\\/produkt\\\/dolk-vidda\\\/#primaryimage\"},\"thumbnailUrl\":\"https:\\\/\\\/greentools.dk\\\/wp-content\\\/uploads\\\/2022\\\/12\\\/Dolk-Viddar.jpg\",\"datePublished\":\"2022-12-30T15:40:56+00:00\",\"dateModified\":\"2024-11-27T19:39:19+00:00\",\"description\":\"Letv\u00e6gts dolk fremstillet ved Geilo i Norge hvor der er mange\u00e5rig tradition for fremstilling af kvalitetsknive. En god allround dolk.\",\"breadcrumb\":{\"@id\":\"https:\\\/\\\/greentools.dk\\\/no\\\/produkt\\\/dolk-vidda\\\/#breadcrumb\"},\"inLanguage\":\"nn-NO\",\"potentialAction\":[{\"@type\":\"ReadAction\",\"target\":[\"https:\\\/\\\/greentools.dk\\\/no\\\/produkt\\\/dolk-vidda\\\/\"]}]},{\"@type\":\"ImageObject\",\"inLanguage\":\"nn-NO\",\"@id\":\"https:\\\/\\\/greentools.dk\\\/no\\\/produkt\\\/dolk-vidda\\\/#primaryimage\",\"url\":\"https:\\\/\\\/greentools.dk\\\/wp-content\\\/uploads\\\/2022\\\/12\\\/Dolk-Viddar.jpg\",\"contentUrl\":\"https:\\\/\\\/greentools.dk\\\/wp-content\\\/uploads\\\/2022\\\/12\\\/Dolk-Viddar.jpg\",\"width\":1024,\"height\":1024,\"caption\":\"Norsk dolk \u00d8yo Vidda til fjeldturen\"},{\"@type\":\"BreadcrumbList\",\"@id\":\"https:\\\/\\\/greentools.dk\\\/no\\\/produkt\\\/dolk-vidda\\\/#breadcrumb\",\"itemListElement\":[{\"@type\":\"ListItem\",\"position\":1,\"name\":\"Hjem\",\"item\":\"https:\\\/\\\/greentools.dk\\\/no\\\/\"},{\"@type\":\"ListItem\",\"position\":2,\"name\":\"Produkter\",\"item\":\"https:\\\/\\\/greentools.dk\\\/no\\\/produkter\\\/\"},{\"@type\":\"ListItem\",\"position\":3,\"name\":\"Dolk \u00d8yo Vidda\"}]},{\"@type\":\"WebSite\",\"@id\":\"https:\\\/\\\/greentools.dk\\\/no\\\/#website\",\"url\":\"https:\\\/\\\/greentools.dk\\\/no\\\/\",\"name\":\"Greentools\",\"description\":\"Dansk Kvalitets - Fuglekasser - Foderhuse - Felco Besk\u00e6rersakse\",\"potentialAction\":[{\"@type\":\"SearchAction\",\"target\":{\"@type\":\"EntryPoint\",\"urlTemplate\":\"https:\\\/\\\/greentools.dk\\\/no\\\/?s={search_term_string}\"},\"query-input\":{\"@type\":\"PropertyValueSpecification\",\"valueRequired\":true,\"valueName\":\"search_term_string\"}}],\"inLanguage\":\"nn-NO\"}]}<\/script>\n<!-- \/ Yoast SEO plugin. -->","yoast_head_json":{"title":"Dolk model Vidda velegnet til allround brug p\u00e5 fjeldet","description":"Letv\u00e6gts dolk fremstillet ved Geilo i Norge hvor der er mange\u00e5rig tradition for fremstilling af kvalitetsknive. En god allround dolk.","robots":{"index":"noindex","follow":"follow"},"og_locale":"nn_NO","og_type":"article","og_title":"Dolk model Vidda velegnet til allround brug p\u00e5 fjeldet","og_description":"Letv\u00e6gts dolk fremstillet ved Geilo i Norge hvor der er mange\u00e5rig tradition for fremstilling af kvalitetsknive. En god allround dolk.","og_url":"https:\/\/greentools.dk\/no\/produkt\/dolk-vidda\/","og_site_name":"Greentools","article_modified_time":"2024-11-27T19:39:19+00:00","og_image":[{"width":1024,"height":1024,"url":"https:\/\/greentools.dk\/wp-content\/uploads\/2022\/12\/Dolk-Viddar.jpg","type":"image\/jpeg"}],"twitter_card":"summary_large_image","schema":{"@context":"https:\/\/schema.org","@graph":[{"@type":"WebPage","@id":"https:\/\/greentools.dk\/no\/produkt\/dolk-vidda\/","url":"https:\/\/greentools.dk\/no\/produkt\/dolk-vidda\/","name":"Dolk model Vidda velegnet til allround brug p\u00e5 fjeldet","isPartOf":{"@id":"https:\/\/greentools.dk\/no\/#website"},"primaryImageOfPage":{"@id":"https:\/\/greentools.dk\/no\/produkt\/dolk-vidda\/#primaryimage"},"image":{"@id":"https:\/\/greentools.dk\/no\/produkt\/dolk-vidda\/#primaryimage"},"thumbnailUrl":"https:\/\/greentools.dk\/wp-content\/uploads\/2022\/12\/Dolk-Viddar.jpg","datePublished":"2022-12-30T15:40:56+00:00","dateModified":"2024-11-27T19:39:19+00:00","description":"Letv\u00e6gts dolk fremstillet ved Geilo i Norge hvor der er mange\u00e5rig tradition for fremstilling af kvalitetsknive. En god allround dolk.","breadcrumb":{"@id":"https:\/\/greentools.dk\/no\/produkt\/dolk-vidda\/#breadcrumb"},"inLanguage":"nn-NO","potentialAction":[{"@type":"ReadAction","target":["https:\/\/greentools.dk\/no\/produkt\/dolk-vidda\/"]}]},{"@type":"ImageObject","inLanguage":"nn-NO","@id":"https:\/\/greentools.dk\/no\/produkt\/dolk-vidda\/#primaryimage","url":"https:\/\/greentools.dk\/wp-content\/uploads\/2022\/12\/Dolk-Viddar.jpg","contentUrl":"https:\/\/greentools.dk\/wp-content\/uploads\/2022\/12\/Dolk-Viddar.jpg","width":1024,"height":1024,"caption":"Norsk dolk \u00d8yo Vidda til fjeldturen"},{"@type":"BreadcrumbList","@id":"https:\/\/greentools.dk\/no\/produkt\/dolk-vidda\/#breadcrumb","itemListElement":[{"@type":"ListItem","position":1,"name":"Hjem","item":"https:\/\/greentools.dk\/no\/"},{"@type":"ListItem","position":2,"name":"Produkter","item":"https:\/\/greentools.dk\/no\/produkter\/"},{"@type":"ListItem","position":3,"name":"Dolk \u00d8yo Vidda"}]},{"@type":"WebSite","@id":"https:\/\/greentools.dk\/no\/#website","url":"https:\/\/greentools.dk\/no\/","name":"Greentools","description":"Dansk Kvalitets - Fuglekasser - Foderhuse - Felco Besk\u00e6rersakse","potentialAction":[{"@type":"SearchAction","target":{"@type":"EntryPoint","urlTemplate":"https:\/\/greentools.dk\/no\/?s={search_term_string}"},"query-input":{"@type":"PropertyValueSpecification","valueRequired":true,"valueName":"search_term_string"}}],"inLanguage":"nn-NO"}]}},"_links":{"self":[{"href":"https:\/\/greentools.dk\/no\/wp-json\/wp\/v2\/product\/67825","targetHints":{"allow":["GET"]}}],"collection":[{"href":"https:\/\/greentools.dk\/no\/wp-json\/wp\/v2\/product"}],"about":[{"href":"https:\/\/greentools.dk\/no\/wp-json\/wp\/v2\/types\/product"}],"wp:featuredmedia":[{"embeddable":true,"href":"https:\/\/greentools.dk\/no\/wp-json\/wp\/v2\/media\/67826"}],"wp:attachment":[{"href":"https:\/\/greentools.dk\/no\/wp-json\/wp\/v2\/media?parent=67825"}],"wp:term":[{"taxonomy":"product_brand","embeddable":true,"href":"https:\/\/greentools.dk\/no\/wp-json\/wp\/v2\/product_brand?post=67825"},{"taxonomy":"product_cat","embeddable":true,"href":"https:\/\/greentools.dk\/no\/wp-json\/wp\/v2\/product_cat?post=67825"},{"taxonomy":"product_tag","embeddable":true,"href":"https:\/\/greentools.dk\/no\/wp-json\/wp\/v2\/product_tag?post=67825"}],"curies":[{"name":"wp","href":"https:\/\/api.w.org\/{rel}","templated":true}]}}