{"id":67823,"date":"2022-12-30T16:57:10","date_gmt":"2022-12-30T15:57:10","guid":{"rendered":"https:\/\/greentools.dk\/produkt\/foldekniv-til-jagt\/"},"modified":"2024-11-28T08:39:01","modified_gmt":"2024-11-28T07:39:01","slug":"foldekniv-til-jagt-oeyo-marka","status":"publish","type":"product","link":"https:\/\/greentools.dk\/no\/produkt\/foldekniv-til-jagt\/","title":{"rendered":"Foldekniv til jagt \u00d8yo Marka"},"content":{"rendered":"<h2>Foldekniv til jagt og fritid \u00d8yo Marka<\/h2>\n<p>Foldekniven til jagt og fritid med navnet &laquo;Marka&raquo; er fra den norske producent \u00d8YO. Marka er handy og god at have med p\u00e5 alle former for jagt. Den har et udfoldeligt knivblad p\u00e5 8,5 cm der d\u00e6kke behovet i langt de fleste jagtsituationer.<\/p>\n<h2>Sk\u00e6fte udformet i Pakkawood<\/h2>\n<p>Sk\u00e6ftet er udformet i en flot changerende Pakkawood der er en h\u00e5rdtr\u00e6sfiner hvor alle hulrum er udfyldt med kunstharpiks. Dette giver en holdbar og flot overflade, der er let at reng\u00f8re. I udfoldet position s\u00f8rger en klik-l\u00e5s funktion for at knivbladet ikke selv kan lukke sig sammen igen. Knivbladene foldes sammen ved et let tryk p\u00e5 en udl\u00f8serknap nederst p\u00e5 ryggen af sk\u00e6ftet. Foldekniven leveres i et praktisk l\u00e6deretui.<\/p>\n<p>L\u00e6ngde p\u00e5 knivblad: 8,5 cm<br \/>\nTotall\u00e6ngde: 19 cm<br \/>\nV\u00e6gt: 177 gram<\/p>\n<p>Norsk kvalitet fra <a href=\"https:\/\/oeyo.no\/\">\u00d8YO<\/a><\/p>\n","protected":false},"excerpt":{"rendered":"<p>Marka foldekniv<\/p>\n<ul>\n<li>Knivblad 8,5 cm<\/li>\n<li>totall\u00e6ngde 19 cm<\/li>\n<li>Sk\u00e6fte i Pakkawood<\/li>\n<li>l\u00e6der hylster<\/li>\n<\/ul>\n","protected":false},"featured_media":67824,"template":"","meta":{"_acf_changed":false},"product_brand":[],"product_cat":[543,539],"product_tag":[],"class_list":{"0":"post-67823","1":"product","2":"type-product","3":"status-publish","4":"has-post-thumbnail","6":"product_cat-knive-og-dolke-no","7":"product_cat-victorinox-lommeknive-nb-no","8":"description-off","10":"first","11":"instock","12":"taxable","13":"shipping-taxable","14":"purchasable","15":"product-type-simple"},"acf":[],"yoast_head":"<!-- This site is optimized with the Yoast SEO plugin v27.4 - https:\/\/yoast.com\/product\/yoast-seo-wordpress\/ -->\n<title>Foldekniv til jagt og fritid - h\u00e5rdtr\u00e6ssk\u00e6fte - \u00d8yo Marka<\/title>\n<meta name=\"description\" content=\"Foldekniv til jagt og fritid - kvalitet fra Norge - foldekniven er en trofast f\u00f8lgesvend over alt i naturen hvor du f\u00e6rdes - \u00d8yo Marka\" \/>\n<meta name=\"robots\" content=\"index, follow, max-snippet:-1, max-image-preview:large, max-video-preview:-1\" \/>\n<link rel=\"canonical\" href=\"https:\/\/greentools.dk\/no\/produkt\/foldekniv-til-jagt\/\" \/>\n<meta property=\"og:locale\" content=\"nn_NO\" \/>\n<meta property=\"og:type\" content=\"article\" \/>\n<meta property=\"og:title\" content=\"Foldekniv til jagt og fritid - h\u00e5rdtr\u00e6ssk\u00e6fte - \u00d8yo Marka\" \/>\n<meta property=\"og:description\" content=\"Foldekniv til jagt og fritid - kvalitet fra Norge - foldekniven er en trofast f\u00f8lgesvend over alt i naturen hvor du f\u00e6rdes - \u00d8yo Marka\" \/>\n<meta property=\"og:url\" content=\"https:\/\/greentools.dk\/no\/produkt\/foldekniv-til-jagt\/\" \/>\n<meta property=\"og:site_name\" content=\"Greentools\" \/>\n<meta property=\"article:modified_time\" content=\"2024-11-28T07:39:01+00:00\" \/>\n<meta property=\"og:image\" content=\"https:\/\/greentools.dk\/wp-content\/uploads\/2022\/12\/Foldekniv-til-jagt.jpg\" \/>\n\t<meta property=\"og:image:width\" content=\"1200\" \/>\n\t<meta property=\"og:image:height\" content=\"1200\" \/>\n\t<meta property=\"og:image:type\" content=\"image\/jpeg\" \/>\n<meta name=\"twitter:card\" content=\"summary_large_image\" \/>\n<meta name=\"twitter:label1\" content=\"Est. reading time\" \/>\n\t<meta name=\"twitter:data1\" content=\"1 minutt\" \/>\n<script type=\"application\/ld+json\" class=\"yoast-schema-graph\">{\"@context\":\"https:\\\/\\\/schema.org\",\"@graph\":[{\"@type\":\"WebPage\",\"@id\":\"https:\\\/\\\/greentools.dk\\\/no\\\/produkt\\\/foldekniv-til-jagt\\\/\",\"url\":\"https:\\\/\\\/greentools.dk\\\/no\\\/produkt\\\/foldekniv-til-jagt\\\/\",\"name\":\"Foldekniv til jagt og fritid - h\u00e5rdtr\u00e6ssk\u00e6fte - \u00d8yo Marka\",\"isPartOf\":{\"@id\":\"https:\\\/\\\/greentools.dk\\\/no\\\/#website\"},\"primaryImageOfPage\":{\"@id\":\"https:\\\/\\\/greentools.dk\\\/no\\\/produkt\\\/foldekniv-til-jagt\\\/#primaryimage\"},\"image\":{\"@id\":\"https:\\\/\\\/greentools.dk\\\/no\\\/produkt\\\/foldekniv-til-jagt\\\/#primaryimage\"},\"thumbnailUrl\":\"https:\\\/\\\/greentools.dk\\\/wp-content\\\/uploads\\\/2022\\\/12\\\/Foldekniv-til-jagt.jpg\",\"datePublished\":\"2022-12-30T15:57:10+00:00\",\"dateModified\":\"2024-11-28T07:39:01+00:00\",\"description\":\"Foldekniv til jagt og fritid - kvalitet fra Norge - foldekniven er en trofast f\u00f8lgesvend over alt i naturen hvor du f\u00e6rdes - \u00d8yo Marka\",\"breadcrumb\":{\"@id\":\"https:\\\/\\\/greentools.dk\\\/no\\\/produkt\\\/foldekniv-til-jagt\\\/#breadcrumb\"},\"inLanguage\":\"nn-NO\",\"potentialAction\":[{\"@type\":\"ReadAction\",\"target\":[\"https:\\\/\\\/greentools.dk\\\/no\\\/produkt\\\/foldekniv-til-jagt\\\/\"]}]},{\"@type\":\"ImageObject\",\"inLanguage\":\"nn-NO\",\"@id\":\"https:\\\/\\\/greentools.dk\\\/no\\\/produkt\\\/foldekniv-til-jagt\\\/#primaryimage\",\"url\":\"https:\\\/\\\/greentools.dk\\\/wp-content\\\/uploads\\\/2022\\\/12\\\/Foldekniv-til-jagt.jpg\",\"contentUrl\":\"https:\\\/\\\/greentools.dk\\\/wp-content\\\/uploads\\\/2022\\\/12\\\/Foldekniv-til-jagt.jpg\",\"width\":1200,\"height\":1200,\"caption\":\"\u00d8yo Marka foldekniv til jagt og fritid\"},{\"@type\":\"BreadcrumbList\",\"@id\":\"https:\\\/\\\/greentools.dk\\\/no\\\/produkt\\\/foldekniv-til-jagt\\\/#breadcrumb\",\"itemListElement\":[{\"@type\":\"ListItem\",\"position\":1,\"name\":\"Hjem\",\"item\":\"https:\\\/\\\/greentools.dk\\\/no\\\/\"},{\"@type\":\"ListItem\",\"position\":2,\"name\":\"Produkter\",\"item\":\"https:\\\/\\\/greentools.dk\\\/no\\\/produkter\\\/\"},{\"@type\":\"ListItem\",\"position\":3,\"name\":\"Foldekniv til jagt \u00d8yo Marka\"}]},{\"@type\":\"WebSite\",\"@id\":\"https:\\\/\\\/greentools.dk\\\/no\\\/#website\",\"url\":\"https:\\\/\\\/greentools.dk\\\/no\\\/\",\"name\":\"Greentools\",\"description\":\"Dansk Kvalitets - Fuglekasser - Foderhuse - Felco Besk\u00e6rersakse\",\"potentialAction\":[{\"@type\":\"SearchAction\",\"target\":{\"@type\":\"EntryPoint\",\"urlTemplate\":\"https:\\\/\\\/greentools.dk\\\/no\\\/?s={search_term_string}\"},\"query-input\":{\"@type\":\"PropertyValueSpecification\",\"valueRequired\":true,\"valueName\":\"search_term_string\"}}],\"inLanguage\":\"nn-NO\"}]}<\/script>\n<!-- \/ Yoast SEO plugin. -->","yoast_head_json":{"title":"Foldekniv til jagt og fritid - h\u00e5rdtr\u00e6ssk\u00e6fte - \u00d8yo Marka","description":"Foldekniv til jagt og fritid - kvalitet fra Norge - foldekniven er en trofast f\u00f8lgesvend over alt i naturen hvor du f\u00e6rdes - \u00d8yo Marka","robots":{"index":"index","follow":"follow","max-snippet":"max-snippet:-1","max-image-preview":"max-image-preview:large","max-video-preview":"max-video-preview:-1"},"canonical":"https:\/\/greentools.dk\/no\/produkt\/foldekniv-til-jagt\/","og_locale":"nn_NO","og_type":"article","og_title":"Foldekniv til jagt og fritid - h\u00e5rdtr\u00e6ssk\u00e6fte - \u00d8yo Marka","og_description":"Foldekniv til jagt og fritid - kvalitet fra Norge - foldekniven er en trofast f\u00f8lgesvend over alt i naturen hvor du f\u00e6rdes - \u00d8yo Marka","og_url":"https:\/\/greentools.dk\/no\/produkt\/foldekniv-til-jagt\/","og_site_name":"Greentools","article_modified_time":"2024-11-28T07:39:01+00:00","og_image":[{"width":1200,"height":1200,"url":"https:\/\/greentools.dk\/wp-content\/uploads\/2022\/12\/Foldekniv-til-jagt.jpg","type":"image\/jpeg"}],"twitter_card":"summary_large_image","twitter_misc":{"Est. reading time":"1 minutt"},"schema":{"@context":"https:\/\/schema.org","@graph":[{"@type":"WebPage","@id":"https:\/\/greentools.dk\/no\/produkt\/foldekniv-til-jagt\/","url":"https:\/\/greentools.dk\/no\/produkt\/foldekniv-til-jagt\/","name":"Foldekniv til jagt og fritid - h\u00e5rdtr\u00e6ssk\u00e6fte - \u00d8yo Marka","isPartOf":{"@id":"https:\/\/greentools.dk\/no\/#website"},"primaryImageOfPage":{"@id":"https:\/\/greentools.dk\/no\/produkt\/foldekniv-til-jagt\/#primaryimage"},"image":{"@id":"https:\/\/greentools.dk\/no\/produkt\/foldekniv-til-jagt\/#primaryimage"},"thumbnailUrl":"https:\/\/greentools.dk\/wp-content\/uploads\/2022\/12\/Foldekniv-til-jagt.jpg","datePublished":"2022-12-30T15:57:10+00:00","dateModified":"2024-11-28T07:39:01+00:00","description":"Foldekniv til jagt og fritid - kvalitet fra Norge - foldekniven er en trofast f\u00f8lgesvend over alt i naturen hvor du f\u00e6rdes - \u00d8yo Marka","breadcrumb":{"@id":"https:\/\/greentools.dk\/no\/produkt\/foldekniv-til-jagt\/#breadcrumb"},"inLanguage":"nn-NO","potentialAction":[{"@type":"ReadAction","target":["https:\/\/greentools.dk\/no\/produkt\/foldekniv-til-jagt\/"]}]},{"@type":"ImageObject","inLanguage":"nn-NO","@id":"https:\/\/greentools.dk\/no\/produkt\/foldekniv-til-jagt\/#primaryimage","url":"https:\/\/greentools.dk\/wp-content\/uploads\/2022\/12\/Foldekniv-til-jagt.jpg","contentUrl":"https:\/\/greentools.dk\/wp-content\/uploads\/2022\/12\/Foldekniv-til-jagt.jpg","width":1200,"height":1200,"caption":"\u00d8yo Marka foldekniv til jagt og fritid"},{"@type":"BreadcrumbList","@id":"https:\/\/greentools.dk\/no\/produkt\/foldekniv-til-jagt\/#breadcrumb","itemListElement":[{"@type":"ListItem","position":1,"name":"Hjem","item":"https:\/\/greentools.dk\/no\/"},{"@type":"ListItem","position":2,"name":"Produkter","item":"https:\/\/greentools.dk\/no\/produkter\/"},{"@type":"ListItem","position":3,"name":"Foldekniv til jagt \u00d8yo Marka"}]},{"@type":"WebSite","@id":"https:\/\/greentools.dk\/no\/#website","url":"https:\/\/greentools.dk\/no\/","name":"Greentools","description":"Dansk Kvalitets - Fuglekasser - Foderhuse - Felco Besk\u00e6rersakse","potentialAction":[{"@type":"SearchAction","target":{"@type":"EntryPoint","urlTemplate":"https:\/\/greentools.dk\/no\/?s={search_term_string}"},"query-input":{"@type":"PropertyValueSpecification","valueRequired":true,"valueName":"search_term_string"}}],"inLanguage":"nn-NO"}]}},"_links":{"self":[{"href":"https:\/\/greentools.dk\/no\/wp-json\/wp\/v2\/product\/67823","targetHints":{"allow":["GET"]}}],"collection":[{"href":"https:\/\/greentools.dk\/no\/wp-json\/wp\/v2\/product"}],"about":[{"href":"https:\/\/greentools.dk\/no\/wp-json\/wp\/v2\/types\/product"}],"wp:featuredmedia":[{"embeddable":true,"href":"https:\/\/greentools.dk\/no\/wp-json\/wp\/v2\/media\/67824"}],"wp:attachment":[{"href":"https:\/\/greentools.dk\/no\/wp-json\/wp\/v2\/media?parent=67823"}],"wp:term":[{"taxonomy":"product_brand","embeddable":true,"href":"https:\/\/greentools.dk\/no\/wp-json\/wp\/v2\/product_brand?post=67823"},{"taxonomy":"product_cat","embeddable":true,"href":"https:\/\/greentools.dk\/no\/wp-json\/wp\/v2\/product_cat?post=67823"},{"taxonomy":"product_tag","embeddable":true,"href":"https:\/\/greentools.dk\/no\/wp-json\/wp\/v2\/product_tag?post=67823"}],"curies":[{"name":"wp","href":"https:\/\/api.w.org\/{rel}","templated":true}]}}