{"id":67821,"date":"2022-12-30T17:31:21","date_gmt":"2022-12-30T16:31:21","guid":{"rendered":"https:\/\/greentools.dk\/produkt\/foldekniv-med-traeskaefte\/"},"modified":"2025-12-18T09:44:12","modified_gmt":"2025-12-18T08:44:12","slug":"foldekniv-med-traeskaefte-oeyo-nordmarka","status":"publish","type":"product","link":"https:\/\/greentools.dk\/no\/produkt\/foldekniv-med-traeskaefte\/","title":{"rendered":"Foldekniv med tr\u00e6sk\u00e6fte \u00d8yo Nordmarka"},"content":{"rendered":"<h2>Foldekniv med tr\u00e6sk\u00e6fte<\/h2>\n<p>Foldekniven med navnet &laquo;\u00d8YO Nordmarka&raquo; er fra den norske producent \u00d8YO. Nordmarka er handy og god at have med som turkniv. Den har et udfoldeligt knivblad p\u00e5 8,5 cm der d\u00e6kke behovet i langt de fleste situationer.<\/p>\n<h2>Sk\u00e6fte udformet i valn\u00f8ddetr\u00e6<\/h2>\n<p>Sk\u00e6ftet er udformet i valn\u00f8ddetr\u00e6. Valn\u00f8ddetr\u00e6 er h\u00e5rdt og m\u00f8rkt i farven, og anvendes foruden til fremstilling af knivsk\u00e6ftet, ogs\u00e5 til s\u00e6rligt fine gev\u00e6rkolber, eller interi\u00f8r paneler i luksusbiler. Knivbladene foldes sammen ved et let tryk p\u00e5 en udl\u00f8serknap nederst p\u00e5 ryggen af sk\u00e6ftet. Foldekniven med tr\u00e6sk\u00e6fte leveres i et praktisk l\u00e6deretui.<\/p>\n<p>L\u00e6ngde p\u00e5 knivblad: 8,5 cm<br \/>\nTotall\u00e6ngde: 19 cm<br \/>\nV\u00e6gt: 177 gram<\/p>\n<p>Norsk kvalitet fra <a href=\"https:\/\/oeyo.no\/\">\u00d8YO<\/a><\/p>\n","protected":false},"excerpt":{"rendered":"<p>Nordmarka foldekniv<\/p>\n<ul>\n<li>Knivblad 8,5 cm<\/li>\n<li>totall\u00e6ngde 19 cm<\/li>\n<li>Sk\u00e6fte i valn\u00f8d<\/li>\n<li>l\u00e6der hylster<\/li>\n<\/ul>\n","protected":false},"featured_media":67822,"template":"","meta":{"_acf_changed":false},"product_brand":[],"product_cat":[543,539],"product_tag":[],"class_list":{"0":"post-67821","1":"product","2":"type-product","3":"status-publish","4":"has-post-thumbnail","6":"product_cat-knive-og-dolke-no","7":"product_cat-victorinox-lommeknive-nb-no","8":"description-off","10":"first","11":"instock","12":"sale","13":"taxable","14":"shipping-taxable","15":"purchasable","16":"product-type-simple"},"acf":[],"yoast_head":"<!-- This site is optimized with the Yoast SEO plugin v27.4 - https:\/\/yoast.com\/product\/yoast-seo-wordpress\/ -->\n<title>Foldekniv \u00d8YO Nordmarka - sk\u00e6fte i valn\u00f8d - praktisk og kompakt<\/title>\n<meta name=\"description\" content=\"Foldekniv med tr\u00e6sk\u00e6fte &gt;&gt; let og kompakt &lt;&lt; fremstillet i Norge. Leveres i l\u00e6der etui. Bestil i dag - modtag med posten i morgen - \u00d8YO Nordmarka\" \/>\n<meta name=\"robots\" content=\"index, follow, max-snippet:-1, max-image-preview:large, max-video-preview:-1\" \/>\n<link rel=\"canonical\" href=\"https:\/\/greentools.dk\/no\/produkt\/foldekniv-med-traeskaefte\/\" \/>\n<meta property=\"og:locale\" content=\"nn_NO\" \/>\n<meta property=\"og:type\" content=\"article\" \/>\n<meta property=\"og:title\" content=\"Foldekniv \u00d8YO Nordmarka - sk\u00e6fte i valn\u00f8d - praktisk og kompakt\" \/>\n<meta property=\"og:description\" content=\"Foldekniv med tr\u00e6sk\u00e6fte &gt;&gt; let og kompakt &lt;&lt; fremstillet i Norge. Leveres i l\u00e6der etui. Bestil i dag - modtag med posten i morgen - \u00d8YO Nordmarka\" \/>\n<meta property=\"og:url\" content=\"https:\/\/greentools.dk\/no\/produkt\/foldekniv-med-traeskaefte\/\" \/>\n<meta property=\"og:site_name\" content=\"Greentools\" \/>\n<meta property=\"article:modified_time\" content=\"2025-12-18T08:44:12+00:00\" \/>\n<meta property=\"og:image\" content=\"https:\/\/greentools.dk\/wp-content\/uploads\/2022\/12\/Foldekniv-traeskaefte.jpg\" \/>\n\t<meta property=\"og:image:width\" content=\"1200\" \/>\n\t<meta property=\"og:image:height\" content=\"1200\" \/>\n\t<meta property=\"og:image:type\" content=\"image\/jpeg\" \/>\n<meta name=\"twitter:card\" content=\"summary_large_image\" \/>\n<meta name=\"twitter:label1\" content=\"Est. reading time\" \/>\n\t<meta name=\"twitter:data1\" content=\"1 minutt\" \/>\n<script type=\"application\/ld+json\" class=\"yoast-schema-graph\">{\"@context\":\"https:\\\/\\\/schema.org\",\"@graph\":[{\"@type\":\"WebPage\",\"@id\":\"https:\\\/\\\/greentools.dk\\\/no\\\/produkt\\\/foldekniv-med-traeskaefte\\\/\",\"url\":\"https:\\\/\\\/greentools.dk\\\/no\\\/produkt\\\/foldekniv-med-traeskaefte\\\/\",\"name\":\"Foldekniv \u00d8YO Nordmarka - sk\u00e6fte i valn\u00f8d - praktisk og kompakt\",\"isPartOf\":{\"@id\":\"https:\\\/\\\/greentools.dk\\\/no\\\/#website\"},\"primaryImageOfPage\":{\"@id\":\"https:\\\/\\\/greentools.dk\\\/no\\\/produkt\\\/foldekniv-med-traeskaefte\\\/#primaryimage\"},\"image\":{\"@id\":\"https:\\\/\\\/greentools.dk\\\/no\\\/produkt\\\/foldekniv-med-traeskaefte\\\/#primaryimage\"},\"thumbnailUrl\":\"https:\\\/\\\/greentools.dk\\\/wp-content\\\/uploads\\\/2022\\\/12\\\/Foldekniv-traeskaefte.jpg\",\"datePublished\":\"2022-12-30T16:31:21+00:00\",\"dateModified\":\"2025-12-18T08:44:12+00:00\",\"description\":\"Foldekniv med tr\u00e6sk\u00e6fte >> let og kompakt &lt;&lt; fremstillet i Norge. Leveres i l\u00e6der etui. Bestil i dag - modtag med posten i morgen - \u00d8YO Nordmarka\",\"breadcrumb\":{\"@id\":\"https:\\\/\\\/greentools.dk\\\/no\\\/produkt\\\/foldekniv-med-traeskaefte\\\/#breadcrumb\"},\"inLanguage\":\"nn-NO\",\"potentialAction\":[{\"@type\":\"ReadAction\",\"target\":[\"https:\\\/\\\/greentools.dk\\\/no\\\/produkt\\\/foldekniv-med-traeskaefte\\\/\"]}]},{\"@type\":\"ImageObject\",\"inLanguage\":\"nn-NO\",\"@id\":\"https:\\\/\\\/greentools.dk\\\/no\\\/produkt\\\/foldekniv-med-traeskaefte\\\/#primaryimage\",\"url\":\"https:\\\/\\\/greentools.dk\\\/wp-content\\\/uploads\\\/2022\\\/12\\\/Foldekniv-traeskaefte.jpg\",\"contentUrl\":\"https:\\\/\\\/greentools.dk\\\/wp-content\\\/uploads\\\/2022\\\/12\\\/Foldekniv-traeskaefte.jpg\",\"width\":1200,\"height\":1200,\"caption\":\"Foldekniv med tr\u00e6sk\u00e6fte \u00d8YO Nordmarka\"},{\"@type\":\"BreadcrumbList\",\"@id\":\"https:\\\/\\\/greentools.dk\\\/no\\\/produkt\\\/foldekniv-med-traeskaefte\\\/#breadcrumb\",\"itemListElement\":[{\"@type\":\"ListItem\",\"position\":1,\"name\":\"Hjem\",\"item\":\"https:\\\/\\\/greentools.dk\\\/no\\\/\"},{\"@type\":\"ListItem\",\"position\":2,\"name\":\"Produkter\",\"item\":\"https:\\\/\\\/greentools.dk\\\/no\\\/produkter\\\/\"},{\"@type\":\"ListItem\",\"position\":3,\"name\":\"Foldekniv med tr\u00e6sk\u00e6fte \u00d8yo Nordmarka\"}]},{\"@type\":\"WebSite\",\"@id\":\"https:\\\/\\\/greentools.dk\\\/no\\\/#website\",\"url\":\"https:\\\/\\\/greentools.dk\\\/no\\\/\",\"name\":\"Greentools\",\"description\":\"Dansk Kvalitets - Fuglekasser - Foderhuse - Felco Besk\u00e6rersakse\",\"potentialAction\":[{\"@type\":\"SearchAction\",\"target\":{\"@type\":\"EntryPoint\",\"urlTemplate\":\"https:\\\/\\\/greentools.dk\\\/no\\\/?s={search_term_string}\"},\"query-input\":{\"@type\":\"PropertyValueSpecification\",\"valueRequired\":true,\"valueName\":\"search_term_string\"}}],\"inLanguage\":\"nn-NO\"}]}<\/script>\n<!-- \/ Yoast SEO plugin. -->","yoast_head_json":{"title":"Foldekniv \u00d8YO Nordmarka - sk\u00e6fte i valn\u00f8d - praktisk og kompakt","description":"Foldekniv med tr\u00e6sk\u00e6fte >> let og kompakt &lt;&lt; fremstillet i Norge. Leveres i l\u00e6der etui. Bestil i dag - modtag med posten i morgen - \u00d8YO Nordmarka","robots":{"index":"index","follow":"follow","max-snippet":"max-snippet:-1","max-image-preview":"max-image-preview:large","max-video-preview":"max-video-preview:-1"},"canonical":"https:\/\/greentools.dk\/no\/produkt\/foldekniv-med-traeskaefte\/","og_locale":"nn_NO","og_type":"article","og_title":"Foldekniv \u00d8YO Nordmarka - sk\u00e6fte i valn\u00f8d - praktisk og kompakt","og_description":"Foldekniv med tr\u00e6sk\u00e6fte >> let og kompakt &lt;&lt; fremstillet i Norge. Leveres i l\u00e6der etui. Bestil i dag - modtag med posten i morgen - \u00d8YO Nordmarka","og_url":"https:\/\/greentools.dk\/no\/produkt\/foldekniv-med-traeskaefte\/","og_site_name":"Greentools","article_modified_time":"2025-12-18T08:44:12+00:00","og_image":[{"width":1200,"height":1200,"url":"https:\/\/greentools.dk\/wp-content\/uploads\/2022\/12\/Foldekniv-traeskaefte.jpg","type":"image\/jpeg"}],"twitter_card":"summary_large_image","twitter_misc":{"Est. reading time":"1 minutt"},"schema":{"@context":"https:\/\/schema.org","@graph":[{"@type":"WebPage","@id":"https:\/\/greentools.dk\/no\/produkt\/foldekniv-med-traeskaefte\/","url":"https:\/\/greentools.dk\/no\/produkt\/foldekniv-med-traeskaefte\/","name":"Foldekniv \u00d8YO Nordmarka - sk\u00e6fte i valn\u00f8d - praktisk og kompakt","isPartOf":{"@id":"https:\/\/greentools.dk\/no\/#website"},"primaryImageOfPage":{"@id":"https:\/\/greentools.dk\/no\/produkt\/foldekniv-med-traeskaefte\/#primaryimage"},"image":{"@id":"https:\/\/greentools.dk\/no\/produkt\/foldekniv-med-traeskaefte\/#primaryimage"},"thumbnailUrl":"https:\/\/greentools.dk\/wp-content\/uploads\/2022\/12\/Foldekniv-traeskaefte.jpg","datePublished":"2022-12-30T16:31:21+00:00","dateModified":"2025-12-18T08:44:12+00:00","description":"Foldekniv med tr\u00e6sk\u00e6fte >> let og kompakt &lt;&lt; fremstillet i Norge. Leveres i l\u00e6der etui. Bestil i dag - modtag med posten i morgen - \u00d8YO Nordmarka","breadcrumb":{"@id":"https:\/\/greentools.dk\/no\/produkt\/foldekniv-med-traeskaefte\/#breadcrumb"},"inLanguage":"nn-NO","potentialAction":[{"@type":"ReadAction","target":["https:\/\/greentools.dk\/no\/produkt\/foldekniv-med-traeskaefte\/"]}]},{"@type":"ImageObject","inLanguage":"nn-NO","@id":"https:\/\/greentools.dk\/no\/produkt\/foldekniv-med-traeskaefte\/#primaryimage","url":"https:\/\/greentools.dk\/wp-content\/uploads\/2022\/12\/Foldekniv-traeskaefte.jpg","contentUrl":"https:\/\/greentools.dk\/wp-content\/uploads\/2022\/12\/Foldekniv-traeskaefte.jpg","width":1200,"height":1200,"caption":"Foldekniv med tr\u00e6sk\u00e6fte \u00d8YO Nordmarka"},{"@type":"BreadcrumbList","@id":"https:\/\/greentools.dk\/no\/produkt\/foldekniv-med-traeskaefte\/#breadcrumb","itemListElement":[{"@type":"ListItem","position":1,"name":"Hjem","item":"https:\/\/greentools.dk\/no\/"},{"@type":"ListItem","position":2,"name":"Produkter","item":"https:\/\/greentools.dk\/no\/produkter\/"},{"@type":"ListItem","position":3,"name":"Foldekniv med tr\u00e6sk\u00e6fte \u00d8yo Nordmarka"}]},{"@type":"WebSite","@id":"https:\/\/greentools.dk\/no\/#website","url":"https:\/\/greentools.dk\/no\/","name":"Greentools","description":"Dansk Kvalitets - Fuglekasser - Foderhuse - Felco Besk\u00e6rersakse","potentialAction":[{"@type":"SearchAction","target":{"@type":"EntryPoint","urlTemplate":"https:\/\/greentools.dk\/no\/?s={search_term_string}"},"query-input":{"@type":"PropertyValueSpecification","valueRequired":true,"valueName":"search_term_string"}}],"inLanguage":"nn-NO"}]}},"_links":{"self":[{"href":"https:\/\/greentools.dk\/no\/wp-json\/wp\/v2\/product\/67821","targetHints":{"allow":["GET"]}}],"collection":[{"href":"https:\/\/greentools.dk\/no\/wp-json\/wp\/v2\/product"}],"about":[{"href":"https:\/\/greentools.dk\/no\/wp-json\/wp\/v2\/types\/product"}],"wp:featuredmedia":[{"embeddable":true,"href":"https:\/\/greentools.dk\/no\/wp-json\/wp\/v2\/media\/67822"}],"wp:attachment":[{"href":"https:\/\/greentools.dk\/no\/wp-json\/wp\/v2\/media?parent=67821"}],"wp:term":[{"taxonomy":"product_brand","embeddable":true,"href":"https:\/\/greentools.dk\/no\/wp-json\/wp\/v2\/product_brand?post=67821"},{"taxonomy":"product_cat","embeddable":true,"href":"https:\/\/greentools.dk\/no\/wp-json\/wp\/v2\/product_cat?post=67821"},{"taxonomy":"product_tag","embeddable":true,"href":"https:\/\/greentools.dk\/no\/wp-json\/wp\/v2\/product_tag?post=67821"}],"curies":[{"name":"wp","href":"https:\/\/api.w.org\/{rel}","templated":true}]}}