{"id":67817,"date":"2022-12-30T20:27:19","date_gmt":"2022-12-30T19:27:19","guid":{"rendered":"https:\/\/greentools.dk\/produkt\/dolk-i-vg10-staal\/"},"modified":"2024-11-27T20:37:01","modified_gmt":"2024-11-27T19:37:01","slug":"dolk-oeyo-svalbard","status":"publish","type":"product","link":"https:\/\/greentools.dk\/no\/produkt\/dolk-i-vg10-staal\/","title":{"rendered":"Dolk i VG10 st\u00e5l \u00d8yo Svalbard"},"content":{"rendered":"<h2>Absolut high-end kvalitets dolk \u00d8yo Svalbard<\/h2>\n<p>Dolk med klinge i rustfrit VG10 st\u00e5l med navnet &laquo;Svalbard&raquo; fra den norske knivproducent \u00d8YO, fremstillet af de bedste kvalitetsmaterialer. Knivbladet er gennemg\u00e5ende og str\u00e6kker sig hele vejen ned gennem skaftet, dette giver en god v\u00e6gtfordeling, samt en ekstra god holdbarhed.<\/p>\n<h2>Knivsblad af VG10 st\u00e5l<\/h2>\n<p>Knivsbladet er fremstillet af en uforg\u00e6ngelig rustfri st\u00e5llegering, under navnet VG10 st\u00e5l. VG10 st\u00e5l fremstilles i Japan og finder da ogs\u00e5 anvendelse i mange af de bedste japanske kokkeknive. VG10 rustfrit st\u00e5l har et h\u00f8jt indhold af karbon p\u00e5 omkring 1% og derudover 15% Krom, 1% Molybd\u00e6n, 0.2% Vanadium og 1.5% Kobolt.<\/p>\n<h2>Sk\u00e6fte af G10 komposit<\/h2>\n<p>Sk\u00e6ftet er fremstillet af holdbart G10 komposit i farven hvid, men elegante orange indlejringer. G10 komposit er et h\u00f8jtryks glasfiber laminat, der f\u00f8rst og fremmest udem\u00e6rker sig ved sin store styrke. G10 er desuden karakteriseret ved ikke at suge fugt fra omgivelserne, samt stor resistens over for kemikalier og statisk elektricitet. Med andre ord, ideel i et h\u00e5rdt korrosivt milj\u00f8.<\/p>\n<p>Svalbart kniven leveres i en bl\u00e5 l\u00e6derskede, med orange syninger. En unik dolk der v\u00e6kker opsigt selv uden at den tr\u00e6kkes!<\/p>\n<p>L\u00e6ngde p\u00e5 knivblad: 11 cm<br \/>\nTotall\u00e6ngde: 22 cm<br \/>\nV\u00e6gt: 230 gram<br \/>\nEksklusivt knivst\u00e5l: VG10<br \/>\nEksklusivt sk\u00e6fte: G10 fiberkomposit<br \/>\nLeveres i elegant gave\u00e6ske<\/p>\n<p>&nbsp;<\/p>\n","protected":false},"excerpt":{"rendered":"<h2>Eksklusiv dolk &laquo;Svalbard&raquo;<\/h2>\n<p><strong><span style=\"color: #ff0000;\">OBS! Leveringstid ca. 14 dage p\u00e5 denne vare\u00a0<\/span><\/strong><\/p>\n<ul>\n<li>Knivsblad 11 cm<\/li>\n<li>Totall\u00e6ngde 22 cm<\/li>\n<li>Eksklusivt rustfrit knivst\u00e5l: VG10<\/li>\n<li>Eksklusivt sk\u00e6fte: G10 fiberkomposit<\/li>\n<li>Robust l\u00e6derskede<\/li>\n<li>Leveres i elegant gave\u00e6ske<\/li>\n<\/ul>\n","protected":false},"featured_media":67820,"template":"","meta":{"_acf_changed":false},"product_brand":[],"product_cat":[543],"product_tag":[],"class_list":{"0":"post-67817","1":"product","2":"type-product","3":"status-publish","4":"has-post-thumbnail","6":"product_cat-knive-og-dolke-no","7":"description-off","9":"first","10":"instock","11":"taxable","12":"shipping-taxable","13":"purchasable","14":"product-type-simple"},"acf":[],"yoast_head":"<!-- This site is optimized with the Yoast SEO plugin v27.4 - https:\/\/yoast.com\/product\/yoast-seo-wordpress\/ -->\n<title>Dolk i VG10 st\u00e5l samt G10 fiberkomposit sk\u00e6fte - kvalitet hele vejen!<\/title>\n<meta name=\"description\" content=\"High-end dolk i VG10 st\u00e5l rustfrit &gt;&gt; T\u00e5ler barskt vejrlig og ekstreme forhold &lt;&lt; Med ekstra holdbart sk\u00e6fte i resistent G10 fiberkomposit\" \/>\n<meta name=\"robots\" content=\"index, follow, max-snippet:-1, max-image-preview:large, max-video-preview:-1\" \/>\n<link rel=\"canonical\" href=\"https:\/\/greentools.dk\/no\/produkt\/dolk-i-vg10-staal\/\" \/>\n<meta property=\"og:locale\" content=\"nn_NO\" \/>\n<meta property=\"og:type\" content=\"article\" \/>\n<meta property=\"og:title\" content=\"Dolk i VG10 st\u00e5l samt G10 fiberkomposit sk\u00e6fte - kvalitet hele vejen!\" \/>\n<meta property=\"og:description\" content=\"High-end dolk i VG10 st\u00e5l rustfrit &gt;&gt; T\u00e5ler barskt vejrlig og ekstreme forhold &lt;&lt; Med ekstra holdbart sk\u00e6fte i resistent G10 fiberkomposit\" \/>\n<meta property=\"og:url\" content=\"https:\/\/greentools.dk\/no\/produkt\/dolk-i-vg10-staal\/\" \/>\n<meta property=\"og:site_name\" content=\"Greentools\" \/>\n<meta property=\"article:modified_time\" content=\"2024-11-27T19:37:01+00:00\" \/>\n<meta property=\"og:image\" content=\"https:\/\/greentools.dk\/wp-content\/uploads\/2022\/12\/Dolk-i-VG10-staal.jpg\" \/>\n\t<meta property=\"og:image:width\" content=\"1000\" \/>\n\t<meta property=\"og:image:height\" content=\"1000\" \/>\n\t<meta property=\"og:image:type\" content=\"image\/jpeg\" \/>\n<meta name=\"twitter:card\" content=\"summary_large_image\" \/>\n<meta name=\"twitter:label1\" content=\"Est. reading time\" \/>\n\t<meta name=\"twitter:data1\" content=\"2 minutt\" \/>\n<script type=\"application\/ld+json\" class=\"yoast-schema-graph\">{\"@context\":\"https:\\\/\\\/schema.org\",\"@graph\":[{\"@type\":\"WebPage\",\"@id\":\"https:\\\/\\\/greentools.dk\\\/no\\\/produkt\\\/dolk-i-vg10-staal\\\/\",\"url\":\"https:\\\/\\\/greentools.dk\\\/no\\\/produkt\\\/dolk-i-vg10-staal\\\/\",\"name\":\"Dolk i VG10 st\u00e5l samt G10 fiberkomposit sk\u00e6fte - kvalitet hele vejen!\",\"isPartOf\":{\"@id\":\"https:\\\/\\\/greentools.dk\\\/no\\\/#website\"},\"primaryImageOfPage\":{\"@id\":\"https:\\\/\\\/greentools.dk\\\/no\\\/produkt\\\/dolk-i-vg10-staal\\\/#primaryimage\"},\"image\":{\"@id\":\"https:\\\/\\\/greentools.dk\\\/no\\\/produkt\\\/dolk-i-vg10-staal\\\/#primaryimage\"},\"thumbnailUrl\":\"https:\\\/\\\/greentools.dk\\\/wp-content\\\/uploads\\\/2022\\\/12\\\/Dolk-i-VG10-staal.jpg\",\"datePublished\":\"2022-12-30T19:27:19+00:00\",\"dateModified\":\"2024-11-27T19:37:01+00:00\",\"description\":\"High-end dolk i VG10 st\u00e5l rustfrit >> T\u00e5ler barskt vejrlig og ekstreme forhold &lt;&lt; Med ekstra holdbart sk\u00e6fte i resistent G10 fiberkomposit\",\"breadcrumb\":{\"@id\":\"https:\\\/\\\/greentools.dk\\\/no\\\/produkt\\\/dolk-i-vg10-staal\\\/#breadcrumb\"},\"inLanguage\":\"nn-NO\",\"potentialAction\":[{\"@type\":\"ReadAction\",\"target\":[\"https:\\\/\\\/greentools.dk\\\/no\\\/produkt\\\/dolk-i-vg10-staal\\\/\"]}]},{\"@type\":\"ImageObject\",\"inLanguage\":\"nn-NO\",\"@id\":\"https:\\\/\\\/greentools.dk\\\/no\\\/produkt\\\/dolk-i-vg10-staal\\\/#primaryimage\",\"url\":\"https:\\\/\\\/greentools.dk\\\/wp-content\\\/uploads\\\/2022\\\/12\\\/Dolk-i-VG10-staal.jpg\",\"contentUrl\":\"https:\\\/\\\/greentools.dk\\\/wp-content\\\/uploads\\\/2022\\\/12\\\/Dolk-i-VG10-staal.jpg\",\"width\":1000,\"height\":1000,\"caption\":\"Dolk \u00d8yo Svalbard med klinge af VG10 rustfrit st\u00e5l\"},{\"@type\":\"BreadcrumbList\",\"@id\":\"https:\\\/\\\/greentools.dk\\\/no\\\/produkt\\\/dolk-i-vg10-staal\\\/#breadcrumb\",\"itemListElement\":[{\"@type\":\"ListItem\",\"position\":1,\"name\":\"Hjem\",\"item\":\"https:\\\/\\\/greentools.dk\\\/no\\\/\"},{\"@type\":\"ListItem\",\"position\":2,\"name\":\"Produkter\",\"item\":\"https:\\\/\\\/greentools.dk\\\/no\\\/produkter\\\/\"},{\"@type\":\"ListItem\",\"position\":3,\"name\":\"Dolk i VG10 st\u00e5l \u00d8yo Svalbard\"}]},{\"@type\":\"WebSite\",\"@id\":\"https:\\\/\\\/greentools.dk\\\/no\\\/#website\",\"url\":\"https:\\\/\\\/greentools.dk\\\/no\\\/\",\"name\":\"Greentools\",\"description\":\"Dansk Kvalitets - Fuglekasser - Foderhuse - Felco Besk\u00e6rersakse\",\"potentialAction\":[{\"@type\":\"SearchAction\",\"target\":{\"@type\":\"EntryPoint\",\"urlTemplate\":\"https:\\\/\\\/greentools.dk\\\/no\\\/?s={search_term_string}\"},\"query-input\":{\"@type\":\"PropertyValueSpecification\",\"valueRequired\":true,\"valueName\":\"search_term_string\"}}],\"inLanguage\":\"nn-NO\"}]}<\/script>\n<!-- \/ Yoast SEO plugin. -->","yoast_head_json":{"title":"Dolk i VG10 st\u00e5l samt G10 fiberkomposit sk\u00e6fte - kvalitet hele vejen!","description":"High-end dolk i VG10 st\u00e5l rustfrit >> T\u00e5ler barskt vejrlig og ekstreme forhold &lt;&lt; Med ekstra holdbart sk\u00e6fte i resistent G10 fiberkomposit","robots":{"index":"index","follow":"follow","max-snippet":"max-snippet:-1","max-image-preview":"max-image-preview:large","max-video-preview":"max-video-preview:-1"},"canonical":"https:\/\/greentools.dk\/no\/produkt\/dolk-i-vg10-staal\/","og_locale":"nn_NO","og_type":"article","og_title":"Dolk i VG10 st\u00e5l samt G10 fiberkomposit sk\u00e6fte - kvalitet hele vejen!","og_description":"High-end dolk i VG10 st\u00e5l rustfrit >> T\u00e5ler barskt vejrlig og ekstreme forhold &lt;&lt; Med ekstra holdbart sk\u00e6fte i resistent G10 fiberkomposit","og_url":"https:\/\/greentools.dk\/no\/produkt\/dolk-i-vg10-staal\/","og_site_name":"Greentools","article_modified_time":"2024-11-27T19:37:01+00:00","og_image":[{"width":1000,"height":1000,"url":"https:\/\/greentools.dk\/wp-content\/uploads\/2022\/12\/Dolk-i-VG10-staal.jpg","type":"image\/jpeg"}],"twitter_card":"summary_large_image","twitter_misc":{"Est. reading time":"2 minutt"},"schema":{"@context":"https:\/\/schema.org","@graph":[{"@type":"WebPage","@id":"https:\/\/greentools.dk\/no\/produkt\/dolk-i-vg10-staal\/","url":"https:\/\/greentools.dk\/no\/produkt\/dolk-i-vg10-staal\/","name":"Dolk i VG10 st\u00e5l samt G10 fiberkomposit sk\u00e6fte - kvalitet hele vejen!","isPartOf":{"@id":"https:\/\/greentools.dk\/no\/#website"},"primaryImageOfPage":{"@id":"https:\/\/greentools.dk\/no\/produkt\/dolk-i-vg10-staal\/#primaryimage"},"image":{"@id":"https:\/\/greentools.dk\/no\/produkt\/dolk-i-vg10-staal\/#primaryimage"},"thumbnailUrl":"https:\/\/greentools.dk\/wp-content\/uploads\/2022\/12\/Dolk-i-VG10-staal.jpg","datePublished":"2022-12-30T19:27:19+00:00","dateModified":"2024-11-27T19:37:01+00:00","description":"High-end dolk i VG10 st\u00e5l rustfrit >> T\u00e5ler barskt vejrlig og ekstreme forhold &lt;&lt; Med ekstra holdbart sk\u00e6fte i resistent G10 fiberkomposit","breadcrumb":{"@id":"https:\/\/greentools.dk\/no\/produkt\/dolk-i-vg10-staal\/#breadcrumb"},"inLanguage":"nn-NO","potentialAction":[{"@type":"ReadAction","target":["https:\/\/greentools.dk\/no\/produkt\/dolk-i-vg10-staal\/"]}]},{"@type":"ImageObject","inLanguage":"nn-NO","@id":"https:\/\/greentools.dk\/no\/produkt\/dolk-i-vg10-staal\/#primaryimage","url":"https:\/\/greentools.dk\/wp-content\/uploads\/2022\/12\/Dolk-i-VG10-staal.jpg","contentUrl":"https:\/\/greentools.dk\/wp-content\/uploads\/2022\/12\/Dolk-i-VG10-staal.jpg","width":1000,"height":1000,"caption":"Dolk \u00d8yo Svalbard med klinge af VG10 rustfrit st\u00e5l"},{"@type":"BreadcrumbList","@id":"https:\/\/greentools.dk\/no\/produkt\/dolk-i-vg10-staal\/#breadcrumb","itemListElement":[{"@type":"ListItem","position":1,"name":"Hjem","item":"https:\/\/greentools.dk\/no\/"},{"@type":"ListItem","position":2,"name":"Produkter","item":"https:\/\/greentools.dk\/no\/produkter\/"},{"@type":"ListItem","position":3,"name":"Dolk i VG10 st\u00e5l \u00d8yo Svalbard"}]},{"@type":"WebSite","@id":"https:\/\/greentools.dk\/no\/#website","url":"https:\/\/greentools.dk\/no\/","name":"Greentools","description":"Dansk Kvalitets - Fuglekasser - Foderhuse - Felco Besk\u00e6rersakse","potentialAction":[{"@type":"SearchAction","target":{"@type":"EntryPoint","urlTemplate":"https:\/\/greentools.dk\/no\/?s={search_term_string}"},"query-input":{"@type":"PropertyValueSpecification","valueRequired":true,"valueName":"search_term_string"}}],"inLanguage":"nn-NO"}]}},"_links":{"self":[{"href":"https:\/\/greentools.dk\/no\/wp-json\/wp\/v2\/product\/67817","targetHints":{"allow":["GET"]}}],"collection":[{"href":"https:\/\/greentools.dk\/no\/wp-json\/wp\/v2\/product"}],"about":[{"href":"https:\/\/greentools.dk\/no\/wp-json\/wp\/v2\/types\/product"}],"wp:featuredmedia":[{"embeddable":true,"href":"https:\/\/greentools.dk\/no\/wp-json\/wp\/v2\/media\/67820"}],"wp:attachment":[{"href":"https:\/\/greentools.dk\/no\/wp-json\/wp\/v2\/media?parent=67817"}],"wp:term":[{"taxonomy":"product_brand","embeddable":true,"href":"https:\/\/greentools.dk\/no\/wp-json\/wp\/v2\/product_brand?post=67817"},{"taxonomy":"product_cat","embeddable":true,"href":"https:\/\/greentools.dk\/no\/wp-json\/wp\/v2\/product_cat?post=67817"},{"taxonomy":"product_tag","embeddable":true,"href":"https:\/\/greentools.dk\/no\/wp-json\/wp\/v2\/product_tag?post=67817"}],"curies":[{"name":"wp","href":"https:\/\/api.w.org\/{rel}","templated":true}]}}