{"id":67813,"date":"2023-01-01T16:42:53","date_gmt":"2023-01-01T15:42:53","guid":{"rendered":"https:\/\/greentools.dk\/produkt\/dolk-med-taendstaal\/"},"modified":"2024-11-27T20:35:14","modified_gmt":"2024-11-27T19:35:14","slug":"dolk-med-taendstaal-oeyo-femunden","status":"publish","type":"product","link":"https:\/\/greentools.dk\/no\/produkt\/dolk-med-taendstaal\/","title":{"rendered":"Dolk med t\u00e6ndst\u00e5l \u00d8yo Femunden"},"content":{"rendered":"<h2>Eksklusiv dolk med t\u00e6ndst\u00e5l \u00d8yo Femunden<\/h2>\n<p>Femunden er navnet p\u00e5 en dolk med t\u00e6ndst\u00e5l, hvor du f\u00e5r begge dele i \u00e9t samlet s\u00e6t. Knivbladet er gennemg\u00e5ende og str\u00e6kker sig hele vejen ned gennem sk\u00e6ftet, dette giver en god v\u00e6gtfordeling, samt en ekstra god holdbarhed, ved for eksempel oparbejdning af sp\u00e5ner til opt\u00e6ndingsbr\u00e6nde<\/p>\n<h2>Knivsblad af h\u00f8jkvalitetsst\u00e5l<\/h2>\n<p>Knivsbladet er fremstillet af en h\u00f8jkvalitets st\u00e5llegering &laquo;Sandvik 12C27&raquo;, der holder sig skarpt l\u00e6nge. Der er indlagt et specielt felt med 90 graders kanter p\u00e5 knivsryggen, der er ideelt til brug af t\u00e6ndst\u00e5let.<\/p>\n<h2>Sk\u00e6fte af oliventr\u00e6 og G10 komposit<\/h2>\n<p>Sk\u00e6ftet er fremstillet af oliventr\u00e6 med ilagte lag af r\u00f8dt og hvidt G10 komposit. G10 komposit er et h\u00f8jtryks glasfiber laminat, der f\u00f8rst og fremmest udem\u00e6rker sig ved sin store styrke. G10 er desuden karakteriseret ved ikke at suge fugt fra omgivelserne, samt stor resistens over for kemikalier og statisk elektricitet. Med andre ord, ideel i et h\u00e5rdt korrosivt milj\u00f8.<\/p>\n<p>Femunden dolk med strygest\u00e5l leveres i en kraftig brun l\u00e6derskede med plads til b\u00e5de kniv og t\u00e6ndst\u00e5l.<\/p>\n<p>L\u00e6ngde p\u00e5 knivblad: 8 cm<br \/>\nTotall\u00e6ngde: 22 cm<br \/>\nV\u00e6gt: 260 gram<br \/>\nEksklusivt knivst\u00e5l: Sandvik 12C27<br \/>\nEksklusivt sk\u00e6fte:\u00a0 Oliventr\u00e6 samt G10 fiberkomposit<br \/>\nLeveres i elegant gave\u00e6ske<\/p>\n<p>&nbsp;<\/p>\n","protected":false},"excerpt":{"rendered":"<h2>Dolk med t\u00e6ndst\u00e5l &laquo;Femunden&raquo;<\/h2>\n<p><strong><span style=\"color: #ff0000;\">OBS! Leveringstid ca. 14 dage p\u00e5 denne vare\u00a0<\/span><\/strong><\/p>\n<ul>\n<li>Knivsblad 8 cm<\/li>\n<li>Totall\u00e6ngde 22<\/li>\n<li>Eksklusivt knivst\u00e5l Sandvik 12C27<\/li>\n<li>Eksklusivt sk\u00e6fte: Oliventr\u00e6 og G10 fiberkomposit<\/li>\n<li>Robust l\u00e6derskede<\/li>\n<li>Leveres i elegant gave\u00e6ske<\/li>\n<\/ul>\n","protected":false},"featured_media":67814,"template":"","meta":{"_acf_changed":false},"product_brand":[],"product_cat":[543],"product_tag":[],"class_list":{"0":"post-67813","1":"product","2":"type-product","3":"status-publish","4":"has-post-thumbnail","6":"product_cat-knive-og-dolke-no","7":"description-off","9":"first","10":"instock","11":"taxable","12":"shipping-taxable","13":"purchasable","14":"product-type-simple"},"acf":[],"yoast_head":"<!-- This site is optimized with the Yoast SEO plugin v27.4 - https:\/\/yoast.com\/product\/yoast-seo-wordpress\/ -->\n<title>Dolk med t\u00e6ndst\u00e5l - glem alt om t\u00e6ndstikker - perfekt til det barske udeliv<\/title>\n<meta name=\"description\" content=\"Dolk med t\u00e6ndst\u00e5l &gt;&gt; Kraftig l\u00e6derskede med plads til b\u00e5de kniv og t\u00e6ndst\u00e5l &lt;&lt; Fremstillet af de bedste materialer - nordisk design\" \/>\n<meta name=\"robots\" content=\"index, follow, max-snippet:-1, max-image-preview:large, max-video-preview:-1\" \/>\n<link rel=\"canonical\" href=\"https:\/\/greentools.dk\/no\/produkt\/dolk-med-taendstaal\/\" \/>\n<meta property=\"og:locale\" content=\"nn_NO\" \/>\n<meta property=\"og:type\" content=\"article\" \/>\n<meta property=\"og:title\" content=\"Dolk med t\u00e6ndst\u00e5l - glem alt om t\u00e6ndstikker - perfekt til det barske udeliv\" \/>\n<meta property=\"og:description\" content=\"Dolk med t\u00e6ndst\u00e5l &gt;&gt; Kraftig l\u00e6derskede med plads til b\u00e5de kniv og t\u00e6ndst\u00e5l &lt;&lt; Fremstillet af de bedste materialer - nordisk design\" \/>\n<meta property=\"og:url\" content=\"https:\/\/greentools.dk\/no\/produkt\/dolk-med-taendstaal\/\" \/>\n<meta property=\"og:site_name\" content=\"Greentools\" \/>\n<meta property=\"article:modified_time\" content=\"2024-11-27T19:35:14+00:00\" \/>\n<meta property=\"og:image\" content=\"https:\/\/greentools.dk\/wp-content\/uploads\/2023\/01\/Dolk-med-taendstaal.jpg\" \/>\n\t<meta property=\"og:image:width\" content=\"1000\" \/>\n\t<meta property=\"og:image:height\" content=\"1000\" \/>\n\t<meta property=\"og:image:type\" content=\"image\/jpeg\" \/>\n<meta name=\"twitter:card\" content=\"summary_large_image\" \/>\n<meta name=\"twitter:label1\" content=\"Est. reading time\" \/>\n\t<meta name=\"twitter:data1\" content=\"1 minutt\" \/>\n<script type=\"application\/ld+json\" class=\"yoast-schema-graph\">{\"@context\":\"https:\\\/\\\/schema.org\",\"@graph\":[{\"@type\":\"WebPage\",\"@id\":\"https:\\\/\\\/greentools.dk\\\/no\\\/produkt\\\/dolk-med-taendstaal\\\/\",\"url\":\"https:\\\/\\\/greentools.dk\\\/no\\\/produkt\\\/dolk-med-taendstaal\\\/\",\"name\":\"Dolk med t\u00e6ndst\u00e5l - glem alt om t\u00e6ndstikker - perfekt til det barske udeliv\",\"isPartOf\":{\"@id\":\"https:\\\/\\\/greentools.dk\\\/no\\\/#website\"},\"primaryImageOfPage\":{\"@id\":\"https:\\\/\\\/greentools.dk\\\/no\\\/produkt\\\/dolk-med-taendstaal\\\/#primaryimage\"},\"image\":{\"@id\":\"https:\\\/\\\/greentools.dk\\\/no\\\/produkt\\\/dolk-med-taendstaal\\\/#primaryimage\"},\"thumbnailUrl\":\"https:\\\/\\\/greentools.dk\\\/wp-content\\\/uploads\\\/2023\\\/01\\\/Dolk-med-taendstaal.jpg\",\"datePublished\":\"2023-01-01T15:42:53+00:00\",\"dateModified\":\"2024-11-27T19:35:14+00:00\",\"description\":\"Dolk med t\u00e6ndst\u00e5l >> Kraftig l\u00e6derskede med plads til b\u00e5de kniv og t\u00e6ndst\u00e5l &lt;&lt; Fremstillet af de bedste materialer - nordisk design\",\"breadcrumb\":{\"@id\":\"https:\\\/\\\/greentools.dk\\\/no\\\/produkt\\\/dolk-med-taendstaal\\\/#breadcrumb\"},\"inLanguage\":\"nn-NO\",\"potentialAction\":[{\"@type\":\"ReadAction\",\"target\":[\"https:\\\/\\\/greentools.dk\\\/no\\\/produkt\\\/dolk-med-taendstaal\\\/\"]}]},{\"@type\":\"ImageObject\",\"inLanguage\":\"nn-NO\",\"@id\":\"https:\\\/\\\/greentools.dk\\\/no\\\/produkt\\\/dolk-med-taendstaal\\\/#primaryimage\",\"url\":\"https:\\\/\\\/greentools.dk\\\/wp-content\\\/uploads\\\/2023\\\/01\\\/Dolk-med-taendstaal.jpg\",\"contentUrl\":\"https:\\\/\\\/greentools.dk\\\/wp-content\\\/uploads\\\/2023\\\/01\\\/Dolk-med-taendstaal.jpg\",\"width\":1000,\"height\":1000,\"caption\":\"Eksklusiv dolk med t\u00e6ndst\u00e5l \u00d8yo Femunden\"},{\"@type\":\"BreadcrumbList\",\"@id\":\"https:\\\/\\\/greentools.dk\\\/no\\\/produkt\\\/dolk-med-taendstaal\\\/#breadcrumb\",\"itemListElement\":[{\"@type\":\"ListItem\",\"position\":1,\"name\":\"Hjem\",\"item\":\"https:\\\/\\\/greentools.dk\\\/no\\\/\"},{\"@type\":\"ListItem\",\"position\":2,\"name\":\"Produkter\",\"item\":\"https:\\\/\\\/greentools.dk\\\/no\\\/produkter\\\/\"},{\"@type\":\"ListItem\",\"position\":3,\"name\":\"Dolk med t\u00e6ndst\u00e5l \u00d8yo Femunden\"}]},{\"@type\":\"WebSite\",\"@id\":\"https:\\\/\\\/greentools.dk\\\/no\\\/#website\",\"url\":\"https:\\\/\\\/greentools.dk\\\/no\\\/\",\"name\":\"Greentools\",\"description\":\"Dansk Kvalitets - Fuglekasser - Foderhuse - Felco Besk\u00e6rersakse\",\"potentialAction\":[{\"@type\":\"SearchAction\",\"target\":{\"@type\":\"EntryPoint\",\"urlTemplate\":\"https:\\\/\\\/greentools.dk\\\/no\\\/?s={search_term_string}\"},\"query-input\":{\"@type\":\"PropertyValueSpecification\",\"valueRequired\":true,\"valueName\":\"search_term_string\"}}],\"inLanguage\":\"nn-NO\"}]}<\/script>\n<!-- \/ Yoast SEO plugin. -->","yoast_head_json":{"title":"Dolk med t\u00e6ndst\u00e5l - glem alt om t\u00e6ndstikker - perfekt til det barske udeliv","description":"Dolk med t\u00e6ndst\u00e5l >> Kraftig l\u00e6derskede med plads til b\u00e5de kniv og t\u00e6ndst\u00e5l &lt;&lt; Fremstillet af de bedste materialer - nordisk design","robots":{"index":"index","follow":"follow","max-snippet":"max-snippet:-1","max-image-preview":"max-image-preview:large","max-video-preview":"max-video-preview:-1"},"canonical":"https:\/\/greentools.dk\/no\/produkt\/dolk-med-taendstaal\/","og_locale":"nn_NO","og_type":"article","og_title":"Dolk med t\u00e6ndst\u00e5l - glem alt om t\u00e6ndstikker - perfekt til det barske udeliv","og_description":"Dolk med t\u00e6ndst\u00e5l >> Kraftig l\u00e6derskede med plads til b\u00e5de kniv og t\u00e6ndst\u00e5l &lt;&lt; Fremstillet af de bedste materialer - nordisk design","og_url":"https:\/\/greentools.dk\/no\/produkt\/dolk-med-taendstaal\/","og_site_name":"Greentools","article_modified_time":"2024-11-27T19:35:14+00:00","og_image":[{"width":1000,"height":1000,"url":"https:\/\/greentools.dk\/wp-content\/uploads\/2023\/01\/Dolk-med-taendstaal.jpg","type":"image\/jpeg"}],"twitter_card":"summary_large_image","twitter_misc":{"Est. reading time":"1 minutt"},"schema":{"@context":"https:\/\/schema.org","@graph":[{"@type":"WebPage","@id":"https:\/\/greentools.dk\/no\/produkt\/dolk-med-taendstaal\/","url":"https:\/\/greentools.dk\/no\/produkt\/dolk-med-taendstaal\/","name":"Dolk med t\u00e6ndst\u00e5l - glem alt om t\u00e6ndstikker - perfekt til det barske udeliv","isPartOf":{"@id":"https:\/\/greentools.dk\/no\/#website"},"primaryImageOfPage":{"@id":"https:\/\/greentools.dk\/no\/produkt\/dolk-med-taendstaal\/#primaryimage"},"image":{"@id":"https:\/\/greentools.dk\/no\/produkt\/dolk-med-taendstaal\/#primaryimage"},"thumbnailUrl":"https:\/\/greentools.dk\/wp-content\/uploads\/2023\/01\/Dolk-med-taendstaal.jpg","datePublished":"2023-01-01T15:42:53+00:00","dateModified":"2024-11-27T19:35:14+00:00","description":"Dolk med t\u00e6ndst\u00e5l >> Kraftig l\u00e6derskede med plads til b\u00e5de kniv og t\u00e6ndst\u00e5l &lt;&lt; Fremstillet af de bedste materialer - nordisk design","breadcrumb":{"@id":"https:\/\/greentools.dk\/no\/produkt\/dolk-med-taendstaal\/#breadcrumb"},"inLanguage":"nn-NO","potentialAction":[{"@type":"ReadAction","target":["https:\/\/greentools.dk\/no\/produkt\/dolk-med-taendstaal\/"]}]},{"@type":"ImageObject","inLanguage":"nn-NO","@id":"https:\/\/greentools.dk\/no\/produkt\/dolk-med-taendstaal\/#primaryimage","url":"https:\/\/greentools.dk\/wp-content\/uploads\/2023\/01\/Dolk-med-taendstaal.jpg","contentUrl":"https:\/\/greentools.dk\/wp-content\/uploads\/2023\/01\/Dolk-med-taendstaal.jpg","width":1000,"height":1000,"caption":"Eksklusiv dolk med t\u00e6ndst\u00e5l \u00d8yo Femunden"},{"@type":"BreadcrumbList","@id":"https:\/\/greentools.dk\/no\/produkt\/dolk-med-taendstaal\/#breadcrumb","itemListElement":[{"@type":"ListItem","position":1,"name":"Hjem","item":"https:\/\/greentools.dk\/no\/"},{"@type":"ListItem","position":2,"name":"Produkter","item":"https:\/\/greentools.dk\/no\/produkter\/"},{"@type":"ListItem","position":3,"name":"Dolk med t\u00e6ndst\u00e5l \u00d8yo Femunden"}]},{"@type":"WebSite","@id":"https:\/\/greentools.dk\/no\/#website","url":"https:\/\/greentools.dk\/no\/","name":"Greentools","description":"Dansk Kvalitets - Fuglekasser - Foderhuse - Felco Besk\u00e6rersakse","potentialAction":[{"@type":"SearchAction","target":{"@type":"EntryPoint","urlTemplate":"https:\/\/greentools.dk\/no\/?s={search_term_string}"},"query-input":{"@type":"PropertyValueSpecification","valueRequired":true,"valueName":"search_term_string"}}],"inLanguage":"nn-NO"}]}},"_links":{"self":[{"href":"https:\/\/greentools.dk\/no\/wp-json\/wp\/v2\/product\/67813","targetHints":{"allow":["GET"]}}],"collection":[{"href":"https:\/\/greentools.dk\/no\/wp-json\/wp\/v2\/product"}],"about":[{"href":"https:\/\/greentools.dk\/no\/wp-json\/wp\/v2\/types\/product"}],"wp:featuredmedia":[{"embeddable":true,"href":"https:\/\/greentools.dk\/no\/wp-json\/wp\/v2\/media\/67814"}],"wp:attachment":[{"href":"https:\/\/greentools.dk\/no\/wp-json\/wp\/v2\/media?parent=67813"}],"wp:term":[{"taxonomy":"product_brand","embeddable":true,"href":"https:\/\/greentools.dk\/no\/wp-json\/wp\/v2\/product_brand?post=67813"},{"taxonomy":"product_cat","embeddable":true,"href":"https:\/\/greentools.dk\/no\/wp-json\/wp\/v2\/product_cat?post=67813"},{"taxonomy":"product_tag","embeddable":true,"href":"https:\/\/greentools.dk\/no\/wp-json\/wp\/v2\/product_tag?post=67813"}],"curies":[{"name":"wp","href":"https:\/\/api.w.org\/{rel}","templated":true}]}}