{"id":67809,"date":"2023-01-01T21:20:17","date_gmt":"2023-01-01T20:20:17","guid":{"rendered":"https:\/\/greentools.dk\/produkt\/dolk-falketind\/"},"modified":"2024-11-27T20:33:30","modified_gmt":"2024-11-27T19:33:30","slug":"dolk-oeyo-falketind","status":"publish","type":"product","link":"https:\/\/greentools.dk\/no\/produkt\/dolk-falketind\/","title":{"rendered":"Dolk \u00d8yo Falketind"},"content":{"rendered":"<h2>Dolk med oxideret klinge \u00d8yo Falketind<\/h2>\n<p>Falketind er navnet p\u00e5 den meget h\u00e5rdf\u00f8re dolk med oxideret klinge, det t\u00e5ler h\u00e5rdt brug i barske omgivelser. Knivbladet er gennemg\u00e5ende og str\u00e6kker sig hele vejen ned gennem sk\u00e6ftet, dette giver en god v\u00e6gtfordeling, samt en ekstra god holdbarhed, ved for eksempel oparbejdning af sp\u00e5ner til opt\u00e6ndingsbr\u00e6nde.<\/p>\n<h2>Oxideret knivsblad af h\u00f8jkvalitetsst\u00e5l<\/h2>\n<p>Knivsbladet er oxideret og er fremstillet af en h\u00f8jkvalitets st\u00e5llegering &laquo;Sandvik 12C27&raquo;, der holder sig skarpt l\u00e6nge.<\/p>\n<h2>Sk\u00e6fte af sort Micarta<\/h2>\n<p>Sk\u00e6ftet er fremstillet af sort Micarta med h\u00f8j resistens over for snavs og fugt. Micarta er en h\u00f8jtryks fiberkomposit, der udem\u00e6rker sig ved h\u00f8j styrke og fleksibilitet. Micarta anvendes foruden til h\u00f8jkvalitets knivsk\u00e6fter, ogs\u00e5 i rumfartsindustrien, til propelblade, bilkomponenter med mere.<\/p>\n<p>Falketind leveres i med en kraftig sort l\u00e6derskede med justerbar b\u00e6ltestrop.<\/p>\n<p>L\u00e6ngde p\u00e5 knivblad: 10 cm<br \/>\nTotall\u00e6ngde: 22 cm<br \/>\nV\u00e6gt: 302 gram<br \/>\nEksklusivt knivst\u00e5l: Oxideret Sandvik 12C27<br \/>\nEksklusivt sk\u00e6fte:\u00a0 Micarta fiberkomposit<br \/>\nLeveres i elegant gave\u00e6ske<\/p>\n<p>&nbsp;<\/p>\n","protected":false},"excerpt":{"rendered":"<h2>Dolk med oxideret klinge<\/h2>\n<p><strong><span style=\"color: #ff0000;\">OBS! Leveringstid ca. 14 dage p\u00e5 denne vare\u00a0<\/span><\/strong><\/p>\n<ul>\n<li>Knivsblad 10 cm<\/li>\n<li>Totall\u00e6ngde 22 cm<\/li>\n<li>Eksklusivt knivst\u00e5l oxideret Sandvik 12C27<\/li>\n<li>Eksklusivt sk\u00e6fte: Micarta fiberkomposit<\/li>\n<li>Robust l\u00e6derskede med justerbar strop<\/li>\n<li>Leveres i elegant gave\u00e6ske<\/li>\n<\/ul>\n","protected":false},"featured_media":67810,"template":"","meta":{"_acf_changed":false},"product_brand":[],"product_cat":[543],"product_tag":[],"class_list":{"0":"post-67809","1":"product","2":"type-product","3":"status-publish","4":"has-post-thumbnail","6":"product_cat-knive-og-dolke-no","7":"description-off","9":"first","10":"instock","11":"taxable","12":"shipping-taxable","13":"purchasable","14":"product-type-simple"},"acf":[],"yoast_head":"<!-- This site is optimized with the Yoast SEO plugin v27.4 - https:\/\/yoast.com\/product\/yoast-seo-wordpress\/ -->\n<title>Dolk med oxideret klinge og justerbar b\u00e6ltestrop - perfekt til jagt og fiskeri<\/title>\n<meta name=\"description\" content=\"Dolk med oxideret klinge - flot matsort design\u2714 sk\u00e6fte i Micarta fiberkomposit\u2714 Kraftig sort l\u00e6derskede med justerbar b\u00e6ltestrop\u2714\" \/>\n<meta name=\"robots\" content=\"index, follow, max-snippet:-1, max-image-preview:large, max-video-preview:-1\" \/>\n<link rel=\"canonical\" href=\"https:\/\/greentools.dk\/no\/produkt\/dolk-falketind\/\" \/>\n<meta property=\"og:locale\" content=\"nn_NO\" \/>\n<meta property=\"og:type\" content=\"article\" \/>\n<meta property=\"og:title\" content=\"Dolk med oxideret klinge og justerbar b\u00e6ltestrop - perfekt til jagt og fiskeri\" \/>\n<meta property=\"og:description\" content=\"Dolk med oxideret klinge - flot matsort design\u2714 sk\u00e6fte i Micarta fiberkomposit\u2714 Kraftig sort l\u00e6derskede med justerbar b\u00e6ltestrop\u2714\" \/>\n<meta property=\"og:url\" content=\"https:\/\/greentools.dk\/no\/produkt\/dolk-falketind\/\" \/>\n<meta property=\"og:site_name\" content=\"Greentools\" \/>\n<meta property=\"article:modified_time\" content=\"2024-11-27T19:33:30+00:00\" \/>\n<meta property=\"og:image\" content=\"https:\/\/greentools.dk\/wp-content\/uploads\/2023\/01\/Dolk-Falketind.jpg\" \/>\n\t<meta property=\"og:image:width\" content=\"1000\" \/>\n\t<meta property=\"og:image:height\" content=\"1000\" \/>\n\t<meta property=\"og:image:type\" content=\"image\/jpeg\" \/>\n<meta name=\"twitter:card\" content=\"summary_large_image\" \/>\n<meta name=\"twitter:label1\" content=\"Est. reading time\" \/>\n\t<meta name=\"twitter:data1\" content=\"1 minutt\" \/>\n<script type=\"application\/ld+json\" class=\"yoast-schema-graph\">{\"@context\":\"https:\\\/\\\/schema.org\",\"@graph\":[{\"@type\":\"WebPage\",\"@id\":\"https:\\\/\\\/greentools.dk\\\/no\\\/produkt\\\/dolk-falketind\\\/\",\"url\":\"https:\\\/\\\/greentools.dk\\\/no\\\/produkt\\\/dolk-falketind\\\/\",\"name\":\"Dolk med oxideret klinge og justerbar b\u00e6ltestrop - perfekt til jagt og fiskeri\",\"isPartOf\":{\"@id\":\"https:\\\/\\\/greentools.dk\\\/no\\\/#website\"},\"primaryImageOfPage\":{\"@id\":\"https:\\\/\\\/greentools.dk\\\/no\\\/produkt\\\/dolk-falketind\\\/#primaryimage\"},\"image\":{\"@id\":\"https:\\\/\\\/greentools.dk\\\/no\\\/produkt\\\/dolk-falketind\\\/#primaryimage\"},\"thumbnailUrl\":\"https:\\\/\\\/greentools.dk\\\/wp-content\\\/uploads\\\/2023\\\/01\\\/Dolk-Falketind.jpg\",\"datePublished\":\"2023-01-01T20:20:17+00:00\",\"dateModified\":\"2024-11-27T19:33:30+00:00\",\"description\":\"Dolk med oxideret klinge - flot matsort design\u2714 sk\u00e6fte i Micarta fiberkomposit\u2714 Kraftig sort l\u00e6derskede med justerbar b\u00e6ltestrop\u2714\",\"breadcrumb\":{\"@id\":\"https:\\\/\\\/greentools.dk\\\/no\\\/produkt\\\/dolk-falketind\\\/#breadcrumb\"},\"inLanguage\":\"nn-NO\",\"potentialAction\":[{\"@type\":\"ReadAction\",\"target\":[\"https:\\\/\\\/greentools.dk\\\/no\\\/produkt\\\/dolk-falketind\\\/\"]}]},{\"@type\":\"ImageObject\",\"inLanguage\":\"nn-NO\",\"@id\":\"https:\\\/\\\/greentools.dk\\\/no\\\/produkt\\\/dolk-falketind\\\/#primaryimage\",\"url\":\"https:\\\/\\\/greentools.dk\\\/wp-content\\\/uploads\\\/2023\\\/01\\\/Dolk-Falketind.jpg\",\"contentUrl\":\"https:\\\/\\\/greentools.dk\\\/wp-content\\\/uploads\\\/2023\\\/01\\\/Dolk-Falketind.jpg\",\"width\":1000,\"height\":1000,\"caption\":\"Dolk \u00d8yo Falketind med oxideret klinge\"},{\"@type\":\"BreadcrumbList\",\"@id\":\"https:\\\/\\\/greentools.dk\\\/no\\\/produkt\\\/dolk-falketind\\\/#breadcrumb\",\"itemListElement\":[{\"@type\":\"ListItem\",\"position\":1,\"name\":\"Hjem\",\"item\":\"https:\\\/\\\/greentools.dk\\\/no\\\/\"},{\"@type\":\"ListItem\",\"position\":2,\"name\":\"Produkter\",\"item\":\"https:\\\/\\\/greentools.dk\\\/no\\\/produkter\\\/\"},{\"@type\":\"ListItem\",\"position\":3,\"name\":\"Dolk \u00d8yo Falketind\"}]},{\"@type\":\"WebSite\",\"@id\":\"https:\\\/\\\/greentools.dk\\\/no\\\/#website\",\"url\":\"https:\\\/\\\/greentools.dk\\\/no\\\/\",\"name\":\"Greentools\",\"description\":\"Dansk Kvalitets - Fuglekasser - Foderhuse - Felco Besk\u00e6rersakse\",\"potentialAction\":[{\"@type\":\"SearchAction\",\"target\":{\"@type\":\"EntryPoint\",\"urlTemplate\":\"https:\\\/\\\/greentools.dk\\\/no\\\/?s={search_term_string}\"},\"query-input\":{\"@type\":\"PropertyValueSpecification\",\"valueRequired\":true,\"valueName\":\"search_term_string\"}}],\"inLanguage\":\"nn-NO\"}]}<\/script>\n<!-- \/ Yoast SEO plugin. -->","yoast_head_json":{"title":"Dolk med oxideret klinge og justerbar b\u00e6ltestrop - perfekt til jagt og fiskeri","description":"Dolk med oxideret klinge - flot matsort design\u2714 sk\u00e6fte i Micarta fiberkomposit\u2714 Kraftig sort l\u00e6derskede med justerbar b\u00e6ltestrop\u2714","robots":{"index":"index","follow":"follow","max-snippet":"max-snippet:-1","max-image-preview":"max-image-preview:large","max-video-preview":"max-video-preview:-1"},"canonical":"https:\/\/greentools.dk\/no\/produkt\/dolk-falketind\/","og_locale":"nn_NO","og_type":"article","og_title":"Dolk med oxideret klinge og justerbar b\u00e6ltestrop - perfekt til jagt og fiskeri","og_description":"Dolk med oxideret klinge - flot matsort design\u2714 sk\u00e6fte i Micarta fiberkomposit\u2714 Kraftig sort l\u00e6derskede med justerbar b\u00e6ltestrop\u2714","og_url":"https:\/\/greentools.dk\/no\/produkt\/dolk-falketind\/","og_site_name":"Greentools","article_modified_time":"2024-11-27T19:33:30+00:00","og_image":[{"width":1000,"height":1000,"url":"https:\/\/greentools.dk\/wp-content\/uploads\/2023\/01\/Dolk-Falketind.jpg","type":"image\/jpeg"}],"twitter_card":"summary_large_image","twitter_misc":{"Est. reading time":"1 minutt"},"schema":{"@context":"https:\/\/schema.org","@graph":[{"@type":"WebPage","@id":"https:\/\/greentools.dk\/no\/produkt\/dolk-falketind\/","url":"https:\/\/greentools.dk\/no\/produkt\/dolk-falketind\/","name":"Dolk med oxideret klinge og justerbar b\u00e6ltestrop - perfekt til jagt og fiskeri","isPartOf":{"@id":"https:\/\/greentools.dk\/no\/#website"},"primaryImageOfPage":{"@id":"https:\/\/greentools.dk\/no\/produkt\/dolk-falketind\/#primaryimage"},"image":{"@id":"https:\/\/greentools.dk\/no\/produkt\/dolk-falketind\/#primaryimage"},"thumbnailUrl":"https:\/\/greentools.dk\/wp-content\/uploads\/2023\/01\/Dolk-Falketind.jpg","datePublished":"2023-01-01T20:20:17+00:00","dateModified":"2024-11-27T19:33:30+00:00","description":"Dolk med oxideret klinge - flot matsort design\u2714 sk\u00e6fte i Micarta fiberkomposit\u2714 Kraftig sort l\u00e6derskede med justerbar b\u00e6ltestrop\u2714","breadcrumb":{"@id":"https:\/\/greentools.dk\/no\/produkt\/dolk-falketind\/#breadcrumb"},"inLanguage":"nn-NO","potentialAction":[{"@type":"ReadAction","target":["https:\/\/greentools.dk\/no\/produkt\/dolk-falketind\/"]}]},{"@type":"ImageObject","inLanguage":"nn-NO","@id":"https:\/\/greentools.dk\/no\/produkt\/dolk-falketind\/#primaryimage","url":"https:\/\/greentools.dk\/wp-content\/uploads\/2023\/01\/Dolk-Falketind.jpg","contentUrl":"https:\/\/greentools.dk\/wp-content\/uploads\/2023\/01\/Dolk-Falketind.jpg","width":1000,"height":1000,"caption":"Dolk \u00d8yo Falketind med oxideret klinge"},{"@type":"BreadcrumbList","@id":"https:\/\/greentools.dk\/no\/produkt\/dolk-falketind\/#breadcrumb","itemListElement":[{"@type":"ListItem","position":1,"name":"Hjem","item":"https:\/\/greentools.dk\/no\/"},{"@type":"ListItem","position":2,"name":"Produkter","item":"https:\/\/greentools.dk\/no\/produkter\/"},{"@type":"ListItem","position":3,"name":"Dolk \u00d8yo Falketind"}]},{"@type":"WebSite","@id":"https:\/\/greentools.dk\/no\/#website","url":"https:\/\/greentools.dk\/no\/","name":"Greentools","description":"Dansk Kvalitets - Fuglekasser - Foderhuse - Felco Besk\u00e6rersakse","potentialAction":[{"@type":"SearchAction","target":{"@type":"EntryPoint","urlTemplate":"https:\/\/greentools.dk\/no\/?s={search_term_string}"},"query-input":{"@type":"PropertyValueSpecification","valueRequired":true,"valueName":"search_term_string"}}],"inLanguage":"nn-NO"}]}},"_links":{"self":[{"href":"https:\/\/greentools.dk\/no\/wp-json\/wp\/v2\/product\/67809","targetHints":{"allow":["GET"]}}],"collection":[{"href":"https:\/\/greentools.dk\/no\/wp-json\/wp\/v2\/product"}],"about":[{"href":"https:\/\/greentools.dk\/no\/wp-json\/wp\/v2\/types\/product"}],"wp:featuredmedia":[{"embeddable":true,"href":"https:\/\/greentools.dk\/no\/wp-json\/wp\/v2\/media\/67810"}],"wp:attachment":[{"href":"https:\/\/greentools.dk\/no\/wp-json\/wp\/v2\/media?parent=67809"}],"wp:term":[{"taxonomy":"product_brand","embeddable":true,"href":"https:\/\/greentools.dk\/no\/wp-json\/wp\/v2\/product_brand?post=67809"},{"taxonomy":"product_cat","embeddable":true,"href":"https:\/\/greentools.dk\/no\/wp-json\/wp\/v2\/product_cat?post=67809"},{"taxonomy":"product_tag","embeddable":true,"href":"https:\/\/greentools.dk\/no\/wp-json\/wp\/v2\/product_tag?post=67809"}],"curies":[{"name":"wp","href":"https:\/\/api.w.org\/{rel}","templated":true}]}}