{"id":67305,"date":"2022-03-27T15:12:16","date_gmt":"2022-03-27T13:12:16","guid":{"rendered":"https:\/\/greentools.dk\/produkt\/skruer-til-hulbeslag-4-stk\/"},"modified":"2022-03-27T15:12:16","modified_gmt":"2022-03-27T13:12:16","slug":"skruer-til-hulbeslag-4-stk","status":"publish","type":"product","link":"https:\/\/greentools.dk\/no\/produkt\/skruer-til-hulbeslag-4-stk\/","title":{"rendered":"Skruer til hulbeslag 4 stk."},"content":{"rendered":"<h2>Rustfri skruer til hulbeslag<\/h2>\n<p>4 stk. sm\u00e5 rustfri skruer, velegnet til montering af hulbeslag p\u00e5 fuglekasser<\/p>\n","protected":false},"excerpt":{"rendered":"<h2>Rustfri skruer 4 stk.<\/h2>\n<ul>\n<li>A4 rustfri\/syrefast<\/li>\n<li>T\u00e5ler salt og fugt<\/li>\n<li>TX 10 k\u00e6rv<\/li>\n<li>l\u00e6ngde 20 mm<\/li>\n<\/ul>\n<p>&nbsp;<\/p>\n","protected":false},"featured_media":67306,"template":"","meta":{"_acf_changed":false},"product_brand":[],"product_cat":[536],"product_tag":[],"class_list":{"0":"post-67305","1":"product","2":"type-product","3":"status-publish","4":"has-post-thumbnail","6":"product_cat-hulbeslag-til-fuglekasser-nb-no","7":"description-off","9":"first","10":"instock","11":"taxable","12":"shipping-taxable","13":"purchasable","14":"product-type-simple"},"acf":[],"yoast_head":"<!-- This site is optimized with the Yoast SEO plugin v27.5 - https:\/\/yoast.com\/product\/yoast-seo-wordpress\/ -->\n<title>Skruer til hulbeslag 4 stk. - Greentools<\/title>\n<meta name=\"robots\" content=\"index, follow, max-snippet:-1, max-image-preview:large, max-video-preview:-1\" \/>\n<link rel=\"canonical\" href=\"https:\/\/greentools.dk\/no\/produkt\/skruer-til-hulbeslag-4-stk\/\" \/>\n<meta property=\"og:locale\" content=\"nn_NO\" \/>\n<meta property=\"og:type\" content=\"article\" \/>\n<meta property=\"og:title\" content=\"Skruer til hulbeslag 4 stk. - Greentools\" \/>\n<meta property=\"og:description\" content=\"Rustfri skruer 4 stk.   A4 rustfri\/syrefast  T\u00e5ler salt og fugt  TX 10 k\u00e6rv  l\u00e6ngde 20 mm  &nbsp;\" \/>\n<meta property=\"og:url\" content=\"https:\/\/greentools.dk\/no\/produkt\/skruer-til-hulbeslag-4-stk\/\" \/>\n<meta property=\"og:site_name\" content=\"Greentools\" \/>\n<meta name=\"twitter:card\" content=\"summary_large_image\" \/>\n<script type=\"application\/ld+json\" class=\"yoast-schema-graph\">{\"@context\":\"https:\\\/\\\/schema.org\",\"@graph\":[{\"@type\":\"WebPage\",\"@id\":\"https:\\\/\\\/greentools.dk\\\/no\\\/produkt\\\/skruer-til-hulbeslag-4-stk\\\/\",\"url\":\"https:\\\/\\\/greentools.dk\\\/no\\\/produkt\\\/skruer-til-hulbeslag-4-stk\\\/\",\"name\":\"Skruer til hulbeslag 4 stk. - Greentools\",\"isPartOf\":{\"@id\":\"https:\\\/\\\/greentools.dk\\\/no\\\/#website\"},\"primaryImageOfPage\":{\"@id\":\"https:\\\/\\\/greentools.dk\\\/no\\\/produkt\\\/skruer-til-hulbeslag-4-stk\\\/#primaryimage\"},\"image\":{\"@id\":\"https:\\\/\\\/greentools.dk\\\/no\\\/produkt\\\/skruer-til-hulbeslag-4-stk\\\/#primaryimage\"},\"thumbnailUrl\":\"https:\\\/\\\/greentools.dk\\\/wp-content\\\/uploads\\\/2022\\\/03\\\/Rustfri-skruer-til-hulbesky.jpg\",\"datePublished\":\"2022-03-27T13:12:16+00:00\",\"breadcrumb\":{\"@id\":\"https:\\\/\\\/greentools.dk\\\/no\\\/produkt\\\/skruer-til-hulbeslag-4-stk\\\/#breadcrumb\"},\"inLanguage\":\"nn-NO\",\"potentialAction\":[{\"@type\":\"ReadAction\",\"target\":[\"https:\\\/\\\/greentools.dk\\\/no\\\/produkt\\\/skruer-til-hulbeslag-4-stk\\\/\"]}]},{\"@type\":\"ImageObject\",\"inLanguage\":\"nn-NO\",\"@id\":\"https:\\\/\\\/greentools.dk\\\/no\\\/produkt\\\/skruer-til-hulbeslag-4-stk\\\/#primaryimage\",\"url\":\"https:\\\/\\\/greentools.dk\\\/wp-content\\\/uploads\\\/2022\\\/03\\\/Rustfri-skruer-til-hulbesky.jpg\",\"contentUrl\":\"https:\\\/\\\/greentools.dk\\\/wp-content\\\/uploads\\\/2022\\\/03\\\/Rustfri-skruer-til-hulbesky.jpg\",\"width\":1000,\"height\":1000},{\"@type\":\"BreadcrumbList\",\"@id\":\"https:\\\/\\\/greentools.dk\\\/no\\\/produkt\\\/skruer-til-hulbeslag-4-stk\\\/#breadcrumb\",\"itemListElement\":[{\"@type\":\"ListItem\",\"position\":1,\"name\":\"Hjem\",\"item\":\"https:\\\/\\\/greentools.dk\\\/no\\\/\"},{\"@type\":\"ListItem\",\"position\":2,\"name\":\"Produkter\",\"item\":\"https:\\\/\\\/greentools.dk\\\/no\\\/produkter\\\/\"},{\"@type\":\"ListItem\",\"position\":3,\"name\":\"Skruer til hulbeslag 4 stk.\"}]},{\"@type\":\"WebSite\",\"@id\":\"https:\\\/\\\/greentools.dk\\\/no\\\/#website\",\"url\":\"https:\\\/\\\/greentools.dk\\\/no\\\/\",\"name\":\"Greentools\",\"description\":\"Dansk Kvalitets - Fuglekasser - Foderhuse - Felco Besk\u00e6rersakse\",\"potentialAction\":[{\"@type\":\"SearchAction\",\"target\":{\"@type\":\"EntryPoint\",\"urlTemplate\":\"https:\\\/\\\/greentools.dk\\\/no\\\/?s={search_term_string}\"},\"query-input\":{\"@type\":\"PropertyValueSpecification\",\"valueRequired\":true,\"valueName\":\"search_term_string\"}}],\"inLanguage\":\"nn-NO\"}]}<\/script>\n<!-- \/ Yoast SEO plugin. -->","yoast_head_json":{"title":"Skruer til hulbeslag 4 stk. - Greentools","robots":{"index":"index","follow":"follow","max-snippet":"max-snippet:-1","max-image-preview":"max-image-preview:large","max-video-preview":"max-video-preview:-1"},"canonical":"https:\/\/greentools.dk\/no\/produkt\/skruer-til-hulbeslag-4-stk\/","og_locale":"nn_NO","og_type":"article","og_title":"Skruer til hulbeslag 4 stk. - Greentools","og_description":"Rustfri skruer 4 stk.   A4 rustfri\/syrefast  T\u00e5ler salt og fugt  TX 10 k\u00e6rv  l\u00e6ngde 20 mm  &nbsp;","og_url":"https:\/\/greentools.dk\/no\/produkt\/skruer-til-hulbeslag-4-stk\/","og_site_name":"Greentools","twitter_card":"summary_large_image","schema":{"@context":"https:\/\/schema.org","@graph":[{"@type":"WebPage","@id":"https:\/\/greentools.dk\/no\/produkt\/skruer-til-hulbeslag-4-stk\/","url":"https:\/\/greentools.dk\/no\/produkt\/skruer-til-hulbeslag-4-stk\/","name":"Skruer til hulbeslag 4 stk. - Greentools","isPartOf":{"@id":"https:\/\/greentools.dk\/no\/#website"},"primaryImageOfPage":{"@id":"https:\/\/greentools.dk\/no\/produkt\/skruer-til-hulbeslag-4-stk\/#primaryimage"},"image":{"@id":"https:\/\/greentools.dk\/no\/produkt\/skruer-til-hulbeslag-4-stk\/#primaryimage"},"thumbnailUrl":"https:\/\/greentools.dk\/wp-content\/uploads\/2022\/03\/Rustfri-skruer-til-hulbesky.jpg","datePublished":"2022-03-27T13:12:16+00:00","breadcrumb":{"@id":"https:\/\/greentools.dk\/no\/produkt\/skruer-til-hulbeslag-4-stk\/#breadcrumb"},"inLanguage":"nn-NO","potentialAction":[{"@type":"ReadAction","target":["https:\/\/greentools.dk\/no\/produkt\/skruer-til-hulbeslag-4-stk\/"]}]},{"@type":"ImageObject","inLanguage":"nn-NO","@id":"https:\/\/greentools.dk\/no\/produkt\/skruer-til-hulbeslag-4-stk\/#primaryimage","url":"https:\/\/greentools.dk\/wp-content\/uploads\/2022\/03\/Rustfri-skruer-til-hulbesky.jpg","contentUrl":"https:\/\/greentools.dk\/wp-content\/uploads\/2022\/03\/Rustfri-skruer-til-hulbesky.jpg","width":1000,"height":1000},{"@type":"BreadcrumbList","@id":"https:\/\/greentools.dk\/no\/produkt\/skruer-til-hulbeslag-4-stk\/#breadcrumb","itemListElement":[{"@type":"ListItem","position":1,"name":"Hjem","item":"https:\/\/greentools.dk\/no\/"},{"@type":"ListItem","position":2,"name":"Produkter","item":"https:\/\/greentools.dk\/no\/produkter\/"},{"@type":"ListItem","position":3,"name":"Skruer til hulbeslag 4 stk."}]},{"@type":"WebSite","@id":"https:\/\/greentools.dk\/no\/#website","url":"https:\/\/greentools.dk\/no\/","name":"Greentools","description":"Dansk Kvalitets - Fuglekasser - Foderhuse - Felco Besk\u00e6rersakse","potentialAction":[{"@type":"SearchAction","target":{"@type":"EntryPoint","urlTemplate":"https:\/\/greentools.dk\/no\/?s={search_term_string}"},"query-input":{"@type":"PropertyValueSpecification","valueRequired":true,"valueName":"search_term_string"}}],"inLanguage":"nn-NO"}]}},"_links":{"self":[{"href":"https:\/\/greentools.dk\/no\/wp-json\/wp\/v2\/product\/67305","targetHints":{"allow":["GET"]}}],"collection":[{"href":"https:\/\/greentools.dk\/no\/wp-json\/wp\/v2\/product"}],"about":[{"href":"https:\/\/greentools.dk\/no\/wp-json\/wp\/v2\/types\/product"}],"wp:featuredmedia":[{"embeddable":true,"href":"https:\/\/greentools.dk\/no\/wp-json\/wp\/v2\/media\/67306"}],"wp:attachment":[{"href":"https:\/\/greentools.dk\/no\/wp-json\/wp\/v2\/media?parent=67305"}],"wp:term":[{"taxonomy":"product_brand","embeddable":true,"href":"https:\/\/greentools.dk\/no\/wp-json\/wp\/v2\/product_brand?post=67305"},{"taxonomy":"product_cat","embeddable":true,"href":"https:\/\/greentools.dk\/no\/wp-json\/wp\/v2\/product_cat?post=67305"},{"taxonomy":"product_tag","embeddable":true,"href":"https:\/\/greentools.dk\/no\/wp-json\/wp\/v2\/product_tag?post=67305"}],"curies":[{"name":"wp","href":"https:\/\/api.w.org\/{rel}","templated":true}]}}